{"id":4961,"date":"2021-01-20T11:10:09","date_gmt":"2021-01-20T10:10:09","guid":{"rendered":"https:\/\/ukazky.euweb.cz\/?page_id=4961"},"modified":"2024-12-26T01:21:04","modified_gmt":"2024-12-26T01:21:04","slug":"subjects-and-courses","status":"publish","type":"page","link":"https:\/\/web.natur.cuni.cz\/biochem\/structimmuno\/subjects-and-courses\/","title":{"rendered":"Subjects &#038; Courses"},"content":{"rendered":"\n<h2 class=\"wp-block-heading\">List of subjects and courses taught by members of our laboratory<\/h2>\n\n\n\n<figure class=\"wp-block-table is-style-stripes\"><table><thead><tr><th class=\"has-text-align-left\" data-align=\"left\">Code<\/th><th class=\"has-text-align-left\" data-align=\"left\">Title<\/th><th class=\"has-text-align-center\" data-align=\"center\">Semester<\/th><th class=\"has-text-align-center\" data-align=\"center\">Language<\/th><th class=\"has-text-align-center\" data-align=\"center\">E-Credits<\/th><th class=\"has-text-align-center\" data-align=\"center\">Guarantor\/s<\/th><\/tr><\/thead><tbody><tr><td class=\"has-text-align-left\" data-align=\"left\"><a href=\"https:\/\/is.cuni.cz\/studium\/eng\/predmety\/index.php?do=predmet&amp;kod=MC250C17E\" target=\"_blank\" rel=\"noreferrer noopener\">MC250C17E<\/a><\/td><td class=\"has-text-align-left\" data-align=\"left\"><a href=\"https:\/\/is.cuni.cz\/studium\/eng\/predmety\/index.php?do=predmet&amp;kod=MC250C17E\" target=\"_blank\" rel=\"noreferrer noopener\">Advanced Practical Biochemistry<\/a><\/td><td class=\"has-text-align-center\" data-align=\"center\">winter<\/td><td class=\"has-text-align-center\" data-align=\"center\">Czech, English<\/td><td class=\"has-text-align-center\" data-align=\"center\">6<\/td><td class=\"has-text-align-center\" data-align=\"center\">RNDr. Ond\u0159ej Van\u011bk, Ph.D.<br>doc. RNDr. V\u00e1clav Mart\u00ednek, Ph.D<\/td><\/tr><tr><td class=\"has-text-align-left\" data-align=\"left\"><a href=\"https:\/\/is.cuni.cz\/studium\/predmety\/index.php?do=predmet&amp;kod=MC250C03\" data-type=\"URL\" data-id=\"https:\/\/is.cuni.cz\/studium\/predmety\/index.php?do=predmet&amp;kod=MC250C03\" target=\"_blank\" rel=\"noreferrer noopener\">MC250C03<\/a><\/td><td class=\"has-text-align-left\" data-align=\"left\"><a href=\"https:\/\/is.cuni.cz\/studium\/predmety\/index.php?do=predmet&amp;kod=MC250C03\" data-type=\"URL\" data-id=\"https:\/\/is.cuni.cz\/studium\/predmety\/index.php?do=predmet&amp;kod=MC250C03\" target=\"_blank\" rel=\"noreferrer noopener\">Advanced practical course in biochemistry I for KATA<\/a><\/td><td class=\"has-text-align-center\" data-align=\"center\">winter<\/td><td class=\"has-text-align-center\" data-align=\"center\">Czech, English<\/td><td class=\"has-text-align-center\" data-align=\"center\">4<\/td><td class=\"has-text-align-center\" data-align=\"center\">RNDr. Ond\u0159ej Van\u011bk, Ph.D.<br>doc. RNDr. V\u00e1clav Mart\u00ednek, Ph.D<\/td><\/tr><tr><td class=\"has-text-align-left\" data-align=\"left\"><a href=\"https:\/\/is.cuni.cz\/studium\/predmety\/index.php?do=predmet&amp;kod=MC250C08\" data-type=\"URL\" data-id=\"https:\/\/is.cuni.cz\/studium\/predmety\/index.php?do=predmet&amp;kod=MC250C08\" target=\"_blank\" rel=\"noreferrer noopener\">MC250C08<\/a><\/td><td class=\"has-text-align-left\" data-align=\"left\"><a href=\"https:\/\/is.cuni.cz\/studium\/predmety\/index.php?do=predmet&amp;kod=MC250C08\" data-type=\"URL\" data-id=\"https:\/\/is.cuni.cz\/studium\/predmety\/index.php?do=predmet&amp;kod=MC250C08\" target=\"_blank\" rel=\"noreferrer noopener\">Advanced practical course in biochemistry II<\/a><\/td><td class=\"has-text-align-center\" data-align=\"center\">summer<\/td><td class=\"has-text-align-center\" data-align=\"center\">Czech, English<\/td><td class=\"has-text-align-center\" data-align=\"center\">8<\/td><td class=\"has-text-align-center\" data-align=\"center\">prof. RNDr. Petr Hodek, CSc.<\/td><\/tr><tr><td class=\"has-text-align-left\" data-align=\"left\"><a href=\"https:\/\/is.cuni.cz\/studium\/predmety\/index.php?do=predmet&amp;kod=MC250P49\" data-type=\"URL\" data-id=\"https:\/\/is.cuni.cz\/studium\/predmety\/index.php?do=predmet&amp;kod=MC250P49\">MC25<\/a><a href=\"https:\/\/is.cuni.cz\/studium\/predmety\/index.php?do=predmet&amp;kod=MC250P49\" data-type=\"URL\" data-id=\"https:\/\/is.cuni.cz\/studium\/predmety\/index.php?do=predmet&amp;kod=MC250P49\" target=\"_blank\" rel=\"noreferrer noopener\">0<\/a><a href=\"https:\/\/is.cuni.cz\/studium\/predmety\/index.php?do=predmet&amp;kod=MC250P49\" data-type=\"URL\" data-id=\"https:\/\/is.cuni.cz\/studium\/predmety\/index.php?do=predmet&amp;kod=MC250P49\">P49<\/a><\/td><td class=\"has-text-align-left\" data-align=\"left\"><a href=\"https:\/\/is.cuni.cz\/studium\/predmety\/index.php?do=predmet&amp;kod=MC250P49\" data-type=\"URL\" data-id=\"https:\/\/is.cuni.cz\/studium\/predmety\/index.php?do=predmet&amp;kod=MC250P49\" target=\"_blank\" rel=\"noreferrer noopener\">Biology for biochemists<\/a><\/td><td class=\"has-text-align-center\" data-align=\"center\">winter<\/td><td class=\"has-text-align-center\" data-align=\"center\">Czech<\/td><td class=\"has-text-align-center\" data-align=\"center\">3<\/td><td class=\"has-text-align-center\" data-align=\"center\">RNDr. Ond\u0159ej Van\u011bk, Ph.D.<\/td><\/tr><tr><td class=\"has-text-align-left\" data-align=\"left\"><a href=\"https:\/\/is.cuni.cz\/studium\/predmety\/index.php?do=predmet&amp;kod=MC250P67\" data-type=\"URL\" data-id=\"https:\/\/is.cuni.cz\/studium\/predmety\/index.php?do=predmet&amp;kod=MC250P67\" target=\"_blank\" rel=\"noreferrer noopener\">MC250P67<\/a><\/td><td class=\"has-text-align-left\" data-align=\"left\"><a href=\"https:\/\/is.cuni.cz\/studium\/predmety\/index.php?do=predmet&amp;kod=MC250P67\" data-type=\"URL\" data-id=\"https:\/\/is.cuni.cz\/studium\/predmety\/index.php?do=predmet&amp;kod=MC250P67\" target=\"_blank\" rel=\"noreferrer noopener\">Therapeutic proteins<\/a><\/td><td class=\"has-text-align-center\" data-align=\"center\">summer<\/td><td class=\"has-text-align-center\" data-align=\"center\">English<\/td><td class=\"has-text-align-center\" data-align=\"center\">2<\/td><td class=\"has-text-align-center\" data-align=\"center\">RNDr. Ond\u0159ej Van\u011bk, Ph.D.<\/td><\/tr><tr><td class=\"has-text-align-left\" data-align=\"left\"><a href=\"https:\/\/is.cuni.cz\/studium\/predmety\/index.php?do=predmet&amp;kod=MS750P02&amp;dlpar=YToxOntzOjg6InByZWRtZXR5IjthOjE6e3M6Mzoic2tyIjtzOjQ6IjIwMTUiO319\" data-type=\"URL\" data-id=\"https:\/\/is.cuni.cz\/studium\/predmety\/index.php?do=predmet&amp;kod=MS750P02&amp;dlpar=YToxOntzOjg6InByZWRtZXR5IjthOjE6e3M6Mzoic2tyIjtzOjQ6IjIwMTUiO319\" target=\"_blank\" rel=\"noreferrer noopener\">MS750P02<\/a><\/td><td class=\"has-text-align-left\" data-align=\"left\"><a href=\"https:\/\/is.cuni.cz\/studium\/predmety\/index.php?do=predmet&amp;kod=MS750P02&amp;dlpar=YToxOntzOjg6InByZWRtZXR5IjthOjE6e3M6Mzoic2tyIjtzOjQ6IjIwMTUiO319\" data-type=\"URL\" data-id=\"https:\/\/is.cuni.cz\/studium\/predmety\/index.php?do=predmet&amp;kod=MS750P02&amp;dlpar=YToxOntzOjg6InByZWRtZXR5IjthOjE6e3M6Mzoic2tyIjtzOjQ6IjIwMTUiO319\" target=\"_blank\" rel=\"noreferrer noopener\">Introduction to knowledge and technology transfer<\/a><\/td><td class=\"has-text-align-center\" data-align=\"center\">winter<\/td><td class=\"has-text-align-center\" data-align=\"center\">Czech<\/td><td class=\"has-text-align-center\" data-align=\"center\">3<\/td><td class=\"has-text-align-center\" data-align=\"center\">RNDr. Ond\u0159ej Van\u011bk, Ph.D.<\/td><\/tr><tr><td class=\"has-text-align-left\" data-align=\"left\"><a href=\"https:\/\/is.cuni.cz\/studium\/predmety\/index.php?do=predmet&amp;kod=MC250P50\" data-type=\"URL\" data-id=\"https:\/\/is.cuni.cz\/studium\/predmety\/index.php?do=predmet&amp;kod=MC250P50\" target=\"_blank\" rel=\"noreferrer noopener\">MC250P50<\/a><\/td><td class=\"has-text-align-left\" data-align=\"left\"><a href=\"https:\/\/is.cuni.cz\/studium\/predmety\/index.php?do=predmet&amp;kod=MC250P50\" data-type=\"URL\" data-id=\"https:\/\/is.cuni.cz\/studium\/predmety\/index.php?do=predmet&amp;kod=MC250P50\" target=\"_blank\" rel=\"noreferrer noopener\">Management of biochemistry<\/a><\/td><td class=\"has-text-align-center\" data-align=\"center\">summer<\/td><td class=\"has-text-align-center\" data-align=\"center\">Czech<\/td><td class=\"has-text-align-center\" data-align=\"center\">3<\/td><td class=\"has-text-align-center\" data-align=\"center\">RNDr. V\u011bra \u010cern\u00e1, Ph.D.<\/td><\/tr><\/tbody><\/table><\/figure>\n\n\n\n<div style=\"height:0px\" aria-hidden=\"true\" class=\"wp-block-spacer\"><\/div>\n\n\n\n<p><\/p>\n","protected":false},"excerpt":{"rendered":"<p>List of subjects and courses taught by members of our laboratory Code Title Semester Language E-Credits Guarantor\/s MC250C17E Advanced Practical Biochemistry winter Czech, English 6 RNDr. Ond\u0159ej Van\u011bk, Ph.D.doc. RNDr. V\u00e1clav Mart\u00ednek, Ph.D MC250C03 Advanced practical course in biochemistry I for KATA winter Czech, English 4 RNDr. Ond\u0159ej Van\u011bk, Ph.D.doc. RNDr. V\u00e1clav Mart\u00ednek, Ph.D MC250C08 [&hellip;]<\/p>\n","protected":false},"author":1,"featured_media":0,"parent":0,"menu_order":0,"comment_status":"closed","ping_status":"closed","template":"","meta":{"_uag_custom_page_level_css":"","footnotes":""},"class_list":["post-4961","page","type-page","status-publish","hentry"],"uagb_featured_image_src":{"full":false,"thumbnail":false,"medium":false,"medium_large":false,"large":false,"1536x1536":false,"2048x2048":false},"uagb_author_info":{"display_name":"structimmuno","author_link":"https:\/\/web.natur.cuni.cz\/biochem\/structimmuno\/author\/structimmuno\/"},"uagb_comment_info":0,"uagb_excerpt":"List of subjects and courses taught by members of our laboratory Code Title Semester Language E-Credits Guarantor\/s MC250C17E Advanced Practical Biochemistry winter Czech, English 6 RNDr. Ond\u0159ej Van\u011bk, Ph.D.doc. RNDr. V\u00e1clav Mart\u00ednek, Ph.D MC250C03 Advanced practical course in biochemistry I for KATA winter Czech, English 4 RNDr. Ond\u0159ej Van\u011bk, Ph.D.doc. RNDr. V\u00e1clav Mart\u00ednek, Ph.D MC250C08&hellip;","_links":{"self":[{"href":"https:\/\/web.natur.cuni.cz\/biochem\/structimmuno\/wp-json\/wp\/v2\/pages\/4961","targetHints":{"allow":["GET"]}}],"collection":[{"href":"https:\/\/web.natur.cuni.cz\/biochem\/structimmuno\/wp-json\/wp\/v2\/pages"}],"about":[{"href":"https:\/\/web.natur.cuni.cz\/biochem\/structimmuno\/wp-json\/wp\/v2\/types\/page"}],"author":[{"embeddable":true,"href":"https:\/\/web.natur.cuni.cz\/biochem\/structimmuno\/wp-json\/wp\/v2\/users\/1"}],"replies":[{"embeddable":true,"href":"https:\/\/web.natur.cuni.cz\/biochem\/structimmuno\/wp-json\/wp\/v2\/comments?post=4961"}],"version-history":[{"count":3,"href":"https:\/\/web.natur.cuni.cz\/biochem\/structimmuno\/wp-json\/wp\/v2\/pages\/4961\/revisions"}],"predecessor-version":[{"id":7378,"href":"https:\/\/web.natur.cuni.cz\/biochem\/structimmuno\/wp-json\/wp\/v2\/pages\/4961\/revisions\/7378"}],"wp:attachment":[{"href":"https:\/\/web.natur.cuni.cz\/biochem\/structimmuno\/wp-json\/wp\/v2\/media?parent=4961"}],"curies":[{"name":"wp","href":"https:\/\/api.w.org\/{rel}","templated":true}]}}