{"id":5754,"date":"2022-03-06T22:36:11","date_gmt":"2022-03-06T22:36:11","guid":{"rendered":"https:\/\/web.natur.cuni.cz\/biochem\/structimmuno\/?page_id=5754"},"modified":"2024-12-26T04:24:45","modified_gmt":"2024-12-26T04:24:45","slug":"cv-celeste-abreu","status":"publish","type":"page","link":"https:\/\/web.natur.cuni.cz\/biochem\/structimmuno\/cv-celeste-abreu\/","title":{"rendered":"Curriculum vitae &#8211; MSc. Celeste Abreu"},"content":{"rendered":"\n<p class=\"has-text-align-center\"><em>Ph.D. student at Charles University, Prague, Czech Republic<\/em><\/p>\n\n\n\n<div style=\"height:40px\" aria-hidden=\"true\" class=\"wp-block-spacer\"><\/div>\n\n\n\n<div class=\"wp-block-media-text alignwide is-stacked-on-mobile is-vertically-aligned-center\" style=\"grid-template-columns:31% auto\"><figure class=\"wp-block-media-text__media\"><img loading=\"lazy\" decoding=\"async\" width=\"800\" height=\"800\" src=\"https:\/\/web.natur.cuni.cz\/biochem\/structimmuno\/wp-content\/uploads\/2022\/09\/Celeste.jpg\" alt=\"\" class=\"wp-image-6684 size-full\" srcset=\"https:\/\/web.natur.cuni.cz\/biochem\/structimmuno\/wp-content\/uploads\/2022\/09\/Celeste.jpg 800w, https:\/\/web.natur.cuni.cz\/biochem\/structimmuno\/wp-content\/uploads\/2022\/09\/Celeste-300x300.jpg 300w, https:\/\/web.natur.cuni.cz\/biochem\/structimmuno\/wp-content\/uploads\/2022\/09\/Celeste-150x150.jpg 150w, https:\/\/web.natur.cuni.cz\/biochem\/structimmuno\/wp-content\/uploads\/2022\/09\/Celeste-768x768.jpg 768w\" sizes=\"auto, (max-width: 800px) 100vw, 800px\" \/><\/figure><div class=\"wp-block-media-text__content\">\n<h5 class=\"wp-block-heading\" id=\"research-profiles\">Research profiles<\/h5>\n\n\n\n<div style=\"height:10px\" aria-hidden=\"true\" class=\"wp-block-spacer\"><\/div>\n\n\n\n<div class=\"wp-block-uagb-icon-list uagb-block-5719a129 uagb-icon-list__outer-wrap uagb-icon-list__layout-horizontal\"><div class=\"uagb-icon-list__wrap\">\n<div class=\"wp-block-uagb-icon-list-child uagb-block-03f6b4d9\"><a target=\"_blank\" aria-label=\"ResearchGate \" rel=\"noopener noreferrer\" href=\"https:\/\/www.researchgate.net\/profile\/Celeste-Abreu-2\"> <\/a><span class=\"uagb-icon-list__source-wrap\"><img decoding=\"async\" class=\"uagb-icon-list__source-image\" src=\"http:\/\/web.natur.cuni.cz\/gis\/eo4landscape\/wp-content\/uploads\/2021\/01\/researchgate_icon_130843-2.png\" width=\"25\" height=\"25\" loading=\"lazy\" alt=\"\"\/><\/span><span class=\"uagb-icon-list__label\">ResearchGate <\/span><\/div>\n\n\n\n<div class=\"wp-block-uagb-icon-list-child uagb-block-3b9cce58\"><a target=\"_self\" aria-label=\"LinkedIN\" rel=\"noopener noreferrer\" href=\"www.linkedin.com\/in\/celeste-abreu-701038171\"> <\/a><span class=\"uagb-icon-list__source-wrap\"><img decoding=\"async\" class=\"uagb-icon-list__source-image\" src=\"https:\/\/web.natur.cuni.cz\/biochem\/structimmuno\/wp-content\/uploads\/2021\/01\/linkedin-2.png\" width=\"25\" height=\"25\" loading=\"lazy\" alt=\"\"\/><\/span><span class=\"uagb-icon-list__label\">LinkedIN<\/span><\/div>\n\n\n\n<div class=\"wp-block-uagb-icon-list-child uagb-block-210d9757 uagb-icon-list-repeater uagb-icon-list__wrapper\"><a target=\"_self\" aria-label=\"ORCID ID\" rel=\"noopener noreferrer\" href=\"https:\/\/orcid.org\/0000-0002-3647-9776\"> <\/a><span class=\"uagb-icon-list__source-wrap\"><img decoding=\"async\" class=\"uagb-icon-list__source-image\" src=\"https:\/\/web.natur.cuni.cz\/biochem\/structimmuno\/wp-content\/uploads\/2021\/01\/1200px-ORCID_iD.svg_-2.png\" width=\"25\" height=\"25\" loading=\"lazy\" alt=\"orcid icon\"\/><\/span><span class=\"uagb-icon-list__label\">ORCID ID<\/span><\/div>\n\n\n\n<div class=\"wp-block-uagb-icon-list-child uagb-block-503c559b\"><a target=\"_self\" aria-label=\"Google Scholar\" rel=\"noopener noreferrer\" href=\"https:\/\/scholar.google.com\/citations?user=fBpq_EQAAAAJ&amp;hl=pt-PT&amp;oi=ao\"> <\/a><span class=\"uagb-icon-list__source-wrap\"><img decoding=\"async\" class=\"uagb-icon-list__source-image\" src=\"https:\/\/web.natur.cuni.cz\/biochem\/structimmuno\/wp-content\/uploads\/2021\/01\/scholar-2.png\" width=\"25\" height=\"25\" loading=\"lazy\" alt=\"\"\/><\/span><span class=\"uagb-icon-list__label\">Google Scholar<\/span><\/div>\n<\/div><\/div>\n\n\n\n<div style=\"height:15px\" aria-hidden=\"true\" class=\"wp-block-spacer\"><\/div>\n\n\n\n<div class=\"wp-block-uagb-icon-list uagb-block-5c6ffbab uagb-icon-list__outer-wrap uagb-icon-list__layout-horizontal\"><div class=\"uagb-icon-list__wrap\">\n<div class=\"wp-block-uagb-icon-list-child uagb-block-ca94a85d uagb-icon-list-repeater uagb-icon-list__wrapper\"><a target=\"_blank\" aria-label=\"e-mail: desousac@natur.cuni.cz\" rel=\"noopener noreferrer\" href=\"mailto: desousac@natur.cuni.cz\"> <\/a><span class=\"uagb-icon-list__source-wrap\"><img decoding=\"async\" class=\"uagb-icon-list__source-image\" src=\"http:\/\/web.natur.cuni.cz\/gis\/eo4landscape\/wp-content\/uploads\/2021\/01\/email-3.png\" width=\"25\" height=\"25\" loading=\"lazy\" alt=\"\"\/><\/span><span class=\"uagb-icon-list__label\">e-mail: <a href=\"mailto:daniel.paluba@natur.cuni.cz\">desousac@natur.cuni.cz<\/a><\/span><\/div>\n<\/div><\/div>\n\n\n\n<div style=\"height:20px\" aria-hidden=\"true\" class=\"wp-block-spacer\"><\/div>\n\n\n\n<div style=\"height:1px\" aria-hidden=\"true\" class=\"wp-block-spacer\"><\/div>\n\n\n\n<div style=\"height:50px\" aria-hidden=\"true\" class=\"wp-block-spacer\"><\/div>\n<\/div><\/div>\n\n\n\n<div style=\"height:60px\" aria-hidden=\"true\" class=\"wp-block-spacer\"><\/div>\n\n\n\n<div class=\"wp-block-uagb-advanced-heading uagb-block-41d054e0\"><h3 class=\"uagb-heading-text\"><strong>Education<\/strong><\/h3><div class=\"uagb-separator\"><\/div><\/div>\n\n\n\n<div class=\"wp-block-uagb-content-timeline uagb-timeline__outer-wrap uagb-block-8975e0ec-2719-466f-b24a-ebd6e0cc4c63 uagb-timeline__content-wrap uagb-timeline__center-block  uagb-timeline__arrow-center uagb-timeline\">\n<article class=\"wp-block-uagb-content-timeline-child uagb-timeline__field uagb-timeline-child-bac0654b-84ae-4b0d-bfbc-e90af8c36407 uagb-timeline__right uagb-timeline__field-wrap\"><div class=\"uagb-timeline__marker out-view-uagb-timeline__icon\"><svg xmlns=\"https:\/\/www.w3.org\/2000\/svg\" viewBox=\"0 0 448 512\"><path d=\"M160 32V64H288V32C288 14.33 302.3 0 320 0C337.7 0 352 14.33 352 32V64H400C426.5 64 448 85.49 448 112V160H0V112C0 85.49 21.49 64 48 64H96V32C96 14.33 110.3 0 128 0C145.7 0 160 14.33 160 32zM0 192H448V464C448 490.5 426.5 512 400 512H48C21.49 512 0 490.5 0 464V192zM64 304C64 312.8 71.16 320 80 320H112C120.8 320 128 312.8 128 304V272C128 263.2 120.8 256 112 256H80C71.16 256 64 263.2 64 272V304zM192 304C192 312.8 199.2 320 208 320H240C248.8 320 256 312.8 256 304V272C256 263.2 248.8 256 240 256H208C199.2 256 192 263.2 192 272V304zM336 256C327.2 256 320 263.2 320 272V304C320 312.8 327.2 320 336 320H368C376.8 320 384 312.8 384 304V272C384 263.2 376.8 256 368 256H336zM64 432C64 440.8 71.16 448 80 448H112C120.8 448 128 440.8 128 432V400C128 391.2 120.8 384 112 384H80C71.16 384 64 391.2 64 400V432zM208 384C199.2 384 192 391.2 192 400V432C192 440.8 199.2 448 208 448H240C248.8 448 256 440.8 256 432V400C256 391.2 248.8 384 240 384H208zM320 432C320 440.8 327.2 448 336 448H368C376.8 448 384 440.8 384 432V400C384 391.2 376.8 384 368 384H336C327.2 384 320 391.2 320 400V432z\"><\/path><\/svg><\/div><div class=\"uagb-timeline__day-new uagb-timeline__day-right uagb-timeline__events-inner-new\"><div class=\"uagb-timeline__events-inner--content\"><div class=\"uagb-timeline__date-hide uagb-timeline__inner-date-new\">2019 \u2013 present<\/div><h4 class=\"uagb-timeline__heading\">Doctoral programme<br><strong>Biochemistry<\/strong><\/h4><p class=\"uagb-timeline-desc-content\">Charles University<\/p><div class=\"uagb-timeline__arrow\"><\/div><\/div><\/div><div class=\"uagb-timeline__date-new\">2019 \u2013 present<\/div><\/article>\n\n\n\n<article class=\"wp-block-uagb-content-timeline-child uagb-timeline__field uagb-timeline-child-ad10eb3b-baea-4e02-87b0-a1408de9d11c uagb-timeline__left uagb-timeline__field-wrap\"><div class=\"uagb-timeline__marker out-view-uagb-timeline__icon\"><svg xmlns=\"https:\/\/www.w3.org\/2000\/svg\" viewBox=\"0 0 448 512\"><path d=\"M160 32V64H288V32C288 14.33 302.3 0 320 0C337.7 0 352 14.33 352 32V64H400C426.5 64 448 85.49 448 112V160H0V112C0 85.49 21.49 64 48 64H96V32C96 14.33 110.3 0 128 0C145.7 0 160 14.33 160 32zM0 192H448V464C448 490.5 426.5 512 400 512H48C21.49 512 0 490.5 0 464V192zM64 304C64 312.8 71.16 320 80 320H112C120.8 320 128 312.8 128 304V272C128 263.2 120.8 256 112 256H80C71.16 256 64 263.2 64 272V304zM192 304C192 312.8 199.2 320 208 320H240C248.8 320 256 312.8 256 304V272C256 263.2 248.8 256 240 256H208C199.2 256 192 263.2 192 272V304zM336 256C327.2 256 320 263.2 320 272V304C320 312.8 327.2 320 336 320H368C376.8 320 384 312.8 384 304V272C384 263.2 376.8 256 368 256H336zM64 432C64 440.8 71.16 448 80 448H112C120.8 448 128 440.8 128 432V400C128 391.2 120.8 384 112 384H80C71.16 384 64 391.2 64 400V432zM208 384C199.2 384 192 391.2 192 400V432C192 440.8 199.2 448 208 448H240C248.8 448 256 440.8 256 432V400C256 391.2 248.8 384 240 384H208zM320 432C320 440.8 327.2 448 336 448H368C376.8 448 384 440.8 384 432V400C384 391.2 376.8 384 368 384H336C327.2 384 320 391.2 320 400V432z\"><\/path><\/svg><\/div><div class=\"uagb-timeline__day-new uagb-timeline__day-left uagb-timeline__events-inner-new\"><div class=\"uagb-timeline__events-inner--content\"><div class=\"uagb-timeline__date-hide uagb-timeline__inner-date-new\">2016 \u2013 2019<\/div><h4 class=\"uagb-timeline__heading\">Master programme<br><strong>Biochemistry<\/strong><\/h4><p class=\"uagb-timeline-desc-content\">Charles University<\/p><div class=\"uagb-timeline__arrow\"><\/div><\/div><\/div><div class=\"uagb-timeline__date-new\">2016 \u2013 2019<\/div><\/article>\n\n\n\n<article class=\"wp-block-uagb-content-timeline-child uagb-timeline__field uagb-timeline-child-6fa6c730-c905-4eb6-bb24-48cd7b29ef8e uagb-timeline__right uagb-timeline__field-wrap\"><div class=\"uagb-timeline__marker out-view-uagb-timeline__icon\"><svg xmlns=\"https:\/\/www.w3.org\/2000\/svg\" viewBox=\"0 0 448 512\"><path d=\"M160 32V64H288V32C288 14.33 302.3 0 320 0C337.7 0 352 14.33 352 32V64H400C426.5 64 448 85.49 448 112V160H0V112C0 85.49 21.49 64 48 64H96V32C96 14.33 110.3 0 128 0C145.7 0 160 14.33 160 32zM0 192H448V464C448 490.5 426.5 512 400 512H48C21.49 512 0 490.5 0 464V192zM64 304C64 312.8 71.16 320 80 320H112C120.8 320 128 312.8 128 304V272C128 263.2 120.8 256 112 256H80C71.16 256 64 263.2 64 272V304zM192 304C192 312.8 199.2 320 208 320H240C248.8 320 256 312.8 256 304V272C256 263.2 248.8 256 240 256H208C199.2 256 192 263.2 192 272V304zM336 256C327.2 256 320 263.2 320 272V304C320 312.8 327.2 320 336 320H368C376.8 320 384 312.8 384 304V272C384 263.2 376.8 256 368 256H336zM64 432C64 440.8 71.16 448 80 448H112C120.8 448 128 440.8 128 432V400C128 391.2 120.8 384 112 384H80C71.16 384 64 391.2 64 400V432zM208 384C199.2 384 192 391.2 192 400V432C192 440.8 199.2 448 208 448H240C248.8 448 256 440.8 256 432V400C256 391.2 248.8 384 240 384H208zM320 432C320 440.8 327.2 448 336 448H368C376.8 448 384 440.8 384 432V400C384 391.2 376.8 384 368 384H336C327.2 384 320 391.2 320 400V432z\"><\/path><\/svg><\/div><div class=\"uagb-timeline__day-new uagb-timeline__day-right uagb-timeline__events-inner-new\"><div class=\"uagb-timeline__events-inner--content\"><div class=\"uagb-timeline__date-hide uagb-timeline__inner-date-new\">2012 \u2013 2015<\/div><h4 class=\"uagb-timeline__heading\">Bachelor programme<br><strong>Biochemistry<\/strong><\/h4><p class=\"uagb-timeline-desc-content\">Faculty of Science, University of Algarve<\/p><div class=\"uagb-timeline__arrow\"><\/div><\/div><\/div><div class=\"uagb-timeline__date-new\">2012 \u2013 2015<\/div><\/article>\n<div class=\"uagb-timeline__line\"><div class=\"uagb-timeline__line__inner\"><\/div><\/div><\/div>\n\n\n\n<div style=\"height:60px\" aria-hidden=\"true\" class=\"wp-block-spacer\"><\/div>\n\n\n\n<div class=\"wp-block-group\"><div class=\"wp-block-group__inner-container is-layout-flow wp-block-group-is-layout-flow\">\n<div class=\"wp-block-uagb-advanced-heading uagb-block-647df7a8\"><h3 class=\"uagb-heading-text\"><strong>Language skills<\/strong><\/h3><div class=\"uagb-separator\"><\/div><\/div>\n\n\n\n<div class=\"wp-block-uagb-icon-list uagb-block-817994ea uagb-icon-list__outer-wrap uagb-icon-list__layout-vertical uagb-icon-list__icon-at-top\"><div class=\"uagb-icon-list__wrap\">\n<div class=\"wp-block-uagb-icon-list-child uagb-block-e1ca6512\"><a target=\"_self\" aria-label=\"Portuguese - mother language\" rel=\"noopener noreferrer\" href=\"#\"> <\/a><span class=\"uagb-icon-list__source-wrap\"><img decoding=\"async\" class=\"uagb-icon-list__source-image\" src=\"https:\/\/web.natur.cuni.cz\/biochem\/structimmuno\/wp-content\/uploads\/2022\/03\/istockphoto-669426148-612x612-1.jpg\" width=\"2\" height=\"1\" loading=\"lazy\" alt=\"\"\/><\/span><span class=\"uagb-icon-list__label\">Portuguese &#8211; mother language<\/span><\/div>\n\n\n\n<div class=\"wp-block-uagb-icon-list-child uagb-block-81bd45bb\"><a target=\"_self\" aria-label=\"English - C2\" rel=\"noopener noreferrer\" href=\"#\"> <\/a><span class=\"uagb-icon-list__source-wrap\"><img decoding=\"async\" class=\"uagb-icon-list__source-image\" src=\"http:\/\/web.natur.cuni.cz\/gis\/eo4landscape\/wp-content\/uploads\/2022\/01\/united-kingdom.png\" width=\"2\" height=\"2\" loading=\"lazy\" alt=\"\"\/><\/span><span class=\"uagb-icon-list__label\">English &#8211; C2<\/span><\/div>\n\n\n\n<div class=\"wp-block-uagb-icon-list-child uagb-block-14733e84\"><a target=\"_self\" aria-label=\"Czech -  B1\" rel=\"noopener noreferrer\" href=\"#\"> <\/a><span class=\"uagb-icon-list__source-wrap\"><img decoding=\"async\" class=\"uagb-icon-list__source-image\" src=\"http:\/\/web.natur.cuni.cz\/gis\/eo4landscape\/wp-content\/uploads\/2022\/01\/czech-republic.png\" width=\"2\" height=\"2\" loading=\"lazy\" alt=\"\"\/><\/span><span class=\"uagb-icon-list__label\">Czech &#8211;  B1<\/span><\/div>\n<\/div><\/div>\n\n\n\n<div style=\"height:60px\" aria-hidden=\"true\" class=\"wp-block-spacer\"><\/div>\n<\/div><\/div>\n\n\n\n<div class=\"wp-block-group\"><div class=\"wp-block-group__inner-container is-layout-flow wp-block-group-is-layout-flow\">\n<div class=\"wp-block-uagb-advanced-heading uagb-block-cd6a9600\"><h3 class=\"uagb-heading-text\"><strong>Publications<\/strong><\/h3><div class=\"uagb-separator\"><\/div><\/div>\n\n\n\n<p>Sko\u0159epa O., Pa\u017eick\u00fd S., Kalouskov\u00e1 B., Bl\u00e1ha J., Abreu C., Je\u010dmen T., Ros\u016flek M., Fish A., Sedivy A., Harlos K., Dohn\u00e1lek J., Sk\u00e1lov\u00e1 T., Van\u011bk O. (2020):<strong> Natural killer cell activation receptor NKp30 oligomerization depends on its N-glycosylation<\/strong>. Cancers 12, 1998. IF 6.639 DOI: <a href=\"https:\/\/www.mdpi.com\/2072-6694\/12\/7\/1998\">10.3390\/cancers12071998<\/a><br><br>L\u00f3pez-M\u00e9ndez B., Baron B., Brautigam C. A., Jowitt T. A., Knauer S. H., Uebel S., Williams M. A., Sedivy A., Abian O., Abreu C., Adamczyk M., Bal W., Berger S., Buell A. K., Carolis C., Daviter T., Fish A., Garcia-Alai M., Guenther C., Hamacek J., Holkov\u00e1 J., Houser J., Johnson C., Kelly S., Leech A., Mas C., Matulis D., McLaughlin S. H., Montserret R., Nasreddine R., Nehm\u00e9 R., Nguyen Q., Ortega-Alarc\u00f3n D., Perez K., Pirc K., Piszczek G., Podobnik M., Rodrigo N., Rokov-Plavec J., Schaefer S., Sharpe T., Southall J., Staunton D., Tavares P., Van\u011bk O., Weyand M., Wu D. (2021): <strong>Reproducibility and accuracy of microscale thermophoresis in the NanoTemper Monolith: a multi laboratory benchmark study.<\/strong> Eur Biophys J 50, 411-427. IF 1.733 DOI: <a href=\"https:\/\/link.springer.com\/article\/10.1007\/s00249-021-01532-6\">10.1016\/10.1007\/s00249-021-01532-6<\/a><br><br>Kalouskov\u00e1 B., Sko\u0159epa O., Cmunt D., Abreu C., Krej\u010dov\u00e1 K., Bl\u00e1ha J., Sieglov\u00e1 I., Kr\u00e1l V., F\u00e1bry M., Pola R., Pechar M., Van\u011bk O. (2021)<strong>: Tumor marker B7-H6 bound to the coiled coil peptide-polymer conjugate enables targeted therapy by activating human natural killer cells.<\/strong> Biomedicines 9, 1597. IF 6.081 DOI: <a href=\"https:\/\/www.mdpi.com\/2227-9059\/9\/11\/1597\">10.3390\/biomedicines9111597<\/a><br><br>Van\u011bk O., Kalouskov\u00e1 B., Abreu C., Nejadebrahim S., Sko\u0159epa O. (2022):<strong> Natural killer cell-based strategies for immunotherapy of cancer. <\/strong>Adv Protein Chem Struct Biol, in press. IF 3.507 DOI: <a href=\"https:\/\/www.sciencedirect.com\/science\/article\/abs\/pii\/S1876162322000153\">10.1016\/bs.apcsb.2022.02.001<\/a><br><br>Remans K., Lebendiker M., Abreu C., Maffei M., Sellathurai S., May M. M., Van\u011bk O., de Marco A. (2022): <strong>Protein purification strategies must consider downstream applications and individual biological characteristics.<\/strong><em>Microb Cell Fact<\/em>&nbsp;21, 52.&nbsp;<strong>IF 6.352<\/strong>&nbsp;DOI:&nbsp;<a href=\"https:\/\/doi.org\/10.1186\/s12934-022-01778-5\" target=\"_blank\" rel=\"noreferrer noopener\">10.1186\/s12934-022-01778-5<\/a><br><br>Bl\u00e1ha J., Sk\u00e1lov\u00e1 T., Kalouskov\u00e1 B., Sko\u0159epa O., Cmunt D., Grob\u00e1rov\u00e1 V., Pazicky S., Pol\u00e1chov\u00e1 E., Abreu C., Str\u00e1nsk\u00fd J., Kova\u013e T., Du\u0161kov\u00e1 J., Zhao Y., Harlos K., Ha\u0161ek J., Dohn\u00e1lek J., Van\u011bk O. (2022): <strong>Structure of the human NK cell NKR-P1:LLT1 receptor:ligand complex reveals clustering in the immune synapse.<\/strong><em>Nat Commun<\/em>&nbsp;13, 5022.&nbsp;<strong>IF 17.694<\/strong>&nbsp;DOI:&nbsp;<a href=\"https:\/\/doi.org\/10.1038\/s41467-022-32577-6\" target=\"_blank\" rel=\"noreferrer noopener\">10.1038\/s41467-022-32577-6<\/a><br><br>Di Carluccio C., Milanesi F., Civera M., Abreu C., Sattin S., Francesconi O., Molinaro A., Van\u011bk O., Marchetti R., Silipo A. (2023): Tumor carbohydrate associated antigen analogs as potential binders for Siglec-7. <em>Eur J Org Chem<\/em> 26, e202300644. <strong>IF 3.261<\/strong>, DOI: <a href=\"https:\/\/doi.org\/10.1002\/ejoc.202300644\">10.1002\/ejoc.202300644<\/a><\/p>\n\n\n\n<div style=\"height:61px\" aria-hidden=\"true\" class=\"wp-block-spacer\"><\/div>\n<\/div><\/div>\n\n\n\n<div class=\"wp-block-group\"><div class=\"wp-block-group__inner-container is-layout-flow wp-block-group-is-layout-flow\">\n<div class=\"wp-block-uagb-advanced-heading uagb-block-5a0dd1c9\"><h3 class=\"uagb-heading-text\"><strong>Presentations at scientific conferences<\/strong><\/h3><div class=\"uagb-separator\"><\/div><\/div>\n\n\n\n<p>Helmholtz Training Course on Integrative Structural Biology, CSSB, Hamburg, Germany (2018) &#8211; &#8220;The role of glycosylation in the interaction between human NK cell receptor CD69 and its proposed ligand Galectin-1&#8221; &#8211; Poster <br><br>XVI. Discussions in Structural Molecular Biology, CSSB, Nov\u00e9 Hrady, Czech Republic (2019) &#8220;Study of N-glycan moiety dependency in the interaction of human early activation marker CD69 with its proposed ligand galectin-1&#8221; &#8211; Poster <br><br>XX. Interdisciplinary Meeting of Young Life Scientists, CSSB, Virtual (2021) &#8220;Selection of a nanobody against NKp30 for generation of fusion immunoligands aimed at activation of NK cell cytotoxicity against tumour cells&#8221; &#8211; Poster <br><br>45th FEBS Congress, Virtual (2021) &#8220;A biophysical approach to the characterization of the glycosylation-dependent interaction of human NK cell receptors and Galectin-1&#8221; &#8211; Poster <br><br>FEBS Advanced Methods in Macromolecular Crystallization IX. \u010cesk\u00e9 Bud\u011bjovice, Czech Republic (2021) &#8220;A biophysical approach to the characterization of the glycosylation-dependent interaction of NK cell receptor CD69 and Galectin-1&#8221; &#8211; Poster <br><br>XXVI. Annual Congress of Czech and Slovak Societies for Biochemistry and Molecular Biology, \u010cSBMB, \u010cesk\u00e9 Bud\u011bjovice, Czech Republic (2021) &#8220;Biophysical analysis of the structurally conserved interaction between Galectin-1 and C-type lectin-like receptors of NK cells&#8221; &#8211; Poster <br><br>INNOGLY &#8220;Young Glyco-Scientists on Stage&#8221;, Virtual (2021) &#8220;Study of the glycosylation-dependent interaction between NK cell receptors and Galectin-1 by microscale thermophoresis&#8221; &#8211; Short Oral Presentation<\/p>\n\n\n\n<div style=\"height:60px\" aria-hidden=\"true\" class=\"wp-block-spacer\"><\/div>\n<\/div><\/div>\n\n\n\n<div class=\"wp-block-group\"><div class=\"wp-block-group__inner-container is-layout-flow wp-block-group-is-layout-flow\">\n<div class=\"wp-block-uagb-advanced-heading uagb-block-5fba6259\"><h3 class=\"uagb-heading-text\"><strong>Participation in research projects at Faculty of Science, Charles University<\/strong><\/h3><div class=\"uagb-separator\"><\/div><\/div>\n\n\n\n<p>2014-2015, <strong>Erasmus Exchange Programme,<\/strong> Biochemistry, Faculty of Science, Charles University<br><br>2020, Short-term scientific mission (STSM),<strong> &#8220;Selection of a nanobody against NKp30, an activation receptor of NK cells&#8221;<\/strong>, Laboratory for Environmental and Life Sciences, University of Nova Gorica, Slovenia<br><br>2020-2022, Grant Agency of the Charles University project 1436220, <strong>&#8220;Activation of NK cell anti-tumour response using bispecific fusion proteins with nanobodies&#8221;<\/strong>, Faculty of Science, Charles University, <strong>principal investigator<\/strong><\/p>\n\n\n\n<div style=\"height:60px\" aria-hidden=\"true\" class=\"wp-block-spacer\"><\/div>\n<\/div><\/div>\n\n\n\n<div class=\"wp-block-group\"><div class=\"wp-block-group__inner-container is-layout-flow wp-block-group-is-layout-flow\">\n<div class=\"wp-block-uagb-advanced-heading uagb-block-cf4c9e1d\"><h3 class=\"uagb-heading-text\"><strong>Awards<\/strong><\/h3><div class=\"uagb-separator\"><\/div><\/div>\n\n\n\n<p>2019-2023 &#8211; <strong>STARS Ph.D. Scholarship<\/strong><\/p>\n\n\n\n<div style=\"height:60px\" aria-hidden=\"true\" class=\"wp-block-spacer\"><\/div>\n<\/div><\/div>\n\n\n\n<p class=\"has-text-align-right\"><em>Last updated 10. 1. 2024<\/em><\/p>\n","protected":false},"excerpt":{"rendered":"<p>Ph.D. student at Charles University, Prague, Czech Republic Education Language skills Publications Sko\u0159epa O., Pa\u017eick\u00fd S., Kalouskov\u00e1 B., Bl\u00e1ha J., Abreu C., Je\u010dmen T., Ros\u016flek M., Fish A., Sedivy A., Harlos K., Dohn\u00e1lek J., Sk\u00e1lov\u00e1 T., Van\u011bk O. (2020): Natural killer cell activation receptor NKp30 oligomerization depends on its N-glycosylation. Cancers 12, 1998. IF 6.639 [&hellip;]<\/p>\n","protected":false},"author":1,"featured_media":0,"parent":0,"menu_order":0,"comment_status":"closed","ping_status":"closed","template":"","meta":{"_uag_custom_page_level_css":"","footnotes":""},"class_list":["post-5754","page","type-page","status-publish","hentry"],"uagb_featured_image_src":{"full":false,"thumbnail":false,"medium":false,"medium_large":false,"large":false,"1536x1536":false,"2048x2048":false},"uagb_author_info":{"display_name":"structimmuno","author_link":"https:\/\/web.natur.cuni.cz\/biochem\/structimmuno\/author\/structimmuno\/"},"uagb_comment_info":0,"uagb_excerpt":"Ph.D. student at Charles University, Prague, Czech Republic Education Language skills Publications Sko\u0159epa O., Pa\u017eick\u00fd S., Kalouskov\u00e1 B., Bl\u00e1ha J., Abreu C., Je\u010dmen T., Ros\u016flek M., Fish A., Sedivy A., Harlos K., Dohn\u00e1lek J., Sk\u00e1lov\u00e1 T., Van\u011bk O. (2020): Natural killer cell activation receptor NKp30 oligomerization depends on its N-glycosylation. Cancers 12, 1998. IF 6.639&hellip;","_links":{"self":[{"href":"https:\/\/web.natur.cuni.cz\/biochem\/structimmuno\/wp-json\/wp\/v2\/pages\/5754","targetHints":{"allow":["GET"]}}],"collection":[{"href":"https:\/\/web.natur.cuni.cz\/biochem\/structimmuno\/wp-json\/wp\/v2\/pages"}],"about":[{"href":"https:\/\/web.natur.cuni.cz\/biochem\/structimmuno\/wp-json\/wp\/v2\/types\/page"}],"author":[{"embeddable":true,"href":"https:\/\/web.natur.cuni.cz\/biochem\/structimmuno\/wp-json\/wp\/v2\/users\/1"}],"replies":[{"embeddable":true,"href":"https:\/\/web.natur.cuni.cz\/biochem\/structimmuno\/wp-json\/wp\/v2\/comments?post=5754"}],"version-history":[{"count":1,"href":"https:\/\/web.natur.cuni.cz\/biochem\/structimmuno\/wp-json\/wp\/v2\/pages\/5754\/revisions"}],"predecessor-version":[{"id":7399,"href":"https:\/\/web.natur.cuni.cz\/biochem\/structimmuno\/wp-json\/wp\/v2\/pages\/5754\/revisions\/7399"}],"wp:attachment":[{"href":"https:\/\/web.natur.cuni.cz\/biochem\/structimmuno\/wp-json\/wp\/v2\/media?parent=5754"}],"curies":[{"name":"wp","href":"https:\/\/api.w.org\/{rel}","templated":true}]}}