{"id":5764,"date":"2022-03-06T22:46:51","date_gmt":"2022-03-06T22:46:51","guid":{"rendered":"https:\/\/web.natur.cuni.cz\/biochem\/structimmuno\/?page_id=5764"},"modified":"2024-12-26T04:25:36","modified_gmt":"2024-12-26T04:25:36","slug":"cv-shiva-nejadebrahim","status":"publish","type":"page","link":"https:\/\/web.natur.cuni.cz\/biochem\/structimmuno\/cv-shiva-nejadebrahim\/","title":{"rendered":"Curriculum vitae &#8211; MSc. Shiva Nejadebrahim"},"content":{"rendered":"\n<p class=\"has-text-align-center\"><em>Ph.D. student<\/em> <em>at Charles University, Prague, Czech Republic<\/em><\/p>\n\n\n\n<div style=\"height:40px\" aria-hidden=\"true\" class=\"wp-block-spacer\"><\/div>\n\n\n\n<div class=\"wp-block-media-text alignwide is-stacked-on-mobile is-vertically-aligned-center\"><figure class=\"wp-block-media-text__media\"><img loading=\"lazy\" decoding=\"async\" width=\"1024\" height=\"1024\" src=\"https:\/\/web.natur.cuni.cz\/biochem\/structimmuno\/wp-content\/uploads\/2022\/03\/2019-11-14-18-08-455-Sheeva-1024x1024.jpg\" alt=\"\" class=\"wp-image-5861 size-full\" srcset=\"https:\/\/web.natur.cuni.cz\/biochem\/structimmuno\/wp-content\/uploads\/2022\/03\/2019-11-14-18-08-455-Sheeva-1024x1024.jpg 1024w, https:\/\/web.natur.cuni.cz\/biochem\/structimmuno\/wp-content\/uploads\/2022\/03\/2019-11-14-18-08-455-Sheeva-300x300.jpg 300w, https:\/\/web.natur.cuni.cz\/biochem\/structimmuno\/wp-content\/uploads\/2022\/03\/2019-11-14-18-08-455-Sheeva-150x150.jpg 150w, https:\/\/web.natur.cuni.cz\/biochem\/structimmuno\/wp-content\/uploads\/2022\/03\/2019-11-14-18-08-455-Sheeva-768x768.jpg 768w, https:\/\/web.natur.cuni.cz\/biochem\/structimmuno\/wp-content\/uploads\/2022\/03\/2019-11-14-18-08-455-Sheeva.jpg 1440w\" sizes=\"auto, (max-width: 1024px) 100vw, 1024px\" \/><\/figure><div class=\"wp-block-media-text__content\">\n<h5 class=\"wp-block-heading\" id=\"research-profiles\">Research profiles<\/h5>\n\n\n\n<div style=\"height:10px\" aria-hidden=\"true\" class=\"wp-block-spacer\"><\/div>\n\n\n\n<div class=\"wp-block-uagb-icon-list uagb-block-21814452 uagb-icon-list__outer-wrap uagb-icon-list__layout-horizontal\"><div class=\"uagb-icon-list__wrap\">\n<div class=\"wp-block-uagb-icon-list-child uagb-block-17e79d0a\"><span class=\"uagb-icon-list__source-wrap\"><img decoding=\"async\" class=\"uagb-icon-list__source-image\" src=\"http:\/\/web.natur.cuni.cz\/gis\/eo4landscape\/wp-content\/uploads\/2021\/01\/researchgate_icon_130843-2.png\" width=\"25\" height=\"25\" loading=\"lazy\" alt=\"\"\/><\/span><span class=\"uagb-icon-list__label\">ResearchGate <\/span><\/div>\n\n\n\n<div class=\"wp-block-uagb-icon-list-child uagb-block-4f7669fd uagb-icon-list-repeater uagb-icon-list__wrapper\"><span class=\"uagb-icon-list__source-wrap\"><img decoding=\"async\" class=\"uagb-icon-list__source-image\" src=\"https:\/\/web.natur.cuni.cz\/biochem\/structimmuno\/wp-content\/uploads\/2021\/01\/1200px-ORCID_iD.svg_-2.png\" width=\"25\" height=\"25\" loading=\"lazy\" alt=\"orcid icon\"\/><\/span><span class=\"uagb-icon-list__label\">ORCID ID<\/span><\/div>\n<\/div><\/div>\n\n\n\n<div style=\"height:15px\" aria-hidden=\"true\" class=\"wp-block-spacer\"><\/div>\n\n\n\n<div class=\"wp-block-uagb-icon-list uagb-block-8a2f8c46 uagb-icon-list__outer-wrap uagb-icon-list__layout-horizontal\"><div class=\"uagb-icon-list__wrap\">\n<div class=\"wp-block-uagb-icon-list-child uagb-block-e1e84520 uagb-icon-list-repeater uagb-icon-list__wrapper\"><span class=\"uagb-icon-list__source-wrap\"><img decoding=\"async\" class=\"uagb-icon-list__source-image\" src=\"http:\/\/web.natur.cuni.cz\/gis\/eo4landscape\/wp-content\/uploads\/2021\/01\/email-3.png\" width=\"25\" height=\"25\" loading=\"lazy\" alt=\"\"\/><\/span><span class=\"uagb-icon-list__label\">e-mail: <a href=\"mailto:daniel.paluba@natur.cuni.cz\">nejadebs@natur.cuni.cz<\/a><\/span><\/div>\n<\/div><\/div>\n\n\n\n<div style=\"height:20px\" aria-hidden=\"true\" class=\"wp-block-spacer\"><\/div>\n\n\n\n<div style=\"height:1px\" aria-hidden=\"true\" class=\"wp-block-spacer\"><\/div>\n\n\n\n<div style=\"height:50px\" aria-hidden=\"true\" class=\"wp-block-spacer\"><\/div>\n<\/div><\/div>\n\n\n\n<div class=\"wp-block-group\"><div class=\"wp-block-group__inner-container is-layout-flow wp-block-group-is-layout-flow\">\n<div style=\"height:50px\" aria-hidden=\"true\" class=\"wp-block-spacer\"><\/div>\n\n\n\n<div class=\"wp-block-uagb-advanced-heading uagb-block-c9322507\"><h3 class=\"uagb-heading-text\"><strong>Education<\/strong><\/h3><div class=\"uagb-separator\"><\/div><\/div>\n\n\n\n<div class=\"wp-block-uagb-content-timeline uagb-timeline__outer-wrap uagb-block-e3b699de-8d8a-45b2-9100-1fadccb8c18b uagb-timeline__content-wrap uagb-timeline__center-block  uagb-timeline__arrow-center uagb-timeline\">\n<article class=\"wp-block-uagb-content-timeline-child uagb-timeline__field uagb-timeline-child-778d076e-ca4f-46c0-ad8d-86718fa31701 uagb-timeline__right uagb-timeline__field-wrap\"><div class=\"uagb-timeline__marker out-view-uagb-timeline__icon\"><svg xmlns=\"https:\/\/www.w3.org\/2000\/svg\" viewBox=\"0 0 448 512\"><path d=\"M160 32V64H288V32C288 14.33 302.3 0 320 0C337.7 0 352 14.33 352 32V64H400C426.5 64 448 85.49 448 112V160H0V112C0 85.49 21.49 64 48 64H96V32C96 14.33 110.3 0 128 0C145.7 0 160 14.33 160 32zM0 192H448V464C448 490.5 426.5 512 400 512H48C21.49 512 0 490.5 0 464V192zM64 304C64 312.8 71.16 320 80 320H112C120.8 320 128 312.8 128 304V272C128 263.2 120.8 256 112 256H80C71.16 256 64 263.2 64 272V304zM192 304C192 312.8 199.2 320 208 320H240C248.8 320 256 312.8 256 304V272C256 263.2 248.8 256 240 256H208C199.2 256 192 263.2 192 272V304zM336 256C327.2 256 320 263.2 320 272V304C320 312.8 327.2 320 336 320H368C376.8 320 384 312.8 384 304V272C384 263.2 376.8 256 368 256H336zM64 432C64 440.8 71.16 448 80 448H112C120.8 448 128 440.8 128 432V400C128 391.2 120.8 384 112 384H80C71.16 384 64 391.2 64 400V432zM208 384C199.2 384 192 391.2 192 400V432C192 440.8 199.2 448 208 448H240C248.8 448 256 440.8 256 432V400C256 391.2 248.8 384 240 384H208zM320 432C320 440.8 327.2 448 336 448H368C376.8 448 384 440.8 384 432V400C384 391.2 376.8 384 368 384H336C327.2 384 320 391.2 320 400V432z\"><\/path><\/svg><\/div><div class=\"uagb-timeline__day-new uagb-timeline__day-right uagb-timeline__events-inner-new\"><div class=\"uagb-timeline__events-inner--content\"><div class=\"uagb-timeline__date-hide uagb-timeline__inner-date-new\">2020 \u2013 present<\/div><h4 class=\"uagb-timeline__heading\">Doctoral programme<br><strong>Biochemistry<\/strong><\/h4><p class=\"uagb-timeline-desc-content\">Charles University<\/p><div class=\"uagb-timeline__arrow\"><\/div><\/div><\/div><div class=\"uagb-timeline__date-new\">2020 \u2013 present<\/div><\/article>\n\n\n\n<article class=\"wp-block-uagb-content-timeline-child uagb-timeline__field uagb-timeline-child-a090ffaa-9a3e-418c-8e7f-7ad88dd8d00e uagb-timeline__left uagb-timeline__field-wrap\"><div class=\"uagb-timeline__marker out-view-uagb-timeline__icon\"><svg xmlns=\"https:\/\/www.w3.org\/2000\/svg\" viewBox=\"0 0 448 512\"><path d=\"M160 32V64H288V32C288 14.33 302.3 0 320 0C337.7 0 352 14.33 352 32V64H400C426.5 64 448 85.49 448 112V160H0V112C0 85.49 21.49 64 48 64H96V32C96 14.33 110.3 0 128 0C145.7 0 160 14.33 160 32zM0 192H448V464C448 490.5 426.5 512 400 512H48C21.49 512 0 490.5 0 464V192zM64 304C64 312.8 71.16 320 80 320H112C120.8 320 128 312.8 128 304V272C128 263.2 120.8 256 112 256H80C71.16 256 64 263.2 64 272V304zM192 304C192 312.8 199.2 320 208 320H240C248.8 320 256 312.8 256 304V272C256 263.2 248.8 256 240 256H208C199.2 256 192 263.2 192 272V304zM336 256C327.2 256 320 263.2 320 272V304C320 312.8 327.2 320 336 320H368C376.8 320 384 312.8 384 304V272C384 263.2 376.8 256 368 256H336zM64 432C64 440.8 71.16 448 80 448H112C120.8 448 128 440.8 128 432V400C128 391.2 120.8 384 112 384H80C71.16 384 64 391.2 64 400V432zM208 384C199.2 384 192 391.2 192 400V432C192 440.8 199.2 448 208 448H240C248.8 448 256 440.8 256 432V400C256 391.2 248.8 384 240 384H208zM320 432C320 440.8 327.2 448 336 448H368C376.8 448 384 440.8 384 432V400C384 391.2 376.8 384 368 384H336C327.2 384 320 391.2 320 400V432z\"><\/path><\/svg><\/div><div class=\"uagb-timeline__day-new uagb-timeline__day-left uagb-timeline__events-inner-new\"><div class=\"uagb-timeline__events-inner--content\"><div class=\"uagb-timeline__date-hide uagb-timeline__inner-date-new\">2016 \u2013 2019<\/div><h4 class=\"uagb-timeline__heading\">Master programme<br><strong>Biophysics<\/strong><\/h4><p class=\"uagb-timeline-desc-content\">IASBS (Institute for Advanced Studies in Basic Sciences)<\/p><div class=\"uagb-timeline__arrow\"><\/div><\/div><\/div><div class=\"uagb-timeline__date-new\">2016 \u2013 2019<\/div><\/article>\n\n\n\n<article class=\"wp-block-uagb-content-timeline-child uagb-timeline__field uagb-timeline-child-a4c7c3fd-99a4-45e2-bf9d-58bff4352ffc uagb-timeline__right uagb-timeline__field-wrap\"><div class=\"uagb-timeline__marker out-view-uagb-timeline__icon\"><svg xmlns=\"https:\/\/www.w3.org\/2000\/svg\" viewBox=\"0 0 448 512\"><path d=\"M160 32V64H288V32C288 14.33 302.3 0 320 0C337.7 0 352 14.33 352 32V64H400C426.5 64 448 85.49 448 112V160H0V112C0 85.49 21.49 64 48 64H96V32C96 14.33 110.3 0 128 0C145.7 0 160 14.33 160 32zM0 192H448V464C448 490.5 426.5 512 400 512H48C21.49 512 0 490.5 0 464V192zM64 304C64 312.8 71.16 320 80 320H112C120.8 320 128 312.8 128 304V272C128 263.2 120.8 256 112 256H80C71.16 256 64 263.2 64 272V304zM192 304C192 312.8 199.2 320 208 320H240C248.8 320 256 312.8 256 304V272C256 263.2 248.8 256 240 256H208C199.2 256 192 263.2 192 272V304zM336 256C327.2 256 320 263.2 320 272V304C320 312.8 327.2 320 336 320H368C376.8 320 384 312.8 384 304V272C384 263.2 376.8 256 368 256H336zM64 432C64 440.8 71.16 448 80 448H112C120.8 448 128 440.8 128 432V400C128 391.2 120.8 384 112 384H80C71.16 384 64 391.2 64 400V432zM208 384C199.2 384 192 391.2 192 400V432C192 440.8 199.2 448 208 448H240C248.8 448 256 440.8 256 432V400C256 391.2 248.8 384 240 384H208zM320 432C320 440.8 327.2 448 336 448H368C376.8 448 384 440.8 384 432V400C384 391.2 376.8 384 368 384H336C327.2 384 320 391.2 320 400V432z\"><\/path><\/svg><\/div><div class=\"uagb-timeline__day-new uagb-timeline__day-right uagb-timeline__events-inner-new\"><div class=\"uagb-timeline__events-inner--content\"><div class=\"uagb-timeline__date-hide uagb-timeline__inner-date-new\">2009 \u2013 2013<\/div><h4 class=\"uagb-timeline__heading\">Bachelor programme<br><strong>Molecular &amp; Cell Biology<\/strong><\/h4><p class=\"uagb-timeline-desc-content\">University of Guilan<\/p><div class=\"uagb-timeline__arrow\"><\/div><\/div><\/div><div class=\"uagb-timeline__date-new\">2009 \u2013 2013<\/div><\/article>\n<div class=\"uagb-timeline__line\"><div class=\"uagb-timeline__line__inner\"><\/div><\/div><\/div>\n\n\n\n<div style=\"height:60px\" aria-hidden=\"true\" class=\"wp-block-spacer\"><\/div>\n<\/div><\/div>\n\n\n\n<div class=\"wp-block-group\"><div class=\"wp-block-group__inner-container is-layout-flow wp-block-group-is-layout-flow\">\n<div class=\"wp-block-uagb-advanced-heading uagb-block-48e4e0e7\"><h3 class=\"uagb-heading-text\"><strong>Language skills<\/strong><\/h3><div class=\"uagb-separator\"><\/div><\/div>\n\n\n\n<div class=\"wp-block-uagb-icon-list uagb-block-8369e015 uagb-icon-list__outer-wrap uagb-icon-list__layout-vertical uagb-icon-list__icon-at-top\"><div class=\"uagb-icon-list__wrap\">\n<div class=\"wp-block-uagb-icon-list-child uagb-block-ec1d1989\"><a target=\"_self\" aria-label=\"Persian -  mother tongue\" rel=\"noopener noreferrer\" href=\"#\"> <\/a><span class=\"uagb-icon-list__source-wrap\"><img decoding=\"async\" class=\"uagb-icon-list__source-image\" src=\"https:\/\/web.natur.cuni.cz\/biochem\/structimmuno\/wp-content\/uploads\/2022\/03\/istockphoto-1220933118-170667a.jpg\" width=\"2\" height=\"1\" loading=\"lazy\" alt=\"\"\/><\/span><span class=\"uagb-icon-list__label\">Persian &#8211;  mother tongue<\/span><\/div>\n\n\n\n<div class=\"wp-block-uagb-icon-list-child uagb-block-3742290c\"><a target=\"_self\" aria-label=\"English - B2\" rel=\"noopener noreferrer\" href=\"#\"> <\/a><span class=\"uagb-icon-list__source-wrap\"><img decoding=\"async\" class=\"uagb-icon-list__source-image\" src=\"http:\/\/web.natur.cuni.cz\/gis\/eo4landscape\/wp-content\/uploads\/2022\/01\/united-kingdom.png\" width=\"2\" height=\"2\" loading=\"lazy\" alt=\"\"\/><\/span><span class=\"uagb-icon-list__label\">English &#8211; B2<\/span><\/div>\n<\/div><\/div>\n\n\n\n<div style=\"height:60px\" aria-hidden=\"true\" class=\"wp-block-spacer\"><\/div>\n<\/div><\/div>\n\n\n\n<div class=\"wp-block-group\"><div class=\"wp-block-group__inner-container is-layout-flow wp-block-group-is-layout-flow\">\n<div class=\"wp-block-uagb-advanced-heading uagb-block-0e105866\"><h3 class=\"uagb-heading-text\"><strong>Publications<\/strong><\/h3><div class=\"uagb-separator\"><\/div><\/div>\n\n\n\n<p>Van\u011bk O., Kalouskov\u00e1 B., Abreu C., Nejadebrahim S., Sko\u0159epa O. (2022): Natural killer cell-based strategies for immunotherapy of cancer.&nbsp;<em>Adv Protein Chem Struct Biol<\/em>&nbsp;129, 91-133.&nbsp;<strong>IF 5,447<\/strong> DOI:&nbsp;<a rel=\"noreferrer noopener\" href=\"https:\/\/doi.org\/10.1016\/bs.apcsb.2022.02.001\" target=\"_blank\">10.1016\/bs.apcsb.2022.02.001<\/a><\/p>\n\n\n\n<div style=\"height:60px\" aria-hidden=\"true\" class=\"wp-block-spacer\"><\/div>\n<\/div><\/div>\n\n\n\n<div class=\"wp-block-group\"><div class=\"wp-block-group__inner-container is-layout-flow wp-block-group-is-layout-flow\">\n<div class=\"wp-block-uagb-advanced-heading uagb-block-610b7bf9\"><h3 class=\"uagb-heading-text\"><strong>Presentations at scientific conferences<\/strong><\/h3><div class=\"uagb-separator\"><\/div><\/div>\n\n\n\n<figure class=\"wp-block-table is-style-stripes\"><table><tbody><tr><td class=\"has-text-align-center\" data-align=\"center\">2023<\/td><td><a href=\"https:\/\/setkani.sci.muni.cz\/en\">XXII. Meeting of Biochemists and Molecular Biologists<\/a>, poster presentation<\/td><\/tr><tr><td class=\"has-text-align-center\" data-align=\"center\"> 2021<\/td><td><strong>Instruct-ERIC course<em> <\/em><\/strong>&#8211; Biophysics, structural mass spectrometry, and X-ray techniques (Institute of Biotechnology of the Czech Academy of Sciences, Vestec, Czechia)<\/td><\/tr><tr><td class=\"has-text-align-center\" data-align=\"center\">2020<\/td><td><strong>International Symposium of Computational Biology<\/strong> (IASBS, Zanjan, Iran)<\/td><\/tr><tr><td class=\"has-text-align-center\" data-align=\"center\">2019<\/td><td><strong>International Symposium of Structural Biology and Molecular Basis of Diseases<em> <\/em><\/strong>(IASBS, Zanjan, Iran)<\/td><\/tr><tr><td class=\"has-text-align-center\" data-align=\"center\">2017<\/td><td><strong>Biophysics Week<\/strong> (IASBS, Zanjan, Iran)<\/td><\/tr><\/tbody><\/table><\/figure>\n\n\n\n<div style=\"height:60px\" aria-hidden=\"true\" class=\"wp-block-spacer\"><\/div>\n<\/div><\/div>\n\n\n\n<div class=\"wp-block-group\"><div class=\"wp-block-group__inner-container is-layout-flow wp-block-group-is-layout-flow\">\n<div class=\"wp-block-uagb-advanced-heading uagb-block-a0dd0db0\"><h3 class=\"uagb-heading-text\"><strong>Participation in research projects at Faculty of Science, Charles University<\/strong><\/h3><div class=\"uagb-separator\"><\/div><\/div>\n\n\n\n<p>Structural biochemistry of NK cell complexes NKp44:PCNA and NKp46:Epa1, and utilization of Epa1 for stimulation of NK cells. Grant Agency of the Charles University (1436020), 2020 \u2013 2022<\/p>\n\n\n\n<div style=\"height:60px\" aria-hidden=\"true\" class=\"wp-block-spacer\"><\/div>\n<\/div><\/div>\n\n\n\n<p class=\"has-text-align-right\"><em>Last updated 10. 1. 2024<\/em><\/p>\n","protected":false},"excerpt":{"rendered":"<p>Ph.D. student at Charles University, Prague, Czech Republic Education Language skills Publications Van\u011bk O., Kalouskov\u00e1 B., Abreu C., Nejadebrahim S., Sko\u0159epa O. (2022): Natural killer cell-based strategies for immunotherapy of cancer.&nbsp;Adv Protein Chem Struct Biol&nbsp;129, 91-133.&nbsp;IF 5,447 DOI:&nbsp;10.1016\/bs.apcsb.2022.02.001 Presentations at scientific conferences 2023 XXII. Meeting of Biochemists and Molecular Biologists, poster presentation 2021 Instruct-ERIC course [&hellip;]<\/p>\n","protected":false},"author":1,"featured_media":0,"parent":0,"menu_order":0,"comment_status":"closed","ping_status":"closed","template":"","meta":{"_uag_custom_page_level_css":"","footnotes":""},"class_list":["post-5764","page","type-page","status-publish","hentry"],"uagb_featured_image_src":{"full":false,"thumbnail":false,"medium":false,"medium_large":false,"large":false,"1536x1536":false,"2048x2048":false},"uagb_author_info":{"display_name":"structimmuno","author_link":"https:\/\/web.natur.cuni.cz\/biochem\/structimmuno\/author\/structimmuno\/"},"uagb_comment_info":0,"uagb_excerpt":"Ph.D. student at Charles University, Prague, Czech Republic Education Language skills Publications Van\u011bk O., Kalouskov\u00e1 B., Abreu C., Nejadebrahim S., Sko\u0159epa O. (2022): Natural killer cell-based strategies for immunotherapy of cancer.&nbsp;Adv Protein Chem Struct Biol&nbsp;129, 91-133.&nbsp;IF 5,447 DOI:&nbsp;10.1016\/bs.apcsb.2022.02.001 Presentations at scientific conferences 2023 XXII. Meeting of Biochemists and Molecular Biologists, poster presentation 2021 Instruct-ERIC course&hellip;","_links":{"self":[{"href":"https:\/\/web.natur.cuni.cz\/biochem\/structimmuno\/wp-json\/wp\/v2\/pages\/5764","targetHints":{"allow":["GET"]}}],"collection":[{"href":"https:\/\/web.natur.cuni.cz\/biochem\/structimmuno\/wp-json\/wp\/v2\/pages"}],"about":[{"href":"https:\/\/web.natur.cuni.cz\/biochem\/structimmuno\/wp-json\/wp\/v2\/types\/page"}],"author":[{"embeddable":true,"href":"https:\/\/web.natur.cuni.cz\/biochem\/structimmuno\/wp-json\/wp\/v2\/users\/1"}],"replies":[{"embeddable":true,"href":"https:\/\/web.natur.cuni.cz\/biochem\/structimmuno\/wp-json\/wp\/v2\/comments?post=5764"}],"version-history":[{"count":1,"href":"https:\/\/web.natur.cuni.cz\/biochem\/structimmuno\/wp-json\/wp\/v2\/pages\/5764\/revisions"}],"predecessor-version":[{"id":7400,"href":"https:\/\/web.natur.cuni.cz\/biochem\/structimmuno\/wp-json\/wp\/v2\/pages\/5764\/revisions\/7400"}],"wp:attachment":[{"href":"https:\/\/web.natur.cuni.cz\/biochem\/structimmuno\/wp-json\/wp\/v2\/media?parent=5764"}],"curies":[{"name":"wp","href":"https:\/\/api.w.org\/{rel}","templated":true}]}}