{"id":5817,"date":"2022-03-07T09:23:16","date_gmt":"2022-03-07T09:23:16","guid":{"rendered":"https:\/\/web.natur.cuni.cz\/biochem\/structimmuno\/?page_id=5817"},"modified":"2025-04-01T09:06:06","modified_gmt":"2025-04-01T09:06:06","slug":"curriculum-vitae-andrea-janouskova","status":"publish","type":"page","link":"https:\/\/web.natur.cuni.cz\/biochem\/structimmuno\/curriculum-vitae-andrea-janouskova\/","title":{"rendered":"Curriculum vitae &#8211; Andrea Janou\u0161kov\u00e1"},"content":{"rendered":"\n<p class=\"has-text-align-center\"><em>BSc. candidate at Charles University, Prague, Czech Republic<\/em><\/p>\n\n\n\n<div style=\"height:40px\" aria-hidden=\"true\" class=\"wp-block-spacer\"><\/div>\n\n\n\n<div class=\"wp-block-media-text alignwide is-stacked-on-mobile is-vertically-aligned-center\" style=\"grid-template-columns:31% auto\"><figure class=\"wp-block-media-text__media\"><img loading=\"lazy\" decoding=\"async\" width=\"683\" height=\"1024\" src=\"https:\/\/web.natur.cuni.cz\/biochem\/structimmuno\/wp-content\/uploads\/2025\/04\/IMG_1388-Andrea-Janouskova-683x1024.jpeg\" alt=\"\" class=\"wp-image-7613 size-full\" srcset=\"https:\/\/web.natur.cuni.cz\/biochem\/structimmuno\/wp-content\/uploads\/2025\/04\/IMG_1388-Andrea-Janouskova-683x1024.jpeg 683w, https:\/\/web.natur.cuni.cz\/biochem\/structimmuno\/wp-content\/uploads\/2025\/04\/IMG_1388-Andrea-Janouskova-200x300.jpeg 200w, https:\/\/web.natur.cuni.cz\/biochem\/structimmuno\/wp-content\/uploads\/2025\/04\/IMG_1388-Andrea-Janouskova-768x1152.jpeg 768w, https:\/\/web.natur.cuni.cz\/biochem\/structimmuno\/wp-content\/uploads\/2025\/04\/IMG_1388-Andrea-Janouskova-1024x1536.jpeg 1024w, https:\/\/web.natur.cuni.cz\/biochem\/structimmuno\/wp-content\/uploads\/2025\/04\/IMG_1388-Andrea-Janouskova-1365x2048.jpeg 1365w, https:\/\/web.natur.cuni.cz\/biochem\/structimmuno\/wp-content\/uploads\/2025\/04\/IMG_1388-Andrea-Janouskova-scaled.jpeg 1707w\" sizes=\"auto, (max-width: 683px) 100vw, 683px\" \/><\/figure><div class=\"wp-block-media-text__content\">\n<h5 class=\"wp-block-heading\" id=\"research-profiles\">Research profiles<\/h5>\n\n\n\n<div style=\"height:10px\" aria-hidden=\"true\" class=\"wp-block-spacer\"><\/div>\n\n\n\n<div style=\"height:15px\" aria-hidden=\"true\" class=\"wp-block-spacer\"><\/div>\n\n\n\n<div class=\"wp-block-uagb-icon-list uagb-block-f9c0057a uagb-icon-list__outer-wrap uagb-icon-list__layout-horizontal\"><div class=\"uagb-icon-list__wrap\">\n<div class=\"wp-block-uagb-icon-list-child uagb-block-d819aaa8 uagb-icon-list-repeater uagb-icon-list__wrapper\"><a target=\"_blank\" aria-label=\"janouskandre@natur.cuni.cz\" rel=\"noopener noreferrer\" href=\"mailto: dubanycy@natur.cuni.cz\"> <\/a><span class=\"uagb-icon-list__source-wrap\"><img decoding=\"async\" class=\"uagb-icon-list__source-image\" src=\"http:\/\/web.natur.cuni.cz\/gis\/eo4landscape\/wp-content\/uploads\/2021\/01\/email-3.png\" width=\"25\" height=\"25\" loading=\"lazy\" alt=\"\"\/><\/span><span class=\"uagb-icon-list__label\"><a href=\"mailto:daniel.paluba@natur.cuni.cz\">janouskandre@natur.cuni.cz<\/a><\/span><\/div>\n<\/div><\/div>\n\n\n\n<div style=\"height:20px\" aria-hidden=\"true\" class=\"wp-block-spacer\"><\/div>\n\n\n\n<h5 class=\"wp-block-heading\"><\/h5>\n\n\n\n<div style=\"height:60px\" aria-hidden=\"true\" class=\"wp-block-spacer\"><\/div>\n<\/div><\/div>\n\n\n\n<div style=\"height:50px\" aria-hidden=\"true\" class=\"wp-block-spacer\"><\/div>\n\n\n\n<div class=\"wp-block-group\"><div class=\"wp-block-group__inner-container is-layout-constrained wp-block-group-is-layout-constrained\">\n<div class=\"wp-block-uagb-advanced-heading uagb-block-cb12c2b6\"><h3 class=\"uagb-heading-text\"><strong>Education<\/strong><\/h3><div class=\"uagb-separator\"><\/div><\/div>\n\n\n\n<div class=\"wp-block-uagb-content-timeline uagb-timeline__outer-wrap uagb-block-6bc383e9-a250-4d57-a1ce-bd4d971b50f8 uagb-timeline__content-wrap uagb-timeline__center-block  uagb-timeline__arrow-center uagb-timeline\">\n<article class=\"wp-block-uagb-content-timeline-child uagb-timeline__field uagb-timeline-child-32bd8aaf-158b-484a-bb5f-e1057a7c8e0e uagb-timeline__right uagb-timeline__field-wrap\"><div class=\"uagb-timeline__marker out-view-uagb-timeline__icon\"><svg xmlns=\"https:\/\/www.w3.org\/2000\/svg\" viewBox=\"0 0 448 512\"><path d=\"M160 32V64H288V32C288 14.33 302.3 0 320 0C337.7 0 352 14.33 352 32V64H400C426.5 64 448 85.49 448 112V160H0V112C0 85.49 21.49 64 48 64H96V32C96 14.33 110.3 0 128 0C145.7 0 160 14.33 160 32zM0 192H448V464C448 490.5 426.5 512 400 512H48C21.49 512 0 490.5 0 464V192zM64 304C64 312.8 71.16 320 80 320H112C120.8 320 128 312.8 128 304V272C128 263.2 120.8 256 112 256H80C71.16 256 64 263.2 64 272V304zM192 304C192 312.8 199.2 320 208 320H240C248.8 320 256 312.8 256 304V272C256 263.2 248.8 256 240 256H208C199.2 256 192 263.2 192 272V304zM336 256C327.2 256 320 263.2 320 272V304C320 312.8 327.2 320 336 320H368C376.8 320 384 312.8 384 304V272C384 263.2 376.8 256 368 256H336zM64 432C64 440.8 71.16 448 80 448H112C120.8 448 128 440.8 128 432V400C128 391.2 120.8 384 112 384H80C71.16 384 64 391.2 64 400V432zM208 384C199.2 384 192 391.2 192 400V432C192 440.8 199.2 448 208 448H240C248.8 448 256 440.8 256 432V400C256 391.2 248.8 384 240 384H208zM320 432C320 440.8 327.2 448 336 448H368C376.8 448 384 440.8 384 432V400C384 391.2 376.8 384 368 384H336C327.2 384 320 391.2 320 400V432z\"><\/path><\/svg><\/div><div class=\"uagb-timeline__day-new uagb-timeline__day-right uagb-timeline__events-inner-new\"><div class=\"uagb-timeline__events-inner--content\"><div class=\"uagb-timeline__date-hide uagb-timeline__inner-date-new\">2022 \u2013 now<\/div><h4 class=\"uagb-timeline__heading\">Bachelor programme<br><strong>Biochemistry<\/strong><\/h4><p class=\"uagb-timeline-desc-content\">Charles University<\/p><div class=\"uagb-timeline__arrow\"><\/div><\/div><\/div><div class=\"uagb-timeline__date-new\">2022 \u2013 now<\/div><\/article>\n\n\n\n<article class=\"wp-block-uagb-content-timeline-child uagb-timeline__field uagb-timeline-child-6d37f9b8-19a3-4a4a-888e-e9c064fdfadb uagb-timeline__left uagb-timeline__field-wrap\"><div class=\"uagb-timeline__marker out-view-uagb-timeline__icon\"><svg xmlns=\"https:\/\/www.w3.org\/2000\/svg\" viewBox=\"0 0 448 512\"><path d=\"M160 32V64H288V32C288 14.33 302.3 0 320 0C337.7 0 352 14.33 352 32V64H400C426.5 64 448 85.49 448 112V160H0V112C0 85.49 21.49 64 48 64H96V32C96 14.33 110.3 0 128 0C145.7 0 160 14.33 160 32zM0 192H448V464C448 490.5 426.5 512 400 512H48C21.49 512 0 490.5 0 464V192zM64 304C64 312.8 71.16 320 80 320H112C120.8 320 128 312.8 128 304V272C128 263.2 120.8 256 112 256H80C71.16 256 64 263.2 64 272V304zM192 304C192 312.8 199.2 320 208 320H240C248.8 320 256 312.8 256 304V272C256 263.2 248.8 256 240 256H208C199.2 256 192 263.2 192 272V304zM336 256C327.2 256 320 263.2 320 272V304C320 312.8 327.2 320 336 320H368C376.8 320 384 312.8 384 304V272C384 263.2 376.8 256 368 256H336zM64 432C64 440.8 71.16 448 80 448H112C120.8 448 128 440.8 128 432V400C128 391.2 120.8 384 112 384H80C71.16 384 64 391.2 64 400V432zM208 384C199.2 384 192 391.2 192 400V432C192 440.8 199.2 448 208 448H240C248.8 448 256 440.8 256 432V400C256 391.2 248.8 384 240 384H208zM320 432C320 440.8 327.2 448 336 448H368C376.8 448 384 440.8 384 432V400C384 391.2 376.8 384 368 384H336C327.2 384 320 391.2 320 400V432z\"><\/path><\/svg><\/div><div class=\"uagb-timeline__day-new uagb-timeline__day-left uagb-timeline__events-inner-new\"><div class=\"uagb-timeline__events-inner--content\"><div class=\"uagb-timeline__date-hide uagb-timeline__inner-date-new\">2021<\/div><h4 class=\"uagb-timeline__heading\">Erasmus<\/h4><p class=\"uagb-timeline-desc-content\">Macedonia<\/p><div class=\"uagb-timeline__arrow\"><\/div><\/div><\/div><div class=\"uagb-timeline__date-new\">2021<\/div><\/article>\n\n\n\n<article class=\"wp-block-uagb-content-timeline-child uagb-timeline__field uagb-timeline-child-a7491306 uagb-timeline__right uagb-timeline__field-wrap\"><div class=\"uagb-timeline__marker out-view-uagb-timeline__icon\"><svg xmlns=\"https:\/\/www.w3.org\/2000\/svg\" viewBox=\"0 0 448 512\"><path d=\"M160 32V64H288V32C288 14.33 302.3 0 320 0C337.7 0 352 14.33 352 32V64H400C426.5 64 448 85.49 448 112V160H0V112C0 85.49 21.49 64 48 64H96V32C96 14.33 110.3 0 128 0C145.7 0 160 14.33 160 32zM0 192H448V464C448 490.5 426.5 512 400 512H48C21.49 512 0 490.5 0 464V192zM64 304C64 312.8 71.16 320 80 320H112C120.8 320 128 312.8 128 304V272C128 263.2 120.8 256 112 256H80C71.16 256 64 263.2 64 272V304zM192 304C192 312.8 199.2 320 208 320H240C248.8 320 256 312.8 256 304V272C256 263.2 248.8 256 240 256H208C199.2 256 192 263.2 192 272V304zM336 256C327.2 256 320 263.2 320 272V304C320 312.8 327.2 320 336 320H368C376.8 320 384 312.8 384 304V272C384 263.2 376.8 256 368 256H336zM64 432C64 440.8 71.16 448 80 448H112C120.8 448 128 440.8 128 432V400C128 391.2 120.8 384 112 384H80C71.16 384 64 391.2 64 400V432zM208 384C199.2 384 192 391.2 192 400V432C192 440.8 199.2 448 208 448H240C248.8 448 256 440.8 256 432V400C256 391.2 248.8 384 240 384H208zM320 432C320 440.8 327.2 448 336 448H368C376.8 448 384 440.8 384 432V400C384 391.2 376.8 384 368 384H336C327.2 384 320 391.2 320 400V432z\"><\/path><\/svg><\/div><div class=\"uagb-timeline__day-new uagb-timeline__day-right uagb-timeline__events-inner-new\"><div class=\"uagb-timeline__events-inner--content\"><div class=\"uagb-timeline__date-hide uagb-timeline__inner-date-new\">2018 \u2013 2022<\/div><h4 class=\"uagb-timeline__heading\">High school<\/h4><p class=\"uagb-timeline-desc-content\">St\u0159edn\u00ed pr\u016fmyslov\u00e1 \u0161kola chemick\u00e1 Pardubice<\/p><div class=\"uagb-timeline__arrow\"><\/div><\/div><\/div><div class=\"uagb-timeline__date-new\">2018 \u2013 2022<\/div><\/article>\n<div class=\"uagb-timeline__line\"><div class=\"uagb-timeline__line__inner\"><\/div><\/div><\/div>\n<\/div><\/div>\n\n\n\n<div style=\"height:60px\" aria-hidden=\"true\" class=\"wp-block-spacer\"><\/div>\n\n\n\n<div class=\"wp-block-group\"><div class=\"wp-block-group__inner-container is-layout-constrained wp-block-group-is-layout-constrained\">\n<div class=\"wp-block-uagb-advanced-heading uagb-block-4e49b06c\"><h3 class=\"uagb-heading-text\"><strong>Language skills<\/strong><\/h3><div class=\"uagb-separator\"><\/div><\/div>\n\n\n\n<div class=\"wp-block-uagb-icon-list uagb-block-a3d1adac uagb-icon-list__outer-wrap uagb-icon-list__layout-vertical uagb-icon-list__icon-at-top\"><div class=\"uagb-icon-list__wrap\">\n<div class=\"wp-block-uagb-icon-list-child uagb-block-7d8e0168\"><a target=\"_self\" aria-label=\"Czech -  mother tongue\" rel=\"noopener noreferrer\" href=\"#\"> <\/a><span class=\"uagb-icon-list__source-wrap\"><img decoding=\"async\" class=\"uagb-icon-list__source-image\" src=\"http:\/\/web.natur.cuni.cz\/gis\/eo4landscape\/wp-content\/uploads\/2022\/01\/czech-republic.png\" width=\"2\" height=\"2\" loading=\"lazy\" alt=\"\"\/><\/span><span class=\"uagb-icon-list__label\">Czech &#8211;  mother tongue<\/span><\/div>\n\n\n\n<div class=\"wp-block-uagb-icon-list-child uagb-block-f1ac837f\"><a target=\"_self\" aria-label=\"English - B2\" rel=\"noopener noreferrer\" href=\"#\"> <\/a><span class=\"uagb-icon-list__source-wrap\"><img decoding=\"async\" class=\"uagb-icon-list__source-image\" src=\"http:\/\/web.natur.cuni.cz\/gis\/eo4landscape\/wp-content\/uploads\/2022\/01\/united-kingdom.png\" width=\"2\" height=\"2\" loading=\"lazy\" alt=\"\"\/><\/span><span class=\"uagb-icon-list__label\">English &#8211; B2<\/span><\/div>\n<\/div><\/div>\n<\/div><\/div>\n\n\n\n<div style=\"height:30px\" aria-hidden=\"true\" class=\"wp-block-spacer\"><\/div>\n\n\n\n<div style=\"height:60px\" aria-hidden=\"true\" class=\"wp-block-spacer\"><\/div>\n\n\n\n<p class=\"has-text-align-right\"><em>Last updated 1. 4. 2025<\/em><\/p>\n","protected":false},"excerpt":{"rendered":"<p>BSc. candidate at Charles University, Prague, Czech Republic Education Language skills Last updated 1. 4. 2025<\/p>\n","protected":false},"author":1,"featured_media":0,"parent":0,"menu_order":0,"comment_status":"closed","ping_status":"closed","template":"","meta":{"_uag_custom_page_level_css":"","footnotes":""},"class_list":["post-5817","page","type-page","status-publish","hentry"],"uagb_featured_image_src":{"full":false,"thumbnail":false,"medium":false,"medium_large":false,"large":false,"1536x1536":false,"2048x2048":false},"uagb_author_info":{"display_name":"structimmuno","author_link":"https:\/\/web.natur.cuni.cz\/biochem\/structimmuno\/author\/structimmuno\/"},"uagb_comment_info":0,"uagb_excerpt":"BSc. candidate at Charles University, Prague, Czech Republic Education Language skills Last updated 1. 4. 2025","_links":{"self":[{"href":"https:\/\/web.natur.cuni.cz\/biochem\/structimmuno\/wp-json\/wp\/v2\/pages\/5817","targetHints":{"allow":["GET"]}}],"collection":[{"href":"https:\/\/web.natur.cuni.cz\/biochem\/structimmuno\/wp-json\/wp\/v2\/pages"}],"about":[{"href":"https:\/\/web.natur.cuni.cz\/biochem\/structimmuno\/wp-json\/wp\/v2\/types\/page"}],"author":[{"embeddable":true,"href":"https:\/\/web.natur.cuni.cz\/biochem\/structimmuno\/wp-json\/wp\/v2\/users\/1"}],"replies":[{"embeddable":true,"href":"https:\/\/web.natur.cuni.cz\/biochem\/structimmuno\/wp-json\/wp\/v2\/comments?post=5817"}],"version-history":[{"count":3,"href":"https:\/\/web.natur.cuni.cz\/biochem\/structimmuno\/wp-json\/wp\/v2\/pages\/5817\/revisions"}],"predecessor-version":[{"id":7629,"href":"https:\/\/web.natur.cuni.cz\/biochem\/structimmuno\/wp-json\/wp\/v2\/pages\/5817\/revisions\/7629"}],"wp:attachment":[{"href":"https:\/\/web.natur.cuni.cz\/biochem\/structimmuno\/wp-json\/wp\/v2\/media?parent=5817"}],"curies":[{"name":"wp","href":"https:\/\/api.w.org\/{rel}","templated":true}]}}