{"id":4995,"date":"2021-01-20T12:00:36","date_gmt":"2021-01-20T11:00:36","guid":{"rendered":"https:\/\/ukazky.euweb.cz\/?page_id=4995"},"modified":"2023-09-25T19:55:24","modified_gmt":"2023-09-25T19:55:24","slug":"opportunities","status":"publish","type":"page","link":"https:\/\/web.natur.cuni.cz\/botanika\/certner\/opportunities\/","title":{"rendered":"Opportunities &#038; offers"},"content":{"rendered":"\n<h3 class=\"wp-block-heading\">Open positions<\/h3>\n\n\n\n<div class=\"wp-block-media-text alignwide is-stacked-on-mobile uag-hide-desktop uag-hide-tab uag-hide-mob\" style=\"grid-template-columns:15% auto\"><figure class=\"wp-block-media-text__media\"><img loading=\"lazy\" decoding=\"async\" width=\"500\" height=\"500\" src=\"https:\/\/web.natur.cuni.cz\/botanika\/certner\/wp-content\/uploads\/2023\/01\/STARS_dlazdice.jpg\" alt=\"\" class=\"wp-image-5628 size-full\" srcset=\"https:\/\/web.natur.cuni.cz\/botanika\/certner\/wp-content\/uploads\/2023\/01\/STARS_dlazdice.jpg 500w, https:\/\/web.natur.cuni.cz\/botanika\/certner\/wp-content\/uploads\/2023\/01\/STARS_dlazdice-300x300.jpg 300w, https:\/\/web.natur.cuni.cz\/botanika\/certner\/wp-content\/uploads\/2023\/01\/STARS_dlazdice-150x150.jpg 150w\" sizes=\"auto, (max-width: 500px) 100vw, 500px\" \/><\/figure><div class=\"wp-block-media-text__content\">\n<p>A fully-funded <strong>PhD position<\/strong> in the group is available for highly motivated student applicants via the STARS program at the Faculty of Science. The application deadline is March 13, 2023. For more information see <a href=\".\/a-fully-funded-phd-position-open\/\">this post<\/a> in the news section.<\/p>\n<\/div><\/div>\n\n\n\n<p>At the moment, we do not offer any fully-funded PhD \/ postdoc postions.<\/p>\n\n\n\n<div style=\"height:40px\" aria-hidden=\"true\" class=\"wp-block-spacer\"><\/div>\n\n\n\n<div class=\"wp-block-group\"><div class=\"wp-block-group__inner-container is-layout-flow wp-block-group-is-layout-flow\">\n<div class=\"wp-block-group\"><div class=\"wp-block-group__inner-container is-layout-flow wp-block-group-is-layout-flow\">\n<h3 class=\"wp-block-heading\">General guidelines for interns, MSc \/ PhD students, and postdocs<\/h3>\n<\/div><\/div>\n<\/div><\/div>\n\n\n\n<p>Motivated students from abroad are very welcome to join our lab for short internships, PhD studies or postdoctoral fellowships, provided they can arrange their own funding. First check the section above, maybe there are currently open salaried positions in the group for which you could apply. If not, write an email to Martin \u010certner (hanzm7an@natur.cuni.cz), describe your motivation and current situation, attach your CV, and we will get back to you. <\/p>\n\n\n\n<p>There are several student mobility programs that may be used to financially cover your stay in our lab. For an internship (MSc \/ PhD students), you can take advantage of the European <a rel=\"noreferrer noopener\" href=\"https:\/\/erasmus-plus.ec.europa.eu\/\" target=\"_blank\">Erasmus+<\/a> program or maybe your university provides options for funding the international mobility of students. More options are then available for postdoc stays: <a rel=\"noreferrer noopener\" href=\"https:\/\/marie-sklodowska-curie-actions.ec.europa.eu\/actions\/postdoctoral-fellowships\" target=\"_blank\">MSCA<\/a> European Postdoctoral Fellowships,  <a href=\"https:\/\/www.embo.org\/funding\/fellowships-grants-and-career-support\/postdoctoral-fellowships\/\" target=\"_blank\" rel=\"noreferrer noopener\">EMBO<\/a> Postdoctoral Fellowships, <a rel=\"noreferrer noopener\" href=\"https:\/\/gacr.cz\/en\/types-of-grant-projects\/\" target=\"_blank\">GA\u010cR<\/a> Postdoc Individual Fellowship &#8211; Incoming, etc. Most of these require the students put together a research proposal for their fellowship. While we will gladly provide feedback during the fellowship proposal preparation, we expect the students to work independently and be primarily responsible for their proposals.<\/p>\n\n\n\n<div style=\"height:40px\" aria-hidden=\"true\" class=\"wp-block-spacer\"><\/div>\n\n\n\n<div class=\"wp-block-group\"><div class=\"wp-block-group__inner-container is-layout-flow wp-block-group-is-layout-flow\">\n<div class=\"wp-block-group\"><div class=\"wp-block-group__inner-container is-layout-flow wp-block-group-is-layout-flow\">\n<h3 class=\"wp-block-heading\">Z\u00e1jemci o bakal\u00e1\u0159skou \u010di magisterskou pr\u00e1ci<\/h3>\n<\/div><\/div>\n<\/div><\/div>\n\n\n\n<p>Motivovan\u00ed studenti P\u0159\u00edrodov\u011bdeck\u00e9 fakulty UK, kte\u0159\u00ed maj\u00ed z\u00e1jem o zpracov\u00e1n\u00ed bakal\u00e1\u0159sk\u00e9 nebo diplomov\u00e9 pr\u00e1ce na t\u00e9mata, kter\u00fdmi se ve skupin\u011b zab\u00fdv\u00e1me, jsou v\u017edy v\u00edt\u00e1ni! Seznam aktu\u00e1ln\u011b vypsan\u00fdch t\u00e9mat Bc. a Mgr. prac\u00ed je k&nbsp;dispozici v&nbsp;SIS. Pokud ji\u017e m\u00e1te konkr\u00e9tn\u00ed p\u0159edstavy o tom, co byste cht\u011bli d\u011blat a nebo si nevyberete z&nbsp;dostupn\u00e9 nab\u00eddky, napi\u0161te mi pros\u00edm mail (Martin \u010certner, hanzm7an@natur.cuni.cz) a zkus\u00edme spole\u010dn\u011b n\u011bco vymyslet.<\/p>\n","protected":false},"excerpt":{"rendered":"<p>Open positions A fully-funded PhD position in the group is available for highly motivated student applicants via the STARS program at the Faculty of Science. The application deadline is March 13, 2023. For more information see this post in the news section. At the moment, we do not offer any fully-funded PhD \/ postdoc postions. [&hellip;]<\/p>\n","protected":false},"author":1,"featured_media":0,"parent":0,"menu_order":0,"comment_status":"closed","ping_status":"closed","template":"","meta":{"_uag_custom_page_level_css":"","footnotes":""},"class_list":["post-4995","page","type-page","status-publish","hentry"],"uagb_featured_image_src":{"full":false,"thumbnail":false,"medium":false,"medium_large":false,"large":false,"1536x1536":false,"2048x2048":false},"uagb_author_info":{"display_name":"CertnerM","author_link":"https:\/\/web.natur.cuni.cz\/botanika\/certner\/author\/certnerm\/"},"uagb_comment_info":0,"uagb_excerpt":"Open positions A fully-funded PhD position in the group is available for highly motivated student applicants via the STARS program at the Faculty of Science. The application deadline is March 13, 2023. For more information see this post in the news section. At the moment, we do not offer any fully-funded PhD \/ postdoc postions.&hellip;","_links":{"self":[{"href":"https:\/\/web.natur.cuni.cz\/botanika\/certner\/wp-json\/wp\/v2\/pages\/4995","targetHints":{"allow":["GET"]}}],"collection":[{"href":"https:\/\/web.natur.cuni.cz\/botanika\/certner\/wp-json\/wp\/v2\/pages"}],"about":[{"href":"https:\/\/web.natur.cuni.cz\/botanika\/certner\/wp-json\/wp\/v2\/types\/page"}],"author":[{"embeddable":true,"href":"https:\/\/web.natur.cuni.cz\/botanika\/certner\/wp-json\/wp\/v2\/users\/1"}],"replies":[{"embeddable":true,"href":"https:\/\/web.natur.cuni.cz\/botanika\/certner\/wp-json\/wp\/v2\/comments?post=4995"}],"version-history":[{"count":12,"href":"https:\/\/web.natur.cuni.cz\/botanika\/certner\/wp-json\/wp\/v2\/pages\/4995\/revisions"}],"predecessor-version":[{"id":5731,"href":"https:\/\/web.natur.cuni.cz\/botanika\/certner\/wp-json\/wp\/v2\/pages\/4995\/revisions\/5731"}],"wp:attachment":[{"href":"https:\/\/web.natur.cuni.cz\/botanika\/certner\/wp-json\/wp\/v2\/media?parent=4995"}],"curies":[{"name":"wp","href":"https:\/\/api.w.org\/{rel}","templated":true}]}}