{"id":5469,"date":"2021-01-20T11:10:09","date_gmt":"2021-01-20T11:10:09","guid":{"rendered":"https:\/\/ukazky.euweb.cz\/?page_id=4961"},"modified":"2024-05-24T09:53:31","modified_gmt":"2024-05-24T09:53:31","slug":"teaching-2","status":"publish","type":"page","link":"https:\/\/web.natur.cuni.cz\/cellbiol\/DevCellBiolPhDconference\/teaching-2\/","title":{"rendered":"Svat\u00fd Jan pod Skalou"},"content":{"rendered":"\n<div class=\"wp-block-media-text alignwide has-media-on-the-right is-stacked-on-mobile is-vertically-aligned-top\" style=\"grid-template-columns:auto 48%\"><figure class=\"wp-block-media-text__media\"><img loading=\"lazy\" decoding=\"async\" width=\"1024\" height=\"768\" src=\"https:\/\/web.natur.cuni.cz\/cellbiol\/DevCellBiolPhDconference\/wp-content\/uploads\/2022\/05\/svaty-jan-skala-svatojanska-kolej-2021-17-1024x768.jpg\" alt=\"\" class=\"wp-image-5510 size-full\" srcset=\"https:\/\/web.natur.cuni.cz\/cellbiol\/DevCellBiolPhDconference\/wp-content\/uploads\/2022\/05\/svaty-jan-skala-svatojanska-kolej-2021-17-1024x768.jpg 1024w, https:\/\/web.natur.cuni.cz\/cellbiol\/DevCellBiolPhDconference\/wp-content\/uploads\/2022\/05\/svaty-jan-skala-svatojanska-kolej-2021-17-300x225.jpg 300w, https:\/\/web.natur.cuni.cz\/cellbiol\/DevCellBiolPhDconference\/wp-content\/uploads\/2022\/05\/svaty-jan-skala-svatojanska-kolej-2021-17-768x576.jpg 768w, https:\/\/web.natur.cuni.cz\/cellbiol\/DevCellBiolPhDconference\/wp-content\/uploads\/2022\/05\/svaty-jan-skala-svatojanska-kolej-2021-17-1536x1152.jpg 1536w, https:\/\/web.natur.cuni.cz\/cellbiol\/DevCellBiolPhDconference\/wp-content\/uploads\/2022\/05\/svaty-jan-skala-svatojanska-kolej-2021-17.jpg 1600w\" sizes=\"auto, (max-width: 1024px) 100vw, 1024px\" \/><\/figure><div class=\"wp-block-media-text__content\">\n<p class=\"has-text-align-left has-larger-font-size\"><strong>Conference venue<\/strong> <strong>and student accommodation<\/strong><\/p>\n<\/div><\/div>\n\n\n\n<div style=\"height:32px\" aria-hidden=\"true\" class=\"wp-block-spacer\"><\/div>\n\n\n\n<p class=\"has-text-align-left\" style=\"font-size:30px\">The conference will take place in the building of the former monastery in Svat\u00fd Jan pod Skalou. The students will be accommodated in Svatoj\u00e1nsk\u00e1 kolej which is situated in the same building as the conference venue.<\/p>\n\n\n\n<p class=\"has-text-align-left\" style=\"font-size:30px\">Svatoj\u00e1nsk\u00e1 kolej <br>Svat\u00fd Jan pod Skalou 1, Beroun 266 01, CZ<\/p>\n\n\n\n<p style=\"font-size:30px\">Webpage: <a rel=\"noreferrer noopener\" href=\"http:\/\/www.svatojanskakolej.cz\" target=\"_blank\">www.svatojanskakolej.cz<\/a><\/p>\n\n\n\n<hr class=\"wp-block-separator aligncenter has-alpha-channel-opacity is-style-wide\"\/>\n\n\n\n<div class=\"wp-block-media-text alignwide has-media-on-the-right is-stacked-on-mobile is-vertically-aligned-top\" style=\"grid-template-columns:auto 46%\"><figure class=\"wp-block-media-text__media\"><img loading=\"lazy\" decoding=\"async\" width=\"1024\" height=\"768\" src=\"https:\/\/web.natur.cuni.cz\/cellbiol\/DevCellBiolPhDconference\/wp-content\/uploads\/2022\/05\/obecna-skola.jpg\" alt=\"\" class=\"wp-image-5511 size-full\" srcset=\"https:\/\/web.natur.cuni.cz\/cellbiol\/DevCellBiolPhDconference\/wp-content\/uploads\/2022\/05\/obecna-skola.jpg 1024w, https:\/\/web.natur.cuni.cz\/cellbiol\/DevCellBiolPhDconference\/wp-content\/uploads\/2022\/05\/obecna-skola-300x225.jpg 300w, https:\/\/web.natur.cuni.cz\/cellbiol\/DevCellBiolPhDconference\/wp-content\/uploads\/2022\/05\/obecna-skola-768x576.jpg 768w\" sizes=\"auto, (max-width: 1024px) 100vw, 1024px\" \/><\/figure><div class=\"wp-block-media-text__content\">\n<p class=\"has-larger-font-size\"><strong>Keynote speakers accommodation<\/strong><\/p>\n<\/div><\/div>\n\n\n\n<div style=\"height:29px\" aria-hidden=\"true\" class=\"wp-block-spacer\"><\/div>\n\n\n\n<p style=\"font-size:30px\">The accommodation for the invited speakers will be provided by Hotel Obecn\u00e1 \u0160kola directly in Svat\u00fd Jan pod Skalou.<\/p>\n\n\n\n<p style=\"font-size:30px\">Hotel Obecn\u00e1 \u0160kola <br>Svat\u00fd Jan pod Skalou 6, Beroun 266 01, CZ<\/p>\n\n\n\n<p style=\"font-size:30px\">Webpage: <a rel=\"noreferrer noopener\" href=\"https:\/\/www.hotelobecnaskola.cz\/\" target=\"_blank\">https:\/\/www.hotelobecnaskola.cz\/<\/a><\/p>\n\n\n\n<hr class=\"wp-block-separator has-alpha-channel-opacity is-style-wide\"\/>\n\n\n\n<h2 class=\"has-text-align-center wp-block-heading\">How to get there<\/h2>\n\n\n\n<p>You can take a bus from <strong>Prague, Zli\u010d\u00edn <\/strong>to<strong> Lod\u011bnice<\/strong> (100<strong>384<\/strong> 1007) and transfer to a bus from <strong>Lod\u011bnice <\/strong>to<strong> Svat\u00fd Jan pod Skalou<\/strong> (210<strong>425<\/strong> 1057)<\/p>\n\n\n\n<figure class=\"wp-block-table\"><table><tbody><tr><td><strong>Prague, Zli\u010d\u00edn<\/strong><\/td><td><strong>Lod\u011bnice<\/strong><\/td><td><strong>Lod\u011bnice<\/strong><\/td><td><strong>Svat\u00fd Jan pod Skalou<\/strong><\/td><\/tr><tr><td>6:20<\/td><td>6:34<\/td><td>6:49<\/td><td>7:00<\/td><\/tr><tr><td>7:50<\/td><td>8:04<\/td><td>8:20<\/td><td>8:31<\/td><\/tr><\/tbody><\/table><figcaption>Buses leaving in the morning on Monday 17th<\/figcaption><\/figure>\n\n\n\n<p>Or you can drive by car from Prague (please consider that the parking place is limited, take as many of your friends as possible)<\/p>\n\n\n\n<div style=\"height:100px\" aria-hidden=\"true\" class=\"wp-block-spacer\"><\/div>\n","protected":false},"excerpt":{"rendered":"<p>Conference venue and student accommodation The conference will take place in the building of the former monastery in Svat\u00fd Jan pod Skalou. The students will be accommodated in Svatoj\u00e1nsk\u00e1 kolej which is situated in the same building as the conference venue. Svatoj\u00e1nsk\u00e1 kolej Svat\u00fd Jan pod Skalou 1, Beroun 266 01, CZ Webpage: www.svatojanskakolej.cz Keynote [&hellip;]<\/p>\n","protected":false},"author":2,"featured_media":0,"parent":0,"menu_order":3,"comment_status":"closed","ping_status":"closed","template":"","meta":{"_uag_custom_page_level_css":"","footnotes":""},"class_list":["post-5469","page","type-page","status-publish","hentry"],"uagb_featured_image_src":{"full":false,"thumbnail":false,"medium":false,"medium_large":false,"large":false,"1536x1536":false,"2048x2048":false},"uagb_author_info":{"display_name":"fabtur","author_link":"https:\/\/web.natur.cuni.cz\/cellbiol\/DevCellBiolPhDconference\/author\/fabtur\/"},"uagb_comment_info":0,"uagb_excerpt":"Conference venue and student accommodation The conference will take place in the building of the former monastery in Svat\u00fd Jan pod Skalou. The students will be accommodated in Svatoj\u00e1nsk\u00e1 kolej which is situated in the same building as the conference venue. Svatoj\u00e1nsk\u00e1 kolej Svat\u00fd Jan pod Skalou 1, Beroun 266 01, CZ Webpage: www.svatojanskakolej.cz Keynote&hellip;","_links":{"self":[{"href":"https:\/\/web.natur.cuni.cz\/cellbiol\/DevCellBiolPhDconference\/wp-json\/wp\/v2\/pages\/5469","targetHints":{"allow":["GET"]}}],"collection":[{"href":"https:\/\/web.natur.cuni.cz\/cellbiol\/DevCellBiolPhDconference\/wp-json\/wp\/v2\/pages"}],"about":[{"href":"https:\/\/web.natur.cuni.cz\/cellbiol\/DevCellBiolPhDconference\/wp-json\/wp\/v2\/types\/page"}],"author":[{"embeddable":true,"href":"https:\/\/web.natur.cuni.cz\/cellbiol\/DevCellBiolPhDconference\/wp-json\/wp\/v2\/users\/2"}],"replies":[{"embeddable":true,"href":"https:\/\/web.natur.cuni.cz\/cellbiol\/DevCellBiolPhDconference\/wp-json\/wp\/v2\/comments?post=5469"}],"version-history":[{"count":9,"href":"https:\/\/web.natur.cuni.cz\/cellbiol\/DevCellBiolPhDconference\/wp-json\/wp\/v2\/pages\/5469\/revisions"}],"predecessor-version":[{"id":6434,"href":"https:\/\/web.natur.cuni.cz\/cellbiol\/DevCellBiolPhDconference\/wp-json\/wp\/v2\/pages\/5469\/revisions\/6434"}],"wp:attachment":[{"href":"https:\/\/web.natur.cuni.cz\/cellbiol\/DevCellBiolPhDconference\/wp-json\/wp\/v2\/media?parent=5469"}],"curies":[{"name":"wp","href":"https:\/\/api.w.org\/{rel}","templated":true}]}}