{"id":5503,"date":"2022-05-31T07:27:54","date_gmt":"2022-05-31T07:27:54","guid":{"rendered":"http:\/\/web.natur.cuni.cz\/cellbiol\/phdconferenceimmuno\/?page_id=5503"},"modified":"2023-08-25T14:34:40","modified_gmt":"2023-08-25T14:34:40","slug":"program","status":"publish","type":"page","link":"https:\/\/web.natur.cuni.cz\/cellbiol\/DevCellBiolPhDconference\/program\/","title":{"rendered":"Program 2022"},"content":{"rendered":"\n<p class=\"has-text-align-left\" style=\"font-size:21px\"><\/p>\n\n\n\n<p style=\"font-size:21px\">In order to make the CUNI Ph.D. Conference a better experience, we prepared a <strong>survey<\/strong> for the 2022 Ph.D. Conference attendees. Please click on the button below and give us your experience feedback.<\/p>\n\n\n\n<div style=\"height:0px\" aria-hidden=\"true\" class=\"wp-block-spacer\"><\/div>\n\n\n\n<div class=\"wp-block-columns is-layout-flex wp-container-core-columns-is-layout-9d6595d7 wp-block-columns-is-layout-flex\">\n<div class=\"wp-block-column is-layout-flow wp-block-column-is-layout-flow\" style=\"flex-basis:100%\">\n<div class=\"wp-block-group alignwide\"><div class=\"wp-block-group__inner-container is-layout-flow wp-block-group-is-layout-flow\">\n<div class=\"wp-block-buttons alignwide is-content-justification-center is-layout-flex wp-container-core-buttons-is-layout-16018d1d wp-block-buttons-is-layout-flex\">\n<div class=\"wp-block-button has-custom-width wp-block-button__width-75\"><a class=\"wp-block-button__link has-white-color has-text-color has-background wp-element-button\" href=\"https:\/\/docs.google.com\/forms\/d\/e\/1FAIpQLSf0Kplv1NhZjjBiYxKzLI3-DReoMbdmWTPZ6DrCLPksApXdiA\/viewform\" style=\"border-radius:100px;background:linear-gradient(135deg,rgb(255,105,0) 0%,rgb(184,112,112) 20%,rgb(207,46,46) 100%)\" target=\"_blank\" rel=\"noreferrer noopener\"> PhD Conference Survey<\/a><\/div>\n<\/div>\n<\/div><\/div>\n<\/div>\n<\/div>\n\n\n\n<div style=\"height:52px\" aria-hidden=\"true\" class=\"wp-block-spacer\"><\/div>\n\n\n\n<blockquote class=\"wp-block-quote is-layout-flow wp-block-quote-is-layout-flow\" style=\"font-size:22px\">\n<p><strong>The length of the talks will be<\/strong> : <strong>15<\/strong> minutes presentation + <strong>5<\/strong> minutes discussion for the <strong>20<\/strong> min slots and <strong>12<\/strong> minutes presentation + <strong>3<\/strong> minutes discussion for the <strong>15<\/strong> minutes slots!<\/p>\n\n\n\n<p>The recommended format for posters is <strong>A1<\/strong>, portrait orientation.<\/p>\n<\/blockquote>\n\n\n\n<div style=\"height:52px\" aria-hidden=\"true\" class=\"wp-block-spacer\"><\/div>\n\n\n\n<h2 class=\"wp-block-heading\"><strong>Monday 17th October 2022<\/strong><\/h2>\n\n\n\n<p class=\"has-medium-font-size\"><strong>9:00-9:45<\/strong> Registration of participants<\/p>\n\n\n\n<p class=\"has-medium-font-size\"><strong>9:45-10:00<\/strong> Opening and welcome <\/p>\n\n\n\n<h2 class=\"has-text-align-center has-medium-font-size wp-block-heading\"><strong>Session 1 &#8211; Development &amp; diseases I<\/strong><\/h2>\n\n\n\n<p class=\"has-text-align-left has-medium-font-size\"><strong>10:00-10:20<\/strong>    Simona Mach\u00e1\u010dov\u00e1<br>               Evolution of the gene regulatory network underlying the gastrula organizer formation<\/p>\n\n\n\n<p class=\"has-text-align-left has-medium-font-size\"><strong>10:20-10:40<\/strong>    Goretti Aranaz-Novaliches<br>                Characterization of Tent5a non canonical polymerase in biomineralization<\/p>\n\n\n\n<p class=\"has-text-align-left has-medium-font-size\"><strong>10:40-11:00<\/strong>    Romana Weissov\u00e1<br>                Prolyl isomerase FKBP12 binds to CRMP2A and regulates microtubule dynamics<\/p>\n\n\n\n<p class=\"has-text-align-left has-medium-font-size\"><strong>11:00-11:20<\/strong>    Valerie Siahaan<br>                Microtubule lattice spacing governs cohesive tau envelope formation<\/p>\n\n\n\n<p class=\"has-medium-font-size\"><strong>11:20-11:40<\/strong> <em>Coffee break<\/em><\/p>\n\n\n\n<p class=\"has-medium-font-size\"><strong>11:40-12:30<\/strong>  First Keynote lecture : <strong>Peter Fabian<\/strong>,&nbsp;<strong>Ph.D<\/strong><\/p>\n\n\n\n<p class=\"has-medium-font-size\"><strong>12:40-14:00<\/strong> <em>Lunch break<\/em><\/p>\n\n\n\n<h2 class=\"has-text-align-center has-medium-font-size wp-block-heading\"><strong>Session 2 &#8211; Development &amp; diseases II<\/strong><\/h2>\n\n\n\n<p class=\"has-text-align-left has-medium-font-size\"><strong>14:00-14:20<\/strong>    Jakub \u010cervenka<br>               Proteomics of human neural stem cell differentiation<\/p>\n\n\n\n<p class=\"has-text-align-left has-medium-font-size\"><strong>14:20-14:40<\/strong>    Ond\u0159ej Smol\u00edk<br>              Development and dysfunction of pancreatic endocrine cells<\/p>\n\n\n\n<p class=\"has-text-align-left has-medium-font-size\"><strong>14:40-15:00<\/strong>    Michaela Proch\u00e1zkov\u00e1<br>              Proper function of Cullin-RING ubiquitin ligase complexes is substantial for tooth morphogenesis<\/p>\n\n\n\n<p class=\"has-text-align-left has-medium-font-size\"><strong>15:00-15:20<\/strong>    Tereza Turkov\u00e1<br>              ISWI ATPase Smarca5 Dose-dependently Regulates Function of Germinal and Hematopoietic Stem Cells<\/p>\n\n\n\n<p class=\"has-text-align-left has-medium-font-size\"><strong>15:20-15:40<\/strong>    Jovana Jovi\u010di\u0107<br>              Zebrafish model of human leukemia<\/p>\n\n\n\n<p class=\"has-medium-font-size\"><strong>15:40-16:00<\/strong> <em>Coffee break<\/em><\/p>\n\n\n\n<h2 class=\"has-text-align-center has-medium-font-size wp-block-heading\"><strong>Session 3 \u2013 Development &amp; diseases III<\/strong><\/h2>\n\n\n\n<p class=\"has-text-align-left has-medium-font-size\"><strong>16:00-16:20<\/strong>    Martin Kov\u00e1\u0159<br>              Hematopoiesis in sea lamprey<\/p>\n\n\n\n<p class=\"has-text-align-left has-medium-font-size\"><strong>16:20-16:40<\/strong>    Felix Zimmann<br>             Taking a closer look at the role of splicing factor mutations in retinitis pigmentosa using a retinal organoid disease model<\/p>\n\n\n\n<p class=\"has-text-align-left has-medium-font-size\"><strong>16:40-16:55<\/strong>    Yaroslav Nemesh<br>           Different aspects of culturing and characterization of functional highly polarized Retinal Pigment Epithelium<\/p>\n\n\n\n<p class=\"has-text-align-left has-medium-font-size\"><strong>16:55-17:15<\/strong>    Veronika Iatsiuk <br>            Regulatory role of Cul4a in the GIT homeostasis and colorectal cancer progression<br><\/p>\n\n\n\n<p class=\"has-medium-font-size\"><strong>17:30-19.00<\/strong> Poster Session<\/p>\n\n\n\n<p class=\"has-medium-font-size\"><strong>19:00-22:00<\/strong> <em>Dinner + Networking and Posters<\/em><\/p>\n\n\n\n<h2 class=\"wp-block-heading\"><strong>Tuesday 18th October 2022<\/strong><\/h2>\n\n\n\n<p class=\"has-medium-font-size\"><strong>8:00-9:00<\/strong>  <em>Breakfast + Check-out<\/em><\/p>\n\n\n\n<h2 class=\"has-text-align-center has-medium-font-size wp-block-heading\"><strong>Session 4 \u2013 Signaling &amp; stress response<\/strong><\/h2>\n\n\n\n<p class=\"has-text-align-left has-medium-font-size\"><strong>9:00-9:20<\/strong>    Jan Rasl<br>           Regulation of epithelial plasticity by ERK1 and ERK2 isoforms<\/p>\n\n\n\n<p class=\"has-text-align-left has-medium-font-size\"><strong>9:20-9:40<\/strong>    Filip Knop<br>           Role of AAK1 homolog SEL-5 in Caenorhabditis elegans Wnt signaling<\/p>\n\n\n\n<p class=\"has-text-align-left has-medium-font-size\"><strong>09:40-10:00<\/strong>    Luk\u00e1\u0161 Dvo\u0159\u00e1\u010dek<br>          Characterization of a clinically relevant hyperactivating JAK2 mutation<\/p>\n\n\n\n<p class=\"has-text-align-left has-medium-font-size\"><strong>10:00-10:20<\/strong>   Petra Novotn\u00e1<br>          Plectin in Colorectal Carcinoma: Mechanical Stress Drives DNA Damage and Carcinogenesis<\/p>\n\n\n\n<p class=\"has-medium-font-size\"><strong>10:20-10:30<\/strong> <em>Coffee break<\/em><\/p>\n\n\n\n<p class=\"has-text-align-left has-medium-font-size\"><strong>10:30-11:10<\/strong>   Second Keynote lecture : <strong>Ondrej Svoboda, Ph.D<\/strong><\/p>\n\n\n\n<p class=\"has-medium-font-size\"><strong>11:10-11:30<\/strong> <em>Coffee break<\/em><\/p>\n\n\n\n<h2 class=\"has-text-align-center has-medium-font-size wp-block-heading\"><strong>Session 5 &#8211; Gene expression regulation<\/strong><\/h2>\n\n\n\n<p class=\"has-text-align-left has-medium-font-size\"><strong>11:30-11:50<\/strong>    Jarmila Princov\u00e1<br>          Perturbed fatty-acid metabolism is linked to localized chromatin hyperacetylation, increased stress-response gene expression and resistance to oxidative stress<\/p>\n\n\n\n<p class=\"has-text-align-left has-medium-font-size\"><strong>11:50-12:10<\/strong>   Ivana Dobi\u00e1\u0161ovsk\u00e1<br>          Development of a novel CRISPR-dependent genetic switch for cellular programming<\/p>\n\n\n\n<p class=\"has-text-align-left has-medium-font-size\"><strong>12:10-12:30<\/strong>   Barbora Boleslavsk\u00e1<br>          DDX17 helicase promotes resolution of R-loop-mediated transcription-replication conflicts in human cells<\/p>\n\n\n\n<p class=\"has-text-align-left has-medium-font-size\"><strong>12:30-12:50<\/strong>   Anna Hunov\u00e1 Oravetzov\u00e1<br>          The role of R-loops in oncogene-induced replication stress<\/p>\n\n\n\n<p class=\"has-medium-font-size\"><strong>12:50-13:50<\/strong> <em>Lunch break<\/em><\/p>\n\n\n\n<h2 class=\"has-text-align-center has-medium-font-size wp-block-heading\"><strong>Session 6 &#8211; Gene expression regulation II<\/strong><\/h2>\n\n\n\n<p class=\"has-text-align-left has-medium-font-size\"><strong>13:50-14:10<\/strong>   Eli\u0161ka Koutn\u00e1<br>         LEDGF\/p75 interaction network in the nucleosomal context<\/p>\n\n\n\n<p class=\"has-text-align-left has-medium-font-size\"><strong>14:10-14:25<\/strong>  \u0160\u00e1rka \u017daloudkov\u00e1 Boh\u00e1\u010dov\u00e1<br>         Physiological function of the intramembrane rhomboid protease RHBDL4<\/p>\n\n\n\n<p class=\"has-text-align-left has-medium-font-size\"><strong>14:25-14:45<\/strong>  Christos Feidakis<br>         AHoJ: rapid, tailored search and retrieval of apo and holo protein structures for user-defined ligands<\/p>\n\n\n\n<p class=\"has-medium-font-size\"><strong>14:45-15:00<\/strong> Coffee break <\/p>\n\n\n\n<h2 class=\"has-text-align-center has-medium-font-size wp-block-heading\"><strong>Session 7 &#8211; Cell cycle &amp; division<\/strong><\/h2>\n\n\n\n<p class=\"has-text-align-left has-medium-font-size\"><strong>15:00-15:20<\/strong>  Filip Horvat<br>         Bioinformatic analysis of RNAs in mammalian oocytes and early embryos<\/p>\n\n\n\n<p class=\"has-text-align-left has-medium-font-size\"><strong>15:20-15:40<\/strong> Michal Dvo\u0159an<br>        Differential regulation of active translation in mouse oocytes and zygotes upon maturation in vitro and in vivo<\/p>\n\n\n\n<p class=\"has-text-align-left has-medium-font-size\"><strong>15:40-16:00<\/strong> Michaela Va\u0161kovi\u010dov\u00e1<br>       Roles of Aurora kinases in meiosis of mouse oocytes<\/p>\n\n\n\n<p class=\"has-text-align-left has-medium-font-size\"><strong>16:00-16:20<\/strong> Viacheslav Zemlianski<br>      Nitrogen source as a determinant of mitotic fidelity in fission yeasts<\/p>\n\n\n\n<p class=\"has-medium-font-size\"><strong>16:20-17:25<\/strong> General Discussion and closing remarks<\/p>\n\n\n\n<p class=\"has-medium-font-size\"><strong>17:30<\/strong> Departure or sightseeing<\/p>\n\n\n\n\n<div class=\"wp-block-image is-style-rounded wp-duotone-000000-rgba247141168047-1\">\n<figure class=\"aligncenter size-full is-resized\"><img loading=\"lazy\" decoding=\"async\" src=\"https:\/\/web.natur.cuni.cz\/cellbiol\/DevCellBiolPhDconference\/wp-content\/uploads\/2022\/07\/Screenshot_8.png\" alt=\"\" class=\"wp-image-5633\" width=\"358\" height=\"491\" srcset=\"https:\/\/web.natur.cuni.cz\/cellbiol\/DevCellBiolPhDconference\/wp-content\/uploads\/2022\/07\/Screenshot_8.png 716w, https:\/\/web.natur.cuni.cz\/cellbiol\/DevCellBiolPhDconference\/wp-content\/uploads\/2022\/07\/Screenshot_8-219x300.png 219w\" sizes=\"auto, (max-width: 358px) 100vw, 358px\" \/><\/figure><\/div>","protected":false},"excerpt":{"rendered":"<p>In order to make the CUNI Ph.D. Conference a better experience, we prepared a survey for the 2022 Ph.D. Conference attendees. Please click on the button below and give us your experience feedback. The length of the talks will be : 15 minutes presentation + 5 minutes discussion for the 20 min slots and 12 [&hellip;]<\/p>\n","protected":false},"author":2,"featured_media":0,"parent":0,"menu_order":0,"comment_status":"closed","ping_status":"closed","template":"","meta":{"_uag_custom_page_level_css":"","footnotes":""},"class_list":["post-5503","page","type-page","status-publish","hentry"],"uagb_featured_image_src":{"full":false,"thumbnail":false,"medium":false,"medium_large":false,"large":false,"1536x1536":false,"2048x2048":false},"uagb_author_info":{"display_name":"fabtur","author_link":"https:\/\/web.natur.cuni.cz\/cellbiol\/DevCellBiolPhDconference\/author\/fabtur\/"},"uagb_comment_info":0,"uagb_excerpt":"In order to make the CUNI Ph.D. Conference a better experience, we prepared a survey for the 2022 Ph.D. Conference attendees. Please click on the button below and give us your experience feedback. The length of the talks will be : 15 minutes presentation + 5 minutes discussion for the 20 min slots and 12&hellip;","_links":{"self":[{"href":"https:\/\/web.natur.cuni.cz\/cellbiol\/DevCellBiolPhDconference\/wp-json\/wp\/v2\/pages\/5503","targetHints":{"allow":["GET"]}}],"collection":[{"href":"https:\/\/web.natur.cuni.cz\/cellbiol\/DevCellBiolPhDconference\/wp-json\/wp\/v2\/pages"}],"about":[{"href":"https:\/\/web.natur.cuni.cz\/cellbiol\/DevCellBiolPhDconference\/wp-json\/wp\/v2\/types\/page"}],"author":[{"embeddable":true,"href":"https:\/\/web.natur.cuni.cz\/cellbiol\/DevCellBiolPhDconference\/wp-json\/wp\/v2\/users\/2"}],"replies":[{"embeddable":true,"href":"https:\/\/web.natur.cuni.cz\/cellbiol\/DevCellBiolPhDconference\/wp-json\/wp\/v2\/comments?post=5503"}],"version-history":[{"count":93,"href":"https:\/\/web.natur.cuni.cz\/cellbiol\/DevCellBiolPhDconference\/wp-json\/wp\/v2\/pages\/5503\/revisions"}],"predecessor-version":[{"id":6159,"href":"https:\/\/web.natur.cuni.cz\/cellbiol\/DevCellBiolPhDconference\/wp-json\/wp\/v2\/pages\/5503\/revisions\/6159"}],"wp:attachment":[{"href":"https:\/\/web.natur.cuni.cz\/cellbiol\/DevCellBiolPhDconference\/wp-json\/wp\/v2\/media?parent=5503"}],"curies":[{"name":"wp","href":"https:\/\/api.w.org\/{rel}","templated":true}]}}