{"id":6429,"date":"2024-05-24T09:40:49","date_gmt":"2024-05-24T09:40:49","guid":{"rendered":"https:\/\/web.natur.cuni.cz\/cellbiol\/DevCellBiolPhDconference\/?page_id=6429"},"modified":"2024-10-08T14:11:24","modified_gmt":"2024-10-08T14:11:24","slug":"program-2024","status":"publish","type":"page","link":"https:\/\/web.natur.cuni.cz\/cellbiol\/DevCellBiolPhDconference\/program-2024\/","title":{"rendered":"Program 2024"},"content":{"rendered":"\n<ul class=\"wp-block-list\">\n<li class=\"has-large-font-size\">The length of the talks will be : <strong>12<\/strong> minutes presentation + <strong>6<\/strong> minutes discussion<\/li>\n<\/ul>\n\n\n\n<ul class=\"wp-block-list\">\n<li class=\"has-large-font-size\">The recommended format for posters is <strong>A1<\/strong>, portrait orientation.<\/li>\n<\/ul>\n\n\n\n<h2 class=\"wp-block-heading\"><strong>Thursday 31.10.2024<\/strong><\/h2>\n\n\n\n<p><strong>09:00 \u2013 10:00<\/strong> Registration of participants (poster setup &#8211; throughout the day)<\/p>\n\n\n\n<p><strong>10:00 \u2013 10:20<\/strong> Opening and welcome<\/p>\n\n\n\n<p class=\"has-text-align-center\"><strong>SESSION 1<\/strong><\/p>\n\n\n\n<p><strong>10:20 \u2013 10:40<\/strong> \u0160\u00e1rka Jaro\u0161ov\u00e1<\/p>\n\n\n\n<p>Consequences of radiation therapy in medulloblastomas<\/p>\n\n\n\n<p><strong>10:40 \u2013 11:00<\/strong> Eva Kamenn\u00e1<\/p>\n\n\n\n<p>Failing (so far) to reprogram porcine astrocytes into neurons<\/p>\n\n\n\n<p><strong>11:00 \u2013 11:20<\/strong> Michaela Va\u0161kovi\u010dov\u00e1\u00a0<\/p>\n\n\n\n<p>Spatio-temporal requirements of Aurora kinase A for spindle building in mouse oocytes<\/p>\n\n\n\n<p><strong>11:20 \u2013 11:40<\/strong> Subhadib Chakraborty<\/p>\n\n\n\n<p>Understanding the mechanochemical transitions that underlie early embryo development<\/p>\n\n\n\n<p><strong>11:40 \u2013 12:00<\/strong> Roman Podh\u00e1jeck\u00fd<\/p>\n\n\n\n<p>A synergy between diffusive crosslinking and actin severing drives actin contractility\u00a0<\/p>\n\n\n\n<p class=\"has-text-align-center\">LUNCH <strong>12:00 \u2013 13:20<\/strong><\/p>\n\n\n\n<div style=\"height:40px\" aria-hidden=\"true\" class=\"wp-block-spacer\"><\/div>\n\n\n\n<p class=\"has-text-align-center\"><strong>KEYNOTE LECTURE I.<\/strong><\/p>\n\n\n\n<p><strong>13:20 \u2013 14:20<\/strong>\tFrank Bradke &#8211; Keynote lecture I<span id=\"docs-internal-guid-50c706c6-7fff-8792-33f2-ed94b38faa75\"><div><span style=\"font-size: 10pt; font-family: Arial, sans-serif; background-color: transparent; font-weight: 700; font-variant-numeric: normal; font-variant-east-asian: normal; font-variant-alternates: normal; font-variant-position: normal; vertical-align: baseline;\"><\/span><\/div><\/span><\/p>\n\n\n\n<p class=\"has-text-align-center\">COFFEE BREAK <strong>14:20 \u2013 14:50<\/strong><\/p>\n\n\n\n<p class=\"has-text-align-center\"><strong>SESSION 2<\/strong><\/p>\n\n\n\n<p><strong>14:50 \u2013 15:10<\/strong> Daria Khuntsariya<\/p>\n\n\n\n<p>Microtubule doublet assembly in vitro and its regulation by FAP20 and PACRG<\/p>\n\n\n\n<p><strong>15:10 \u2013 15:30<\/strong> Tereza Humhalov\u00e1<\/p>\n\n\n\n<p>Loss of endosomal actin leads to osmotic swelling of endosomes<\/p>\n\n\n\n<p><strong>15:30 \u2013 15:50<\/strong> Lenka H\u016flkov\u00e1<\/p>\n\n\n\n<p>Lamin plays with SUN<\/p>\n\n\n\n<p><strong>15:50 \u2013 16:10<\/strong> Ivana Dobi\u00e1\u0161ovsk\u00e1<\/p>\n\n\n\n<p>SWITCHER, a novel CRISPR-inducible Cre system for regulating CRISPR activity<\/p>\n\n\n\n<p><strong>16:10 \u2013 16:30 <\/strong>Anna Maria Frontino<\/p>\n\n\n\n<p>Pronounced vasculature phenotypes in new mouse models with ALGS and BA-associated mutations in Jagged1<\/p>\n\n\n\n<p class=\"has-text-align-center\"><strong>POSTER SESSION 1st year students 17:00\u2013 19:30<\/strong><\/p>\n\n\n\n<div style=\"height:40px\" aria-hidden=\"true\" class=\"wp-block-spacer\"><\/div>\n\n\n\n<h2 class=\"wp-block-heading\"><strong>Friday 01.11.2024<\/strong><\/h2>\n\n\n\n<p class=\"has-text-align-center\"><strong>SESSION 3<\/strong><\/p>\n\n\n\n<p><strong>09:00 \u2013 09:20<\/strong> Kianoush Kakavand<\/p>\n\n\n\n<p>Reprogramming of translation during oogenesis<\/p>\n\n\n\n<p><strong>09:20 \u2013 09:40 <\/strong>Valentina Michaela Serianni<\/p>\n\n\n\n<p>The molecular insight into the incorporation of NpnNs in RNA by <em>Thermus thermophilus<\/em> RNA polymerase.<\/p>\n\n\n\n<p><strong>09:40 \u2013 10:00<\/strong> Prasoon Kumar Thakur<\/p>\n\n\n\n<p>Splice site diversity and abundance of non-canonical introns in diplonemids<\/p>\n\n\n\n<p class=\"has-text-align-center\">COFFEE BREAK <strong>10:20 \u2013 10:50<\/strong><\/p>\n\n\n\n<p class=\"has-text-align-center\"><strong>KEYNOTE LECTURE I.<\/strong><\/p>\n\n\n\n<p><strong>10:50 \u2013 11:50<\/strong>\t<strong>Petra H\u00e1jkov\u00e1- Keynote lecture II<\/strong><span id=\"docs-internal-guid-50c706c6-7fff-8792-33f2-ed94b38faa75\"><div><span style=\"font-size: 10pt; font-family: Arial, sans-serif; background-color: transparent; font-weight: 700; font-variant-numeric: normal; font-variant-east-asian: normal; font-variant-alternates: normal; font-variant-position: normal; vertical-align: baseline;\"><\/span><\/div><\/span><\/p>\n\n\n\n<p class=\"has-text-align-center\">LUNCH <strong>11:50 \u2013 12:50<\/strong><\/p>\n\n\n\n<p class=\"has-text-align-center\"><strong>SESSION 4 <\/strong><\/p>\n\n\n\n<p><strong>12:50 \u2013 13:10<\/strong> Csergeov\u00e1 Lucia<\/p>\n\n\n\n<p>Unlocking quiescence: The role of CK2 in cancer<\/p>\n\n\n\n<p><strong>13:10 \u2013 13:30<\/strong> Mehak Shaikh<\/p>\n\n\n\n<p>ALDH1A as a therapeutic target in acute myeloid leukemia<\/p>\n\n\n\n<p><strong>13:30 \u2013 13:50<\/strong> Jovana \u0106ur\u010di\u0107<\/p>\n\n\n\n<p>Hematopoietic lineage-specific zebrafish reporter line<\/p>\n\n\n\n<p><strong>13:50 \u2013 14:10<\/strong> Zuzana Vondr\u00e1kov\u00e1<\/p>\n\n\n\n<p>Mechanism of hematopoietic cells reprogramming\u00a0<\/p>\n\n\n\n<p class=\"has-text-align-center\">COFFEE BREAK <strong>14:10 \u2013 14:40<\/strong><\/p>\n\n\n\n<p class=\"has-text-align-center\"><strong>SESSION 5 <\/strong><\/p>\n\n\n\n<p><strong>14:40 \u2013 15:00<\/strong> Jakub Onhajzer<\/p>\n\n\n\n<p>Reactivation of the embryonic genes Trop2 and Sca1 correlates with the cellular zonation of the intestinal tumors<\/p>\n\n\n\n<p><strong>15:00 \u2013 15:20<\/strong> Lisa-Maria Weinhold<\/p>\n\n\n\n<p>Structural insights into the epigenetic regulation of transcription factor Nkx6.1 by chromatin remodeling subunit BAF155<\/p>\n\n\n\n<p><strong>15:20 \u2013 15:40<\/strong> Flaminia Mancini<\/p>\n\n\n\n<p>Reverse Transcriptase Fingerprint Method for 5&#8242; RNA Caps Detection<\/p>\n\n\n\n<p><strong>General discussion Ph.D. program and closing remarks<\/strong><strong> <\/strong><strong>15:40 \u2013 16:40<\/strong><\/p>\n\n\n\n<div style=\"height:40px\" aria-hidden=\"true\" class=\"wp-block-spacer\"><\/div>\n\n\n\n<p class=\"has-text-align-center\">SOCIAL EVENT on CAFE HYBERNSKA <strong>17:00 \u2013 22:00<\/strong><\/p>\n","protected":false},"excerpt":{"rendered":"<p>Thursday 31.10.2024 09:00 \u2013 10:00 Registration of participants (poster setup &#8211; throughout the day) 10:00 \u2013 10:20 Opening and welcome SESSION 1 10:20 \u2013 10:40 \u0160\u00e1rka Jaro\u0161ov\u00e1 Consequences of radiation therapy in medulloblastomas 10:40 \u2013 11:00 Eva Kamenn\u00e1 Failing (so far) to reprogram porcine astrocytes into neurons 11:00 \u2013 11:20 Michaela Va\u0161kovi\u010dov\u00e1\u00a0 Spatio-temporal requirements of [&hellip;]<\/p>\n","protected":false},"author":2,"featured_media":0,"parent":0,"menu_order":0,"comment_status":"closed","ping_status":"closed","template":"","meta":{"_uag_custom_page_level_css":"","footnotes":""},"class_list":["post-6429","page","type-page","status-publish","hentry"],"uagb_featured_image_src":{"full":false,"thumbnail":false,"medium":false,"medium_large":false,"large":false,"1536x1536":false,"2048x2048":false},"uagb_author_info":{"display_name":"fabtur","author_link":"https:\/\/web.natur.cuni.cz\/cellbiol\/DevCellBiolPhDconference\/author\/fabtur\/"},"uagb_comment_info":0,"uagb_excerpt":"Thursday 31.10.2024 09:00 \u2013 10:00 Registration of participants (poster setup &#8211; throughout the day) 10:00 \u2013 10:20 Opening and welcome SESSION 1 10:20 \u2013 10:40 \u0160\u00e1rka Jaro\u0161ov\u00e1 Consequences of radiation therapy in medulloblastomas 10:40 \u2013 11:00 Eva Kamenn\u00e1 Failing (so far) to reprogram porcine astrocytes into neurons 11:00 \u2013 11:20 Michaela Va\u0161kovi\u010dov\u00e1\u00a0 Spatio-temporal requirements of&hellip;","_links":{"self":[{"href":"https:\/\/web.natur.cuni.cz\/cellbiol\/DevCellBiolPhDconference\/wp-json\/wp\/v2\/pages\/6429","targetHints":{"allow":["GET"]}}],"collection":[{"href":"https:\/\/web.natur.cuni.cz\/cellbiol\/DevCellBiolPhDconference\/wp-json\/wp\/v2\/pages"}],"about":[{"href":"https:\/\/web.natur.cuni.cz\/cellbiol\/DevCellBiolPhDconference\/wp-json\/wp\/v2\/types\/page"}],"author":[{"embeddable":true,"href":"https:\/\/web.natur.cuni.cz\/cellbiol\/DevCellBiolPhDconference\/wp-json\/wp\/v2\/users\/2"}],"replies":[{"embeddable":true,"href":"https:\/\/web.natur.cuni.cz\/cellbiol\/DevCellBiolPhDconference\/wp-json\/wp\/v2\/comments?post=6429"}],"version-history":[{"count":7,"href":"https:\/\/web.natur.cuni.cz\/cellbiol\/DevCellBiolPhDconference\/wp-json\/wp\/v2\/pages\/6429\/revisions"}],"predecessor-version":[{"id":6477,"href":"https:\/\/web.natur.cuni.cz\/cellbiol\/DevCellBiolPhDconference\/wp-json\/wp\/v2\/pages\/6429\/revisions\/6477"}],"wp:attachment":[{"href":"https:\/\/web.natur.cuni.cz\/cellbiol\/DevCellBiolPhDconference\/wp-json\/wp\/v2\/media?parent=6429"}],"curies":[{"name":"wp","href":"https:\/\/api.w.org\/{rel}","templated":true}]}}