{"id":6513,"date":"2025-04-08T13:15:24","date_gmt":"2025-04-08T13:15:24","guid":{"rendered":"https:\/\/web.natur.cuni.cz\/cellbiol\/DevCellBiolPhDconference\/?page_id=6513"},"modified":"2025-10-22T12:33:08","modified_gmt":"2025-10-22T12:33:08","slug":"program-2025","status":"publish","type":"page","link":"https:\/\/web.natur.cuni.cz\/cellbiol\/DevCellBiolPhDconference\/program-2025\/","title":{"rendered":"Program 2025"},"content":{"rendered":"\n<ul class=\"wp-block-list\">\n<li class=\"has-large-font-size\">The length of the talks will be : <strong>12<\/strong> minutes presentation + <strong>6<\/strong> minutes discussion<\/li>\n<\/ul>\n\n\n\n<ul class=\"wp-block-list\">\n<li class=\"has-large-font-size\">The recommended format for posters is <strong>A0<\/strong>, portrait orientation.<\/li>\n<\/ul>\n\n\n\n<h2 class=\"wp-block-heading\"><strong>Wednesday 22.10.2025<\/strong><\/h2>\n\n\n\n<p><strong>09:00 \u2013 09:30<\/strong> Registration of participants <\/p>\n\n\n\n<p><strong><strong>09:30<\/strong> \u2013 10:00<\/strong> Opening and welcome<\/p>\n\n\n\n<p class=\"has-text-align-center\"><strong>KEYNOTE LECTURE I.<\/strong><\/p>\n\n\n\n<p><strong>10:00 \u2013 11:00<\/strong> <strong>Rui Benedito- Keynote lecture I<\/strong><span id=\"docs-internal-guid-50c706c6-7fff-8792-33f2-ed94b38faa75\"><\/span><\/p>\n\n\n\n<p class=\"has-text-align-center\">COFFEE BREAK <strong>11:00 \u2013 11:20<\/strong><\/p>\n\n\n\n<p class=\"has-text-align-center\"><strong>SESSION 1<\/strong><\/p>\n\n\n\n<p><strong>11:20 \u2013 11:40<\/strong> Marti\u0161kov\u00e1 \u0160tep\u00e1nka<\/p>\n\n\n\n<p>Anillin&#8217;s role in human neural precursor cells and (not) in neurons<\/p>\n\n\n\n<p><strong>11:40 \u2013 12:00 <\/strong>Miles Joseph Raishbrook<\/p>\n\n\n\n<p>Lratd2 as a Novel Factor in Retinal Homeostasis<\/p>\n\n\n\n<p><strong>12:00 \u2013 12:20<\/strong> Fabio Turetti<\/p>\n\n\n\n<p>CK1\u03b1-Dependent Phosphorylation of NOTCH1 Is Required for Transcriptional Activity of&nbsp; N1ICD<\/p>\n\n\n\n<p><strong>12:20 \u2013 12:40<\/strong> Subhadip Chakraborty<\/p>\n\n\n\n<p>Understanding the coupling of cortical rearrangement and endocytosis in the developing C. elegans oocyte<\/p>\n\n\n\n<p><strong>12:40 \u2013 13:00<\/strong> Fatima J. Berro<\/p>\n\n\n\n<p>Unveiling the silence: how translation quiescence shapes mRNA stability in oocytes&nbsp;<\/p>\n\n\n\n<p class=\"has-text-align-center\">LUNCH <strong>13:00 \u2013 13:45<\/strong><br>poster set up &#8211; throughout the afternoon<\/p>\n\n\n\n<p class=\"has-text-align-center\"><strong>SESSION 2<\/strong><\/p>\n\n\n\n<div style=\"height:40px\" aria-hidden=\"true\" class=\"wp-block-spacer\"><\/div>\n\n\n\n<p><strong>13:45 \u2013 14:05<\/strong> Shreyasi Mazumder<\/p>\n\n\n\n<p>Phosphorylation of shelterin complex and its role in telomere maintenance<\/p>\n\n\n\n<p><strong>14:05 \u2013 14:20<\/strong> Jiri Frantisek Potuznik<\/p>\n\n\n\n<p>Ap4A-RNA detection using CapZyme-seq<\/p>\n\n\n\n<p><strong>14:20 \u2013 14:40<\/strong> Allan Akandwanaho&nbsp;&nbsp;<\/p>\n\n\n\n<p>Converting molecular-scale torques to cellular-scale chiral counterrotating flows<\/p>\n\n\n\n<p><strong>14:40 \u2013 15:00<\/strong> Nataliia Dudko<\/p>\n\n\n\n<p>Genome stability in mammalian oocytes and somatic cells<\/p>\n\n\n\n<p><strong>15:00 \u2013&nbsp;15:20<\/strong> Karel Fusek<\/p>\n\n\n\n<p>How Hot Are the Hotspots? The Architecture of Meiotic Recombination.<\/p>\n\n\n\n<p class=\"has-text-align-center\"><strong>POSTER SESSION 1st year students 15:30\u2013 18:30<\/strong><\/p>\n\n\n\n<div style=\"height:40px\" aria-hidden=\"true\" class=\"wp-block-spacer\"><\/div>\n\n\n\n<h2 class=\"wp-block-heading\"><strong>Thursday 23.10.2025<\/strong><\/h2>\n\n\n\n<p class=\"has-text-align-center\"><strong>SESSION 3<\/strong><\/p>\n\n\n\n<p><strong>09:00 \u2013 09:20<\/strong> Anna Mace\u010dkov\u00e1 Brymov\u00e1<\/p>\n\n\n\n<p>Human iPSC-derived RPE cell transplantation as a potential advanced medicinal therapy product for the treatment of Age-related Macular Degeneration<\/p>\n\n\n\n<p><strong>09:20 \u2013 09:40 <\/strong>Maria Jose Saucedo-Rodriguez<\/p>\n\n\n\n<p>Impact of SDHA Mutations on SDH Assembly and Function<\/p>\n\n\n\n<p><strong>09:40 \u2013 10:00<\/strong> Yaroslav Nemesh<\/p>\n\n\n\n<p>Dry AMD-related transcriptomic changes in the RPE cell model<\/p>\n\n\n\n<p><strong>10:00 \u2013 10:20<\/strong> Matou\u0161 Palek<\/p>\n\n\n\n<p>RAD18 directs DNA double-strand break repair by homologous recombination to post-replicative chromatin<\/p>\n\n\n\n<p class=\"has-text-align-center\">COFFEE BREAK <strong>10:20 \u2013 10:50<\/strong><\/p>\n\n\n\n<p class=\"has-text-align-center\"><strong>KEYNOTE LECTURE II.<\/strong><\/p>\n\n\n\n<p><strong>10:50 \u2013 11:50<\/strong> <strong>Giulia Quattrocolo Keynote lecture II<\/strong><span id=\"docs-internal-guid-50c706c6-7fff-8792-33f2-ed94b38faa75\"><\/span><\/p>\n\n\n\n<p class=\"has-text-align-center\">LUNCH <strong>11:50 \u2013 12:50<\/strong><\/p>\n\n\n\n<p class=\"has-text-align-center\"><strong>SESSION 4 <\/strong><\/p>\n\n\n\n<p><strong>12:50 \u2013 13:10<\/strong> Tereza Neuwirthova<\/p>\n\n\n\n<p>Unveiling the Dark Protein Space: High-Throughput Structural Screening<\/p>\n\n\n\n<p><strong>13:10 \u2013 13:30<\/strong> Eva Ma\u0161\u00ednov\u00e1<\/p>\n\n\n\n<p>Molecular control of fitness and cytotoxicity of NK cells used in immunotherapies<\/p>\n\n\n\n<p><strong>13:30 \u2013 13:50<\/strong> Ad\u00e9la Marcal\u00edkov\u00e1<\/p>\n\n\n\n<p>Sensitive quantification of proteases from Porphyromonas gingivalis, bacterium involved in periodontitis<\/p>\n\n\n\n<p><strong>13:50 \u2013 14:10<\/strong> Karolina Kowalska<\/p>\n\n\n\n<p>Molecular mechanism of MICAL activation by Rab proteins<\/p>\n\n\n\n<p class=\"has-text-align-center\">COFFEE BREAK <strong>14:10 \u2013 14:40<\/strong><\/p>\n\n\n\n<p class=\"has-text-align-center\"><strong>SESSION 5 <\/strong><\/p>\n\n\n\n<p><strong>14:40 \u2013 15:00<\/strong> Anastasiia Kolesnikova<\/p>\n\n\n\n<p>Key molecular features of a novel Huntington\u2019s disease knock-in minipig<\/p>\n\n\n\n<p><strong>15:00 \u2013 15:20<\/strong> Michal Kn\u011bz\u016f<\/p>\n\n\n\n<p>Regulation of mitochondrial oxidative phosphorylation by tissue-specific isoforms of cytochrome c oxidase<\/p>\n\n\n\n<p><strong>15:20 \u2013 15:40<\/strong> Salim Abuhajiar<\/p>\n\n\n\n<p>Tumor-infiltrating immune cells in spontaneous regression and thymus involution in the progression of melanoma<\/p>\n\n\n\n<p><strong>15:40 \u2013 16:00<\/strong> Habiba Hayat<\/p>\n\n\n\n<p>Von Willebrand Domain-containing Protein 8 (Vwa8) in lipid metabolism and brown fat thermogenesis<\/p>\n\n\n\n<p><strong>16:00 \u2013 16:20<\/strong> Ruslan Nyshchuk<\/p>\n\n\n\n<p>Gene replacement therapy for Usher syndrome type 1C<\/p>\n\n\n\n<p><strong>General discussion Ph.D. program and closing remarks 16:30 \u2013 17:15<\/strong><\/p>\n\n\n\n<div style=\"height:40px\" aria-hidden=\"true\" class=\"wp-block-spacer\"><\/div>\n\n\n\n<p class=\"has-text-align-center\">SOCIAL EVENT on CAFE HYBERNSKA <strong>17:30 \u2013 22:00<\/strong><\/p>\n\n\n\n<p class=\"has-text-align-center\">IF YOU HAVE ANY QUESTIONS, PLEASE REACH OUT TO US AT<br><strong>PHD-HELP-EVENTS-USERGROUP@NATUR.CUNI.CZ<\/strong><\/p>\n\n\n\n<p><\/p>\n","protected":false},"excerpt":{"rendered":"<p>Wednesday 22.10.2025 09:00 \u2013 09:30 Registration of participants 09:30 \u2013 10:00 Opening and welcome KEYNOTE LECTURE I. 10:00 \u2013 11:00 Rui Benedito- Keynote lecture I COFFEE BREAK 11:00 \u2013 11:20 SESSION 1 11:20 \u2013 11:40 Marti\u0161kov\u00e1 \u0160tep\u00e1nka Anillin&#8217;s role in human neural precursor cells and (not) in neurons 11:40 \u2013 12:00 Miles Joseph Raishbrook Lratd2 [&hellip;]<\/p>\n","protected":false},"author":2,"featured_media":0,"parent":0,"menu_order":0,"comment_status":"closed","ping_status":"closed","template":"","meta":{"_uag_custom_page_level_css":"","footnotes":""},"class_list":["post-6513","page","type-page","status-publish","hentry"],"uagb_featured_image_src":{"full":false,"thumbnail":false,"medium":false,"medium_large":false,"large":false,"1536x1536":false,"2048x2048":false},"uagb_author_info":{"display_name":"fabtur","author_link":"https:\/\/web.natur.cuni.cz\/cellbiol\/DevCellBiolPhDconference\/author\/fabtur\/"},"uagb_comment_info":0,"uagb_excerpt":"Wednesday 22.10.2025 09:00 \u2013 09:30 Registration of participants 09:30 \u2013 10:00 Opening and welcome KEYNOTE LECTURE I. 10:00 \u2013 11:00 Rui Benedito- Keynote lecture I COFFEE BREAK 11:00 \u2013 11:20 SESSION 1 11:20 \u2013 11:40 Marti\u0161kov\u00e1 \u0160tep\u00e1nka Anillin&#8217;s role in human neural precursor cells and (not) in neurons 11:40 \u2013 12:00 Miles Joseph Raishbrook Lratd2&hellip;","_links":{"self":[{"href":"https:\/\/web.natur.cuni.cz\/cellbiol\/DevCellBiolPhDconference\/wp-json\/wp\/v2\/pages\/6513","targetHints":{"allow":["GET"]}}],"collection":[{"href":"https:\/\/web.natur.cuni.cz\/cellbiol\/DevCellBiolPhDconference\/wp-json\/wp\/v2\/pages"}],"about":[{"href":"https:\/\/web.natur.cuni.cz\/cellbiol\/DevCellBiolPhDconference\/wp-json\/wp\/v2\/types\/page"}],"author":[{"embeddable":true,"href":"https:\/\/web.natur.cuni.cz\/cellbiol\/DevCellBiolPhDconference\/wp-json\/wp\/v2\/users\/2"}],"replies":[{"embeddable":true,"href":"https:\/\/web.natur.cuni.cz\/cellbiol\/DevCellBiolPhDconference\/wp-json\/wp\/v2\/comments?post=6513"}],"version-history":[{"count":7,"href":"https:\/\/web.natur.cuni.cz\/cellbiol\/DevCellBiolPhDconference\/wp-json\/wp\/v2\/pages\/6513\/revisions"}],"predecessor-version":[{"id":6561,"href":"https:\/\/web.natur.cuni.cz\/cellbiol\/DevCellBiolPhDconference\/wp-json\/wp\/v2\/pages\/6513\/revisions\/6561"}],"wp:attachment":[{"href":"https:\/\/web.natur.cuni.cz\/cellbiol\/DevCellBiolPhDconference\/wp-json\/wp\/v2\/media?parent=6513"}],"curies":[{"name":"wp","href":"https:\/\/api.w.org\/{rel}","templated":true}]}}