{"id":4910,"date":"2021-01-20T09:34:59","date_gmt":"2021-01-20T08:34:59","guid":{"rendered":"https:\/\/ukazky.euweb.cz\/?page_id=4910"},"modified":"2023-10-19T09:26:20","modified_gmt":"2023-10-19T09:26:20","slug":"cooperations","status":"publish","type":"page","link":"https:\/\/web.natur.cuni.cz\/cellbiol\/dobeslab\/cooperations\/","title":{"rendered":"Cooperations"},"content":{"rendered":"\n<div class=\"wp-block-media-text alignwide is-stacked-on-mobile\" style=\"grid-template-columns:27% auto\"><figure class=\"wp-block-media-text__media\"><img loading=\"lazy\" decoding=\"async\" width=\"1024\" height=\"535\" src=\"http:\/\/web.natur.cuni.cz\/cellbiol\/dobeslab\/wp-content\/uploads\/2022\/06\/WIZ11-1024x535.jpg\" alt=\"\" class=\"wp-image-5625 size-full\" srcset=\"https:\/\/web.natur.cuni.cz\/cellbiol\/dobeslab\/wp-content\/uploads\/2022\/06\/WIZ11-1024x535.jpg 1024w, https:\/\/web.natur.cuni.cz\/cellbiol\/dobeslab\/wp-content\/uploads\/2022\/06\/WIZ11-300x157.jpg 300w, https:\/\/web.natur.cuni.cz\/cellbiol\/dobeslab\/wp-content\/uploads\/2022\/06\/WIZ11-768x401.jpg 768w, https:\/\/web.natur.cuni.cz\/cellbiol\/dobeslab\/wp-content\/uploads\/2022\/06\/WIZ11.jpg 1200w\" sizes=\"auto, (max-width: 1024px) 100vw, 1024px\" \/><\/figure><div class=\"wp-block-media-text__content\">\n<h2 class=\"wp-block-heading\" id=\"national-aeronautics-and-space-administration-nasa\">Weizmann Institute of Science <\/h2>\n\n\n\n<p>Rehovot, Israel<\/p>\n\n\n\n<p class=\"projects-cooperation\"><a href=\"https:\/\/www.weizmann.ac.il\/dept\/irb\/Abramson\/home\"><strong>Jakub <\/strong><\/a><a rel=\"noreferrer noopener\" href=\"https:\/\/www.weizmann.ac.il\/dept\/irb\/Abramson\/home\" target=\"_blank\"><strong>Abramson<\/strong><\/a><\/p>\n<\/div><\/div>\n\n\n\n<div style=\"height:50px\" aria-hidden=\"true\" class=\"wp-block-spacer\"><\/div>\n\n\n\n<div class=\"wp-block-media-text alignwide is-stacked-on-mobile\" style=\"grid-template-columns:27% auto\"><figure class=\"wp-block-media-text__media\"><img loading=\"lazy\" decoding=\"async\" width=\"1024\" height=\"462\" src=\"http:\/\/web.natur.cuni.cz\/cellbiol\/dobeslab\/wp-content\/uploads\/2022\/06\/imglogo-basic-color-whitebg-rgb-1024x462.png\" alt=\"\" class=\"wp-image-5626 size-full\" srcset=\"https:\/\/web.natur.cuni.cz\/cellbiol\/dobeslab\/wp-content\/uploads\/2022\/06\/imglogo-basic-color-whitebg-rgb-1024x462.png 1024w, https:\/\/web.natur.cuni.cz\/cellbiol\/dobeslab\/wp-content\/uploads\/2022\/06\/imglogo-basic-color-whitebg-rgb-300x135.png 300w, https:\/\/web.natur.cuni.cz\/cellbiol\/dobeslab\/wp-content\/uploads\/2022\/06\/imglogo-basic-color-whitebg-rgb-768x346.png 768w, https:\/\/web.natur.cuni.cz\/cellbiol\/dobeslab\/wp-content\/uploads\/2022\/06\/imglogo-basic-color-whitebg-rgb-1536x693.png 1536w, https:\/\/web.natur.cuni.cz\/cellbiol\/dobeslab\/wp-content\/uploads\/2022\/06\/imglogo-basic-color-whitebg-rgb.png 1729w\" sizes=\"auto, (max-width: 1024px) 100vw, 1024px\" \/><\/figure><div class=\"wp-block-media-text__content\">\n<h2 class=\"wp-block-heading\" id=\"european-space-agency-esa\">Institute of Molecular Genetics<\/h2>\n\n\n\n<p class=\"projects-cooperation\">Prague, Czech Republic<\/p>\n\n\n\n<p><strong><a rel=\"noreferrer noopener\" href=\"https:\/\/www.img.cas.cz\/research\/dominik-filipp\/\" target=\"_blank\">Dominik Filipp<\/a><\/strong><\/p>\n<\/div><\/div>\n\n\n\n<div style=\"height:50px\" aria-hidden=\"true\" class=\"wp-block-spacer\"><\/div>\n\n\n\n<div class=\"wp-block-media-text alignwide is-stacked-on-mobile\" style=\"grid-template-columns:27% auto\"><figure class=\"wp-block-media-text__media\"><img loading=\"lazy\" decoding=\"async\" width=\"448\" height=\"266\" src=\"http:\/\/web.natur.cuni.cz\/cellbiol\/dobeslab\/wp-content\/uploads\/2022\/06\/logo-MBU-obrys_web.jpg\" alt=\"\" class=\"wp-image-5630 size-full\" srcset=\"https:\/\/web.natur.cuni.cz\/cellbiol\/dobeslab\/wp-content\/uploads\/2022\/06\/logo-MBU-obrys_web.jpg 448w, https:\/\/web.natur.cuni.cz\/cellbiol\/dobeslab\/wp-content\/uploads\/2022\/06\/logo-MBU-obrys_web-300x178.jpg 300w\" sizes=\"auto, (max-width: 448px) 100vw, 448px\" \/><\/figure><div class=\"wp-block-media-text__content\">\n<h2 class=\"wp-block-heading\" id=\"czech-academy-of-sciences\">Institute of Microbiology<\/h2>\n\n\n\n<p class=\"projects-cooperation\">Nov\u00fd Hr\u00e1dek, Czech Republic<\/p>\n\n\n\n<p><strong><a href=\"https:\/\/gnotobio.mbu.cas.cz\/groups\/schwarzer_integrative_physiology_of_gnotobionts\/index.html\" target=\"_blank\" rel=\"noreferrer noopener\">Martin Schwarzer<\/a><\/strong><\/p>\n<\/div><\/div>\n\n\n\n<div style=\"height:50px\" aria-hidden=\"true\" class=\"wp-block-spacer\"><\/div>\n\n\n\n<div class=\"wp-block-media-text alignwide is-stacked-on-mobile\" style=\"grid-template-columns:27% auto\"><figure class=\"wp-block-media-text__media\"><img loading=\"lazy\" decoding=\"async\" width=\"448\" height=\"266\" src=\"http:\/\/web.natur.cuni.cz\/cellbiol\/dobeslab\/wp-content\/uploads\/2022\/06\/logo-MBU-obrys_web.jpg\" alt=\"\" class=\"wp-image-5630 size-full\" srcset=\"https:\/\/web.natur.cuni.cz\/cellbiol\/dobeslab\/wp-content\/uploads\/2022\/06\/logo-MBU-obrys_web.jpg 448w, https:\/\/web.natur.cuni.cz\/cellbiol\/dobeslab\/wp-content\/uploads\/2022\/06\/logo-MBU-obrys_web-300x178.jpg 300w\" sizes=\"auto, (max-width: 448px) 100vw, 448px\" \/><\/figure><div class=\"wp-block-media-text__content\">\n<h2 class=\"wp-block-heading\" id=\"czech-academy-of-sciences\">Institute of Microbiology<\/h2>\n\n\n\n<p class=\"projects-cooperation\">Prague, Czech Republic<\/p>\n\n\n\n<p><a rel=\"noreferrer noopener\" href=\"https:\/\/kamanova-lab.com\/?page_id=339\" target=\"_blank\"><strong>Ond\u0159ej \u010cern\u00fd<\/strong><\/a><\/p>\n<\/div><\/div>\n","protected":false},"excerpt":{"rendered":"<p>Weizmann Institute of Science Rehovot, Israel Jakub Abramson Institute of Molecular Genetics Prague, Czech Republic Dominik Filipp Institute of Microbiology Nov\u00fd Hr\u00e1dek, Czech Republic Martin Schwarzer Institute of Microbiology Prague, Czech Republic Ond\u0159ej \u010cern\u00fd<\/p>\n","protected":false},"author":1,"featured_media":0,"parent":0,"menu_order":0,"comment_status":"closed","ping_status":"closed","template":"","meta":{"_uag_custom_page_level_css":"","footnotes":""},"class_list":["post-4910","page","type-page","status-publish","hentry"],"uagb_featured_image_src":{"full":false,"thumbnail":false,"medium":false,"medium_large":false,"large":false,"1536x1536":false,"2048x2048":false},"uagb_author_info":{"display_name":"admin","author_link":"https:\/\/web.natur.cuni.cz\/cellbiol\/dobeslab\/author\/admin\/"},"uagb_comment_info":0,"uagb_excerpt":"Weizmann Institute of Science Rehovot, Israel Jakub Abramson Institute of Molecular Genetics Prague, Czech Republic Dominik Filipp Institute of Microbiology Nov\u00fd Hr\u00e1dek, Czech Republic Martin Schwarzer Institute of Microbiology Prague, Czech Republic Ond\u0159ej \u010cern\u00fd","_links":{"self":[{"href":"https:\/\/web.natur.cuni.cz\/cellbiol\/dobeslab\/wp-json\/wp\/v2\/pages\/4910","targetHints":{"allow":["GET"]}}],"collection":[{"href":"https:\/\/web.natur.cuni.cz\/cellbiol\/dobeslab\/wp-json\/wp\/v2\/pages"}],"about":[{"href":"https:\/\/web.natur.cuni.cz\/cellbiol\/dobeslab\/wp-json\/wp\/v2\/types\/page"}],"author":[{"embeddable":true,"href":"https:\/\/web.natur.cuni.cz\/cellbiol\/dobeslab\/wp-json\/wp\/v2\/users\/1"}],"replies":[{"embeddable":true,"href":"https:\/\/web.natur.cuni.cz\/cellbiol\/dobeslab\/wp-json\/wp\/v2\/comments?post=4910"}],"version-history":[{"count":3,"href":"https:\/\/web.natur.cuni.cz\/cellbiol\/dobeslab\/wp-json\/wp\/v2\/pages\/4910\/revisions"}],"predecessor-version":[{"id":5937,"href":"https:\/\/web.natur.cuni.cz\/cellbiol\/dobeslab\/wp-json\/wp\/v2\/pages\/4910\/revisions\/5937"}],"wp:attachment":[{"href":"https:\/\/web.natur.cuni.cz\/cellbiol\/dobeslab\/wp-json\/wp\/v2\/media?parent=4910"}],"curies":[{"name":"wp","href":"https:\/\/api.w.org\/{rel}","templated":true}]}}