{"id":4928,"date":"2021-01-20T09:52:46","date_gmt":"2021-01-20T08:52:46","guid":{"rendered":"https:\/\/ukazky.euweb.cz\/?page_id=4928"},"modified":"2026-03-28T20:46:03","modified_gmt":"2026-03-28T20:46:03","slug":"projects-and-grants","status":"publish","type":"page","link":"https:\/\/web.natur.cuni.cz\/cellbiol\/dobeslab\/projects-and-grants\/","title":{"rendered":"Projects and grants"},"content":{"rendered":"\n<div class=\"wp-block-group\"><div class=\"wp-block-group__inner-container is-layout-flow wp-block-group-is-layout-flow\">\n<div style=\"height:50px\" aria-hidden=\"true\" class=\"wp-block-spacer\"><\/div>\n\n\n\n<p><\/p>\n<\/div><\/div>\n\n\n\n<div class=\"wp-block-group\"><div class=\"wp-block-group__inner-container is-layout-flow wp-block-group-is-layout-flow\">\n<div style=\"height:100px\" aria-hidden=\"true\" class=\"wp-block-spacer\"><\/div>\n\n\n\n<p><\/p>\n\n\n\n<h2 class=\"wp-block-heading\"><strong>We are thankful for the current support from:<\/strong><\/h2>\n\n\n\n<div style=\"height:100px\" aria-hidden=\"true\" class=\"wp-block-spacer\"><\/div>\n<\/div><\/div>\n\n\n\n<div style=\"height:50px\" aria-hidden=\"true\" class=\"wp-block-spacer\"><\/div>\n\n\n\n<div class=\"wp-block-group\"><div class=\"wp-block-group__inner-container is-layout-flow wp-block-group-is-layout-flow\">\n<div class=\"wp-block-group\"><div class=\"wp-block-group__inner-container is-layout-flow wp-block-group-is-layout-flow\">\n<h2 class=\"wp-block-heading\"><\/h2>\n\n\n\n<p><\/p>\n\n\n\n<div class=\"wp-block-columns is-layout-flex wp-container-core-columns-is-layout-9d6595d7 wp-block-columns-is-layout-flex\">\n<div class=\"wp-block-column is-layout-flow wp-block-column-is-layout-flow\">\n<p><strong>Grant:<\/strong> <strong>How Antigen-Presenting Cells Orchestrate the Transformation of Helper T Cells into Intraepithelial Lymphocytes with Cytotoxic Activity?<\/strong><\/p>\n\n\n\n<p><strong>Principal investigator:<\/strong> Jan Dobe\u0161<\/p>\n\n\n\n<p><strong>Grantor:<\/strong> Czech Science Foundation&nbsp;<\/p>\n\n\n\n<p><strong>Duration:<\/strong> 2026-01 to 2028-12<\/p>\n\n\n\n<p><strong>Grant number:<\/strong> 26-21955S <\/p>\n<\/div>\n\n\n\n<div class=\"wp-block-column is-layout-flow wp-block-column-is-layout-flow\" style=\"flex-basis:33%\">\n<p><img loading=\"lazy\" decoding=\"async\" width=\"200\" height=\"83\" class=\"wp-image-5601\" style=\"width: 200px;\" src=\"http:\/\/web.natur.cuni.cz\/cellbiol\/dobeslab\/wp-content\/uploads\/2022\/06\/Logo-EN-colour.jpg\" alt=\"\" srcset=\"https:\/\/web.natur.cuni.cz\/cellbiol\/dobeslab\/wp-content\/uploads\/2022\/06\/Logo-EN-colour.jpg 2344w, https:\/\/web.natur.cuni.cz\/cellbiol\/dobeslab\/wp-content\/uploads\/2022\/06\/Logo-EN-colour-300x125.jpg 300w, https:\/\/web.natur.cuni.cz\/cellbiol\/dobeslab\/wp-content\/uploads\/2022\/06\/Logo-EN-colour-1024x425.jpg 1024w, https:\/\/web.natur.cuni.cz\/cellbiol\/dobeslab\/wp-content\/uploads\/2022\/06\/Logo-EN-colour-768x319.jpg 768w, https:\/\/web.natur.cuni.cz\/cellbiol\/dobeslab\/wp-content\/uploads\/2022\/06\/Logo-EN-colour-1536x638.jpg 1536w, https:\/\/web.natur.cuni.cz\/cellbiol\/dobeslab\/wp-content\/uploads\/2022\/06\/Logo-EN-colour-2048x850.jpg 2048w\" sizes=\"auto, (max-width: 200px) 100vw, 200px\" \/><\/p>\n<\/div>\n<\/div>\n<\/div><\/div>\n\n\n\n<h2 class=\"wp-block-heading\"><\/h2>\n\n\n\n<p><\/p>\n<\/div><\/div>\n\n\n\n<div class=\"wp-block-group\"><div class=\"wp-block-group__inner-container is-layout-flow wp-block-group-is-layout-flow\">\n<p><\/p>\n\n\n\n<h2 class=\"wp-block-heading\"><\/h2>\n\n\n\n<p><\/p>\n\n\n\n<div class=\"wp-block-columns is-layout-flex wp-container-core-columns-is-layout-9d6595d7 wp-block-columns-is-layout-flex\">\n<div class=\"wp-block-column is-layout-flow wp-block-column-is-layout-flow\">\n<p><strong>Grant:<\/strong> <strong>Candida Immunity<\/strong> <strong>(ERA Fellowship)<\/strong><\/p>\n\n\n\n<p><strong>Principal investigator:<\/strong> Jarmila Sekere\u0161ov\u00e1 Kr\u00e1lov\u00e1<\/p>\n\n\n\n<p><strong>Grantor:<\/strong> European Commission<\/p>\n\n\n\n<p><strong>Duration:<\/strong> 2023-06 to 2025-05<\/p>\n\n\n\n<p><strong>Grant number:<\/strong> 101130783<\/p>\n<\/div>\n\n\n\n<div class=\"wp-block-column is-layout-flow wp-block-column-is-layout-flow\" style=\"flex-basis:33%\">\n<figure class=\"wp-block-image size-full\"><img loading=\"lazy\" decoding=\"async\" width=\"302\" height=\"86\" src=\"http:\/\/web.natur.cuni.cz\/cellbiol\/dobeslab\/wp-content\/uploads\/2023\/07\/EUfunding.jpg\" alt=\"\" class=\"wp-image-5861\" srcset=\"https:\/\/web.natur.cuni.cz\/cellbiol\/dobeslab\/wp-content\/uploads\/2023\/07\/EUfunding.jpg 302w, https:\/\/web.natur.cuni.cz\/cellbiol\/dobeslab\/wp-content\/uploads\/2023\/07\/EUfunding-300x85.jpg 300w\" sizes=\"auto, (max-width: 302px) 100vw, 302px\" \/><\/figure>\n<\/div>\n<\/div>\n\n\n\n<p><\/p>\n\n\n\n<h2 class=\"wp-block-heading\"><\/h2>\n\n\n\n<p><\/p>\n\n\n\n<p><\/p>\n\n\n\n<h2 class=\"wp-block-heading\"><\/h2>\n\n\n\n<p><\/p>\n\n\n\n<div class=\"wp-block-columns is-layout-flex wp-container-core-columns-is-layout-9d6595d7 wp-block-columns-is-layout-flex\">\n<div class=\"wp-block-column is-layout-flow wp-block-column-is-layout-flow\">\n<p><strong>Grant:<\/strong> <strong>ACTERIA Early Career Researcher Prize<\/strong><\/p>\n\n\n\n<p><strong>Principal investigator:<\/strong> Jan Dobe\u0161<\/p>\n\n\n\n<p><strong>Grantor:<\/strong> Acteria Foundation<\/p>\n\n\n\n<p><strong>Duration:<\/strong> 2026-01 to 2028-12<\/p>\n\n\n\n<p><\/p>\n<\/div>\n\n\n\n<div class=\"wp-block-column is-layout-flow wp-block-column-is-layout-flow\" style=\"flex-basis:33%\"><div class=\"wp-block-image is-style-default\">\n<figure class=\"alignleft size-full is-resized\"><img loading=\"lazy\" decoding=\"async\" width=\"182\" height=\"148\" src=\"https:\/\/web.natur.cuni.cz\/cellbiol\/dobeslab\/wp-content\/uploads\/2025\/11\/acteria.jpg\" alt=\"\" class=\"wp-image-6373\" style=\"width:150px\"\/><\/figure>\n<\/div><\/div>\n<\/div>\n\n\n\n<h2 class=\"wp-block-heading\"><\/h2>\n\n\n\n<p><\/p>\n\n\n\n<div class=\"wp-block-columns is-layout-flex wp-container-core-columns-is-layout-9d6595d7 wp-block-columns-is-layout-flex\">\n<div class=\"wp-block-column is-layout-flow wp-block-column-is-layout-flow\">\n<p><strong>Grant:<\/strong> <strong>Talking microbes &#8211; understanding microbial interactions within One Health framework<\/strong> <strong>(OP JAK)<\/strong><\/p>\n\n\n\n<p><strong>Co-principal investigator:<\/strong> Jan Dobe\u0161<\/p>\n\n\n\n<p><strong>Grantor:<\/strong> Ministry of Education, Youth and Sports<\/p>\n\n\n\n<p><strong>Duration:<\/strong> 2024-01 to 2028-12<\/p>\n\n\n\n<p><strong>Grant number:<\/strong> CZ.02.01.01\/00\/22_008\/0004597<\/p>\n<\/div>\n\n\n\n<div class=\"wp-block-column is-layout-flow wp-block-column-is-layout-flow\" style=\"flex-basis:33%\">\n<figure class=\"wp-block-image size-full is-resized\"><img loading=\"lazy\" decoding=\"async\" width=\"827\" height=\"413\" src=\"http:\/\/web.natur.cuni.cz\/cellbiol\/dobeslab\/wp-content\/uploads\/2024\/02\/msmt.jpg\" alt=\"\" class=\"wp-image-5990\" style=\"width:200px\" srcset=\"https:\/\/web.natur.cuni.cz\/cellbiol\/dobeslab\/wp-content\/uploads\/2024\/02\/msmt.jpg 827w, https:\/\/web.natur.cuni.cz\/cellbiol\/dobeslab\/wp-content\/uploads\/2024\/02\/msmt-300x150.jpg 300w, https:\/\/web.natur.cuni.cz\/cellbiol\/dobeslab\/wp-content\/uploads\/2024\/02\/msmt-768x384.jpg 768w\" sizes=\"auto, (max-width: 827px) 100vw, 827px\" \/><\/figure>\n<\/div>\n<\/div>\n\n\n\n<h2 class=\"wp-block-heading\"><\/h2>\n\n\n\n<div style=\"height:100px\" aria-hidden=\"true\" class=\"wp-block-spacer\"><\/div>\n\n\n\n<h2 class=\"wp-block-heading\"><strong>We are thankful for the past support<\/strong> <strong>from:<\/strong><\/h2>\n\n\n\n<div style=\"height:100px\" aria-hidden=\"true\" class=\"wp-block-spacer\"><\/div>\n\n\n\n<div class=\"wp-block-columns is-layout-flex wp-container-core-columns-is-layout-9d6595d7 wp-block-columns-is-layout-flex\">\n<div class=\"wp-block-column is-layout-flow wp-block-column-is-layout-flow\">\n<p><strong>Grant:<\/strong> <strong>The function of NK and NKT cells in thymic negative selection<\/strong><\/p>\n\n\n\n<p><strong>Principal investigator:<\/strong> Dominik Filipp and Jan Dobe\u0161<\/p>\n\n\n\n<p><strong>Grantor:<\/strong> Czech Science Foundation&nbsp;<\/p>\n\n\n\n<p><strong>Duration:<\/strong> 2022-01 to 2024-12<\/p>\n\n\n\n<p><strong>Grant number:<\/strong> 22-30879S<\/p>\n<\/div>\n\n\n\n<div class=\"wp-block-column is-layout-flow wp-block-column-is-layout-flow\" style=\"flex-basis:33%\">\n<p><img loading=\"lazy\" decoding=\"async\" width=\"200\" height=\"83\" class=\"wp-image-5601\" style=\"width: 200px;\" src=\"http:\/\/web.natur.cuni.cz\/cellbiol\/dobeslab\/wp-content\/uploads\/2022\/06\/Logo-EN-colour.jpg\" alt=\"\" srcset=\"https:\/\/web.natur.cuni.cz\/cellbiol\/dobeslab\/wp-content\/uploads\/2022\/06\/Logo-EN-colour.jpg 2344w, https:\/\/web.natur.cuni.cz\/cellbiol\/dobeslab\/wp-content\/uploads\/2022\/06\/Logo-EN-colour-300x125.jpg 300w, https:\/\/web.natur.cuni.cz\/cellbiol\/dobeslab\/wp-content\/uploads\/2022\/06\/Logo-EN-colour-1024x425.jpg 1024w, https:\/\/web.natur.cuni.cz\/cellbiol\/dobeslab\/wp-content\/uploads\/2022\/06\/Logo-EN-colour-768x319.jpg 768w, https:\/\/web.natur.cuni.cz\/cellbiol\/dobeslab\/wp-content\/uploads\/2022\/06\/Logo-EN-colour-1536x638.jpg 1536w, https:\/\/web.natur.cuni.cz\/cellbiol\/dobeslab\/wp-content\/uploads\/2022\/06\/Logo-EN-colour-2048x850.jpg 2048w\" sizes=\"auto, (max-width: 200px) 100vw, 200px\" \/><\/p>\n<\/div>\n<\/div>\n<\/div><\/div>\n\n\n\n<div class=\"wp-block-columns is-layout-flex wp-container-core-columns-is-layout-9d6595d7 wp-block-columns-is-layout-flex\">\n<div class=\"wp-block-column is-layout-flow wp-block-column-is-layout-flow\">\n<p><strong>Grant:<\/strong> <strong>Development and function of Aire-expressing ILC3-like cells<\/strong><\/p>\n\n\n\n<p><strong>Principal investigator:<\/strong> Jan Dobe\u0161<\/p>\n\n\n\n<p><strong>Grantor:<\/strong> Charles University<\/p>\n\n\n\n<p><strong>Duration:<\/strong> 2021-01 to 2025-12<\/p>\n\n\n\n<p><strong>Grant number:<\/strong> PRIMUS\/21\/MED\/003<\/p>\n\n\n\n<p class=\"has-text-align-right\"> <\/p>\n<\/div>\n\n\n\n<div class=\"wp-block-column is-layout-flow wp-block-column-is-layout-flow\" style=\"flex-basis:33%\">\n<figure class=\"wp-block-image is-resized\"><img loading=\"lazy\" decoding=\"async\" width=\"675\" height=\"604\" src=\"http:\/\/web.natur.cuni.cz\/cellbiol\/dobeslab\/wp-content\/uploads\/2022\/06\/primus.jpg\" alt=\"\" class=\"wp-image-5590\" style=\"width:169px;height:151px\" srcset=\"https:\/\/web.natur.cuni.cz\/cellbiol\/dobeslab\/wp-content\/uploads\/2022\/06\/primus.jpg 675w, https:\/\/web.natur.cuni.cz\/cellbiol\/dobeslab\/wp-content\/uploads\/2022\/06\/primus-300x268.jpg 300w\" sizes=\"auto, (max-width: 675px) 100vw, 675px\" \/><\/figure>\n<\/div>\n<\/div>\n\n\n\n<div class=\"wp-block-columns is-layout-flex wp-container-core-columns-is-layout-9d6595d7 wp-block-columns-is-layout-flex\">\n<div class=\"wp-block-column is-layout-flow wp-block-column-is-layout-flow\">\n<p><strong>Grant:<\/strong> <strong>The role of Aire-expressing ILC3 like cells in the regulation of Th17 response<\/strong><\/p>\n\n\n\n<p><strong>Principal investigator:<\/strong> Jan Dobe\u0161<\/p>\n\n\n\n<p><strong>Grantor:<\/strong> Czech Science Foundation&nbsp;<\/p>\n\n\n\n<p><strong>Duration:<\/strong> 2021-01 to 2025-12<\/p>\n\n\n\n<p><strong>Grant number:<\/strong> 21-22435M (GA\u010cR Junior STAR)<\/p>\n<\/div>\n\n\n\n<div class=\"wp-block-column is-layout-flow wp-block-column-is-layout-flow\" style=\"flex-basis:33%\">\n<p><img loading=\"lazy\" decoding=\"async\" width=\"200\" height=\"83\" class=\"wp-image-5601\" style=\"width: 200px;\" src=\"http:\/\/web.natur.cuni.cz\/cellbiol\/dobeslab\/wp-content\/uploads\/2022\/06\/Logo-EN-colour.jpg\" alt=\"\" srcset=\"https:\/\/web.natur.cuni.cz\/cellbiol\/dobeslab\/wp-content\/uploads\/2022\/06\/Logo-EN-colour.jpg 2344w, https:\/\/web.natur.cuni.cz\/cellbiol\/dobeslab\/wp-content\/uploads\/2022\/06\/Logo-EN-colour-300x125.jpg 300w, https:\/\/web.natur.cuni.cz\/cellbiol\/dobeslab\/wp-content\/uploads\/2022\/06\/Logo-EN-colour-1024x425.jpg 1024w, https:\/\/web.natur.cuni.cz\/cellbiol\/dobeslab\/wp-content\/uploads\/2022\/06\/Logo-EN-colour-768x319.jpg 768w, https:\/\/web.natur.cuni.cz\/cellbiol\/dobeslab\/wp-content\/uploads\/2022\/06\/Logo-EN-colour-1536x638.jpg 1536w, https:\/\/web.natur.cuni.cz\/cellbiol\/dobeslab\/wp-content\/uploads\/2022\/06\/Logo-EN-colour-2048x850.jpg 2048w\" sizes=\"auto, (max-width: 200px) 100vw, 200px\" \/><\/p>\n<\/div>\n<\/div>\n\n\n\n<div class=\"wp-block-columns is-layout-flex wp-container-core-columns-is-layout-9d6595d7 wp-block-columns-is-layout-flex\">\n<div class=\"wp-block-column is-layout-flow wp-block-column-is-layout-flow\">\n<p><strong>Grant:<\/strong> <strong>Regulation of the adaptive immune response by intestinal epithelial cells<\/strong> <strong>(ERC CZ)<\/strong><\/p>\n\n\n\n<p><strong>Principal investigator:<\/strong> Jan Dobe\u0161<\/p>\n\n\n\n<p><strong>Grantor:<\/strong> Ministry of Education, Youth and Sports<\/p>\n\n\n\n<p><strong>Duration:<\/strong> 2024-01 to 2025-12<\/p>\n\n\n\n<p><strong>Grant number:<\/strong> LL2315<\/p>\n<\/div>\n\n\n\n<div class=\"wp-block-column is-layout-flow wp-block-column-is-layout-flow\" style=\"flex-basis:33%\">\n<figure class=\"wp-block-image size-full is-resized\"><img loading=\"lazy\" decoding=\"async\" width=\"827\" height=\"413\" src=\"http:\/\/web.natur.cuni.cz\/cellbiol\/dobeslab\/wp-content\/uploads\/2024\/02\/msmt.jpg\" alt=\"\" class=\"wp-image-5990\" style=\"width:200px\" srcset=\"https:\/\/web.natur.cuni.cz\/cellbiol\/dobeslab\/wp-content\/uploads\/2024\/02\/msmt.jpg 827w, https:\/\/web.natur.cuni.cz\/cellbiol\/dobeslab\/wp-content\/uploads\/2024\/02\/msmt-300x150.jpg 300w, https:\/\/web.natur.cuni.cz\/cellbiol\/dobeslab\/wp-content\/uploads\/2024\/02\/msmt-768x384.jpg 768w\" sizes=\"auto, (max-width: 827px) 100vw, 827px\" \/><\/figure>\n<\/div>\n<\/div>\n","protected":false},"excerpt":{"rendered":"<p>We are thankful for the current support from: Grant: How Antigen-Presenting Cells Orchestrate the Transformation of Helper T Cells into Intraepithelial Lymphocytes with Cytotoxic Activity? Principal investigator: Jan Dobe\u0161 Grantor: Czech Science Foundation&nbsp; Duration: 2026-01 to 2028-12 Grant number: 26-21955S Grant: Candida Immunity (ERA Fellowship) Principal investigator: Jarmila Sekere\u0161ov\u00e1 Kr\u00e1lov\u00e1 Grantor: European Commission Duration: 2023-06 [&hellip;]<\/p>\n","protected":false},"author":1,"featured_media":0,"parent":0,"menu_order":0,"comment_status":"closed","ping_status":"closed","template":"","meta":{"_uag_custom_page_level_css":"","footnotes":""},"class_list":["post-4928","page","type-page","status-publish","hentry"],"uagb_featured_image_src":{"full":false,"thumbnail":false,"medium":false,"medium_large":false,"large":false,"1536x1536":false,"2048x2048":false},"uagb_author_info":{"display_name":"admin","author_link":"https:\/\/web.natur.cuni.cz\/cellbiol\/dobeslab\/author\/admin\/"},"uagb_comment_info":0,"uagb_excerpt":"We are thankful for the current support from: Grant: How Antigen-Presenting Cells Orchestrate the Transformation of Helper T Cells into Intraepithelial Lymphocytes with Cytotoxic Activity? Principal investigator: Jan Dobe\u0161 Grantor: Czech Science Foundation&nbsp; Duration: 2026-01 to 2028-12 Grant number: 26-21955S Grant: Candida Immunity (ERA Fellowship) Principal investigator: Jarmila Sekere\u0161ov\u00e1 Kr\u00e1lov\u00e1 Grantor: European Commission Duration: 2023-06&hellip;","_links":{"self":[{"href":"https:\/\/web.natur.cuni.cz\/cellbiol\/dobeslab\/wp-json\/wp\/v2\/pages\/4928","targetHints":{"allow":["GET"]}}],"collection":[{"href":"https:\/\/web.natur.cuni.cz\/cellbiol\/dobeslab\/wp-json\/wp\/v2\/pages"}],"about":[{"href":"https:\/\/web.natur.cuni.cz\/cellbiol\/dobeslab\/wp-json\/wp\/v2\/types\/page"}],"author":[{"embeddable":true,"href":"https:\/\/web.natur.cuni.cz\/cellbiol\/dobeslab\/wp-json\/wp\/v2\/users\/1"}],"replies":[{"embeddable":true,"href":"https:\/\/web.natur.cuni.cz\/cellbiol\/dobeslab\/wp-json\/wp\/v2\/comments?post=4928"}],"version-history":[{"count":19,"href":"https:\/\/web.natur.cuni.cz\/cellbiol\/dobeslab\/wp-json\/wp\/v2\/pages\/4928\/revisions"}],"predecessor-version":[{"id":6412,"href":"https:\/\/web.natur.cuni.cz\/cellbiol\/dobeslab\/wp-json\/wp\/v2\/pages\/4928\/revisions\/6412"}],"wp:attachment":[{"href":"https:\/\/web.natur.cuni.cz\/cellbiol\/dobeslab\/wp-json\/wp\/v2\/media?parent=4928"}],"curies":[{"name":"wp","href":"https:\/\/api.w.org\/{rel}","templated":true}]}}