{"id":4961,"date":"2021-01-20T11:10:09","date_gmt":"2021-01-20T10:10:09","guid":{"rendered":"https:\/\/ukazky.euweb.cz\/?page_id=4961"},"modified":"2025-11-02T20:16:32","modified_gmt":"2025-11-02T20:16:32","slug":"teaching","status":"publish","type":"page","link":"https:\/\/web.natur.cuni.cz\/cellbiol\/dobeslab\/teaching\/","title":{"rendered":"Teaching"},"content":{"rendered":"\n<div class=\"wp-block-media-text alignwide is-stacked-on-mobile is-vertically-aligned-top\"><figure class=\"wp-block-media-text__media\"><img loading=\"lazy\" decoding=\"async\" width=\"902\" height=\"667\" src=\"http:\/\/web.natur.cuni.cz\/cellbiol\/dobeslab\/wp-content\/uploads\/2022\/06\/intestine.webp\" alt=\"\" class=\"wp-image-5635 size-full\"\/><\/figure><div class=\"wp-block-media-text__content\">\n<p class=\"has-large-font-size\">Immunology of Infectious Diseases<\/p>\n\n\n\n<p>Immunology of infectious diseases course is intended for advanced MSc or PhD students with the interest in host-pathogen interactions. The first half of each lecture is devoted to theoretical background and during the second part the emphasis is given to the interaction and discussion between lecturer and students focusing on current research papers essential for selected topics. Various aspects of host-pathogen interactions are covered during the course, starting from differences between systemic and epithelial immune response, further on focusing on complexity of immune response during viral, bacterial, fungal or parasitic infection and closing the circle with the escape strategies imposed by pathogens in order to prevent the immune response. <\/p>\n<\/div><\/div>\n\n\n\n<div style=\"height:27px\" aria-hidden=\"true\" class=\"wp-block-spacer\"><\/div>\n\n\n\n<div class=\"wp-block-media-text alignwide has-media-on-the-right is-stacked-on-mobile is-vertically-aligned-top\"><div class=\"wp-block-media-text__content\">\n<p class=\"has-large-font-size\">Immunology<\/p>\n\n\n\n<p>The Immunology course provides a comprehensive introduction to the immune system, designed for both Bachelor&#8217;s and Master&#8217;s students. It covers fundamental concepts from the basic structure and function of the immune system to its role in defending the body against infections and diseases. Key topics include innate and adaptive immunity, immune cells and organs, antigen presentation, and the regulation of immune responses through cytokines and chemokines. Special emphasis is placed on immunological memory, vaccination, immunotherapy, and immune system malfunctions such as autoimmunity and hypersensitivity.<\/p>\n\n\n\n<p>The course is especially recommended for Bachelor students aiming to pursue a Master\u2019s degree in Immunology.<\/p>\n\n\n\n<div style=\"height:81px\" aria-hidden=\"true\" class=\"wp-block-spacer\"><\/div>\n<\/div><figure class=\"wp-block-media-text__media\"><img loading=\"lazy\" decoding=\"async\" width=\"1024\" height=\"808\" src=\"http:\/\/web.natur.cuni.cz\/cellbiol\/dobeslab\/wp-content\/uploads\/2023\/10\/Imunitni-odpoved-na-SFB-1024x808.jpg\" alt=\"\" class=\"wp-image-5955 size-full\" srcset=\"https:\/\/web.natur.cuni.cz\/cellbiol\/dobeslab\/wp-content\/uploads\/2023\/10\/Imunitni-odpoved-na-SFB-1024x808.jpg 1024w, https:\/\/web.natur.cuni.cz\/cellbiol\/dobeslab\/wp-content\/uploads\/2023\/10\/Imunitni-odpoved-na-SFB-300x237.jpg 300w, https:\/\/web.natur.cuni.cz\/cellbiol\/dobeslab\/wp-content\/uploads\/2023\/10\/Imunitni-odpoved-na-SFB-768x606.jpg 768w, https:\/\/web.natur.cuni.cz\/cellbiol\/dobeslab\/wp-content\/uploads\/2023\/10\/Imunitni-odpoved-na-SFB-1536x1212.jpg 1536w, https:\/\/web.natur.cuni.cz\/cellbiol\/dobeslab\/wp-content\/uploads\/2023\/10\/Imunitni-odpoved-na-SFB.jpg 1916w\" sizes=\"auto, (max-width: 1024px) 100vw, 1024px\" \/><\/figure><\/div>\n\n\n\n<div style=\"height:50px\" aria-hidden=\"true\" class=\"wp-block-spacer\"><\/div>\n\n\n\n<h2 class=\"wp-block-heading has-text-align-center\">Course details<\/h2>\n\n\n\n<figure class=\"wp-block-table is-style-stripes\"><table><thead><tr><th class=\"has-text-align-left\" data-align=\"left\">Code and link<\/th><th class=\"has-text-align-left\" data-align=\"left\">Name<\/th><th class=\"has-text-align-left\" data-align=\"left\">Semester<\/th><th class=\"has-text-align-left\" data-align=\"left\">E-credits<\/th><th>Language<\/th><th class=\"has-text-align-left\" data-align=\"left\">Teachers<\/th><\/tr><\/thead><tbody><tr><td class=\"has-text-align-left\" data-align=\"left\"><a href=\"https:\/\/is.cuni.cz\/studium\/predmety\/index.php?id=e460d3cdf0613adf35da47b49b8d2899&amp;tid=&amp;do=predmet&amp;kod=MB151P132\" target=\"_blank\" rel=\"noreferrer noopener\">MB151P132<\/a><\/td><td class=\"has-text-align-left\" data-align=\"left\">Immunology of Infectious Diseases<\/td><td class=\"has-text-align-left\" data-align=\"left\">winter<\/td><td class=\"has-text-align-left\" data-align=\"left\">3<\/td><td>EN<\/td><td class=\"has-text-align-left\" data-align=\"left\">Jan Dobe\u0161<br>Ladislav Machala<\/td><\/tr><tr><td class=\"has-text-align-left\" data-align=\"left\"><a href=\"https:\/\/is.cuni.cz\/studium\/predmety\/index.php?do=predmet&amp;kod=MB151P140E\" target=\"_blank\" rel=\"noreferrer noopener\"><a href=\"https:\/\/is.cuni.cz\/studium\/predmety\/index.php?do=predmet&amp;kod=MB150P14E\" data-type=\"link\" data-id=\"https:\/\/is.cuni.cz\/studium\/predmety\/index.php?do=predmet&amp;kod=MB150P14E\">MB150P14E<\/a><\/a><\/td><td class=\"has-text-align-left\" data-align=\"left\">Immunology<\/td><td class=\"has-text-align-left\" data-align=\"left\">winter<\/td><td class=\"has-text-align-left\" data-align=\"left\">3<\/td><td>EN<\/td><td class=\"has-text-align-left\" data-align=\"left\">Jan Dobe\u0161<br>Jan \u010cern\u00fd<br>Magdal\u00e9na Krulov\u00e1<br>Matou\u0161 Vobo\u0159il<\/td><\/tr><tr><td class=\"has-text-align-left\" data-align=\"left\"><a href=\"https:\/\/is.cuni.cz\/studium\/predmety\/redir.php?redir=predmet&amp;kod=MB150S04&amp;referrer=predmety\">MB150S04<\/a><br><a href=\"https:\/\/is.cuni.cz\/studium\/predmety\/redir.php?redir=predmet&amp;kod=MB150S13&amp;referrer=predmety\">MB150S13<\/a><br><a href=\"https:\/\/is.cuni.cz\/studium\/predmety\/redir.php?redir=predmet&amp;kod=MB150S14&amp;referrer=predmety\">MB150S14<\/a><br><a href=\"https:\/\/is.cuni.cz\/studium\/predmety\/redir.php?redir=predmet&amp;kod=MB150S15&amp;referrer=predmety\">MB150S15<\/a><\/td><td class=\"has-text-align-left\" data-align=\"left\">Odborn\u00fd semin\u00e1\u0159 z oboru imunologie<\/td><td class=\"has-text-align-left\" data-align=\"left\">both<\/td><td class=\"has-text-align-left\" data-align=\"left\">1<\/td><td>CZ<\/td><td class=\"has-text-align-left\" data-align=\"left\">Jan Dobe\u0161<br>Jan \u010cern\u00fd<br>Magdal\u00e9na Krulov\u00e1<br>Matou\u0161 Vobo\u0159il<\/td><\/tr><tr><td class=\"has-text-align-left\" data-align=\"left\"><a href=\"https:\/\/is.cuni.cz\/studium\/predmety\/index.php?do=predmet&amp;kod=MB150P78A\" data-type=\"link\" data-id=\"https:\/\/is.cuni.cz\/studium\/predmety\/index.php?do=predmet&amp;kod=MB150P78A\">MB150P78A<\/a><br><a href=\"https:\/\/is.cuni.cz\/studium\/predmety\/redir.php?redir=predmet&amp;kod=MPGS0137&amp;referrer=predmety\">MPGS0137<\/a><br><a href=\"https:\/\/is.cuni.cz\/studium\/predmety\/redir.php?redir=predmet&amp;kod=MB150P78&amp;referrer=predmety\">MB150P78<\/a><\/td><td class=\"has-text-align-left\" data-align=\"left\">Advances in immunology<\/td><td class=\"has-text-align-left\" data-align=\"left\">both<\/td><td class=\"has-text-align-left\" data-align=\"left\">1<\/td><td>EN<\/td><td class=\"has-text-align-left\" data-align=\"left\">Jan Dobe\u0161<br>Jan \u010cern\u00fd<br>Tom\u00e1\u0161 Brabec<br>Nat\u00e1lie Fikarov\u00e1<br>Veronika Kanderov\u00e1<br>Matou\u0161 Vobo\u0159il<br>Irina Ribeiro Bas<\/td><\/tr><\/tbody><\/table><\/figure>\n\n\n\n<p><\/p>\n","protected":false},"excerpt":{"rendered":"<p>Immunology of Infectious Diseases Immunology of infectious diseases course is intended for advanced MSc or PhD students with the interest in host-pathogen interactions. The first half of each lecture is devoted to theoretical background and during the second part the emphasis is given to the interaction and discussion between lecturer and students focusing on current [&hellip;]<\/p>\n","protected":false},"author":1,"featured_media":0,"parent":0,"menu_order":0,"comment_status":"closed","ping_status":"closed","template":"","meta":{"_uag_custom_page_level_css":"","footnotes":""},"class_list":["post-4961","page","type-page","status-publish","hentry"],"uagb_featured_image_src":{"full":false,"thumbnail":false,"medium":false,"medium_large":false,"large":false,"1536x1536":false,"2048x2048":false},"uagb_author_info":{"display_name":"admin","author_link":"https:\/\/web.natur.cuni.cz\/cellbiol\/dobeslab\/author\/admin\/"},"uagb_comment_info":0,"uagb_excerpt":"Immunology of Infectious Diseases Immunology of infectious diseases course is intended for advanced MSc or PhD students with the interest in host-pathogen interactions. The first half of each lecture is devoted to theoretical background and during the second part the emphasis is given to the interaction and discussion between lecturer and students focusing on current&hellip;","_links":{"self":[{"href":"https:\/\/web.natur.cuni.cz\/cellbiol\/dobeslab\/wp-json\/wp\/v2\/pages\/4961","targetHints":{"allow":["GET"]}}],"collection":[{"href":"https:\/\/web.natur.cuni.cz\/cellbiol\/dobeslab\/wp-json\/wp\/v2\/pages"}],"about":[{"href":"https:\/\/web.natur.cuni.cz\/cellbiol\/dobeslab\/wp-json\/wp\/v2\/types\/page"}],"author":[{"embeddable":true,"href":"https:\/\/web.natur.cuni.cz\/cellbiol\/dobeslab\/wp-json\/wp\/v2\/users\/1"}],"replies":[{"embeddable":true,"href":"https:\/\/web.natur.cuni.cz\/cellbiol\/dobeslab\/wp-json\/wp\/v2\/comments?post=4961"}],"version-history":[{"count":14,"href":"https:\/\/web.natur.cuni.cz\/cellbiol\/dobeslab\/wp-json\/wp\/v2\/pages\/4961\/revisions"}],"predecessor-version":[{"id":6351,"href":"https:\/\/web.natur.cuni.cz\/cellbiol\/dobeslab\/wp-json\/wp\/v2\/pages\/4961\/revisions\/6351"}],"wp:attachment":[{"href":"https:\/\/web.natur.cuni.cz\/cellbiol\/dobeslab\/wp-json\/wp\/v2\/media?parent=4961"}],"curies":[{"name":"wp","href":"https:\/\/api.w.org\/{rel}","templated":true}]}}