{"id":42,"date":"2020-10-13T20:42:55","date_gmt":"2020-10-13T20:42:55","guid":{"rendered":"http:\/\/www.maseklab.org\/?page_id=42"},"modified":"2026-02-10T10:36:24","modified_gmt":"2026-02-10T10:36:24","slug":"people","status":"publish","type":"page","link":"https:\/\/web.natur.cuni.cz\/cellbiol\/maseklab\/people\/","title":{"rendered":"People"},"content":{"rendered":"\n<div class=\"wp-block-group alignfull has-black-color has-text-color\"><div class=\"wp-block-group__inner-container is-layout-flow wp-block-group-is-layout-flow\">\n<div style=\"height:30px\" aria-hidden=\"true\" class=\"wp-block-spacer\"><\/div>\n\n\n\n<div class=\"wp-block-columns alignwide is-layout-flex wp-container-core-columns-is-layout-9d6595d7 wp-block-columns-is-layout-flex\">\n<div class=\"wp-block-column is-layout-flow wp-block-column-is-layout-flow\">\n<figure class=\"wp-block-image size-full is-resized is-style-rounded\"><img loading=\"lazy\" decoding=\"async\" width=\"472\" height=\"708\" src=\"http:\/\/web.natur.cuni.cz\/cellbiol\/maseklab\/wp-content\/uploads\/2024\/04\/MasekLab_78A6026_hires_tn.jpg\" alt=\"\" class=\"wp-image-5710\" style=\"object-fit:cover;width:251px;height:auto\" srcset=\"https:\/\/web.natur.cuni.cz\/cellbiol\/maseklab\/wp-content\/uploads\/2024\/04\/MasekLab_78A6026_hires_tn.jpg 472w, https:\/\/web.natur.cuni.cz\/cellbiol\/maseklab\/wp-content\/uploads\/2024\/04\/MasekLab_78A6026_hires_tn-200x300.jpg 200w\" sizes=\"auto, (max-width: 472px) 100vw, 472px\" \/><\/figure>\n\n\n\n<h3 class=\"wp-block-heading has-black-color has-text-color\"><strong>MSc, Anna Maria Frontino<\/strong><\/h3>\n\n\n\n<p>Phd Student<\/p>\n\n\n\n<p class=\"has-small-font-size\">frontina@natur.cuni.cz<\/p>\n\n\n\n<p class=\"has-cyan-bluish-gray-color has-text-color\">I have always been interested in cell biology as well as molecular mechanisms underlying mammal development. During my bachelor&#8217;s and M.Sc internships in <a href=\"https:\/\/www.sns.it\/it\/persona\/federico-cremisi\">Federico Cremisi&#8217;s lab<\/a> at the University of Pisa, where I focused on the role of transcription factor ZBTB20 in human neurogenesis using a hiPSC-derived model of the dentate gyrus.<\/p>\n\n\n\n<p class=\"has-cyan-bluish-gray-color has-text-color\">It&#8217;s amazing how the environment, as well as extrinsic and intrinsic stimuli throughout development, affects crucial pathways, contributing to the modulation of higher-order functions.  My PhD project in Masek lab aims to study and uncover the bi-directional signaling of Notch ligands in mammals.<\/p>\n<\/div>\n\n\n\n<div class=\"wp-block-column is-layout-flow wp-block-column-is-layout-flow\">\n<figure class=\"wp-block-image size-full is-resized is-style-rounded\"><img loading=\"lazy\" decoding=\"async\" width=\"472\" height=\"708\" src=\"http:\/\/web.natur.cuni.cz\/cellbiol\/maseklab\/wp-content\/uploads\/2024\/04\/MasekLab_78A6005_hires_tn.jpg\" alt=\"\" class=\"wp-image-5709\" style=\"object-fit:cover;width:254px;height:auto\" srcset=\"https:\/\/web.natur.cuni.cz\/cellbiol\/maseklab\/wp-content\/uploads\/2024\/04\/MasekLab_78A6005_hires_tn.jpg 472w, https:\/\/web.natur.cuni.cz\/cellbiol\/maseklab\/wp-content\/uploads\/2024\/04\/MasekLab_78A6005_hires_tn-200x300.jpg 200w\" sizes=\"auto, (max-width: 472px) 100vw, 472px\" \/><\/figure>\n\n\n\n<h3 class=\"wp-block-heading has-black-color has-text-color\"><strong>Daniel Oliveira<\/strong>, <strong>PhD<\/strong><\/h3>\n\n\n\n<p>Postdoc<\/p>\n\n\n\n<p class=\"has-black-color has-text-color has-small-font-size\">daniel.oliveira@natur.cuni.cz<\/p>\n\n\n\n<p class=\"has-cyan-bluish-gray-color has-text-color\">Originally coming from Portugal,  I did my MSc. internship at CABIMER, Seville, Spain, studying cell fusion as a regenerative therapy for treating ischemic stroke.&nbsp; Afterwards, I joined <a href=\"https:\/\/jembibet.wixsite.com\/stemcelllabjbraganca\">Jos\u00e9 Bragan\u00e7a&#8217;s lab<\/a> at the University of Algarve, where I studied the role of the transcriptional co-activator Cited2 in maintaining the pluripotency of mouse embryonic stem cells as well as its role in cardiac differentiation. Continuing my interest in stem cell differentiation, I joined <a href=\"https:\/\/www.plymouth.ac.uk\/staff\/matthias-futschik\">Matthias Futschik&#8217;s lab<\/a>, where I studied the role of alternative splicing and its impact on molecular interaction networks during stem cell differentiation.<\/p>\n\n\n\n<p class=\"has-cyan-bluish-gray-color has-text-color\">I did my PhD in<a href=\"https:\/\/ki.se\/en\/nvs\/helena-karlstrom-group\"> Helena Karlstr\u00f6m&#8217;s lab<\/a> at Karolinska Institute, where I investigated the role of NOTCH3 dysfunction in disease and for therapy development with a focus on CADASIL (Cerebral Autosomal Dominant Arteriopathy with Subcortical Infarcts and Leukoencephalopathy) where I was charmed by the Notch signaling pathway.<\/p>\n\n\n\n<p class=\"has-cyan-bluish-gray-color has-text-color\">I joined the Masek lab as a postdoc. My project explores the bidirectional signaling of Notch ligands in mammals and disease.<\/p>\n<\/div>\n\n\n\n<div class=\"wp-block-column is-layout-flow wp-block-column-is-layout-flow\">\n<figure class=\"wp-block-image size-full is-resized is-style-rounded\"><img loading=\"lazy\" decoding=\"async\" width=\"472\" height=\"708\" src=\"http:\/\/web.natur.cuni.cz\/cellbiol\/maseklab\/wp-content\/uploads\/2024\/04\/MasekLab_78A5918_hires_tn.jpg\" alt=\"\" class=\"wp-image-5707\" style=\"object-fit:cover;width:257px;height:auto\" srcset=\"https:\/\/web.natur.cuni.cz\/cellbiol\/maseklab\/wp-content\/uploads\/2024\/04\/MasekLab_78A5918_hires_tn.jpg 472w, https:\/\/web.natur.cuni.cz\/cellbiol\/maseklab\/wp-content\/uploads\/2024\/04\/MasekLab_78A5918_hires_tn-200x300.jpg 200w\" sizes=\"auto, (max-width: 472px) 100vw, 472px\" \/><\/figure>\n\n\n\n<h3 class=\"wp-block-heading has-black-color has-text-color\"><strong>MSc, Fabio Turetti<\/strong><\/h3>\n\n\n\n<p>PhD student<\/p>\n\n\n\n<p class=\"has-small-font-size\">turettif@natur.cuni.cz<\/p>\n\n\n\n<p class=\"has-cyan-bluish-gray-color has-text-color\">Coming from Italy, I did my undergrad studies at the University of Milan. During my master&#8217;s thesis, I spent more than 1 year at the National Institute of Molecular Genetics &#8220;INGM&#8221; in Milan, in the Lab of <a href=\"https:\/\/ingm.org\/en\/biffo_lab_eng\/\">Professor Stefano Biffo<\/a>, studying alterations of lysosomal biogenesis and activity in a pathogenic mutation causing Shwachman-Diamond Syndrome.<br>Now, I want to go deeper into the role of the signaling pathways in the development, and for that, I am very excited to start my PhD path in Dr Masek&#8217;s lab, in which I  focus on deciphering the direct Wnt\/Notch cross-talk in mammals.<\/p>\n<\/div>\n<\/div>\n\n\n\n<div style=\"height:20px\" aria-hidden=\"true\" class=\"wp-block-spacer\"><\/div>\n\n\n\n<div class=\"wp-block-columns alignwide is-layout-flex wp-container-core-columns-is-layout-9d6595d7 wp-block-columns-is-layout-flex\">\n<div class=\"wp-block-column is-layout-flow wp-block-column-is-layout-flow\">\n<figure class=\"wp-block-image size-full is-resized is-style-rounded\"><img loading=\"lazy\" decoding=\"async\" width=\"623\" height=\"857\" src=\"https:\/\/web.natur.cuni.cz\/cellbiol\/maseklab\/wp-content\/uploads\/2025\/08\/image.png\" alt=\"\" class=\"wp-image-5839\" style=\"width:264px\" srcset=\"https:\/\/web.natur.cuni.cz\/cellbiol\/maseklab\/wp-content\/uploads\/2025\/08\/image.png 623w, https:\/\/web.natur.cuni.cz\/cellbiol\/maseklab\/wp-content\/uploads\/2025\/08\/image-218x300.png 218w\" sizes=\"auto, (max-width: 623px) 100vw, 623px\" \/><\/figure>\n\n\n\n<h3 class=\"wp-block-heading has-black-color has-text-color\"><strong>MSc,<\/strong> <strong>Vimaladithan Rathineswaran Sasikala<\/strong><\/h3>\n\n\n\n<p>Phd Student<\/p>\n\n\n\n<p class=\"has-small-font-size\">rathinev@natur.cuni.cz<\/p>\n\n\n\n<p class=\"has-cyan-bluish-gray-color has-text-color\">I started studying liver during my MSc internship at <a href=\"https:\/\/ki.se\/en\/people\/peder-olofsson\" data-type=\"link\" data-id=\"https:\/\/ki.se\/en\/people\/peder-olofsson\">Peder Olofsson\u2019s lab<\/a> at Karolinska Institutet, Sweden. My project focused on understanding how the Vagus nerve relays signals to the liver during acute inflammation. Afterwards, I dived into the developmental biology of the liver for my MSc Thesis at <a href=\"https:\/\/anderssonlab.com\/\" data-type=\"link\" data-id=\"https:\/\/anderssonlab.com\/\">Emma Andersson\u2019s lab<\/a> at Karolinska Institute, focusing on the role of primary cilia in bile duct development. <\/p>\n\n\n\n<p class=\"has-cyan-bluish-gray-color has-text-color\">I am excited to start my PhD at the Masek lab with a project that focuses on understanding the role of Jagged1 in the developing liver periportal mesenchyme.&nbsp;<\/p>\n<\/div>\n\n\n\n<div class=\"wp-block-column is-layout-flow wp-block-column-is-layout-flow\">\n<figure class=\"wp-block-image size-full is-resized is-style-rounded\"><img loading=\"lazy\" decoding=\"async\" width=\"472\" height=\"704\" src=\"http:\/\/web.natur.cuni.cz\/cellbiol\/maseklab\/wp-content\/uploads\/2024\/04\/MasekLab_78A5828_hires_tn.jpg\" alt=\"\" class=\"wp-image-5705\" style=\"aspect-ratio:0.6666666666666666;object-fit:cover;width:249px;height:auto\" srcset=\"https:\/\/web.natur.cuni.cz\/cellbiol\/maseklab\/wp-content\/uploads\/2024\/04\/MasekLab_78A5828_hires_tn.jpg 472w, https:\/\/web.natur.cuni.cz\/cellbiol\/maseklab\/wp-content\/uploads\/2024\/04\/MasekLab_78A5828_hires_tn-201x300.jpg 201w\" sizes=\"auto, (max-width: 472px) 100vw, 472px\" \/><\/figure>\n\n\n\n<h3 class=\"wp-block-heading has-black-color has-text-color\"><strong>Jan Ma\u0161ek, PhD<\/strong><\/h3>\n\n\n\n<p>Group leader<\/p>\n\n\n\n<p class=\"has-small-font-size\">jan.masek@natur.cuni.cz<\/p>\n\n\n\n<p class=\"has-cyan-bluish-gray-color has-text-color\">I started in the laboratory of <a href=\"https:\/\/www.sci.muni.cz\/ofiz\/en\/bryja\/\" data-type=\"link\" data-id=\"https:\/\/www.sci.muni.cz\/ofiz\/en\/bryja\/\">Vitezslav Bryja<\/a> in Brno, where I got charmed by the Wnt\/b-catenin signaling pathway. I continued in Prague in <a href=\"https:\/\/twitter.com\/KozmikLab\">Zbynek Kozmik\u00b4s lab<\/a>, focusing on the role of transcription factor Tcf7l1 in early events of the mammalian neural crest cell development. I did my postdoc in Emma <a href=\"https:\/\/anderssonlab.com\/\" data-type=\"link\" data-id=\"https:\/\/anderssonlab.com\/\">Andersson\u00b4s lab<\/a> at Karolinska Institute, studying the specificity of the individual Notch ligands towards their receptors in the context of early liver formation and disease.<\/p>\n\n\n\n<p class=\"has-text-align-left has-cyan-bluish-gray-color has-text-color\">My current goal as a group leader is to create a thriving research hub for studies of signaling cross-talk in various contexts of mammalian development and disease.  <\/p>\n<\/div>\n\n\n\n<div class=\"wp-block-column is-layout-flow wp-block-column-is-layout-flow\">\n<figure class=\"wp-block-image size-full is-resized is-style-rounded\"><img loading=\"lazy\" decoding=\"async\" width=\"1024\" height=\"1536\" src=\"https:\/\/web.natur.cuni.cz\/cellbiol\/maseklab\/wp-content\/uploads\/2025\/08\/Image-1.jpg\" alt=\"\" class=\"wp-image-5837\" style=\"object-fit:cover;width:251px;height:auto\" srcset=\"https:\/\/web.natur.cuni.cz\/cellbiol\/maseklab\/wp-content\/uploads\/2025\/08\/Image-1.jpg 1024w, https:\/\/web.natur.cuni.cz\/cellbiol\/maseklab\/wp-content\/uploads\/2025\/08\/Image-1-200x300.jpg 200w, https:\/\/web.natur.cuni.cz\/cellbiol\/maseklab\/wp-content\/uploads\/2025\/08\/Image-1-683x1024.jpg 683w, https:\/\/web.natur.cuni.cz\/cellbiol\/maseklab\/wp-content\/uploads\/2025\/08\/Image-1-768x1152.jpg 768w\" sizes=\"auto, (max-width: 1024px) 100vw, 1024px\" \/><\/figure>\n\n\n\n<h3 class=\"wp-block-heading has-black-color has-text-color\"><strong>BSc, Daniela Hrdli\u010dkov\u00e1<\/strong><\/h3>\n\n\n\n<p>Undergraduate<\/p>\n\n\n\n<p class=\"has-small-font-size\">hrdlickdan@natur.cuni.cz<\/p>\n\n\n\n<p class=\"has-cyan-bluish-gray-color has-text-color\">I am currently pursuing a Master\u2019s degree in Cell Biology at Charles University, where I am conducting my thesis research in Ma\u0161ek\u2019s lab. My project focuses on the interaction between the APC and NOTCH signaling pathway&nbsp;\u2013&nbsp;a complex topic that occasionally tests my patience but also leads to a deeper understanding of cellular signaling.&nbsp;<\/p>\n<\/div>\n<\/div>\n\n\n\n<p><\/p>\n<\/div><\/div>\n\n\n\n<div class=\"wp-block-group alignfull has-black-color has-text-color\"><div class=\"wp-block-group__inner-container is-layout-flow wp-block-group-is-layout-flow\">\n<div style=\"height:30px\" aria-hidden=\"true\" class=\"wp-block-spacer\"><\/div>\n\n\n\n<div class=\"wp-block-columns alignwide is-layout-flex wp-container-core-columns-is-layout-9d6595d7 wp-block-columns-is-layout-flex\">\n<div class=\"wp-block-column is-layout-flow wp-block-column-is-layout-flow\">\n<p class=\"has-small-font-size\"><\/p>\n\n\n\n<p class=\"has-cyan-bluish-gray-color has-text-color\"><\/p>\n\n\n\n<h3 class=\"wp-block-heading has-black-color has-text-color\"><\/h3>\n<\/div>\n\n\n\n<div class=\"wp-block-column is-layout-flow wp-block-column-is-layout-flow\">\n<figure class=\"wp-block-image size-full is-resized is-style-rounded\"><img loading=\"lazy\" decoding=\"async\" width=\"1920\" height=\"2560\" src=\"https:\/\/web.natur.cuni.cz\/cellbiol\/maseklab\/wp-content\/uploads\/2025\/05\/20250509_122315m-scaled.jpg\" alt=\"\" class=\"wp-image-5827\" style=\"object-fit:cover\" srcset=\"https:\/\/web.natur.cuni.cz\/cellbiol\/maseklab\/wp-content\/uploads\/2025\/05\/20250509_122315m-scaled.jpg 1920w, https:\/\/web.natur.cuni.cz\/cellbiol\/maseklab\/wp-content\/uploads\/2025\/05\/20250509_122315m-225x300.jpg 225w, https:\/\/web.natur.cuni.cz\/cellbiol\/maseklab\/wp-content\/uploads\/2025\/05\/20250509_122315m-768x1024.jpg 768w, https:\/\/web.natur.cuni.cz\/cellbiol\/maseklab\/wp-content\/uploads\/2025\/05\/20250509_122315m-1152x1536.jpg 1152w, https:\/\/web.natur.cuni.cz\/cellbiol\/maseklab\/wp-content\/uploads\/2025\/05\/20250509_122315m-1536x2048.jpg 1536w\" sizes=\"auto, (max-width: 1920px) 100vw, 1920px\" \/><\/figure>\n\n\n\n<h3 class=\"wp-block-heading has-black-color has-text-color\"><strong>Jana Smol\u00edkov\u00e1, PhD<\/strong><\/h3>\n\n\n\n<p>Lab manager<\/p>\n\n\n\n<p class=\"has-small-font-size\">j.smolikova@natur.cuni.cz<\/p>\n\n\n\n<p class=\"has-cyan-bluish-gray-color has-text-color\"><em>Hi, I\u2019m Jana Smol\u00edkov\u00e1. My research journey started at Charles University, where I earned my Ph.D. in Developmental Biology, focusing on eye evolution in jellyfish and mice in <a href=\"https:\/\/twitter.com\/KozmikLab\">Zbynek Kozmik\u00b4s lab<\/a>. Along the way, I\u2019ve had the chance to work on various exciting projects, including using medaka fish for genetic research and expanding my knowledge through research stays in Germany and Sweden.<br>I\u2019ve joined the Masek Lab to further explore new research directions. I\u2019m passionate about how molecular mechanisms drive biological processes, and I\u2019m always looking for ways to push the boundaries of what we know.<\/em><\/p>\n<\/div>\n\n\n\n<div class=\"wp-block-column is-layout-flow wp-block-column-is-layout-flow\">\n<p class=\"has-text-color\" style=\"color:#d7d7d7\"><\/p>\n<\/div>\n<\/div>\n\n\n\n<div style=\"height:20px\" aria-hidden=\"true\" class=\"wp-block-spacer\"><\/div>\n\n\n\n<div class=\"wp-block-columns alignwide is-layout-flex wp-container-core-columns-is-layout-9d6595d7 wp-block-columns-is-layout-flex\">\n<div class=\"wp-block-column is-layout-flow wp-block-column-is-layout-flow\"><\/div>\n\n\n\n<div class=\"wp-block-column is-layout-flow wp-block-column-is-layout-flow\"><\/div>\n<\/div>\n<\/div><\/div>\n\n\n\n<p><strong>ALUMNI<\/strong><\/p>\n\n\n\n<p><strong>Mgr. Eli\u0161ka Trampotov\u00e1<\/strong> &#8211; undergraduate student (Jag1 crew), now PhD student in <a href=\"https:\/\/rezacova.group.uochb.cz\/en\" data-type=\"link\" data-id=\"https:\/\/rezacova.group.uochb.cz\/en\">\u0158ez\u00e1\u010dov\u00e1 Lab<\/a><\/p>\n\n\n\n<p><strong>Mgr. Hana Haj\u0161manov\u00e1<\/strong> &#8211;  undergraduate student (Wntch crew), now PhD student in <a href=\"https:\/\/www.img.cas.cz\/group\/martina-huranova\/\" data-type=\"link\" data-id=\"https:\/\/www.img.cas.cz\/group\/martina-huranova\/\">Huranov\u00e1 Lab <\/a><\/p>\n\n\n\n<p><strong>Marian Herrera Bernils<\/strong> &#8211; Erasmus Student<\/p>\n\n\n\n<p><strong>Laura-Marie Selig<\/strong> &#8211; Erasmus Student<\/p>\n\n\n\n<p><strong>Franti\u0161ek Vost\u00e1rek, PhD<\/strong> &#8211; Lab manager <\/p>\n\n\n\n<p><strong>Wiktoria Sta\u0144ska<\/strong> &#8211; Erasmus Student<\/p>\n\n\n\n<p><strong>Teodor Traub<\/strong> &#8211; traubt@natur.cuni.cz &#8211; Bc student, continues as a master student in Petr Novak&#8217;s lab<\/p>\n\n\n\n<p class=\"has-text-align-center\">photo:<a href=\"https:\/\/julianavlckova.com\/\" data-type=\"link\" data-id=\"https:\/\/julianavlckova.com\/\"> juliana vlckova<\/a><\/p>\n\n\n<div class=\"wp-block-image\">\n<figure class=\"aligncenter size-large is-resized\"><img loading=\"lazy\" decoding=\"async\" width=\"1024\" height=\"793\" src=\"http:\/\/web.natur.cuni.cz\/cellbiol\/maseklab\/wp-content\/uploads\/2022\/06\/maseklab_2-1024x793.png\" alt=\"\" class=\"wp-image-5509\" style=\"width:318px;height:246px\" srcset=\"https:\/\/web.natur.cuni.cz\/cellbiol\/maseklab\/wp-content\/uploads\/2022\/06\/maseklab_2-1024x793.png 1024w, https:\/\/web.natur.cuni.cz\/cellbiol\/maseklab\/wp-content\/uploads\/2022\/06\/maseklab_2-300x232.png 300w, https:\/\/web.natur.cuni.cz\/cellbiol\/maseklab\/wp-content\/uploads\/2022\/06\/maseklab_2-768x595.png 768w, https:\/\/web.natur.cuni.cz\/cellbiol\/maseklab\/wp-content\/uploads\/2022\/06\/maseklab_2-1536x1189.png 1536w, https:\/\/web.natur.cuni.cz\/cellbiol\/maseklab\/wp-content\/uploads\/2022\/06\/maseklab_2.png 1843w\" sizes=\"auto, (max-width: 1024px) 100vw, 1024px\" \/><\/figure>\n<\/div>\n\n\n<figure class=\"wp-block-image size-full\"><img loading=\"lazy\" decoding=\"async\" width=\"2048\" height=\"1536\" src=\"https:\/\/web.natur.cuni.cz\/cellbiol\/maseklab\/wp-content\/uploads\/2026\/02\/shared-image-1.jpg\" alt=\"\" class=\"wp-image-5887\" srcset=\"https:\/\/web.natur.cuni.cz\/cellbiol\/maseklab\/wp-content\/uploads\/2026\/02\/shared-image-1.jpg 2048w, https:\/\/web.natur.cuni.cz\/cellbiol\/maseklab\/wp-content\/uploads\/2026\/02\/shared-image-1-300x225.jpg 300w, https:\/\/web.natur.cuni.cz\/cellbiol\/maseklab\/wp-content\/uploads\/2026\/02\/shared-image-1-1024x768.jpg 1024w, https:\/\/web.natur.cuni.cz\/cellbiol\/maseklab\/wp-content\/uploads\/2026\/02\/shared-image-1-768x576.jpg 768w, https:\/\/web.natur.cuni.cz\/cellbiol\/maseklab\/wp-content\/uploads\/2026\/02\/shared-image-1-1536x1152.jpg 1536w\" sizes=\"auto, (max-width: 2048px) 100vw, 2048px\" \/><\/figure>\n\n\n\n<figure class=\"wp-block-gallery aligncenter has-nested-images columns-default is-cropped wp-block-gallery-1 is-layout-flex wp-block-gallery-is-layout-flex\">\n<figure class=\"wp-block-image size-full\"><img loading=\"lazy\" decoding=\"async\" width=\"2048\" height=\"1536\" data-id=\"5890\" src=\"https:\/\/web.natur.cuni.cz\/cellbiol\/maseklab\/wp-content\/uploads\/2026\/02\/shared-image-3.jpg\" alt=\"\" class=\"wp-image-5890\" srcset=\"https:\/\/web.natur.cuni.cz\/cellbiol\/maseklab\/wp-content\/uploads\/2026\/02\/shared-image-3.jpg 2048w, https:\/\/web.natur.cuni.cz\/cellbiol\/maseklab\/wp-content\/uploads\/2026\/02\/shared-image-3-300x225.jpg 300w, https:\/\/web.natur.cuni.cz\/cellbiol\/maseklab\/wp-content\/uploads\/2026\/02\/shared-image-3-1024x768.jpg 1024w, https:\/\/web.natur.cuni.cz\/cellbiol\/maseklab\/wp-content\/uploads\/2026\/02\/shared-image-3-768x576.jpg 768w, https:\/\/web.natur.cuni.cz\/cellbiol\/maseklab\/wp-content\/uploads\/2026\/02\/shared-image-3-1536x1152.jpg 1536w\" sizes=\"auto, (max-width: 2048px) 100vw, 2048px\" \/><\/figure>\n\n\n\n<figure class=\"wp-block-image size-full\"><img loading=\"lazy\" decoding=\"async\" width=\"1600\" height=\"1200\" data-id=\"5889\" src=\"https:\/\/web.natur.cuni.cz\/cellbiol\/maseklab\/wp-content\/uploads\/2026\/02\/Media.jpg\" alt=\"\" class=\"wp-image-5889\" srcset=\"https:\/\/web.natur.cuni.cz\/cellbiol\/maseklab\/wp-content\/uploads\/2026\/02\/Media.jpg 1600w, https:\/\/web.natur.cuni.cz\/cellbiol\/maseklab\/wp-content\/uploads\/2026\/02\/Media-300x225.jpg 300w, https:\/\/web.natur.cuni.cz\/cellbiol\/maseklab\/wp-content\/uploads\/2026\/02\/Media-1024x768.jpg 1024w, https:\/\/web.natur.cuni.cz\/cellbiol\/maseklab\/wp-content\/uploads\/2026\/02\/Media-768x576.jpg 768w, https:\/\/web.natur.cuni.cz\/cellbiol\/maseklab\/wp-content\/uploads\/2026\/02\/Media-1536x1152.jpg 1536w\" sizes=\"auto, (max-width: 1600px) 100vw, 1600px\" \/><\/figure>\n<\/figure>\n\n\n\n<figure class=\"wp-block-gallery has-nested-images columns-default is-cropped wp-block-gallery-2 is-layout-flex wp-block-gallery-is-layout-flex\">\n<figure class=\"wp-block-image size-large is-resized is-style-default\"><img loading=\"lazy\" decoding=\"async\" width=\"1024\" height=\"692\" data-id=\"5691\" src=\"https:\/\/web.natur.cuni.cz\/cellbiol\/maseklab\/wp-content\/uploads\/2024\/03\/Image-1024x692.jpg\" alt=\"\" class=\"wp-image-5691\" style=\"width:auto;height:500px\" srcset=\"https:\/\/web.natur.cuni.cz\/cellbiol\/maseklab\/wp-content\/uploads\/2024\/03\/Image-1024x692.jpg 1024w, https:\/\/web.natur.cuni.cz\/cellbiol\/maseklab\/wp-content\/uploads\/2024\/03\/Image-300x203.jpg 300w, https:\/\/web.natur.cuni.cz\/cellbiol\/maseklab\/wp-content\/uploads\/2024\/03\/Image-768x519.jpg 768w, https:\/\/web.natur.cuni.cz\/cellbiol\/maseklab\/wp-content\/uploads\/2024\/03\/Image-1536x1038.jpg 1536w, https:\/\/web.natur.cuni.cz\/cellbiol\/maseklab\/wp-content\/uploads\/2024\/03\/Image.jpg 1818w\" sizes=\"auto, (max-width: 1024px) 100vw, 1024px\" \/><\/figure>\n\n\n\n<figure class=\"wp-block-image size-large is-resized\"><img loading=\"lazy\" decoding=\"async\" width=\"1024\" height=\"768\" data-id=\"5624\" src=\"https:\/\/web.natur.cuni.cz\/cellbiol\/maseklab\/wp-content\/uploads\/2023\/11\/IMG_20230311_151101_cr_m-1024x768.jpg\" alt=\"\" class=\"wp-image-5624\" style=\"width:auto;height:500px\" srcset=\"https:\/\/web.natur.cuni.cz\/cellbiol\/maseklab\/wp-content\/uploads\/2023\/11\/IMG_20230311_151101_cr_m-1024x768.jpg 1024w, https:\/\/web.natur.cuni.cz\/cellbiol\/maseklab\/wp-content\/uploads\/2023\/11\/IMG_20230311_151101_cr_m-300x225.jpg 300w, https:\/\/web.natur.cuni.cz\/cellbiol\/maseklab\/wp-content\/uploads\/2023\/11\/IMG_20230311_151101_cr_m-768x576.jpg 768w, https:\/\/web.natur.cuni.cz\/cellbiol\/maseklab\/wp-content\/uploads\/2023\/11\/IMG_20230311_151101_cr_m-1536x1152.jpg 1536w, https:\/\/web.natur.cuni.cz\/cellbiol\/maseklab\/wp-content\/uploads\/2023\/11\/IMG_20230311_151101_cr_m-2048x1536.jpg 2048w\" sizes=\"auto, (max-width: 1024px) 100vw, 1024px\" \/><\/figure>\n<\/figure>\n\n\n\n<p><\/p>\n","protected":false},"excerpt":{"rendered":"<p>MSc, Anna Maria Frontino Phd Student frontina@natur.cuni.cz I have always been interested in cell biology as well as molecular mechanisms underlying mammal development. During my bachelor&#8217;s and M.Sc internships in Federico Cremisi&#8217;s lab at the University of Pisa, where I focused on the role of transcription factor ZBTB20 in human neurogenesis using a hiPSC-derived model [&hellip;]<\/p>\n","protected":false},"author":1,"featured_media":0,"parent":0,"menu_order":0,"comment_status":"closed","ping_status":"closed","template":"","meta":{"_uag_custom_page_level_css":"","footnotes":""},"class_list":["post-42","page","type-page","status-publish","hentry"],"uagb_featured_image_src":{"full":false,"thumbnail":false,"medium":false,"medium_large":false,"large":false,"1536x1536":false,"2048x2048":false},"uagb_author_info":{"display_name":"janmas","author_link":"https:\/\/web.natur.cuni.cz\/cellbiol\/maseklab\/author\/janmas\/"},"uagb_comment_info":0,"uagb_excerpt":"MSc, Anna Maria Frontino Phd Student frontina@natur.cuni.cz I have always been interested in cell biology as well as molecular mechanisms underlying mammal development. During my bachelor&#8217;s and M.Sc internships in Federico Cremisi&#8217;s lab at the University of Pisa, where I focused on the role of transcription factor ZBTB20 in human neurogenesis using a hiPSC-derived model&hellip;","_links":{"self":[{"href":"https:\/\/web.natur.cuni.cz\/cellbiol\/maseklab\/wp-json\/wp\/v2\/pages\/42","targetHints":{"allow":["GET"]}}],"collection":[{"href":"https:\/\/web.natur.cuni.cz\/cellbiol\/maseklab\/wp-json\/wp\/v2\/pages"}],"about":[{"href":"https:\/\/web.natur.cuni.cz\/cellbiol\/maseklab\/wp-json\/wp\/v2\/types\/page"}],"author":[{"embeddable":true,"href":"https:\/\/web.natur.cuni.cz\/cellbiol\/maseklab\/wp-json\/wp\/v2\/users\/1"}],"replies":[{"embeddable":true,"href":"https:\/\/web.natur.cuni.cz\/cellbiol\/maseklab\/wp-json\/wp\/v2\/comments?post=42"}],"version-history":[{"count":41,"href":"https:\/\/web.natur.cuni.cz\/cellbiol\/maseklab\/wp-json\/wp\/v2\/pages\/42\/revisions"}],"predecessor-version":[{"id":5891,"href":"https:\/\/web.natur.cuni.cz\/cellbiol\/maseklab\/wp-json\/wp\/v2\/pages\/42\/revisions\/5891"}],"wp:attachment":[{"href":"https:\/\/web.natur.cuni.cz\/cellbiol\/maseklab\/wp-json\/wp\/v2\/media?parent=42"}],"curies":[{"name":"wp","href":"https:\/\/api.w.org\/{rel}","templated":true}]}}