{"id":4910,"date":"2021-01-20T09:34:59","date_gmt":"2021-01-20T08:34:59","guid":{"rendered":"https:\/\/ukazky.euweb.cz\/?page_id=4910"},"modified":"2025-08-06T08:00:55","modified_gmt":"2025-08-06T08:00:55","slug":"cooperations","status":"publish","type":"page","link":"https:\/\/web.natur.cuni.cz\/cellbiol\/maseklab\/cooperations\/","title":{"rendered":"Collaborations"},"content":{"rendered":"\n<p class=\"has-text-align-center\">David Sprinzak, Tel Aviv Uni, IL<br>Jakub &#8220;James&#8221; Harno\u0161 lab, MUNI<br>Cecilia Sahlgren Lab, Abo Akademi, FIN<br>Amelie Stalke, Hannover, DE<br>Jan Dobe\u0161 lab, CUNI<br>Martin Gregor lab, IMG ASCR<br>Giovanna Collu, Marek Mlodzik Lab, Mount Sinai, US<br>Marian Novotn\u00fd Lab, CUNI<br>Gabriela Pavlinkova Lab, BTU ASCR<br>Hana Kolesova Lab, 1. FM, CUNI<br>Emma R Andersson Lab, KI, SWE<br>Vi\u0165a Bryja lab, MUNI<br>Tom\u00e1\u0161 B\u00e1rta Lab, MUNI<br><\/p>\n\n\n<div class=\"wp-block-image\">\n<figure class=\"aligncenter size-large is-resized\"><img loading=\"lazy\" decoding=\"async\" width=\"1024\" height=\"793\" src=\"http:\/\/web.natur.cuni.cz\/cellbiol\/maseklab\/wp-content\/uploads\/2022\/06\/maseklab_2-1024x793.png\" alt=\"\" class=\"wp-image-5509\" style=\"width:146px;height:auto\" srcset=\"https:\/\/web.natur.cuni.cz\/cellbiol\/maseklab\/wp-content\/uploads\/2022\/06\/maseklab_2-1024x793.png 1024w, https:\/\/web.natur.cuni.cz\/cellbiol\/maseklab\/wp-content\/uploads\/2022\/06\/maseklab_2-300x232.png 300w, https:\/\/web.natur.cuni.cz\/cellbiol\/maseklab\/wp-content\/uploads\/2022\/06\/maseklab_2-768x595.png 768w, https:\/\/web.natur.cuni.cz\/cellbiol\/maseklab\/wp-content\/uploads\/2022\/06\/maseklab_2-1536x1189.png 1536w, https:\/\/web.natur.cuni.cz\/cellbiol\/maseklab\/wp-content\/uploads\/2022\/06\/maseklab_2.png 1843w\" sizes=\"auto, (max-width: 1024px) 100vw, 1024px\" \/><\/figure>\n<\/div>\n\n\n<p><\/p>\n","protected":false},"excerpt":{"rendered":"<p>David Sprinzak, Tel Aviv Uni, ILJakub &#8220;James&#8221; Harno\u0161 lab, MUNICecilia Sahlgren Lab, Abo Akademi, FINAmelie Stalke, Hannover, DEJan Dobe\u0161 lab, CUNIMartin Gregor lab, IMG ASCRGiovanna Collu, Marek Mlodzik Lab, Mount Sinai, USMarian Novotn\u00fd Lab, CUNIGabriela Pavlinkova Lab, BTU ASCRHana Kolesova Lab, 1. FM, CUNIEmma R Andersson Lab, KI, SWEVi\u0165a Bryja lab, MUNITom\u00e1\u0161 B\u00e1rta Lab, MUNI<\/p>\n","protected":false},"author":1,"featured_media":0,"parent":0,"menu_order":0,"comment_status":"closed","ping_status":"closed","template":"","meta":{"_uag_custom_page_level_css":"","footnotes":""},"class_list":["post-4910","page","type-page","status-publish","hentry"],"uagb_featured_image_src":{"full":false,"thumbnail":false,"medium":false,"medium_large":false,"large":false,"1536x1536":false,"2048x2048":false},"uagb_author_info":{"display_name":"janmas","author_link":"https:\/\/web.natur.cuni.cz\/cellbiol\/maseklab\/author\/janmas\/"},"uagb_comment_info":0,"uagb_excerpt":"David Sprinzak, Tel Aviv Uni, ILJakub &#8220;James&#8221; Harno\u0161 lab, MUNICecilia Sahlgren Lab, Abo Akademi, FINAmelie Stalke, Hannover, DEJan Dobe\u0161 lab, CUNIMartin Gregor lab, IMG ASCRGiovanna Collu, Marek Mlodzik Lab, Mount Sinai, USMarian Novotn\u00fd Lab, CUNIGabriela Pavlinkova Lab, BTU ASCRHana Kolesova Lab, 1. FM, CUNIEmma R Andersson Lab, KI, SWEVi\u0165a Bryja lab, MUNITom\u00e1\u0161 B\u00e1rta Lab, MUNI","_links":{"self":[{"href":"https:\/\/web.natur.cuni.cz\/cellbiol\/maseklab\/wp-json\/wp\/v2\/pages\/4910","targetHints":{"allow":["GET"]}}],"collection":[{"href":"https:\/\/web.natur.cuni.cz\/cellbiol\/maseklab\/wp-json\/wp\/v2\/pages"}],"about":[{"href":"https:\/\/web.natur.cuni.cz\/cellbiol\/maseklab\/wp-json\/wp\/v2\/types\/page"}],"author":[{"embeddable":true,"href":"https:\/\/web.natur.cuni.cz\/cellbiol\/maseklab\/wp-json\/wp\/v2\/users\/1"}],"replies":[{"embeddable":true,"href":"https:\/\/web.natur.cuni.cz\/cellbiol\/maseklab\/wp-json\/wp\/v2\/comments?post=4910"}],"version-history":[{"count":17,"href":"https:\/\/web.natur.cuni.cz\/cellbiol\/maseklab\/wp-json\/wp\/v2\/pages\/4910\/revisions"}],"predecessor-version":[{"id":5869,"href":"https:\/\/web.natur.cuni.cz\/cellbiol\/maseklab\/wp-json\/wp\/v2\/pages\/4910\/revisions\/5869"}],"wp:attachment":[{"href":"https:\/\/web.natur.cuni.cz\/cellbiol\/maseklab\/wp-json\/wp\/v2\/media?parent=4910"}],"curies":[{"name":"wp","href":"https:\/\/api.w.org\/{rel}","templated":true}]}}