{"id":4961,"date":"2021-01-20T11:10:09","date_gmt":"2021-01-20T10:10:09","guid":{"rendered":"https:\/\/ukazky.euweb.cz\/?page_id=4961"},"modified":"2024-09-13T07:22:34","modified_gmt":"2024-09-13T07:22:34","slug":"teaching","status":"publish","type":"page","link":"https:\/\/web.natur.cuni.cz\/cellbiol\/maseklab\/teaching\/","title":{"rendered":"Teaching"},"content":{"rendered":"\n<div class=\"wp-block-group\"><div class=\"wp-block-group__inner-container is-layout-constrained wp-block-group-is-layout-constrained\">\n<div class=\"wp-block-uagb-image aligncenter uagb-block-8ad14251 wp-block-uagb-image--layout-default wp-block-uagb-image--effect-static wp-block-uagb-image--align-center\"><figure class=\"wp-block-uagb-image__figure\"><img decoding=\"async\" srcset=\"https:\/\/web.natur.cuni.cz\/cellbiol\/maseklab\/wp-content\/uploads\/2020\/10\/Screenshot_10-e1603141435204.png ,https:\/\/web.natur.cuni.cz\/cellbiol\/maseklab\/wp-content\/uploads\/2020\/10\/Screenshot_10-e1603141435204.png 780w, https:\/\/web.natur.cuni.cz\/cellbiol\/maseklab\/wp-content\/uploads\/2020\/10\/Screenshot_10-e1603141435204.png 360w\" sizes=\"auto, (max-width: 480px) 150px\" src=\"https:\/\/web.natur.cuni.cz\/cellbiol\/maseklab\/wp-content\/uploads\/2020\/10\/Screenshot_10-e1603141435204.png\" alt=\"\" class=\"uag-image-143\" width=\"259\" height=\"341\" title=\"Screenshot_10\" loading=\"lazy\" role=\"img\"\/><\/figure><\/div>\n<\/div><\/div>\n\n\n\n<p class=\"has-text-align-center has-medium-font-size\"><strong>Signaling pathways in developmental disorders<\/strong><\/p>\n\n\n\n<p class=\"has-text-align-center\">Winter semester, Msc.\/PhD students.<\/p>\n\n\n\n<div style=\"height:50px\" aria-hidden=\"true\" class=\"wp-block-spacer\"><\/div>\n\n\n\n<h2 class=\"wp-block-heading has-text-align-center\">List of our courses<\/h2>\n\n\n\n<figure class=\"wp-block-table is-style-stripes\"><table><thead><tr><th class=\"has-text-align-left\" data-align=\"left\">Course<\/th><th class=\"has-text-align-left\" data-align=\"left\">Name<\/th><th class=\"has-text-align-left\" data-align=\"left\">Semester<\/th><th class=\"has-text-align-left\" data-align=\"left\">Language<\/th><\/tr><\/thead><tbody><tr><td class=\"has-text-align-left\" data-align=\"left\"><a href=\"https:\/\/is.cuni.cz\/studium\/predmety\/redir.php?id=4aa0da7b1f0e25504b6179fd53c9a4a8&amp;tid=&amp;redir=predmet&amp;kod=MB151P139E&amp;referrer=predmety\">MB151P139E<\/a><\/td><td class=\"has-text-align-left\" data-align=\"left\">Signaling pathways in developmental disorders<\/td><td class=\"has-text-align-left\" data-align=\"left\">winter<\/td><td class=\"has-text-align-left\" data-align=\"left\">English<\/td><\/tr><tr><td class=\"has-text-align-left\" data-align=\"left\"><a href=\"https:\/\/is.cuni.cz\/studium\/predmety\/redir.php?id=c114bd4c26662440adb11ede00a029b4&amp;tid=&amp;redir=predmet&amp;kod=MB151P117E&amp;referrer=predmety\">MB151P117E<\/a><\/td><td class=\"has-text-align-left\" data-align=\"left\">Advances in developmental biology<\/td><td class=\"has-text-align-left\" data-align=\"left\">winter<\/td><td class=\"has-text-align-left\" data-align=\"left\">English<\/td><\/tr><tr><td class=\"has-text-align-left\" data-align=\"left\"><a href=\"https:\/\/is.cuni.cz\/studium\/predmety\/redir.php?id=c114bd4c26662440adb11ede00a029b4&amp;tid=&amp;redir=predmet&amp;kod=MB151S11&amp;referrer=predmety\">MB151S11<\/a><\/td><td class=\"has-text-align-left\" data-align=\"left\"><a href=\"https:\/\/is.cuni.cz\/studium\/predmety\/redir.php?id=c114bd4c26662440adb11ede00a029b4&amp;tid=&amp;redir=predmet&amp;kod=MB151S11&amp;referrer=predmety\"><\/a><br>Odborn\u00fd semin\u00e1\u0159 programu bun\u011b\u010dn\u00e1 biologie I-IV<\/td><td class=\"has-text-align-left\" data-align=\"left\">winter\/summer<\/td><td class=\"has-text-align-left\" data-align=\"left\">Czech\/English<\/td><\/tr><tr><td class=\"has-text-align-left\" data-align=\"left\"><a href=\"https:\/\/is.cuni.cz\/studium\/predmety\/redir.php?id=c114bd4c26662440adb11ede00a029b4&amp;tid=&amp;redir=predmet&amp;kod=MB150S01&amp;referrer=predmety\">MB150S01<\/a><\/td><td class=\"has-text-align-left\" data-align=\"left\">Odborn\u00fd semin\u00e1\u0159 z oboru bun\u011b\u010dn\u00e1 a v\u00fdvojov\u00e1 biologie 1-4<\/td><td class=\"has-text-align-left\" data-align=\"left\">winter\/summer<\/td><td class=\"has-text-align-left\" data-align=\"left\"><br>Czech\/English<\/td><\/tr><tr><td class=\"has-text-align-left\" data-align=\"left\"><a href=\"https:\/\/is.cuni.cz\/studium\/predmety\/redir.php?id=c114bd4c26662440adb11ede00a029b4&amp;tid=&amp;redir=predmet&amp;kod=MB151S06&amp;referrer=predmety\">MB151S06<\/a><\/td><td class=\"has-text-align-left\" data-align=\"left\">Odborn\u00fd semin\u00e1\u0159 programu reproduk\u010dn\u00ed a v\u00fdvojov\u00e1 biologie II, IV<\/td><td class=\"has-text-align-left\" data-align=\"left\">summer<\/td><td class=\"has-text-align-left\" data-align=\"left\"><br>Czech\/English<\/td><\/tr><\/tbody><\/table><\/figure>\n\n\n\n<p><\/p>\n","protected":false},"excerpt":{"rendered":"<p>Signaling pathways in developmental disorders Winter semester, Msc.\/PhD students. List of our courses Course Name Semester Language MB151P139E Signaling pathways in developmental disorders winter English MB151P117E Advances in developmental biology winter English MB151S11 Odborn\u00fd semin\u00e1\u0159 programu bun\u011b\u010dn\u00e1 biologie I-IV winter\/summer Czech\/English MB150S01 Odborn\u00fd semin\u00e1\u0159 z oboru bun\u011b\u010dn\u00e1 a v\u00fdvojov\u00e1 biologie 1-4 winter\/summer Czech\/English MB151S06 Odborn\u00fd [&hellip;]<\/p>\n","protected":false},"author":1,"featured_media":0,"parent":0,"menu_order":0,"comment_status":"closed","ping_status":"closed","template":"","meta":{"_uag_custom_page_level_css":"","footnotes":""},"class_list":["post-4961","page","type-page","status-publish","hentry"],"uagb_featured_image_src":{"full":false,"thumbnail":false,"medium":false,"medium_large":false,"large":false,"1536x1536":false,"2048x2048":false},"uagb_author_info":{"display_name":"janmas","author_link":"https:\/\/web.natur.cuni.cz\/cellbiol\/maseklab\/author\/janmas\/"},"uagb_comment_info":0,"uagb_excerpt":"Signaling pathways in developmental disorders Winter semester, Msc.\/PhD students. List of our courses Course Name Semester Language MB151P139E Signaling pathways in developmental disorders winter English MB151P117E Advances in developmental biology winter English MB151S11 Odborn\u00fd semin\u00e1\u0159 programu bun\u011b\u010dn\u00e1 biologie I-IV winter\/summer Czech\/English MB150S01 Odborn\u00fd semin\u00e1\u0159 z oboru bun\u011b\u010dn\u00e1 a v\u00fdvojov\u00e1 biologie 1-4 winter\/summer Czech\/English MB151S06 Odborn\u00fd&hellip;","_links":{"self":[{"href":"https:\/\/web.natur.cuni.cz\/cellbiol\/maseklab\/wp-json\/wp\/v2\/pages\/4961","targetHints":{"allow":["GET"]}}],"collection":[{"href":"https:\/\/web.natur.cuni.cz\/cellbiol\/maseklab\/wp-json\/wp\/v2\/pages"}],"about":[{"href":"https:\/\/web.natur.cuni.cz\/cellbiol\/maseklab\/wp-json\/wp\/v2\/types\/page"}],"author":[{"embeddable":true,"href":"https:\/\/web.natur.cuni.cz\/cellbiol\/maseklab\/wp-json\/wp\/v2\/users\/1"}],"replies":[{"embeddable":true,"href":"https:\/\/web.natur.cuni.cz\/cellbiol\/maseklab\/wp-json\/wp\/v2\/comments?post=4961"}],"version-history":[{"count":7,"href":"https:\/\/web.natur.cuni.cz\/cellbiol\/maseklab\/wp-json\/wp\/v2\/pages\/4961\/revisions"}],"predecessor-version":[{"id":5781,"href":"https:\/\/web.natur.cuni.cz\/cellbiol\/maseklab\/wp-json\/wp\/v2\/pages\/4961\/revisions\/5781"}],"wp:attachment":[{"href":"https:\/\/web.natur.cuni.cz\/cellbiol\/maseklab\/wp-json\/wp\/v2\/media?parent=4961"}],"curies":[{"name":"wp","href":"https:\/\/api.w.org\/{rel}","templated":true}]}}