{"id":2,"date":"2023-01-04T08:34:38","date_gmt":"2023-01-04T08:34:38","guid":{"rendered":"https:\/\/web.natur.cuni.cz\/cellbiol\/sigdd\/?page_id=2"},"modified":"2023-11-21T11:20:30","modified_gmt":"2023-11-21T11:20:30","slug":"sample-page","status":"publish","type":"page","link":"https:\/\/web.natur.cuni.cz\/cellbiol\/sigdd\/sample-page\/","title":{"rendered":"Program of the SigDD 2022 conference"},"content":{"rendered":"\n<h1 class=\"wp-block-heading\"><\/h1>\n\n\n\n<p><strong>Friday:<\/strong><\/p>\n\n\n\n<p><strong>Session 1 (10:30 &#8211; 11:00)<\/strong><\/p>\n\n\n\n<p>10:30 &#8211; 11:00 &#8211; Welcome, org. announcements<\/p>\n\n\n\n<p>11:00 &#8211; 12:00 &#8211; keynote speaker &#8211; <strong>Emma R. Andersson<\/strong>, KI, Sweden<\/p>\n\n\n\n<ul class=\"wp-block-list\">\n<li><em>Lunch break (11:00 <\/em><strong><em>&#8211; <\/em><\/strong><em>13:00)<\/em><\/li>\n<\/ul>\n\n\n\n<p><strong>Session 2 (13:00 &#8211; 15:00)<\/strong><\/p>\n\n\n\n<p>Lucia Bin\u00f3 &amp; Luk\u00e1\u0161 \u010caj\u00e1nek<br><em>Modelling the loss of ciliary function using human pluripotent stem cells.<\/em><\/p>\n\n\n\n<p>Dan Rozbesk\u00fd<br><em>Semaphorins and plexins are orchestrating signalling in time and space.<\/em><\/p>\n\n\n\n<p>Hana Ple\u0161ingerov\u00e1<br><em>CK1 regulates microenvironmental interactions of chronic lymphocytic leukaemia cells via the NF-kB signalling pathway.<\/em><\/p>\n\n\n\n<p>Tereza Michal\u010dikov\u00e1<br><em>Cullin 4 in craniofacial development.<\/em><\/p>\n\n\n\n<p>Vendula Posp\u00edchalov\u00e1 &amp; Anna Vyhl\u00eddalov\u00e1 Kotrbov\u00e1<br><em>Extracellular vesicles in ovarian cancer.<\/em><\/p>\n\n\n\n<p>Josef Lavick\u00fd<br><em>Differentiation of pluripotent stem cells using odontoblasts-specific transcription factors.<\/em><\/p>\n\n\n\n<ul class=\"wp-block-list\">\n<li><em>Coffee break (15:00 \u2013 15:20)&nbsp;<\/em><\/li>\n<\/ul>\n\n\n\n<p><strong>Session 3 (15:20 &#8211; 16:20)<\/strong><\/p>\n\n\n\n<p>15:20 &#8211; 16:20 &#8211; keynote speaker &#8211; <strong>Andreas Moor<\/strong>, ETH, Switzerland<\/p>\n\n\n\n<ul class=\"wp-block-list\">\n<li><em>&nbsp;Coffee break (16:20-16:40)&nbsp;<\/em><\/li>\n<\/ul>\n\n\n\n<p><strong>Session 4 (16:40 &#8211; 18:20)<\/strong><\/p>\n\n\n\n<p>Tom\u00e1\u0161 B\u00e1rta<br><em>Exploring the Role of TMEM107 in Retinal Development and Disease Using Human Retinal Organoid Model.<\/em><\/p>\n\n\n\n<p>Veronika Iatsiuk<br><em>The role of Cullin4 in the colorectal cancer development.<\/em><\/p>\n\n\n\n<p>Marcos Gonz\u00e1lez L\u00f3pez<br><em>Mechanosensing in continuously growing teeth<\/em><\/p>\n\n\n\n<p>Daniel Oliveira &amp; Anna Maria Frontino &amp; Fabio Turetti<\/p>\n\n\n\n<p><em>Jagged1 ICD signaling in mouse liver development and disease.<\/em><\/p>\n\n\n\n<p>Miles Raishbrook<br><em>Fam84b in retinal development and homeostasis.<\/em><\/p>\n\n\n\n<ul class=\"wp-block-list\">\n<li><em>Dinner, beers and mingle (19:00 &#8211; ?)&nbsp;<\/em><\/li>\n<\/ul>\n\n\n\n<p><strong>Saturday:<\/strong><\/p>\n\n\n\n<p><strong>Session 1 (9:00 &#8211; 10:20)<\/strong><\/p>\n\n\n\n<p>Kamila Weissov\u00e1<br><em>LuminoCell: Versatile and Affordable Platform for Real-Time Monitoring of Luciferase-Based Reporters.<\/em><\/p>\n\n\n\n<p>Raveendra Babu Mokhamatam<br><em>Uncovering of Missing Genetic Components of Juvenile Hormone Signalling using High-Throughput RNAi Screen.<\/em><\/p>\n\n\n\n<p>Apolena Zounarov\u00e1<br><em>SEL-5 kinase with the retromer complex regulates QL.d migration and excretory cell outgrowth.<\/em><\/p>\n\n\n\n<p>Ond\u0159ej Macho\u0148<br><em>Meis in craniofacial development<\/em><\/p>\n\n\n\n<ul class=\"wp-block-list\">\n<li><em>Coffee break (10:20-10:40)&nbsp;<\/em><\/li>\n<\/ul>\n\n\n\n<p><strong>Session 2 (10:40 &#8211; 12:00)<\/strong><\/p>\n\n\n\n<p>Jolana Ture\u010dkov\u00e1<br><em>Looping morphogenesis of the embryonic gut is orchestrated by Atf2-dependent mesentery differentiation.<\/em><\/p>\n\n\n\n<p>Matea Brezak<br><em>Development of a breast cancer EKAREV-NLS biosensor mouse strain.<\/em><\/p>\n\n\n\n<p>David Vyslou\u017eil<br><em>Tau-Tubulin Kinase 2 in cilia formation and disease.<\/em><\/p>\n\n\n\n<p>Goretti Aranaz<br><em>Cytoplasmic polyadenylation by TENT5A is essential for teeth and bone formation.<\/em><\/p>\n\n\n\n<ul class=\"wp-block-list\">\n<li><em>Lunch break (12:00-13:00)<\/em><\/li>\n<\/ul>\n\n\n\n<p><strong>Session 3 (13:00 &#8211; 15:20)<\/strong><\/p>\n\n\n\n<p>Antonia Mikulov\u00e1<br><em>In vivo response of B and T cell populations to CK1 inhibition in E\u00b5-TCL1 model of chronic lymphocytic leukaemia.<\/em><\/p>\n\n\n\n<p>Tom\u00e1\u0161 Gybe\u013e &amp; Marek Kravec<br><em>Molecular and functional analysis of Casein kinase 1 and Dishevelled biology.<\/em><\/p>\n\n\n\n<p>Blanka Mr\u00e1zov\u00e1<br><em>The Role of Trabd2b in Mouse Brain and Head Development.<\/em><\/p>\n\n\n\n<p>Ond\u0159ej Bernatik<br><em>Ciliogenesis is accompanied by centriolar protein complexes remodelling.<\/em><\/p>\n\n\n\n<p>Monika \u0160tastn\u00e1<br><em>Cellular heterogeneity of early intestinal lesions.<\/em><\/p>\n\n\n\n<p>Bohumil Faf\u00edlek<br><em>FGF signaling: challenges and opportunities.<\/em><\/p>\n\n\n\n<ul class=\"wp-block-list\">\n<li>Closing remarks &amp; free program.<\/li>\n<\/ul>\n\n\n\n<p>Possibility of an organized visit to the \u017deliv Monastery Brewery.<br><strong>Check out<\/strong><strong><\/strong><\/p>\n","protected":false},"excerpt":{"rendered":"<p>Friday: Session 1 (10:30 &#8211; 11:00) 10:30 &#8211; 11:00 &#8211; Welcome, org. announcements 11:00 &#8211; 12:00 &#8211; keynote speaker &#8211; Emma R. Andersson, KI, Sweden Session 2 (13:00 &#8211; 15:00) Lucia Bin\u00f3 &amp; Luk\u00e1\u0161 \u010caj\u00e1nekModelling the loss of ciliary function using human pluripotent stem cells. Dan Rozbesk\u00fdSemaphorins and plexins are orchestrating signalling in time and [&hellip;]<\/p>\n","protected":false},"author":1,"featured_media":0,"parent":0,"menu_order":0,"comment_status":"closed","ping_status":"open","template":"","meta":{"_uag_custom_page_level_css":"","footnotes":""},"class_list":["post-2","page","type-page","status-publish","hentry"],"uagb_featured_image_src":{"full":false,"thumbnail":false,"medium":false,"medium_large":false,"large":false,"1536x1536":false,"2048x2048":false},"uagb_author_info":{"display_name":"masekja1","author_link":"https:\/\/web.natur.cuni.cz\/cellbiol\/sigdd\/author\/masekja1\/"},"uagb_comment_info":0,"uagb_excerpt":"Friday: Session 1 (10:30 &#8211; 11:00) 10:30 &#8211; 11:00 &#8211; Welcome, org. announcements 11:00 &#8211; 12:00 &#8211; keynote speaker &#8211; Emma R. Andersson, KI, Sweden Session 2 (13:00 &#8211; 15:00) Lucia Bin\u00f3 &amp; Luk\u00e1\u0161 \u010caj\u00e1nekModelling the loss of ciliary function using human pluripotent stem cells. Dan Rozbesk\u00fdSemaphorins and plexins are orchestrating signalling in time and&hellip;","_links":{"self":[{"href":"https:\/\/web.natur.cuni.cz\/cellbiol\/sigdd\/wp-json\/wp\/v2\/pages\/2","targetHints":{"allow":["GET"]}}],"collection":[{"href":"https:\/\/web.natur.cuni.cz\/cellbiol\/sigdd\/wp-json\/wp\/v2\/pages"}],"about":[{"href":"https:\/\/web.natur.cuni.cz\/cellbiol\/sigdd\/wp-json\/wp\/v2\/types\/page"}],"author":[{"embeddable":true,"href":"https:\/\/web.natur.cuni.cz\/cellbiol\/sigdd\/wp-json\/wp\/v2\/users\/1"}],"replies":[{"embeddable":true,"href":"https:\/\/web.natur.cuni.cz\/cellbiol\/sigdd\/wp-json\/wp\/v2\/comments?post=2"}],"version-history":[{"count":4,"href":"https:\/\/web.natur.cuni.cz\/cellbiol\/sigdd\/wp-json\/wp\/v2\/pages\/2\/revisions"}],"predecessor-version":[{"id":6027,"href":"https:\/\/web.natur.cuni.cz\/cellbiol\/sigdd\/wp-json\/wp\/v2\/pages\/2\/revisions\/6027"}],"wp:attachment":[{"href":"https:\/\/web.natur.cuni.cz\/cellbiol\/sigdd\/wp-json\/wp\/v2\/media?parent=2"}],"curies":[{"name":"wp","href":"https:\/\/api.w.org\/{rel}","templated":true}]}}