{"id":5469,"date":"2021-01-20T11:10:09","date_gmt":"2021-01-20T11:10:09","guid":{"rendered":"https:\/\/ukazky.euweb.cz\/?page_id=4961"},"modified":"2024-01-21T19:06:01","modified_gmt":"2024-01-21T19:06:01","slug":"venue","status":"publish","type":"page","link":"https:\/\/web.natur.cuni.cz\/cellbiol\/sigdd\/venue\/","title":{"rendered":"Venue"},"content":{"rendered":"\n<div class=\"wp-block-media-text alignwide is-stacked-on-mobile is-vertically-aligned-center\" style=\"grid-template-columns:46% auto\"><figure class=\"wp-block-media-text__media\"><img loading=\"lazy\" decoding=\"async\" width=\"270\" height=\"285\" src=\"https:\/\/web.natur.cuni.cz\/cellbiol\/sigdd\/wp-content\/uploads\/2023\/11\/telc-photo-1.jpg\" alt=\"\" class=\"wp-image-5983 size-full\"\/><\/figure><div class=\"wp-block-media-text__content\">\n<p class=\"has-medium-font-size\"><strong>Conference Venue<\/strong><\/p>\n<\/div><\/div>\n\n\n\n<div style=\"height:74px\" aria-hidden=\"true\" class=\"wp-block-spacer\"><\/div>\n\n\n\n<p class=\"has-text-align-left\" style=\"font-size:30px\">The conference will take place  in the picturesque town of <strong>Tel\u010d <\/strong>in the University center that serves as both educational and cultural hub. The center was established by Masaryk University in the former Jesuit College<\/p>\n\n\n\n<p class=\"has-text-align-left\" style=\"font-size:25px\">University Center Tel\u010d<br>N\u00e1m\u011bst\u00ed Zachari\u00e1\u0161e z Hradce 2<br>588 56 Tel\u010d, Czech Republic<br>Telefon: +420 549 491 140, +420 549 491 141<br>E-mail: info@telc.muni.cz<\/p>\n\n\n\n<p style=\"font-size:30px\">Webpage: <a href=\"https:\/\/www.uct.muni.cz\/en\" data-type=\"link\" data-id=\"https:\/\/www.uct.muni.cz\/en\">https:\/\/www.uct.muni.cz\/en<\/a><\/p>\n\n\n\n<hr class=\"wp-block-separator aligncenter has-alpha-channel-opacity is-style-wide\"\/>\n\n\n\n<div style=\"height:29px\" aria-hidden=\"true\" class=\"wp-block-spacer\"><\/div>\n\n\n\n<div class=\"wp-block-uagb-image uagb-block-2f85d7d0 wp-block-uagb-image--layout-default wp-block-uagb-image--effect-static wp-block-uagb-image--align-none\"><figure class=\"wp-block-uagb-image__figure\"><img decoding=\"async\" srcset=\"https:\/\/web.natur.cuni.cz\/cellbiol\/sigdd\/wp-content\/uploads\/2023\/11\/telc-photo2-1024x384.jpg ,https:\/\/web.natur.cuni.cz\/cellbiol\/sigdd\/wp-content\/uploads\/2023\/11\/telc-photo2.jpg 780w, https:\/\/web.natur.cuni.cz\/cellbiol\/sigdd\/wp-content\/uploads\/2023\/11\/telc-photo2.jpg 360w\" sizes=\"auto, (max-width: 480px) 150px\" src=\"https:\/\/web.natur.cuni.cz\/cellbiol\/sigdd\/wp-content\/uploads\/2023\/11\/telc-photo2-1024x384.jpg\" alt=\"\" class=\"uag-image-5984\" width=\"840\" height=\"315\" title=\"\" loading=\"lazy\"\/><\/figure><\/div>\n\n\n\n<hr class=\"wp-block-separator has-alpha-channel-opacity is-style-wide\"\/>\n\n\n\n<div class=\"wp-block-uagb-image uagb-block-91b067fc wp-block-uagb-image--layout-default wp-block-uagb-image--effect-static wp-block-uagb-image--align-none\"><figure class=\"wp-block-uagb-image__figure\"><img decoding=\"async\" srcset=\"https:\/\/web.natur.cuni.cz\/cellbiol\/sigdd\/wp-content\/uploads\/2023\/11\/maps-1-1024x632.png ,https:\/\/web.natur.cuni.cz\/cellbiol\/sigdd\/wp-content\/uploads\/2023\/11\/maps-1.png 780w, https:\/\/web.natur.cuni.cz\/cellbiol\/sigdd\/wp-content\/uploads\/2023\/11\/maps-1.png 360w\" sizes=\"auto, (max-width: 480px) 150px\" src=\"https:\/\/web.natur.cuni.cz\/cellbiol\/sigdd\/wp-content\/uploads\/2023\/11\/maps-1-1024x632.png\" alt=\"\" class=\"uag-image-5990\" width=\"840\" height=\"518\" title=\"\" loading=\"lazy\"\/><\/figure><\/div>\n\n\n\n<p class=\"has-black-color has-text-color has-link-color wp-elements-5b291e652d01df2c396a971ff90fa66e\"><a href=\"https:\/\/www.uct.muni.cz\/en\">https:\/\/www.uct.muni.cz\/en<\/a> \u00a9 2023\u00a0<a href=\"https:\/\/www.muni.cz\/en\" target=\"_blank\" rel=\"noreferrer noopener\">Masaryk University<\/a><\/p>\n","protected":false},"excerpt":{"rendered":"<p>Conference Venue The conference will take place in the picturesque town of Tel\u010d in the University center that serves as both educational and cultural hub. The center was established by Masaryk University in the former Jesuit College University Center Tel\u010dN\u00e1m\u011bst\u00ed Zachari\u00e1\u0161e z Hradce 2588 56 Tel\u010d, Czech RepublicTelefon: +420 549 491 140, +420 549 491 [&hellip;]<\/p>\n","protected":false},"author":1,"featured_media":0,"parent":0,"menu_order":3,"comment_status":"closed","ping_status":"closed","template":"","meta":{"_uag_custom_page_level_css":"","footnotes":""},"class_list":["post-5469","page","type-page","status-publish","hentry"],"uagb_featured_image_src":{"full":false,"thumbnail":false,"medium":false,"medium_large":false,"large":false,"1536x1536":false,"2048x2048":false},"uagb_author_info":{"display_name":"masekja1","author_link":"https:\/\/web.natur.cuni.cz\/cellbiol\/sigdd\/author\/masekja1\/"},"uagb_comment_info":0,"uagb_excerpt":"Conference Venue The conference will take place in the picturesque town of Tel\u010d in the University center that serves as both educational and cultural hub. The center was established by Masaryk University in the former Jesuit College University Center Tel\u010dN\u00e1m\u011bst\u00ed Zachari\u00e1\u0161e z Hradce 2588 56 Tel\u010d, Czech RepublicTelefon: +420 549 491 140, +420 549 491&hellip;","_links":{"self":[{"href":"https:\/\/web.natur.cuni.cz\/cellbiol\/sigdd\/wp-json\/wp\/v2\/pages\/5469","targetHints":{"allow":["GET"]}}],"collection":[{"href":"https:\/\/web.natur.cuni.cz\/cellbiol\/sigdd\/wp-json\/wp\/v2\/pages"}],"about":[{"href":"https:\/\/web.natur.cuni.cz\/cellbiol\/sigdd\/wp-json\/wp\/v2\/types\/page"}],"author":[{"embeddable":true,"href":"https:\/\/web.natur.cuni.cz\/cellbiol\/sigdd\/wp-json\/wp\/v2\/users\/1"}],"replies":[{"embeddable":true,"href":"https:\/\/web.natur.cuni.cz\/cellbiol\/sigdd\/wp-json\/wp\/v2\/comments?post=5469"}],"version-history":[{"count":9,"href":"https:\/\/web.natur.cuni.cz\/cellbiol\/sigdd\/wp-json\/wp\/v2\/pages\/5469\/revisions"}],"predecessor-version":[{"id":5996,"href":"https:\/\/web.natur.cuni.cz\/cellbiol\/sigdd\/wp-json\/wp\/v2\/pages\/5469\/revisions\/5996"}],"wp:attachment":[{"href":"https:\/\/web.natur.cuni.cz\/cellbiol\/sigdd\/wp-json\/wp\/v2\/media?parent=5469"}],"curies":[{"name":"wp","href":"https:\/\/api.w.org\/{rel}","templated":true}]}}