{"id":4843,"date":"2021-01-19T15:23:42","date_gmt":"2021-01-19T14:23:42","guid":{"rendered":"https:\/\/ukazky.euweb.cz\/?page_id=4843"},"modified":"2023-08-01T16:18:10","modified_gmt":"2023-08-01T15:18:10","slug":"home1","status":"publish","type":"page","link":"https:\/\/web.natur.cuni.cz\/cvmr\/","title":{"rendered":"\u00davod"},"content":{"rendered":"<div><ss3-force-full-width data-overflow-x=\"html\" data-horizontal-selector=\"html\"><div class=\"n2-section-smartslider fitvidsignore aol\" data-ssid=\"2\" tabindex=\"0\" role=\"region\" aria-label=\"Slider\"><div id=\"n2-ss-2-align\" class=\"n2-ss-align\"><div class=\"n2-padding\"><div id=\"n2-ss-2\" data-creator=\"Smart Slider 3\" data-responsive=\"fullwidth\" class=\"n2-ss-slider n2-ow n2-has-hover n2notransition  \">\n\n\n\n\n\n\n\n\n\n\n\n\n\n\n\n\n\n\n\n\n\n\n\n<div class=\"n2-ss-slider-wrapper-outside\" style=\"grid-template-rows:1fr auto\"><div class=\"n2-ss-slider-wrapper-inside\">\n        <div class=\"n2-ss-slider-1 n2_ss__touch_element n2-ow\">\n            <div class=\"n2-ss-slider-2 n2-ow\">\n                                                    <div class=\"n2-ss-background-animation n2-ow\"><\/div>\n                                <div class=\"n2-ss-slider-3 n2-ow\">\n\n                    <div class=\"n2-ss-slide-backgrounds n2-ow-all\"><div class=\"n2-ss-slide-background\" data-public-id=\"1\" data-mode=\"fill\"><div class=\"n2-ss-slide-background-image\" data-blur=\"0\" data-opacity=\"100\" data-x=\"50\" data-y=\"8\" data-alt=\"\" data-title=\"\" style=\"--ss-o-pos-y:8%\"><picture class=\"skip-lazy\" data-skip-lazy=\"1\"><img decoding=\"async\" src=\"\/\/web.natur.cuni.cz\/cvmr\/wp-content\/uploads\/2024\/01\/Warsaw-Metropolitan-Area-1.jpg\" alt=\"\" title=\"\" loading=\"lazy\" class=\"skip-lazy\" data-skip-lazy=\"1\"><\/picture><\/div><div data-color=\"RGBA(255,255,255,0)\" style=\"background-color: RGBA(255,255,255,0);\" class=\"n2-ss-slide-background-color\"><\/div><\/div><div class=\"n2-ss-slide-background\" data-public-id=\"2\" data-mode=\"fill\"><div class=\"n2-ss-slide-background-image\" data-blur=\"0\" data-opacity=\"100\" data-x=\"50\" data-y=\"50\" data-alt=\"\" data-title=\"\"><picture class=\"skip-lazy\" data-skip-lazy=\"1\"><img decoding=\"async\" src=\"\/\/web.natur.cuni.cz\/cvmr\/wp-content\/uploads\/2023\/02\/Plus-minus-PBO-scaled.jpg\" alt=\"\" title=\"\" loading=\"lazy\" class=\"skip-lazy\" data-skip-lazy=\"1\"><\/picture><\/div><div data-color=\"RGBA(255,255,255,0)\" style=\"background-color: RGBA(255,255,255,0);\" class=\"n2-ss-slide-background-color\"><\/div><\/div><div class=\"n2-ss-slide-background\" data-public-id=\"3\" data-mode=\"fill\"><div class=\"n2-ss-slide-background-image\" data-blur=\"0\" data-opacity=\"100\" data-x=\"50\" data-y=\"52\" data-alt=\"\" data-title=\"\" style=\"--ss-o-pos-y:52%\"><picture class=\"skip-lazy\" data-skip-lazy=\"1\"><img decoding=\"async\" src=\"\/\/web.natur.cuni.cz\/cvmr\/wp-content\/uploads\/2023\/02\/Lokality-scaled.jpg\" alt=\"\" title=\"\" loading=\"lazy\" class=\"skip-lazy\" data-skip-lazy=\"1\"><\/picture><\/div><div data-color=\"RGBA(255,255,255,0)\" style=\"background-color: RGBA(255,255,255,0);\" class=\"n2-ss-slide-background-color\"><\/div><\/div><div class=\"n2-ss-slide-background\" data-public-id=\"4\" data-mode=\"fill\"><div class=\"n2-ss-slide-background-image\" data-blur=\"0\" data-opacity=\"100\" data-x=\"56\" data-y=\"73\" data-alt=\"\" data-title=\"\" style=\"--ss-o-pos-x:56%;--ss-o-pos-y:73%\"><picture class=\"skip-lazy\" data-skip-lazy=\"1\"><img decoding=\"async\" src=\"\/\/web.natur.cuni.cz\/cvmr\/wp-content\/uploads\/2023\/02\/Pisek-AB.jpg\" alt=\"\" title=\"\" loading=\"lazy\" class=\"skip-lazy\" data-skip-lazy=\"1\"><\/picture><\/div><div data-color=\"RGBA(255,255,255,0)\" style=\"background-color: RGBA(255,255,255,0);\" class=\"n2-ss-slide-background-color\"><\/div><\/div><\/div>                    <div class=\"n2-ss-slider-4 n2-ow\">\n                        <svg xmlns=\"http:\/\/www.w3.org\/2000\/svg\" viewBox=\"0 0 1750 400\" data-related-device=\"desktopPortrait\" class=\"n2-ow n2-ss-preserve-size n2-ss-preserve-size--slider n2-ss-slide-limiter\"><\/svg><div data-first=\"1\" data-slide-duration=\"0\" data-id=\"13\" data-slide-public-id=\"1\" data-title=\"MECOG-CE\" data-haslink=\"1\" data-href=\"https:\/\/www.interreg-central.eu\/projects\/mecog-ce\/\" tabindex=\"0\" role=\"button\" data-target=\"_blank\" data-n2click=\"url\" data-force-pointer=\"\" class=\"n2-ss-slide n2-ow  n2-ss-slide-13\"><div role=\"note\" class=\"n2-ss-slide--focus\">MECOG-CE<\/div><div class=\"n2-ss-layers-container n2-ss-slide-limiter n2-ow\"><div class=\"n2-ss-layer n2-ow n-uc-yb5arI2TBucS\" data-sstype=\"slide\" data-pm=\"default\"><div class=\"n2-ss-layer n2-ow n-uc-vOL5loXPltRi\" data-pm=\"default\" data-sstype=\"content\" data-hasbackground=\"0\"><div class=\"n2-ss-section-main-content n2-ss-layer-with-background n2-ss-layer-content n2-ow n-uc-vOL5loXPltRi-inner\"><div class=\"n2-ss-layer n2-ow n-uc-U6SEYmwD3sJh\" data-pm=\"absolute\" data-responsiveposition=\"1\" data-desktopportraitleft=\"10\" data-desktopportraittop=\"-101\" data-responsivesize=\"1\" data-desktopportraitwidth=\"1710\" data-desktopportraitheight=\"auto\" data-desktopportraitalign=\"center\" data-desktopportraitvalign=\"middle\" data-parentid=\"\" data-desktopportraitparentalign=\"center\" data-desktopportraitparentvalign=\"middle\" data-sstype=\"layer\"><div class=\"n2-ss-item-content n2-ss-text n2-ow-all\"><div class=\"\"><p class=\"n2-font-d9e9354a3909b24c8aaa4f40eba92b50-paragraph   \"><b>MECOG-CE:<br \/>\nStrengthening metropolitan cooperation and governance in central Europe<\/b><\/p>\n<\/div><\/div><\/div><\/div><\/div><\/div><\/div><\/div><div data-slide-duration=\"0\" data-id=\"8\" data-slide-public-id=\"2\" data-title=\"Plus minus PBO\" class=\"n2-ss-slide n2-ow  n2-ss-slide-8\"><div role=\"note\" class=\"n2-ss-slide--focus\" tabindex=\"-1\">Plus minus PBO<\/div><div class=\"n2-ss-layers-container n2-ss-slide-limiter n2-ow\"><div class=\"n2-ss-layer n2-ow n-uc-nuWf3Yn5JxyZ\" data-sstype=\"slide\" data-pm=\"default\"><div class=\"n2-ss-layer n2-ow n-uc-3vo0JV7gECcq\" data-pm=\"default\" data-sstype=\"content\" data-hasbackground=\"0\"><div class=\"n2-ss-section-main-content n2-ss-layer-with-background n2-ss-layer-content n2-ow n-uc-3vo0JV7gECcq-inner\"><div class=\"n2-ss-layer n2-ow n-uc-Qb2xMBIy5QEQ\" data-pm=\"normal\" data-sstype=\"layer\"><div id=\"n2-ss-2item2\" class=\"  n2-ss-item-content n2-ss-text n2-ow\" style=\"display:block;\"><a class=\"n2-ow n2-font-56c40c68c4b963357f4dd98ce879e0c2-hover \" style=\"display:block;\" target=\"_blank\" href=\"https:\/\/web.natur.cuni.cz\/segregace\/\">segregace.cz<\/a><\/div><\/div><\/div><\/div><\/div><\/div><\/div><div data-slide-duration=\"0\" data-id=\"7\" data-slide-public-id=\"3\" data-title=\"Lokality\" class=\"n2-ss-slide n2-ow  n2-ss-slide-7\"><div role=\"note\" class=\"n2-ss-slide--focus\" tabindex=\"-1\">Lokality<\/div><div class=\"n2-ss-layers-container n2-ss-slide-limiter n2-ow\"><div class=\"n2-ss-layer n2-ow n-uc-kZ4nd1g88idi\" data-sstype=\"slide\" data-pm=\"default\"><div class=\"n2-ss-layer n2-ow n-uc-Ck0z10dY44f2\" data-pm=\"default\" data-sstype=\"content\" data-hasbackground=\"0\"><div class=\"n2-ss-section-main-content n2-ss-layer-with-background n2-ss-layer-content n2-ow n-uc-Ck0z10dY44f2-inner\"><div class=\"n2-ss-layer n2-ow n-uc-g5Mtwp1xQCKn\" data-pm=\"normal\" data-sstype=\"layer\"><div id=\"n2-ss-2item3\" class=\"  n2-ss-item-content n2-ss-text n2-ow\" style=\"display:block;\"><a class=\"n2-ow n2-font-c80d11c2d56e2f7bdbba8e4178672592-hover \" style=\"display:block;\" target=\"_blank\" href=\"https:\/\/lokality.page.link\/StoryMapSegregace\">Segregace a soci\u00e1ln\u00ed vylou\u010den\u00ed: <br>interaktivn\u00ed online webov\u00e9 a mapov\u00e9 aplikace<\/a><\/div><\/div><\/div><\/div><\/div><\/div><\/div><div data-slide-duration=\"0\" data-id=\"6\" data-slide-public-id=\"4\" data-title=\"P\u00edsek AB\" class=\"n2-ss-slide n2-ow  n2-ss-slide-6\"><div role=\"note\" class=\"n2-ss-slide--focus\" tabindex=\"-1\">P\u00edsek AB<\/div><div class=\"n2-ss-layers-container n2-ss-slide-limiter n2-ow\"><div class=\"n2-ss-layer n2-ow n-uc-x3C4Vabhnbnq\" data-sstype=\"slide\" data-pm=\"default\"><div class=\"n2-ss-layer n2-ow n-uc-NY6lf6HqTuaz\" data-pm=\"default\" data-sstype=\"content\" data-hasbackground=\"0\"><div class=\"n2-ss-section-main-content n2-ss-layer-with-background n2-ss-layer-content n2-ow n-uc-NY6lf6HqTuaz-inner\"><div class=\"n2-ss-layer n2-ow n-uc-ttjMD6bwnj39\" data-pm=\"normal\" data-sstype=\"layer\"><div id=\"n2-ss-2item4\" class=\"  n2-ss-item-content n2-ss-text n2-ow\" style=\"display:block;\"><a class=\"n2-ow n2-font-9b586cb450b5eea30be39665bede0c31-hover n2-style-d73a0d006d8cee28cc35eb9d52db43b4-heading \" style=\"display:block;\" target=\"_blank\" href=\"https:\/\/web.natur.cuni.cz\/~sykora\/pdf\/ciz\/Analyza_struktury_a_rozmisteni_cizincu_v_Pisku_2022.pdf\">Anal\u00fdza struktury a rozm\u00edst\u011bn\u00ed cizinc\u016f v P\u00edsku<\/a><\/div><\/div><\/div><\/div><\/div><\/div><\/div>                    <\/div>\n\n                                    <\/div>\n            <\/div>\n        <\/div>\n        <div class=\"n2-ss-slider-controls n2-ss-slider-controls-absolute-left-center\"><div style=\"--widget-offset:px;\" class=\"n2-ss-widget n2-style-c31c7e0464fcc560d67fa0a16efb2dbb-heading nextend-arrow n2-ow-all nextend-arrow-previous  nextend-arrow-animated-fade\" data-hide-mobileportrait=\"1\" id=\"n2-ss-2-arrow-previous\" role=\"button\" aria-label=\"previous arrow\" tabindex=\"0\"><img loading=\"lazy\" decoding=\"async\" width=\"32\" height=\"32\" class=\"skip-lazy\" data-skip-lazy=\"1\" src=\"data:image\/svg+xml;base64,PHN2ZyB3aWR0aD0iMzIiIGhlaWdodD0iMzIiIHZpZXdCb3g9IjAgMCAzMiAzMiIgeG1sbnM9Imh0dHA6Ly93d3cudzMub3JnLzIwMDAvc3ZnIj4KICAgIDxwYXRoIGQ9Ik0xMS40MzMgMTUuOTkyTDIyLjY5IDUuNzEyYy4zOTMtLjM5LjM5My0xLjAzIDAtMS40Mi0uMzkzLS4zOS0xLjAzLS4zOS0xLjQyMyAwbC0xMS45OCAxMC45NGMtLjIxLjIxLS4zLjQ5LS4yODUuNzYtLjAxNS4yOC4wNzUuNTYuMjg0Ljc3bDExLjk4IDEwLjk0Yy4zOTMuMzkgMS4wMy4zOSAxLjQyNCAwIC4zOTMtLjQuMzkzLTEuMDMgMC0xLjQybC0xMS4yNTctMTAuMjkiCiAgICAgICAgICBmaWxsPSIjMDAwMDAwIiBvcGFjaXR5PSIwLjUiIGZpbGwtcnVsZT0iZXZlbm9kZCIvPgo8L3N2Zz4=\" alt=\"previous arrow\"><\/div><\/div><div class=\"n2-ss-slider-controls n2-ss-slider-controls-absolute-right-center\"><div style=\"--widget-offset:px;\" class=\"n2-ss-widget n2-style-c31c7e0464fcc560d67fa0a16efb2dbb-heading nextend-arrow n2-ow-all nextend-arrow-next  nextend-arrow-animated-fade\" data-hide-mobileportrait=\"1\" id=\"n2-ss-2-arrow-next\" role=\"button\" aria-label=\"next arrow\" tabindex=\"0\"><img loading=\"lazy\" decoding=\"async\" width=\"32\" height=\"32\" class=\"skip-lazy\" data-skip-lazy=\"1\" src=\"data:image\/svg+xml;base64,PHN2ZyB3aWR0aD0iMzIiIGhlaWdodD0iMzIiIHZpZXdCb3g9IjAgMCAzMiAzMiIgeG1sbnM9Imh0dHA6Ly93d3cudzMub3JnLzIwMDAvc3ZnIj4KICAgIDxwYXRoIGQ9Ik0xMC43MjIgNC4yOTNjLS4zOTQtLjM5LTEuMDMyLS4zOS0xLjQyNyAwLS4zOTMuMzktLjM5MyAxLjAzIDAgMS40MmwxMS4yODMgMTAuMjgtMTEuMjgzIDEwLjI5Yy0uMzkzLjM5LS4zOTMgMS4wMiAwIDEuNDIuMzk1LjM5IDEuMDMzLjM5IDEuNDI3IDBsMTIuMDA3LTEwLjk0Yy4yMS0uMjEuMy0uNDkuMjg0LS43Ny4wMTQtLjI3LS4wNzYtLjU1LS4yODYtLjc2TDEwLjcyIDQuMjkzeiIKICAgICAgICAgIGZpbGw9IiMwMDAwMDAiIG9wYWNpdHk9IjAuNSIgZmlsbC1ydWxlPSJldmVub2RkIi8+Cjwvc3ZnPg==\" alt=\"next arrow\"><\/div><\/div><div class=\"n2-ss-slider-controls n2-ss-slider-controls-absolute-center-bottom\"><div class=\"n2-ss-widget nextend-bar nextend-bar-horizontal n2-ss-widget-hidden n2-ow-all\" style=\"text-align: center;width:100%;\"><div class=\"n2-style-262439a2543e3b0e82e53b7b16f68f07-simple \"><span class=\"n2-font-9d826489b351b9c84832aefd0791c401-simple \">&nbsp;<\/span><\/div><\/div><\/div><\/div><div class=\"n2-ss-slider-controls n2-ss-slider-controls-below\"><div style=\"--widget-offset:px;\" class=\"n2-ss-widget n2-ss-control-bullet n2-ow-all n2-ss-control-bullet-horizontal\"><div class=\"n2-style-92baf0a463a4bda579d2bd95782e0fa5-simple  nextend-bullet-bar n2-bar-justify-content-center\" role=\"group\" aria-label=\"Choose slide to display.\"><div class=\"n2-bullet n2-style-d5c7186135a811450604231984a67713-dot \" style=\"visibility:hidden;\"><\/div><\/div><\/div><\/div><\/div><\/div><ss3-loader><\/ss3-loader><\/div><\/div><div class=\"n2_clear\"><\/div><\/div><\/ss3-force-full-width><\/div>\n\n\n<div style=\"height:30px\" aria-hidden=\"true\" class=\"wp-block-spacer\"><\/div>\n\n\n\n<p style=\"font-size:18px\">Centrum pro v\u00fdzkum m\u011bst a region\u016f (CVMR) je neform\u00e1ln\u00ed sdru\u017een\u00ed akademick\u00fdch pracovn\u00edk\u016f, doktorand\u016f a student\u016f, kte\u0159\u00ed se zab\u00fdvaj\u00ed v\u00fdzkumem m\u011bst a region\u016f. Centrum CVMR p\u016fsob\u00ed v&nbsp;r\u00e1mci katedry soci\u00e1ln\u00ed geografie a region\u00e1ln\u00edho rozvoje P\u0159\u00edrodov\u011bdeck\u00e9 fakulty Univerzity Karlovy. Na v\u00fdzkumn\u00fdch aktivit\u00e1ch, projektech a publikac\u00edch, kter\u00e9 centrum za\u0161ti\u0165uje, se pod\u00edl\u00ed i \u010dlenov\u00e9 jin\u00fdch pracovi\u0161\u0165 v&nbsp;r\u00e1mci P\u0159F UK i mimo Univerzitu Karlovu.<\/p>\n\n\n\n<div style=\"height:30px\" aria-hidden=\"true\" class=\"wp-block-spacer\"><\/div>\n\n\n\n<p style=\"font-size:18px\">Centrum si klade za c\u00edl p\u0159isp\u00edvat k pozn\u00e1n\u00ed zejm\u00e9na v n\u00e1sleduj\u00edc\u00edch oblastech:<\/p>\n\n\n\n<ul class=\"wp-block-list\" style=\"font-size:18px\">\n<li>Prom\u011bny prostorov\u00e9 organizace metropolitn\u00edch oblast\u00ed a s\u00eddeln\u00edho syst\u00e9mu<\/li>\n\n\n\n<li>Dynamicky se m\u011bn\u00edc\u00ed a probl\u00e9mov\u00e9 lokality m\u011bst (brownfieldy, suburbia, soci\u00e1ln\u011b vylou\u010den\u00e9 lokality)<\/li>\n\n\n\n<li>Procesy prom\u011bny prostorov\u00e9 organizace m\u011bst (revitalizace, gentrifikace, suburbanizace)<\/li>\n\n\n\n<li>Segregace, prevence segregace a desegregace (soci\u00e1ln\u011b vylou\u010den\u00e9 lokality, uzav\u0159en\u00e9 a hl\u00eddan\u00e9 \u201egated\u201c are\u00e1ly, etnick\u00e9 enkl\u00e1vy)&nbsp;<\/li>\n\n\n\n<li>M\u00edsta koncentrace cizinc\u016f\/migrant\u016f, m\u00edstn\u00ed sou\u017eit\u00ed a integrace&nbsp;<\/li>\n\n\n\n<li>Lok\u00e1ln\u00ed rozvoj, urb\u00e1nn\u00ed a region\u00e1ln\u00ed politiky a pl\u00e1nov\u00e1n\u00ed v m\u011bstsk\u00fdch regionech<\/li>\n<\/ul>\n\n\n\n<div style=\"height:30px\" aria-hidden=\"true\" class=\"wp-block-spacer\"><\/div>\n\n\n\n<p style=\"font-size:18px\">Ve v\u00fdzkumu se t\u00fdm CVMR zam\u011b\u0159uje p\u0159edev\u0161\u00edm na ty aspekty utv\u00e1\u0159en\u00ed a rozvoje m\u011bst a region\u016f, kter\u00e9 jsou rizikov\u00e9 z hlediska dlouhodob\u00e9ho v\u00fdvoje spole\u010dnosti, ohro\u017euj\u00ed udr\u017eiteln\u00fd a inkluzivn\u00ed rozvoj a m\u011bly by proto b\u00fdt p\u0159edm\u011btem z\u00e1jmu ve\u0159ejnosti a \u0161ir\u0161\u00ed spole\u010densk\u00e9 diskuze o sm\u011brech sou\u010dasn\u00e9ho v\u00fdvoje. D\u016fle\u017eitou sou\u010d\u00e1st\u00ed pr\u00e1ce je tak\u00e9 hled\u00e1n\u00ed mo\u017enost\u00ed prevence nebo n\u00e1pravy zji\u0161t\u011bn\u00fdch probl\u00e9m\u016f.<\/p>\n\n\n\n<p style=\"font-size:18px\">V&nbsp;oblasti vzd\u011bl\u00e1v\u00e1n\u00ed zaji\u0161\u0165uje t\u00fdm CVMR kurzy pro studenty bakal\u00e1\u0159sk\u00e9ho, magistersk\u00e9ho a doktorsk\u00e9ho studia a \u0161kolen\u00ed diserta\u010dn\u00edch, diplomov\u00fdch a bakal\u00e1\u0159sk\u00fdch prac\u00ed. Vyu\u010dovan\u00e9 studijn\u00ed p\u0159edm\u011bty se t\u00fdkaj\u00ed:<\/p>\n\n\n\n<ul class=\"wp-block-list\" style=\"font-size:18px\">\n<li>teori\u00ed soci\u00e1ln\u00ed geografie, m\u011bst a s\u00eddeln\u00edch syst\u00e9m\u016f<\/li>\n\n\n\n<li>utv\u00e1\u0159en\u00ed prostorov\u00e9 organizace a rozvoje m\u011bst, m\u011bstsk\u00fdch region\u016f, \u010dtvrt\u00ed a lokalit<\/li>\n\n\n\n<li>znak\u016f, podm\u00edn\u011bnost\u00ed a d\u016fsledk\u016f procesu globalizace<\/li>\n<\/ul>\n\n\n\n<div style=\"height:50px\" aria-hidden=\"true\" class=\"wp-block-spacer\"><\/div>\n\n\n\n<figure class=\"wp-block-embed is-type-wp-embed is-provider-centrum-pro-vyzkum-mest-a-regionu-cvmr-centre-for-urban-and-regional-research-cvmr wp-block-embed-centrum-pro-vyzkum-mest-a-regionu-cvmr-centre-for-urban-and-regional-research-cvmr\"><div class=\"wp-block-embed__wrapper\">\n<blockquote class=\"wp-embedded-content\" data-secret=\"kLs5LcBTjr\"><a href=\"https:\/\/web.natur.cuni.cz\/cvmr\/aktuality\/\">Aktuality \/ News<\/a><\/blockquote><iframe loading=\"lazy\" class=\"wp-embedded-content\" sandbox=\"allow-scripts\" security=\"restricted\" style=\"position: absolute; visibility: hidden;\" title=\"&#8220;Aktuality \/ News&#8221; &#8212; Centrum pro v\u00fdzkum m\u011bst a region\u016f (CVMR) \/ Centre for Urban and Regional Research (CVMR)\" src=\"https:\/\/web.natur.cuni.cz\/cvmr\/aktuality\/embed\/#?secret=FNoUbr0ehd#?secret=kLs5LcBTjr\" data-secret=\"kLs5LcBTjr\" width=\"600\" height=\"338\" frameborder=\"0\" marginwidth=\"0\" marginheight=\"0\" scrolling=\"no\"><\/iframe>\n<\/div><\/figure>\n","protected":false},"excerpt":{"rendered":"<p>Centrum pro v\u00fdzkum m\u011bst a region\u016f (CVMR) je neform\u00e1ln\u00ed sdru\u017een\u00ed akademick\u00fdch pracovn\u00edk\u016f, doktorand\u016f a student\u016f, kte\u0159\u00ed se zab\u00fdvaj\u00ed v\u00fdzkumem m\u011bst a region\u016f. Centrum CVMR p\u016fsob\u00ed v&nbsp;r\u00e1mci katedry soci\u00e1ln\u00ed geografie a region\u00e1ln\u00edho rozvoje P\u0159\u00edrodov\u011bdeck\u00e9 fakulty Univerzity Karlovy. Na v\u00fdzkumn\u00fdch aktivit\u00e1ch, projektech a publikac\u00edch, kter\u00e9 centrum za\u0161ti\u0165uje, se pod\u00edl\u00ed i \u010dlenov\u00e9 jin\u00fdch pracovi\u0161\u0165 v&nbsp;r\u00e1mci P\u0159F UK i [&hellip;]<\/p>\n","protected":false},"author":1,"featured_media":0,"parent":0,"menu_order":0,"comment_status":"closed","ping_status":"closed","template":"","meta":{"_uag_custom_page_level_css":"","footnotes":""},"class_list":["post-4843","page","type-page","status-publish","hentry"],"uagb_featured_image_src":{"full":false,"thumbnail":false,"medium":false,"medium_large":false,"large":false,"1536x1536":false,"2048x2048":false},"uagb_author_info":{"display_name":"cvmr_admin","author_link":"https:\/\/web.natur.cuni.cz\/cvmr\/author\/cvmr_admin\/"},"uagb_comment_info":0,"uagb_excerpt":"Centrum pro v\u00fdzkum m\u011bst a region\u016f (CVMR) je neform\u00e1ln\u00ed sdru\u017een\u00ed akademick\u00fdch pracovn\u00edk\u016f, doktorand\u016f a student\u016f, kte\u0159\u00ed se zab\u00fdvaj\u00ed v\u00fdzkumem m\u011bst a region\u016f. Centrum CVMR p\u016fsob\u00ed v&nbsp;r\u00e1mci katedry soci\u00e1ln\u00ed geografie a region\u00e1ln\u00edho rozvoje P\u0159\u00edrodov\u011bdeck\u00e9 fakulty Univerzity Karlovy. Na v\u00fdzkumn\u00fdch aktivit\u00e1ch, projektech a publikac\u00edch, kter\u00e9 centrum za\u0161ti\u0165uje, se pod\u00edl\u00ed i \u010dlenov\u00e9 jin\u00fdch pracovi\u0161\u0165 v&nbsp;r\u00e1mci P\u0159F UK i&hellip;","_links":{"self":[{"href":"https:\/\/web.natur.cuni.cz\/cvmr\/wp-json\/wp\/v2\/pages\/4843","targetHints":{"allow":["GET"]}}],"collection":[{"href":"https:\/\/web.natur.cuni.cz\/cvmr\/wp-json\/wp\/v2\/pages"}],"about":[{"href":"https:\/\/web.natur.cuni.cz\/cvmr\/wp-json\/wp\/v2\/types\/page"}],"author":[{"embeddable":true,"href":"https:\/\/web.natur.cuni.cz\/cvmr\/wp-json\/wp\/v2\/users\/1"}],"replies":[{"embeddable":true,"href":"https:\/\/web.natur.cuni.cz\/cvmr\/wp-json\/wp\/v2\/comments?post=4843"}],"version-history":[{"count":11,"href":"https:\/\/web.natur.cuni.cz\/cvmr\/wp-json\/wp\/v2\/pages\/4843\/revisions"}],"predecessor-version":[{"id":5604,"href":"https:\/\/web.natur.cuni.cz\/cvmr\/wp-json\/wp\/v2\/pages\/4843\/revisions\/5604"}],"wp:attachment":[{"href":"https:\/\/web.natur.cuni.cz\/cvmr\/wp-json\/wp\/v2\/media?parent=4843"}],"curies":[{"name":"wp","href":"https:\/\/api.w.org\/{rel}","templated":true}]}}