{"id":4961,"date":"2021-01-20T11:10:09","date_gmt":"2021-01-20T10:10:09","guid":{"rendered":"https:\/\/ukazky.euweb.cz\/?page_id=4961"},"modified":"2023-11-04T22:46:33","modified_gmt":"2023-11-04T21:46:33","slug":"vyuka","status":"publish","type":"page","link":"https:\/\/web.natur.cuni.cz\/cvmr\/vyuka\/","title":{"rendered":"V\u00fduka"},"content":{"rendered":"\n<div class=\"wp-block-media-text alignwide is-stacked-on-mobile\" style=\"font-size:16px;grid-template-columns:40% auto\"><figure class=\"wp-block-media-text__media\"><img loading=\"lazy\" decoding=\"async\" width=\"1024\" height=\"1024\" src=\"https:\/\/web.natur.cuni.cz\/cvmr\/wp-content\/uploads\/2023\/02\/TSG-1024x1024.jpg\" alt=\"\" class=\"wp-image-5458 size-full\" srcset=\"https:\/\/web.natur.cuni.cz\/cvmr\/wp-content\/uploads\/2023\/02\/TSG-1024x1024.jpg 1024w, https:\/\/web.natur.cuni.cz\/cvmr\/wp-content\/uploads\/2023\/02\/TSG-300x300.jpg 300w, https:\/\/web.natur.cuni.cz\/cvmr\/wp-content\/uploads\/2023\/02\/TSG-150x150.jpg 150w, https:\/\/web.natur.cuni.cz\/cvmr\/wp-content\/uploads\/2023\/02\/TSG-768x768.jpg 768w, https:\/\/web.natur.cuni.cz\/cvmr\/wp-content\/uploads\/2023\/02\/TSG-1536x1536.jpg 1536w, https:\/\/web.natur.cuni.cz\/cvmr\/wp-content\/uploads\/2023\/02\/TSG-2048x2048.jpg 2048w\" sizes=\"auto, (max-width: 1024px) 100vw, 1024px\" \/><\/figure><div class=\"wp-block-media-text__content\">\n<p style=\"font-size:26px\">Teorie soci\u00e1ln\u00ed geografie<\/p>\n\n\n\n<p>C\u00edlem kurzu je na z\u00e1klad\u011b p\u0159edn\u00e1\u0161ek, diskus\u00ed a pr\u00e1ce s odborn\u00fdmi texty nau\u010dit studenty porozum\u011bt, pochopit, interpretovat, vyhodnotit a ve vlastn\u00ed pr\u00e1ci vyu\u017e\u00edt epistemologick\u00e9 sm\u011bry a paradigmata v geografii s d\u016frazem na sou\u010dasn\u00e9 teoretick\u00e9 diskuse, my\u0161lenky Albertovsk\u00e9 geografick\u00e9 \u0161koly a vybran\u00e9 ontologick\u00e9 geografick\u00e9 koncepty a teorie. Kurz klade d\u016fraz na \u010detbu literatury, kritick\u00fd rozbor a diskuzi v\u00fdznamn\u00fdch teori\u00ed a koncept\u016f a jejich aplikaci na vybran\u00fdch p\u0159\u00edkladech.<\/p>\n<\/div><\/div>\n\n\n\n<div style=\"height:50px\" aria-hidden=\"true\" class=\"wp-block-spacer\"><\/div>\n\n\n\n<div class=\"wp-block-media-text alignwide has-media-on-the-right is-stacked-on-mobile is-vertically-aligned-center\" style=\"grid-template-columns:auto 40%\"><div class=\"wp-block-media-text__content\">\n<p style=\"font-size:26px\">Geografie m\u011bsta<\/p>\n\n\n\n<p style=\"font-size:16px\">C\u00edlem kurzu je (1) porozum\u011bn\u00ed m\u011bstu, jako\u017eto v\u00fdsledku organizace spole\u010dnosti v&nbsp;prost\u0159ed\u00ed, a (2) pochopen\u00ed proces\u016f a mechanism\u016f utv\u00e1\u0159en\u00ed a prom\u011bn m\u011bsta. D\u016fraz je kladen na vn\u00edm\u00e1n\u00ed m\u011bsta jako (1) m\u00edsta v&nbsp;\u0161ir\u0161\u00edm celosv\u011btov\u00e9m a celospole\u010densk\u00e9m prostoru a (2) vnit\u0159n\u011b strukturovan\u00e9ho a diferencovan\u00e9ho prostoru slo\u017een\u00e9ho z&nbsp;plurality r\u016fznorod\u00fdch nicm\u00e9n\u011b vz\u00e1jemn\u011b integrovan\u00fdch m\u00edst. Hlavn\u00ed z\u00edskanou kompetenc\u00ed studenta je (1) integr\u00e1ln\u00ed a interdisciplin\u00e1rn\u00ed ch\u00e1p\u00e1n\u00ed slo\u017eitosti a prov\u00e1zanosti m\u011bstsk\u00e9ho, jeho objektivn\u00edch z\u00e1klad\u016f a rozmanit\u00fdch subjektivn\u00edch interpretac\u00ed a (2) schopnost pozitivn\u00ed anal\u00fdzy, kritick\u00e9ho vyhodnocen\u00ed a normativn\u00edch doporu\u010den\u00ed pro ve\u0159ejnou spr\u00e1vu.<\/p>\n<\/div><figure class=\"wp-block-media-text__media\"><img loading=\"lazy\" decoding=\"async\" width=\"1024\" height=\"1024\" src=\"https:\/\/web.natur.cuni.cz\/cvmr\/wp-content\/uploads\/2023\/02\/GM2-1024x1024.jpg\" alt=\"\" class=\"wp-image-5459 size-full\" srcset=\"https:\/\/web.natur.cuni.cz\/cvmr\/wp-content\/uploads\/2023\/02\/GM2-1024x1024.jpg 1024w, https:\/\/web.natur.cuni.cz\/cvmr\/wp-content\/uploads\/2023\/02\/GM2-300x300.jpg 300w, https:\/\/web.natur.cuni.cz\/cvmr\/wp-content\/uploads\/2023\/02\/GM2-150x150.jpg 150w, https:\/\/web.natur.cuni.cz\/cvmr\/wp-content\/uploads\/2023\/02\/GM2-768x768.jpg 768w, https:\/\/web.natur.cuni.cz\/cvmr\/wp-content\/uploads\/2023\/02\/GM2-1536x1536.jpg 1536w, https:\/\/web.natur.cuni.cz\/cvmr\/wp-content\/uploads\/2023\/02\/GM2.jpg 1662w\" sizes=\"auto, (max-width: 1024px) 100vw, 1024px\" \/><\/figure><\/div>\n\n\n\n<div style=\"height:50px\" aria-hidden=\"true\" class=\"wp-block-spacer\"><\/div>\n\n\n\n<div class=\"wp-block-media-text alignwide is-stacked-on-mobile\" style=\"font-size:16px;grid-template-columns:40% auto\"><figure class=\"wp-block-media-text__media\"><img loading=\"lazy\" decoding=\"async\" width=\"1024\" height=\"1024\" src=\"https:\/\/web.natur.cuni.cz\/cvmr\/wp-content\/uploads\/2023\/02\/TSM_web_cvmr-1024x1024.jpg\" alt=\"\" class=\"wp-image-5467 size-full\" srcset=\"https:\/\/web.natur.cuni.cz\/cvmr\/wp-content\/uploads\/2023\/02\/TSM_web_cvmr-1024x1024.jpg 1024w, https:\/\/web.natur.cuni.cz\/cvmr\/wp-content\/uploads\/2023\/02\/TSM_web_cvmr-300x300.jpg 300w, https:\/\/web.natur.cuni.cz\/cvmr\/wp-content\/uploads\/2023\/02\/TSM_web_cvmr-150x150.jpg 150w, https:\/\/web.natur.cuni.cz\/cvmr\/wp-content\/uploads\/2023\/02\/TSM_web_cvmr-768x768.jpg 768w, https:\/\/web.natur.cuni.cz\/cvmr\/wp-content\/uploads\/2023\/02\/TSM_web_cvmr-1536x1536.jpg 1536w, https:\/\/web.natur.cuni.cz\/cvmr\/wp-content\/uploads\/2023\/02\/TSM_web_cvmr-2048x2048.jpg 2048w\" sizes=\"auto, (max-width: 1024px) 100vw, 1024px\" \/><\/figure><div class=\"wp-block-media-text__content\">\n<p style=\"font-size:26px\">Transformace sou\u010dasn\u00fdch m\u011bst<\/p>\n\n\n\n<p>C\u00edlem kurzu je porozum\u011bn\u00ed sou\u010dasn\u00fdm prom\u011bn\u00e1m m\u011bst v&nbsp;kontextu postsocialistick\u00fdch transformac\u00ed, integruj\u00edc\u00ed se Evropy a globalizuj\u00edc\u00edho se sv\u011bta s&nbsp;d\u016frazem na transformace soci\u00e1ln\u011b-prostorov\u00fdch struktur, procesy prom\u011bny m\u011bst a m\u011bstsk\u00fdch \u010dtvrt\u00ed a m\u011bn\u00edc\u00ed se lokality. Specificky se kurz zam\u011b\u0159uje na p\u0159\u00edklady reorganizace m\u011bsta, m\u011bstsk\u00fdch a metropolitn\u00edch region\u016f a m\u011bstsk\u00fdch lokalit, jako jsou revitalizace, komercializace a prostorov\u00e1 expanze m\u011bstsk\u00fdch center, regenerace a gentrifikace \u010dtvrt\u00ed vnit\u0159n\u00edho m\u011bsta, sou\u017eit\u00ed v&nbsp;lokalit\u00e1ch koncentrace migrant\u016f\/cizinc\u016f, suburbanizace v&nbsp;z\u00e1zem\u00ed m\u011bst a utv\u00e1\u0159en\u00ed nov\u00fdch soci\u00e1ln\u011b-prostorov\u00fdch formac\u00ed ve smyslu soci\u00e1ln\u011b vylou\u010den\u00fdch lokalit i uzav\u0159en\u00fdch (gated) reziden\u010dn\u00edch are\u00e1l\u016f.<\/p>\n<\/div><\/div>\n\n\n\n<div style=\"height:50px\" aria-hidden=\"true\" class=\"wp-block-spacer\"><\/div>\n\n\n\n<div class=\"wp-block-media-text alignwide has-media-on-the-right is-stacked-on-mobile is-vertically-aligned-center\" style=\"grid-template-columns:auto 40%\"><div class=\"wp-block-media-text__content\">\n<p style=\"font-size:26px\">Globalizace: procesy, probl\u00e9my<\/p>\n\n\n\n<p style=\"font-size:16px\">C\u00edlem kurzu je na z\u00e1klad\u011b p\u0159edn\u00e1\u0161ek, diskus\u00ed a samostatn\u00e9 pr\u00e1ce s odborn\u00fdmi i popul\u00e1rn\u00edmi texty a dal\u0161\u00edmi zdroji nau\u010dit studenty porozum\u011bt, pochopit, interpretovat a vyhodnotit proces(y) globalizace. Pozornost je v\u011bnov\u00e1na diskusi definice globalizace, historick\u00e9mu v\u00fdvoji, podm\u00ednek pro rozvoj globaliza\u010dn\u00edch proces\u016f: informa\u010dn\u00ed spole\u010dnosti a neoliber\u00e1ln\u00ed deregulaci, spole\u010densk\u00fdm a geografick\u00fdm d\u016fsledk\u016fm globalizace, a specifick\u00fdm t\u00e9mat\u016fm, jako jsou globalizovan\u00e1 sv\u011btov\u00e1 ekonomika, mezin\u00e1rodn\u00ed obchod, chudoba v&nbsp;glob\u00e1ln\u00edm pohledu a alternativy globalizace.<\/p>\n<\/div><figure class=\"wp-block-media-text__media\"><img loading=\"lazy\" decoding=\"async\" width=\"1024\" height=\"1024\" src=\"https:\/\/web.natur.cuni.cz\/cvmr\/wp-content\/uploads\/2023\/02\/GPP_web_cvmr-1024x1024.jpg\" alt=\"\" class=\"wp-image-5470 size-full\" srcset=\"https:\/\/web.natur.cuni.cz\/cvmr\/wp-content\/uploads\/2023\/02\/GPP_web_cvmr-1024x1024.jpg 1024w, https:\/\/web.natur.cuni.cz\/cvmr\/wp-content\/uploads\/2023\/02\/GPP_web_cvmr-300x300.jpg 300w, https:\/\/web.natur.cuni.cz\/cvmr\/wp-content\/uploads\/2023\/02\/GPP_web_cvmr-150x150.jpg 150w, https:\/\/web.natur.cuni.cz\/cvmr\/wp-content\/uploads\/2023\/02\/GPP_web_cvmr-768x768.jpg 768w, https:\/\/web.natur.cuni.cz\/cvmr\/wp-content\/uploads\/2023\/02\/GPP_web_cvmr-1536x1536.jpg 1536w, https:\/\/web.natur.cuni.cz\/cvmr\/wp-content\/uploads\/2023\/02\/GPP_web_cvmr-2048x2048.jpg 2048w\" sizes=\"auto, (max-width: 1024px) 100vw, 1024px\" \/><\/figure><\/div>\n\n\n\n<div style=\"height:50px\" aria-hidden=\"true\" class=\"wp-block-spacer\"><\/div>\n\n\n\n<div class=\"wp-block-media-text alignwide is-stacked-on-mobile\" style=\"font-size:16px;grid-template-columns:40% auto\"><figure class=\"wp-block-media-text__media\"><img loading=\"lazy\" decoding=\"async\" width=\"1024\" height=\"1024\" src=\"https:\/\/web.natur.cuni.cz\/cvmr\/wp-content\/uploads\/2023\/02\/RC_web_cvmr-1024x1024.jpg\" alt=\"\" class=\"wp-image-5475 size-full\" srcset=\"https:\/\/web.natur.cuni.cz\/cvmr\/wp-content\/uploads\/2023\/02\/RC_web_cvmr-1024x1024.jpg 1024w, https:\/\/web.natur.cuni.cz\/cvmr\/wp-content\/uploads\/2023\/02\/RC_web_cvmr-300x300.jpg 300w, https:\/\/web.natur.cuni.cz\/cvmr\/wp-content\/uploads\/2023\/02\/RC_web_cvmr-150x150.jpg 150w, https:\/\/web.natur.cuni.cz\/cvmr\/wp-content\/uploads\/2023\/02\/RC_web_cvmr-768x768.jpg 768w, https:\/\/web.natur.cuni.cz\/cvmr\/wp-content\/uploads\/2023\/02\/RC_web_cvmr-1536x1536.jpg 1536w, https:\/\/web.natur.cuni.cz\/cvmr\/wp-content\/uploads\/2023\/02\/RC_web_cvmr.jpg 1744w\" sizes=\"auto, (max-width: 1024px) 100vw, 1024px\" \/><\/figure><div class=\"wp-block-media-text__content\">\n<p style=\"font-size:26px\">Resilient Cities: Challenges, Risks and Response<\/p>\n\n\n\n<p>A cross-disciplinary course explores and addresses risk processes and transformations that shape and threaten long-term urban and social development in European cities and require coordinated response and action by politicians, experts and citizens. Themes include social diversity, inequality and segregation; ageing and health; impacts of global environmental change; smart city, mobility and technological challenges; policies and planning for resilience. Students learn to address complex societal challenges in an engaged, creative, innovative and entrepreneurial manner. This 4EU+ inter-university course uses blended teaching and learning format that involves virtual as well as physical mobility, synchronous and asynchronous online teaching and learning techniques.<\/p>\n\n\n\n<p><a href=\"https:\/\/www.natur.cuni.cz\/fakulta\/aktuality\/archiv-2022\/kurz-resilient-cities-challenges-risks-response\">Resilient Cities 2023<\/a><\/p>\n\n\n\n<p><a href=\"https:\/\/4euplus.eu\/4EU-291.html\">Resilient Cities: A diary from the workshop (2021) <\/a><\/p>\n<\/div><\/div>\n\n\n\n<div style=\"height:50px\" aria-hidden=\"true\" class=\"wp-block-spacer\"><\/div>\n\n\n\n<div class=\"wp-block-media-text alignwide has-media-on-the-right is-stacked-on-mobile is-vertically-aligned-center\" style=\"grid-template-columns:auto 40%\"><div class=\"wp-block-media-text__content\">\n<p style=\"font-size:26px\">Analysis, mapping and visualization of urban and regional development<\/p>\n\n\n\n<p style=\"font-size:16px\">This course combines geographic and demographic analyses of urban and regional processes with the use of geographic information systems (GIS) for the online visualization of urban and regional phenomena. Students are trained theoretically frame and conceptualize phenomena, define methods and tools, combine the data analysis and mapping and cartographic techniques with the interpretation of results, and develop the visualization using online map and data applications for sharing outcomes with the end users.<\/p>\n<\/div><figure class=\"wp-block-media-text__media\"><img loading=\"lazy\" decoding=\"async\" width=\"1024\" height=\"1024\" src=\"https:\/\/web.natur.cuni.cz\/cvmr\/wp-content\/uploads\/2023\/02\/URMA_web_cvmr-1024x1024.jpg\" alt=\"\" class=\"wp-image-5476 size-full\" srcset=\"https:\/\/web.natur.cuni.cz\/cvmr\/wp-content\/uploads\/2023\/02\/URMA_web_cvmr-1024x1024.jpg 1024w, https:\/\/web.natur.cuni.cz\/cvmr\/wp-content\/uploads\/2023\/02\/URMA_web_cvmr-300x300.jpg 300w, https:\/\/web.natur.cuni.cz\/cvmr\/wp-content\/uploads\/2023\/02\/URMA_web_cvmr-150x150.jpg 150w, https:\/\/web.natur.cuni.cz\/cvmr\/wp-content\/uploads\/2023\/02\/URMA_web_cvmr-768x768.jpg 768w, https:\/\/web.natur.cuni.cz\/cvmr\/wp-content\/uploads\/2023\/02\/URMA_web_cvmr-1536x1536.jpg 1536w, https:\/\/web.natur.cuni.cz\/cvmr\/wp-content\/uploads\/2023\/02\/URMA_web_cvmr.jpg 1559w\" sizes=\"auto, (max-width: 1024px) 100vw, 1024px\" \/><\/figure><\/div>\n\n\n\n<div style=\"height:50px\" aria-hidden=\"true\" class=\"wp-block-spacer\"><\/div>\n\n\n\n<div class=\"wp-block-media-text alignwide is-stacked-on-mobile\" style=\"font-size:16px;grid-template-columns:40% auto\"><figure class=\"wp-block-media-text__media\"><img loading=\"lazy\" decoding=\"async\" width=\"946\" height=\"946\" src=\"https:\/\/web.natur.cuni.cz\/cvmr\/wp-content\/uploads\/2023\/10\/UHCC_web_cvmr.jpg\" alt=\"\" class=\"wp-image-5611 size-full\" srcset=\"https:\/\/web.natur.cuni.cz\/cvmr\/wp-content\/uploads\/2023\/10\/UHCC_web_cvmr.jpg 946w, https:\/\/web.natur.cuni.cz\/cvmr\/wp-content\/uploads\/2023\/10\/UHCC_web_cvmr-300x300.jpg 300w, https:\/\/web.natur.cuni.cz\/cvmr\/wp-content\/uploads\/2023\/10\/UHCC_web_cvmr-150x150.jpg 150w, https:\/\/web.natur.cuni.cz\/cvmr\/wp-content\/uploads\/2023\/10\/UHCC_web_cvmr-768x768.jpg 768w\" sizes=\"auto, (max-width: 946px) 100vw, 946px\" \/><\/figure><div class=\"wp-block-media-text__content\">\n<p style=\"font-size:26px\">Urban Health Case Challenge<\/p>\n\n\n\n<p>4EU+ inter-university and inter-disciplinary course addresses urban changes concerning health and demographic transformation. In the case challenge, the participating student teams strive to develop the best solution to a real-world issue within a limited time span. Each team presents their solution in front of an expert jury at a session on the last day of the case challenge. Students work in mixed teams, to network and learn from and with each other, faculty, the external case provider and other stakeholders. Students learn to work innovatively and cross-disciplinarily to solve complex case problems, train their presentation skills and practice task and time management.\u00a0\u00a0<\/p>\n\n\n\n<p><a href=\"https:\/\/www.natur.cuni.cz\/fakulta\/aktuality\/uzaverka-prihlasek-do-4eu-urban-health-case-challenge-2023\">UHCC 2023<\/a><\/p>\n\n\n\n<p><a href=\"https:\/\/www.natur.cuni.cz\/fakulta\/aktuality\/archiv-2021\/soutez-urban-health-2021-dusevni-zdravi-v-mestskem-prostoru\">UHCC 2021<\/a><\/p>\n<\/div><\/div>\n\n\n\n<div style=\"height:50px\" aria-hidden=\"true\" class=\"wp-block-spacer\"><\/div>\n\n\n\n<h4 class=\"wp-block-heading has-text-align-center\">Seznam studijn\u00edch p\u0159edm\u011bt\u016f<\/h4>\n\n\n\n<figure class=\"wp-block-table is-style-stripes\" style=\"font-size:16px\"><table><thead><tr><th class=\"has-text-align-left\" data-align=\"left\">K\u00f3d<\/th><th class=\"has-text-align-left\" data-align=\"left\">N\u00e1zev<\/th><th class=\"has-text-align-left\" data-align=\"left\">Semestr<\/th><th class=\"has-text-align-left\" data-align=\"left\">Jazyk<\/th><th class=\"has-text-align-left\" data-align=\"left\">ECTS<\/th><th class=\"has-text-align-left\" data-align=\"left\">Garant a vyu\u010duj\u00edc\u00ed<\/th><\/tr><\/thead><tbody><tr><td class=\"has-text-align-left\" data-align=\"left\"><a href=\"https:\/\/is.cuni.cz\/studium\/predmety\/index.php?id=cb35e8ba7c076fe8a5bf51902f8417cb&amp;tid=&amp;do=predmet&amp;kod=MZ340P11\" target=\"_blank\" rel=\"noreferrer noopener\">MZ340P11<\/a><\/td><td class=\"has-text-align-left\" data-align=\"left\"><a href=\"https:\/\/is.cuni.cz\/studium\/predmety\/index.php?id=cb35e8ba7c076fe8a5bf51902f8417cb&amp;tid=&amp;do=predmet&amp;kod=MZ340P11\" target=\"_blank\" rel=\"noreferrer noopener\">Teorie soci\u00e1ln\u00ed geografie<\/a><\/td><td class=\"has-text-align-left\" data-align=\"left\">zimn\u00ed<\/td><td class=\"has-text-align-left\" data-align=\"left\">\u010de\u0161tina<\/td><td class=\"has-text-align-left\" data-align=\"left\">5<\/td><td class=\"has-text-align-left\" data-align=\"left\"><a rel=\"noreferrer noopener\" href=\"https:\/\/is.cuni.cz\/studium\/predmety\/index.php?id=cb35e8ba7c076fe8a5bf51902f8417cb&amp;tid=&amp;do=ucit&amp;kod=07646\" target=\"_blank\">prof. RNDr. Lud\u011bk S\u00fdkora, Ph.D.<\/a><br><a href=\"https:\/\/is.cuni.cz\/studium\/predmety\/redir.php?id=cb35e8ba7c076fe8a5bf51902f8417cb&amp;tid=&amp;redir=sezn_ucit&amp;kod=08982\" target=\"_blank\" rel=\"noreferrer noopener\">doc. RNDr. Josef Novotn\u00fd, Ph.D.<\/a><\/td><\/tr><tr><td class=\"has-text-align-left\" data-align=\"left\"><a href=\"https:\/\/is.cuni.cz\/studium\/predmety\/redir.php?id=35c2bb20258936e593d442e9781660d9&amp;tid=&amp;redir=predmet&amp;kod=MB110C50&amp;referrer=predmety\"><\/a><a href=\"https:\/\/is.cuni.cz\/studium\/predmety\/index.php?id=cb35e8ba7c076fe8a5bf51902f8417cb&amp;tid=&amp;do=predmet&amp;kod=MZ340P13\" target=\"_blank\" rel=\"noreferrer noopener\">MZ340P13<\/a><\/td><td class=\"has-text-align-left\" data-align=\"left\"><a href=\"https:\/\/is.cuni.cz\/studium\/predmety\/index.php?id=cb35e8ba7c076fe8a5bf51902f8417cb&amp;tid=&amp;do=predmet&amp;kod=MZ340P13\">Geografie m\u011bsta<\/a><\/td><td class=\"has-text-align-left\" data-align=\"left\">zimn\u00ed<\/td><td class=\"has-text-align-left\" data-align=\"left\">\u010de\u0161tina<\/td><td class=\"has-text-align-left\" data-align=\"left\">5<\/td><td class=\"has-text-align-left\" data-align=\"left\"><a href=\"https:\/\/is.cuni.cz\/studium\/predmety\/index.php?id=cb35e8ba7c076fe8a5bf51902f8417cb&amp;tid=&amp;do=ucit&amp;kod=07646\" target=\"_blank\" rel=\"noreferrer noopener\">prof. RNDr. Lud\u011bk S\u00fdkora, Ph.D.<\/a><\/td><\/tr><tr><td class=\"has-text-align-left\" data-align=\"left\"><a href=\"https:\/\/is.cuni.cz\/studium\/predmety\/index.php?id=cb35e8ba7c076fe8a5bf51902f8417cb&amp;tid=&amp;do=predmet&amp;kod=MZ340P15\" target=\"_blank\" rel=\"noreferrer noopener\">MZ340P15<\/a><\/td><td class=\"has-text-align-left\" data-align=\"left\"><a href=\"https:\/\/is.cuni.cz\/studium\/predmety\/index.php?id=cb35e8ba7c076fe8a5bf51902f8417cb&amp;tid=&amp;do=predmet&amp;kod=MZ340P15\" target=\"_blank\" rel=\"noreferrer noopener\">Transformace sou\u010dasn\u00fdch m\u011bst<\/a><\/td><td class=\"has-text-align-left\" data-align=\"left\">letn\u00ed<\/td><td class=\"has-text-align-left\" data-align=\"left\">\u010de\u0161tina<\/td><td class=\"has-text-align-left\" data-align=\"left\">5<\/td><td class=\"has-text-align-left\" data-align=\"left\"><a rel=\"noreferrer noopener\" href=\"https:\/\/is.cuni.cz\/studium\/predmety\/index.php?id=cb35e8ba7c076fe8a5bf51902f8417cb&amp;tid=&amp;do=ucit&amp;kod=07646\" target=\"_blank\">prof. RNDr. Lud\u011bk S\u00fdkora, Ph.D.<\/a><\/td><\/tr><tr><td class=\"has-text-align-left\" data-align=\"left\"><a href=\"https:\/\/is.cuni.cz\/studium\/predmety\/index.php?id=0f5a3dfb694698dcd4d06e03b1d4f31e&amp;tid=&amp;do=predmet&amp;kod=MZ340P93\" target=\"_blank\" rel=\"noreferrer noopener\">MZ340P93<\/a><\/td><td class=\"has-text-align-left\" data-align=\"left\"><a href=\"https:\/\/is.cuni.cz\/studium\/predmety\/index.php?id=0f5a3dfb694698dcd4d06e03b1d4f31e&amp;tid=&amp;do=predmet&amp;kod=MZ340P93\" target=\"_blank\" rel=\"noreferrer noopener\">Globalizace: procesy, probl\u00e9my<\/a><\/td><td class=\"has-text-align-left\" data-align=\"left\">zimn\u00ed<\/td><td class=\"has-text-align-left\" data-align=\"left\">\u010de\u0161tina<\/td><td class=\"has-text-align-left\" data-align=\"left\">5<\/td><td class=\"has-text-align-left\" data-align=\"left\"><a rel=\"noreferrer noopener\" href=\"https:\/\/is.cuni.cz\/studium\/predmety\/index.php?id=cb35e8ba7c076fe8a5bf51902f8417cb&amp;tid=&amp;do=ucit&amp;kod=07646\" target=\"_blank\">prof. RNDr. Lud\u011bk S\u00fdkora, Ph.D.<\/a><br><a rel=\"noreferrer noopener\" href=\"https:\/\/is.cuni.cz\/studium\/predmety\/redir.php?id=cb35e8ba7c076fe8a5bf51902f8417cb&amp;tid=&amp;redir=sezn_ucit&amp;kod=08982\" target=\"_blank\">doc. RNDr. Josef Novotn\u00fd, Ph.D.<\/a><\/td><\/tr><tr><td class=\"has-text-align-left\" data-align=\"left\"><a href=\"https:\/\/is.cuni.cz\/studium\/predmety\/index.php?id=0f5a3dfb694698dcd4d06e03b1d4f31e&amp;tid=&amp;do=predmet&amp;kod=MZ340A02\" target=\"_blank\" rel=\"noreferrer noopener\">MZ340A02<\/a><\/td><td class=\"has-text-align-left\" data-align=\"left\"><a href=\"https:\/\/is.cuni.cz\/studium\/predmety\/index.php?id=0f5a3dfb694698dcd4d06e03b1d4f31e&amp;tid=&amp;do=predmet&amp;kod=MZ340A02\" target=\"_blank\" rel=\"noreferrer noopener\">Resilient Cities: Challenges, Risks and Response<\/a><\/td><td class=\"has-text-align-left\" data-align=\"left\">letn\u00ed<\/td><td class=\"has-text-align-left\" data-align=\"left\">angli\u010dtina<\/td><td class=\"has-text-align-left\" data-align=\"left\">8<\/td><td class=\"has-text-align-left\" data-align=\"left\"><a rel=\"noreferrer noopener\" href=\"https:\/\/is.cuni.cz\/studium\/predmety\/index.php?id=cb35e8ba7c076fe8a5bf51902f8417cb&amp;tid=&amp;do=ucit&amp;kod=07646\" target=\"_blank\">prof. RNDr. Lud\u011bk S\u00fdkora, Ph.D.<\/a><br>prof. Ulrike Gerhard, Heidelberg University<br>prof. Xavier Desjardins, Sorbonne University<\/td><\/tr><tr><td class=\"has-text-align-left\" data-align=\"left\"><a href=\"https:\/\/is.cuni.cz\/studium\/predmety\/index.php?id=0f5a3dfb694698dcd4d06e03b1d4f31e&amp;tid=&amp;do=predmet&amp;kod=MZ340A03\" target=\"_blank\" rel=\"noreferrer noopener\">MZ340A03<\/a><\/td><td class=\"has-text-align-left\" data-align=\"left\"><a href=\"https:\/\/is.cuni.cz\/studium\/predmety\/index.php?id=0f5a3dfb694698dcd4d06e03b1d4f31e&amp;tid=&amp;do=predmet&amp;kod=MZ340A03\" target=\"_blank\" rel=\"noreferrer noopener\">Analysis, mapping and visualization of urban and regional development<\/a><\/td><td class=\"has-text-align-left\" data-align=\"left\">letn\u00ed<\/td><td class=\"has-text-align-left\" data-align=\"left\">angli\u010dtina<\/td><td class=\"has-text-align-left\" data-align=\"left\">5<\/td><td class=\"has-text-align-left\" data-align=\"left\"><a rel=\"noreferrer noopener\" href=\"https:\/\/is.cuni.cz\/studium\/predmety\/index.php?id=cb35e8ba7c076fe8a5bf51902f8417cb&amp;tid=&amp;do=ucit&amp;kod=07646\" target=\"_blank\">prof. RNDr. Lud\u011bk S\u00fdkora, Ph.D.<\/a><br><a href=\"https:\/\/is.cuni.cz\/studium\/predmety\/redir.php?id=0f5a3dfb694698dcd4d06e03b1d4f31e&amp;tid=&amp;redir=sezn_ucit&amp;kod=24643\">Mgr. Luk\u00e1\u0161 Br\u016fha, Ph.D.<\/a><br><a href=\"https:\/\/is.cuni.cz\/studium\/predmety\/redir.php?id=0f5a3dfb694698dcd4d06e03b1d4f31e&amp;tid=&amp;redir=sezn_ucit&amp;kod=21988\">RNDr. Mgr. Jakub Lys\u00e1k, Ph.D.<\/a><br><a href=\"https:\/\/is.cuni.cz\/studium\/predmety\/redir.php?id=0f5a3dfb694698dcd4d06e03b1d4f31e&amp;tid=&amp;redir=sezn_ucit&amp;kod=09684\">RNDr. Lud\u011bk \u0160\u00eddlo, Ph.D.<\/a><\/td><\/tr><tr><td class=\"has-text-align-left\" data-align=\"left\"><a href=\"https:\/\/is.cuni.cz\/studium\/predmety\/index.php?id=f3cb8a07d5d55ac36dee652420f17988&amp;tid=2&amp;do=predmet&amp;kod=MZ340A01\">MZ340A01<\/a><\/td><td class=\"has-text-align-left\" data-align=\"left\"><a href=\"https:\/\/is.cuni.cz\/studium\/predmety\/index.php?id=f3cb8a07d5d55ac36dee652420f17988&amp;tid=2&amp;do=predmet&amp;kod=MZ340A01\">Urban Health Case Challenge<\/a><\/td><td class=\"has-text-align-left\" data-align=\"left\">zimn\u00ed<\/td><td class=\"has-text-align-left\" data-align=\"left\">angli\u010dtina<\/td><td class=\"has-text-align-left\" data-align=\"left\">3<\/td><td class=\"has-text-align-left\" data-align=\"left\"><a rel=\"noreferrer noopener\" href=\"https:\/\/is.cuni.cz\/studium\/predmety\/index.php?id=cb35e8ba7c076fe8a5bf51902f8417cb&amp;tid=&amp;do=ucit&amp;kod=07646\" target=\"_blank\">prof. RNDr. Lud\u011bk S\u00fdkora, Ph.D.<\/a><\/td><\/tr><\/tbody><\/table><\/figure>\n\n\n\n<p><\/p>\n","protected":false},"excerpt":{"rendered":"<p>Teorie soci\u00e1ln\u00ed geografie C\u00edlem kurzu je na z\u00e1klad\u011b p\u0159edn\u00e1\u0161ek, diskus\u00ed a pr\u00e1ce s odborn\u00fdmi texty nau\u010dit studenty porozum\u011bt, pochopit, interpretovat, vyhodnotit a ve vlastn\u00ed pr\u00e1ci vyu\u017e\u00edt epistemologick\u00e9 sm\u011bry a paradigmata v geografii s d\u016frazem na sou\u010dasn\u00e9 teoretick\u00e9 diskuse, my\u0161lenky Albertovsk\u00e9 geografick\u00e9 \u0161koly a vybran\u00e9 ontologick\u00e9 geografick\u00e9 koncepty a teorie. Kurz klade d\u016fraz na \u010detbu literatury, [&hellip;]<\/p>\n","protected":false},"author":1,"featured_media":0,"parent":0,"menu_order":0,"comment_status":"closed","ping_status":"closed","template":"","meta":{"_uag_custom_page_level_css":"","footnotes":""},"class_list":["post-4961","page","type-page","status-publish","hentry"],"uagb_featured_image_src":{"full":false,"thumbnail":false,"medium":false,"medium_large":false,"large":false,"1536x1536":false,"2048x2048":false},"uagb_author_info":{"display_name":"cvmr_admin","author_link":"https:\/\/web.natur.cuni.cz\/cvmr\/author\/cvmr_admin\/"},"uagb_comment_info":0,"uagb_excerpt":"Teorie soci\u00e1ln\u00ed geografie C\u00edlem kurzu je na z\u00e1klad\u011b p\u0159edn\u00e1\u0161ek, diskus\u00ed a pr\u00e1ce s odborn\u00fdmi texty nau\u010dit studenty porozum\u011bt, pochopit, interpretovat, vyhodnotit a ve vlastn\u00ed pr\u00e1ci vyu\u017e\u00edt epistemologick\u00e9 sm\u011bry a paradigmata v geografii s d\u016frazem na sou\u010dasn\u00e9 teoretick\u00e9 diskuse, my\u0161lenky Albertovsk\u00e9 geografick\u00e9 \u0161koly a vybran\u00e9 ontologick\u00e9 geografick\u00e9 koncepty a teorie. Kurz klade d\u016fraz na \u010detbu literatury,&hellip;","_links":{"self":[{"href":"https:\/\/web.natur.cuni.cz\/cvmr\/wp-json\/wp\/v2\/pages\/4961","targetHints":{"allow":["GET"]}}],"collection":[{"href":"https:\/\/web.natur.cuni.cz\/cvmr\/wp-json\/wp\/v2\/pages"}],"about":[{"href":"https:\/\/web.natur.cuni.cz\/cvmr\/wp-json\/wp\/v2\/types\/page"}],"author":[{"embeddable":true,"href":"https:\/\/web.natur.cuni.cz\/cvmr\/wp-json\/wp\/v2\/users\/1"}],"replies":[{"embeddable":true,"href":"https:\/\/web.natur.cuni.cz\/cvmr\/wp-json\/wp\/v2\/comments?post=4961"}],"version-history":[{"count":17,"href":"https:\/\/web.natur.cuni.cz\/cvmr\/wp-json\/wp\/v2\/pages\/4961\/revisions"}],"predecessor-version":[{"id":5658,"href":"https:\/\/web.natur.cuni.cz\/cvmr\/wp-json\/wp\/v2\/pages\/4961\/revisions\/5658"}],"wp:attachment":[{"href":"https:\/\/web.natur.cuni.cz\/cvmr\/wp-json\/wp\/v2\/media?parent=4961"}],"curies":[{"name":"wp","href":"https:\/\/api.w.org\/{rel}","templated":true}]}}