{"id":5522,"date":"2023-02-13T21:01:39","date_gmt":"2023-02-13T20:01:39","guid":{"rendered":"https:\/\/web.natur.cuni.cz\/cvmr\/?page_id=5522"},"modified":"2024-01-02T19:04:03","modified_gmt":"2024-01-02T18:04:03","slug":"aktuality","status":"publish","type":"page","link":"https:\/\/web.natur.cuni.cz\/cvmr\/aktuality\/","title":{"rendered":"Aktuality \/ News"},"content":{"rendered":"\n<p class=\"has-medium-font-size\"><strong>SUSTHERIT: Transformative urban heritage. Strategies for a sustainable European historic housing stock.<\/strong><\/p>\n\n\n\n<p style=\"font-size:18px\">CVMR as a member of international consortioum led by Institut f\u00fcr Stadt- und Regionalforschung, \u00d6sterreichische Akademie der Wissenschaften \/ Institute for Urban and Regional Research, Austrian Academy of Sciences was awarded a project &#8220;SUSTHERIT: Transformative urban heritage. Strategies for a sustainable European historic housing stock.&#8221; supported by Joint Programming Initiative \u201cCultural Heritage and Global Change\u201d (JPI CH), Call 2023 \u2013 \u201eClimate &amp; Cultural Heritage (CCH) 2023 Collaborative Research Action (CRA)\u201c<\/p>\n\n\n\n<p><a href=\"https:\/\/web.natur.cuni.cz\/cvmr\/sustherit\/\">More<\/a><\/p>\n\n\n\n<div style=\"height:25px\" aria-hidden=\"true\" class=\"wp-block-spacer\"><\/div>\n\n\n\n<hr class=\"wp-block-separator has-alpha-channel-opacity\"\/>\n\n\n\n<p class=\"has-medium-font-size\"><strong>Challenges and Opportunities for Metropolitan Areas in Central Europe<\/strong><\/p>\n\n\n\n<p style=\"font-size:18px\">The study &#8216;<a href=\"https:\/\/www.interreg-central.eu\/news\/challenges-and-opportunities-for-metropolitan-areas-in-central-europe\/\" data-type=\"link\" data-id=\"https:\/\/www.interreg-central.eu\/news\/challenges-and-opportunities-for-metropolitan-areas-in-central-europe\/\">Identification of Challenges Specific to Central European Metropolitan Areas (MAs)<\/a>&#8216;, conducted by Charles University as part of the MECOG-CE project examines the presence of the metropolitan dimension in EU and international documents and captures the perspectives of stakeholders from Central European MAs regarding contemporary challenges and opportunities related to metropolitan development, governance, planning, and cooperation. These findings, derived from surveys and focus groups with project partners, are poised to guide Central European MAs in their transformation into vibrant centers of urban development, governance, and collaboration.<\/p>\n\n\n\n<p><a href=\"https:\/\/web.natur.cuni.cz\/cvmr\/mecog-ce\/\">More<\/a><\/p>\n\n\n\n<div style=\"height:25px\" aria-hidden=\"true\" class=\"wp-block-spacer\"><\/div>\n\n\n\n<hr class=\"wp-block-separator has-alpha-channel-opacity\"\/>\n\n\n\n<p class=\"has-medium-font-size\"><strong><strong>4EU+ Urban Health Case Challenge 2023:<\/strong><\/strong> <strong>Obesity in an Urban Environment<\/strong> <\/p>\n\n\n\n<p style=\"font-size:18px\">Chcete studovat a pracovat v mezin\u00e1rodn\u00edm t\u00fdmu student\u016f a pedagog\u016f na aktu\u00e1ln\u00edm t\u00e9matu zdravotn\u00edch rizik a v\u00fdzev v&nbsp;m\u011bstsk\u00e9m prost\u0159ed\u00ed? Z\u00fa\u010dastn\u011bte se mezioborov\u00e9ho kurzu \u201eUrban Health Case Challenge\u201c, kter\u00fd v r\u00e1mci univerzitn\u00ed aliance 4EU+ spole\u010dn\u011b zaji\u0161\u0165uj\u00ed Univerzita Karlova s&nbsp;dal\u0161\u00edmi partnery &#8211;  <a href=\"https:\/\/cuni.cz\/UK-13066.html\">https:\/\/cuni.cz\/UK-13066.html<\/a> a na webu P\u0159F UK: <a rel=\"noreferrer noopener\" href=\"https:\/\/www.natur.cuni.cz\/fakulta\/aktuality\/uzaverka-prihlasek-do-4eu-urban-health-case-challenge-2023\" target=\"_blank\">https:\/\/www.natur.cuni.cz\/fakulta\/aktuality\/uzaverka-prihlasek-do-4eu-urban-health-case-challenge-2023<\/a>. SIS: <a href=\"https:\/\/is.cuni.cz\/studium\/predmety\/index.php?id=f3cb8a07d5d55ac36dee652420f17988&amp;tid=2&amp;do=predmet&amp;kod=MZ340A01\">https:\/\/is.cuni.cz\/studium\/predmety\/index.php?id=f3cb8a07d5d55ac36dee652420f17988&amp;tid=2&amp;do=predmet&amp;kod=MZ340A01<\/a> Term\u00edn p\u0159ihl\u00e1\u0161ky: 15. \u0159\u00edjen 2023.<\/p>\n\n\n\n<p style=\"font-size:18px\"><a href=\"https:\/\/www.natur.cuni.cz\/fakulta\/aktuality\/uzaverka-prihlasek-do-4eu-urban-health-case-challenge-2023\" data-type=\"page\">V\u00edce<\/a><\/p>\n\n\n\n<div style=\"height:25px\" aria-hidden=\"true\" class=\"wp-block-spacer\"><\/div>\n\n\n\n<hr class=\"wp-block-separator has-alpha-channel-opacity\"\/>\n\n\n\n<p class=\"has-medium-font-size\"><strong>Coblence, A., S\u00fdkora, L. (2022) The Performativity of Metropolization among five articles selected for AESOP Best Published Paper Award 2023<\/strong><\/p>\n\n\n\n<p style=\"font-size:18px\">The Association of European Schools of Planning (AESOP) awards a Best Published Paper Prize every year. The paper &#8220;Coblence Alena, S\u00fdkora Ludek (2022) The performativity of metropolization: how material-discursive practices institutionalize the Prague Metropolitan Region. International Journal of Urban and Regional Research, 46, 502-521\u201d reached the final five.<\/p>\n\n\n\n<p style=\"font-size:18px\"><a href=\"https:\/\/aesop-planning.eu\/resources\/news-archive\/aesop\/awards\/aesop-best-published-paper-award-2023\" data-type=\"page\">V\u00edce<\/a><\/p>\n\n\n\n<div style=\"height:25px\" aria-hidden=\"true\" class=\"wp-block-spacer\"><\/div>\n\n\n\n<hr class=\"wp-block-separator has-alpha-channel-opacity\"\/>\n\n\n\n<p class=\"has-medium-font-size\"><strong>Kick-off meeting &#8211; MECOG-CE: Pos\u00edlen\u00ed metropolitn\u00ed spolupr\u00e1ce a spr\u00e1vy ve st\u0159edn\u00ed Evrop\u011b<\/strong> \/ <strong>MECOG-CE: Strengthening Metropolitan Cooperation and Governance in Central Europe<\/strong><\/p>\n\n\n\n<p>Centrum pro v\u00fdzkum m\u011bst a region\u016f (CVMR) KSGRR P\u0159F UK je jedn\u00edm z partner\u016f mezin\u00e1rodn\u00edho projektu MECOG-CE: Pos\u00edlen\u00ed metropolitn\u00ed spolupr\u00e1ce a spr\u00e1vy ve st\u0159edn\u00ed Evrop\u011b, kter\u00fd podpo\u0159il program Interreg Central Europe. Vedle \u00favodn\u00ed online sch\u016fzky se projektov\u00ed patne\u0159i se\u0161li na jedn\u00e1n\u00ed v Brn\u011b. CVMR spole\u010dn\u011b s Uniwersytet \u015al\u0105ski koordinuj\u00ed v obdob\u00ed duben 2023 &#8211; b\u0159ezen 2024 aktivity a v\u00fdstupy v r\u00e1mci pracovn\u00edho bal\u00ed\u010dku \u201cWP1: Anal\u00fdza metropolitn\u00ed dimenze\u201c. Dal\u0161\u00ed informace k projektu: <a href=\"https:\/\/web.natur.cuni.cz\/cvmr\/mecog-ce\/\">https:\/\/web.natur.cuni.cz\/cvmr\/mecog-ce\/<\/a> \/ The Centre for City and Regional Research (CVMR) KSGRR Faculty of Science is one of the partners of the international project MECOG-CE: Strengthening Metropolitan Cooperation and Governance in Central Europe, supported by the Interreg Central Europe programme. In addition to an online start, the project partners met during the kick-off meeting in Brno. The CVMR together with University of Silesia in Katowice are coordinating the activities and outputs of the work package &#8220;WP1: Analysis of metropolitan dimension&#8221; between April 2023 and March 2024. Further informationabout the project: <a href=\"https:\/\/web.natur.cuni.cz\/cvmr\/mecog-ce\/ \">https:\/\/web.natur.cuni.cz\/cvmr\/mecog-ce\/ <\/a><\/p>\n\n\n\n<p style=\"font-size:18px\"><a href=\"https:\/\/metropolitni.brno.cz\/v-brne-odstartoval-mezinarodni-projekt-mecog-ce\/\">V\u00edce<\/a><\/p>\n\n\n\n<div style=\"height:25px\" aria-hidden=\"true\" class=\"wp-block-spacer\"><\/div>\n\n\n\n<hr class=\"wp-block-separator has-alpha-channel-opacity is-style-default\"\/>\n\n\n\n<p class=\"has-medium-font-size\"><strong>Dva projekty CVMR podpo\u0159eny Grantovou agenturou Univerzity Karlovy!<\/strong><\/p>\n\n\n\n<p style=\"font-size:18px\">Dva projekty \u010dlen\u016f CVMR byly v roce 2023 podpo\u0159eny Grantovou agenturou Univerzity Karlovy. V\u00fdzkum Marka Hojs\u00edka<em> Vn\u00edm\u00e1n\u00ed reziden\u010dn\u00ed segregace lok\u00e1ln\u00edmi akt\u00e9ry v \u00fazem\u00ed a jeho vliv na tvorbu a realizaci m\u00edstn\u00edch politik bydlen\u00ed<\/em> byl podpo\u0159en pro obdob\u00ed 2023-2024, projekt <em>Znev\u00fdhodn\u011bn\u00ed a soci\u00e1ln\u00ed vylou\u010den\u00ed v \u010desk\u00fdch m\u011bstech \u2013 vliv efektu sousedstv\u00ed?<\/em> Adama Martinka pro 2023-2025.<\/p>\n\n\n\n<p style=\"font-size:18px\"><a href=\"https:\/\/web.natur.cuni.cz\/cvmr\/projekty-zakladniho-vyzkumu-podporene-grantovou-agenturou-univerzity-karlovy\/\" data-type=\"page\" data-id=\"5516\">V\u00edce<\/a><\/p>\n\n\n\n<div style=\"height:25px\" aria-hidden=\"true\" class=\"wp-block-spacer\"><\/div>\n\n\n\n<hr class=\"wp-block-separator has-alpha-channel-opacity is-style-default\"\/>\n\n\n\n<p class=\"has-medium-font-size\"><strong><a href=\"https:\/\/web.natur.cuni.cz\/cvmr\/workshopy-v-ramci-projektu-vyvojova-dynamika-segregace-a-socialniho-vylouceni-v-uzemi\/\">Workshopy v r\u00e1mci projektu &#8220;V\u00fdvojov\u00e1 dynamika segregace a soci\u00e1ln\u00edho vylou\u010den\u00ed v \u00fazem\u00ed&#8221;<\/a><\/strong><\/p>\n\n\n\n<p style=\"font-size:18px\">Na webu <a href=\"http:\/\/wwe.segregace.cz\">www.segregace.cz<\/a> najdete zhodnocen\u00ed dvou prob\u011bhl\u00fdch workshop\u016f, kter\u00e9 p\u0159edstavily \u00fa\u010dastn\u00edk\u016fm p\u0159ev\u00e1\u017en\u011b z ve\u0159ejn\u00e9ho a neziskov\u00e9ho sektoru v\u00fdstupy projektu &#8220;V\u00fdvojov\u00e1 dynamika segregace a soci\u00e1ln\u00edho vylou\u010den\u00ed v \u00fazem\u00ed&#8221;. Text k workshopu 11. 1. 2023 najdete <a href=\"https:\/\/web.natur.cuni.cz\/segregace\/opakovany-workshop-prace-s-daty-v-praxi-koncentrace-socialniho-vylouceni-v-uzemi-a-moznosti-desegregace-11-1-2023\/\">zde<\/a>, k prvn\u00edmu workshopu 2. 12. 2022 <a href=\"https:\/\/web.natur.cuni.cz\/segregace\/workshop-prace-s-daty-v-praxi-koncentrace-socialniho-vylouceni-v-uzemi-a-moznostidesegregace\/\">zde<\/a>. <\/p>\n\n\n\n<p style=\"font-size:18px\"><a href=\"https:\/\/web.natur.cuni.cz\/cvmr\/workshopy-v-ramci-projektu-vyvojova-dynamika-segregace-a-socialniho-vylouceni-v-uzemi\/\">V\u00edce<\/a><\/p>\n","protected":false},"excerpt":{"rendered":"<p>SUSTHERIT: Transformative urban heritage. Strategies for a sustainable European historic housing stock. CVMR as a member of international consortioum led by Institut f\u00fcr Stadt- und Regionalforschung, \u00d6sterreichische Akademie der Wissenschaften \/ Institute for Urban and Regional Research, Austrian Academy of Sciences was awarded a project &#8220;SUSTHERIT: Transformative urban heritage. Strategies for a sustainable European historic [&hellip;]<\/p>\n","protected":false},"author":3,"featured_media":0,"parent":0,"menu_order":0,"comment_status":"closed","ping_status":"closed","template":"","meta":{"_uag_custom_page_level_css":"","footnotes":""},"class_list":["post-5522","page","type-page","status-publish","hentry"],"uagb_featured_image_src":{"full":false,"thumbnail":false,"medium":false,"medium_large":false,"large":false,"1536x1536":false,"2048x2048":false},"uagb_author_info":{"display_name":"Martinek","author_link":"https:\/\/web.natur.cuni.cz\/cvmr\/author\/martinek\/"},"uagb_comment_info":0,"uagb_excerpt":"SUSTHERIT: Transformative urban heritage. Strategies for a sustainable European historic housing stock. CVMR as a member of international consortioum led by Institut f\u00fcr Stadt- und Regionalforschung, \u00d6sterreichische Akademie der Wissenschaften \/ Institute for Urban and Regional Research, Austrian Academy of Sciences was awarded a project &#8220;SUSTHERIT: Transformative urban heritage. Strategies for a sustainable European historic&hellip;","_links":{"self":[{"href":"https:\/\/web.natur.cuni.cz\/cvmr\/wp-json\/wp\/v2\/pages\/5522","targetHints":{"allow":["GET"]}}],"collection":[{"href":"https:\/\/web.natur.cuni.cz\/cvmr\/wp-json\/wp\/v2\/pages"}],"about":[{"href":"https:\/\/web.natur.cuni.cz\/cvmr\/wp-json\/wp\/v2\/types\/page"}],"author":[{"embeddable":true,"href":"https:\/\/web.natur.cuni.cz\/cvmr\/wp-json\/wp\/v2\/users\/3"}],"replies":[{"embeddable":true,"href":"https:\/\/web.natur.cuni.cz\/cvmr\/wp-json\/wp\/v2\/comments?post=5522"}],"version-history":[{"count":17,"href":"https:\/\/web.natur.cuni.cz\/cvmr\/wp-json\/wp\/v2\/pages\/5522\/revisions"}],"predecessor-version":[{"id":5689,"href":"https:\/\/web.natur.cuni.cz\/cvmr\/wp-json\/wp\/v2\/pages\/5522\/revisions\/5689"}],"wp:attachment":[{"href":"https:\/\/web.natur.cuni.cz\/cvmr\/wp-json\/wp\/v2\/media?parent=5522"}],"curies":[{"name":"wp","href":"https:\/\/api.w.org\/{rel}","templated":true}]}}