{"id":4936,"date":"2021-01-20T10:42:03","date_gmt":"2021-01-20T09:42:03","guid":{"rendered":"https:\/\/ukazky.euweb.cz\/?page_id=4936"},"modified":"2022-04-01T09:55:34","modified_gmt":"2022-04-01T09:55:34","slug":"team","status":"publish","type":"page","link":"https:\/\/web.natur.cuni.cz\/eccn10\/team\/","title":{"rendered":""},"content":{"rendered":"\n<p>If you have any questions regarding the conference, you can contact <strong>pavel.nemec@natur.cuni.cz<\/strong>.<\/p>\n\n\n\n<h2>Organizing committee<\/h2>\n\n\n\n<p>Pavel N\u011bmec (Charles University, Prague)<br>Kristina Kverkov\u00e1 (Charles University, Prague)<br>Yicheng Zhang (Charles University, Prague)<br>Francesco Dionigi (Charles University, Prague)<br>Rastislav Druga (Charles University, Prague)<br>Gabriela Pavlinkova (BIOCEV Research Center, Prague)<\/p>\n\n\n\n<h2>Scientific committee<\/h2>\n\n\n\n<p>Pavel N\u011bmec (Charles University, Prague)<br>Philippe Vernier (Paris-Saclay Institute of Neuroscience, Gif-sur-Yvette)<br>Zolt\u00e1n Moln\u00e1r (University of Oxford)<br>Hans J. ten Donkelaar (Radboud University, Nijmegen)<br>Maria Antonietta Tosches (Columbia University)<br>Fernando Garc\u00eda-Moreno (Achucarro Basque Center for Neuroscience)<br>Stephen Brusatte (University of Edinburg)<br>Mario F. Wullimann (Ludwig Maximilian University, Munich)<br>Bernd Fritzsch (The University of Iowa)<\/p>\n\n\n\n<p><\/p>\n\n\n\n<p><\/p>\n","protected":false},"excerpt":{"rendered":"<p>If you have any questions regarding the conference, you can contact pavel.nemec@natur.cuni.cz. Organizing committee Pavel N\u011bmec (Charles University, Prague)Kristina Kverkov\u00e1 (Charles University, Prague)Yicheng Zhang (Charles University, Prague)Francesco Dionigi (Charles University, Prague)Rastislav Druga (Charles University, Prague)Gabriela Pavlinkova (BIOCEV Research Center, Prague) Scientific committee Pavel N\u011bmec (Charles University, Prague)Philippe Vernier (Paris-Saclay Institute of Neuroscience, Gif-sur-Yvette)Zolt\u00e1n Moln\u00e1r (University [&hellip;]<\/p>\n","protected":false},"author":1,"featured_media":0,"parent":0,"menu_order":0,"comment_status":"closed","ping_status":"closed","template":"","meta":{"ub_ctt_via":"","ngg_post_thumbnail":0},"featured_image_src":null,"uagb_featured_image_src":{"full":false,"thumbnail":false,"medium":false,"medium_large":false,"large":false,"1536x1536":false,"2048x2048":false},"uagb_author_info":{"display_name":"karak1af","author_link":"https:\/\/web.natur.cuni.cz\/eccn10\/author\/karak1af\/"},"uagb_comment_info":0,"uagb_excerpt":"If you have any questions regarding the conference, you can contact pavel.nemec@natur.cuni.cz. Organizing committee Pavel N\u011bmec (Charles University, Prague)Kristina Kverkov\u00e1 (Charles University, Prague)Yicheng Zhang (Charles University, Prague)Francesco Dionigi (Charles University, Prague)Rastislav Druga (Charles University, Prague)Gabriela Pavlinkova (BIOCEV Research Center, Prague) Scientific committee Pavel N\u011bmec (Charles University, Prague)Philippe Vernier (Paris-Saclay Institute of Neuroscience, Gif-sur-Yvette)Zolt\u00e1n Moln\u00e1r (University&hellip;","_links":{"self":[{"href":"https:\/\/web.natur.cuni.cz\/eccn10\/wp-json\/wp\/v2\/pages\/4936"}],"collection":[{"href":"https:\/\/web.natur.cuni.cz\/eccn10\/wp-json\/wp\/v2\/pages"}],"about":[{"href":"https:\/\/web.natur.cuni.cz\/eccn10\/wp-json\/wp\/v2\/types\/page"}],"author":[{"embeddable":true,"href":"https:\/\/web.natur.cuni.cz\/eccn10\/wp-json\/wp\/v2\/users\/1"}],"replies":[{"embeddable":true,"href":"https:\/\/web.natur.cuni.cz\/eccn10\/wp-json\/wp\/v2\/comments?post=4936"}],"version-history":[{"count":10,"href":"https:\/\/web.natur.cuni.cz\/eccn10\/wp-json\/wp\/v2\/pages\/4936\/revisions"}],"predecessor-version":[{"id":5670,"href":"https:\/\/web.natur.cuni.cz\/eccn10\/wp-json\/wp\/v2\/pages\/4936\/revisions\/5670"}],"wp:attachment":[{"href":"https:\/\/web.natur.cuni.cz\/eccn10\/wp-json\/wp\/v2\/media?parent=4936"}],"curies":[{"name":"wp","href":"https:\/\/api.w.org\/{rel}","templated":true}]}}