{"id":4961,"date":"2021-01-20T11:10:09","date_gmt":"2021-01-20T10:10:09","guid":{"rendered":"https:\/\/ukazky.euweb.cz\/?page_id=4961"},"modified":"2025-04-08T21:51:20","modified_gmt":"2025-04-08T21:51:20","slug":"teaching","status":"publish","type":"page","link":"https:\/\/web.natur.cuni.cz\/kfmch\/nanoengineering\/teaching\/","title":{"rendered":"Teaching"},"content":{"rendered":"\n<div class=\"wp-block-media-text alignwide is-stacked-on-mobile is-image-fill-element\"><figure class=\"wp-block-media-text__media\"><img loading=\"lazy\" decoding=\"async\" width=\"1024\" height=\"576\" src=\"https:\/\/web.natur.cuni.cz\/kfmch\/nanoengineering\/wp-content\/uploads\/2021\/10\/periodic-table-gb127d5b51_1280-1024x576.jpg\" alt=\"\" class=\"wp-image-5644 size-full\" style=\"object-position:50% 50%\" srcset=\"https:\/\/web.natur.cuni.cz\/kfmch\/nanoengineering\/wp-content\/uploads\/2021\/10\/periodic-table-gb127d5b51_1280-1024x576.jpg 1024w, https:\/\/web.natur.cuni.cz\/kfmch\/nanoengineering\/wp-content\/uploads\/2021\/10\/periodic-table-gb127d5b51_1280-300x169.jpg 300w, https:\/\/web.natur.cuni.cz\/kfmch\/nanoengineering\/wp-content\/uploads\/2021\/10\/periodic-table-gb127d5b51_1280-768x432.jpg 768w, https:\/\/web.natur.cuni.cz\/kfmch\/nanoengineering\/wp-content\/uploads\/2021\/10\/periodic-table-gb127d5b51_1280.jpg 1280w\" sizes=\"auto, (max-width: 1024px) 100vw, 1024px\" \/><\/figure><div class=\"wp-block-media-text__content\">\n<p class=\"has-large-font-size\">Physical Chemistry for International Students II<\/p>\n\n\n\n<p>The course consists of lectures by academic staff members from the department of Physical and Macromolecular Chemistry (2x45min per week), combined with problem solving classes (1x45min per week). The course comprises the bachelor and master curriculum of Physical Chemistry in a more condensed form. The target audience are international master students within the Erasmus program, and PhD students whose background is not Physical Chemistry (Physics, Organic Chemistry, Biochemistry, etc.). <\/p>\n<\/div><\/div>\n\n\n\n<div style=\"height:100px\" aria-hidden=\"true\" class=\"wp-block-spacer\"><\/div>\n\n\n\n<div class=\"wp-block-media-text alignwide has-media-on-the-right is-stacked-on-mobile\"><div class=\"wp-block-media-text__content\">\n<p class=\"has-large-font-size\">Zeolites and Molecular Sieves<\/p>\n\n\n\n<p>This course for doctoral students provides an introduction to the fundamentals of zeolite preparation, properties, and applications. It explores the relationships between natural and synthetic zeolites, as well as the characteristics of zeolites, mesoporous materials, and zeotypes. The course covers synthesis, modification, and characterization techniques, including diffraction, spectroscopy, microscopy, and sorption methods. Special emphasis is placed on current applications of zeolites and their potential for future practical use.<\/p>\n<\/div><figure class=\"wp-block-media-text__media\"><img loading=\"lazy\" decoding=\"async\" width=\"1024\" height=\"943\" src=\"https:\/\/web.natur.cuni.cz\/kfmch\/nanoengineering\/wp-content\/uploads\/2021\/10\/zeolite-1024x943.png\" alt=\"\" class=\"wp-image-5593 size-full\" srcset=\"https:\/\/web.natur.cuni.cz\/kfmch\/nanoengineering\/wp-content\/uploads\/2021\/10\/zeolite-1024x943.png 1024w, https:\/\/web.natur.cuni.cz\/kfmch\/nanoengineering\/wp-content\/uploads\/2021\/10\/zeolite-300x276.png 300w, https:\/\/web.natur.cuni.cz\/kfmch\/nanoengineering\/wp-content\/uploads\/2021\/10\/zeolite-768x707.png 768w, https:\/\/web.natur.cuni.cz\/kfmch\/nanoengineering\/wp-content\/uploads\/2021\/10\/zeolite-1536x1414.png 1536w, https:\/\/web.natur.cuni.cz\/kfmch\/nanoengineering\/wp-content\/uploads\/2021\/10\/zeolite.png 1871w\" sizes=\"auto, (max-width: 1024px) 100vw, 1024px\" \/><\/figure><\/div>\n\n\n\n<div style=\"height:100px\" aria-hidden=\"true\" class=\"wp-block-spacer\"><\/div>\n\n\n\n<div style=\"height:50px\" aria-hidden=\"true\" class=\"wp-block-spacer\"><\/div>\n\n\n\n<div class=\"wp-block-media-text alignwide is-stacked-on-mobile is-image-fill-element\"><figure class=\"wp-block-media-text__media\"><img loading=\"lazy\" decoding=\"async\" width=\"910\" height=\"602\" src=\"https:\/\/web.natur.cuni.cz\/kfmch\/nanoengineering\/wp-content\/uploads\/2021\/10\/lab-research-chemistry-test.jpg\" alt=\"\" class=\"wp-image-5646 size-full\" style=\"object-position:50% 50%\" srcset=\"https:\/\/web.natur.cuni.cz\/kfmch\/nanoengineering\/wp-content\/uploads\/2021\/10\/lab-research-chemistry-test.jpg 910w, https:\/\/web.natur.cuni.cz\/kfmch\/nanoengineering\/wp-content\/uploads\/2021\/10\/lab-research-chemistry-test-300x198.jpg 300w, https:\/\/web.natur.cuni.cz\/kfmch\/nanoengineering\/wp-content\/uploads\/2021\/10\/lab-research-chemistry-test-768x508.jpg 768w\" sizes=\"auto, (max-width: 910px) 100vw, 910px\" \/><\/figure><div class=\"wp-block-media-text__content\">\n<p class=\"has-large-font-size\">Chemical Principles of Industrial Chemistry<\/p>\n\n\n\n<p>This course introduces students to the chemical pathways involved in transforming primary raw materials &#8211; such as oil, natural gas, coal, wood, and agricultural products &#8211; into final consumer products, including fertilizers, pesticides, lubricants, detergents, and adhesives. It also explores the principles of waste-free process development, advancements in catalyst design, fermentation processes, and emerging ecotechnologies.<\/p>\n<\/div><\/div>\n\n\n\n<div style=\"height:50px\" aria-hidden=\"true\" class=\"wp-block-spacer\"><\/div>\n\n\n\n<div style=\"height:50px\" aria-hidden=\"true\" class=\"wp-block-spacer\"><\/div>\n\n\n\n<div class=\"wp-block-media-text alignwide has-media-on-the-right is-stacked-on-mobile is-image-fill-element\"><div class=\"wp-block-media-text__content\">\n<p class=\"has-large-font-size\">Fundamentals in Catalysis &amp; Catalysis in Practice<\/p>\n\n\n\n<p>Catalysis plays a crucial role in the production of intermediates and final products in the chemical industry, with 85-90% of processes involving a catalyst. These interconnected courses introduce the fundamental principles of catalysis, followed by an in-depth exploration of how catalysts function and are applied in large-scale industrial processes.<\/p>\n\n\n\n<p>The <strong>Fundamentals in Catalysis<\/strong> course focuses on the role of catalysts in chemical reactions, reaction mechanisms, and the application of key experimental techniques for catalyst characterization and evaluation.<\/p>\n\n\n\n<p>The <strong>Catalysis in Practice<\/strong> course highlights the critical role of catalysts in oil and natural gas upgrading, Fischer-Tropsch synthesis, ammonia synthesis, and aromatic petrochemistry. It also covers catalyst applications in the synthesis of fine chemicals, including pharmaceuticals, flavors, and fragrances.<\/p>\n\n\n\n<p>Each course consists of <strong>weekly lectures (2x45min) and problem-solving sessions (1x45min).<\/strong><\/p>\n\n\n\n<div style=\"height:100px\" aria-hidden=\"true\" class=\"wp-block-spacer\"><\/div>\n<\/div><figure class=\"wp-block-media-text__media\"><img loading=\"lazy\" decoding=\"async\" width=\"683\" height=\"1024\" src=\"https:\/\/web.natur.cuni.cz\/kfmch\/nanoengineering\/wp-content\/uploads\/2021\/10\/industry-1-683x1024.jpg\" alt=\"\" class=\"wp-image-5642 size-full\" style=\"object-position:50% 50%\" srcset=\"https:\/\/web.natur.cuni.cz\/kfmch\/nanoengineering\/wp-content\/uploads\/2021\/10\/industry-1-683x1024.jpg 683w, https:\/\/web.natur.cuni.cz\/kfmch\/nanoengineering\/wp-content\/uploads\/2021\/10\/industry-1-200x300.jpg 200w, https:\/\/web.natur.cuni.cz\/kfmch\/nanoengineering\/wp-content\/uploads\/2021\/10\/industry-1-768x1152.jpg 768w, https:\/\/web.natur.cuni.cz\/kfmch\/nanoengineering\/wp-content\/uploads\/2021\/10\/industry-1.jpg 910w\" sizes=\"auto, (max-width: 683px) 100vw, 683px\" \/><\/figure><\/div>\n\n\n\n<div style=\"height:100px\" aria-hidden=\"true\" class=\"wp-block-spacer\"><\/div>\n\n\n\n<div class=\"wp-block-media-text alignwide is-stacked-on-mobile is-image-fill-element\"><figure class=\"wp-block-media-text__media\"><img loading=\"lazy\" decoding=\"async\" width=\"1024\" height=\"1024\" src=\"https:\/\/web.natur.cuni.cz\/kfmch\/nanoengineering\/wp-content\/uploads\/2025\/02\/exp-meth.webp\" alt=\"\" class=\"wp-image-6544 size-full\" style=\"object-position:50% 50%\" srcset=\"https:\/\/web.natur.cuni.cz\/kfmch\/nanoengineering\/wp-content\/uploads\/2025\/02\/exp-meth.webp 1024w, https:\/\/web.natur.cuni.cz\/kfmch\/nanoengineering\/wp-content\/uploads\/2025\/02\/exp-meth-300x300.webp 300w, https:\/\/web.natur.cuni.cz\/kfmch\/nanoengineering\/wp-content\/uploads\/2025\/02\/exp-meth-150x150.webp 150w, https:\/\/web.natur.cuni.cz\/kfmch\/nanoengineering\/wp-content\/uploads\/2025\/02\/exp-meth-768x768.webp 768w\" sizes=\"auto, (max-width: 1024px) 100vw, 1024px\" \/><\/figure><div class=\"wp-block-media-text__content\">\n<p class=\"has-large-font-size\">Experimental Methods in Chemistry<\/p>\n\n\n\n<p>This course provides a foundational introduction to the principles and techniques commonly used in chemical laboratories. It covers essential experimental methods, beginning with separation techniques and extending to various characterization approaches, including diffraction, microscopy, and spectroscopy. Students will develop a strong theoretical and practical understanding of these methods, enabling them to apply them effectively in research and analytical settings. The course serves as a fundamental stepping stone for further exploration of experimental chemistry.<\/p>\n\n\n\n<p>The course consists of weekly lectures (2x45min) and practical exercises (2x45min).<\/p>\n\n\n\n<p><\/p>\n<\/div><\/div>\n\n\n\n<p class=\"has-text-align-center\"><strong>List of our courses<\/strong><\/p>\n\n\n<figure class=\"wp-block-table is-style-stripes\"><table><thead><tr><th class=\"has-text-align-left\" data-align=\"left\">Code<\/th><th class=\"has-text-align-left\" data-align=\"left\">Name<\/th><th class=\"has-text-align-left\" data-align=\"left\">Semester<\/th><th class=\"has-text-align-left\" data-align=\"left\">Language<\/th><th class=\"has-text-align-left\" data-align=\"left\">E-credits<\/th><th class=\"has-text-align-left\" data-align=\"left\">Guarantee<\/th><\/tr><\/thead><tbody><tr><td class=\"has-text-align-left\" data-align=\"left\"><a href=\"https:\/\/is.cuni.cz\/studium\/predmety\/index.php?id=7ecfae57b895f2a621380f41db4041ad&amp;tid=&amp;do=predmet&amp;kod=MC260P133\" target=\"_blank\" rel=\"noreferrer noopener\">MC260P133<\/a><\/td><td class=\"has-text-align-left\" data-align=\"left\">Physical Chemistry for International Students II<\/td><td class=\"has-text-align-left\" data-align=\"left\">winter<\/td><td class=\"has-text-align-left\" data-align=\"left\">English<\/td><td class=\"has-text-align-left\" data-align=\"left\"><br>4<\/td><td class=\"has-text-align-left\" data-align=\"left\"><a href=\"https:\/\/is.cuni.cz\/studium\/predmety\/index.php?id=f0763351bb3ec28eb47b88af0c7129a6&amp;tid=&amp;do=ucit&amp;kod=53685\" data-type=\"link\" data-id=\"https:\/\/is.cuni.cz\/studium\/predmety\/index.php?id=f0763351bb3ec28eb47b88af0c7129a6&amp;tid=&amp;do=ucit&amp;kod=53685\">Asoc. Prof. Mariya Shamzhy, Ph.D.<\/a><\/td><\/tr><tr><td class=\"has-text-align-left\" data-align=\"left\"><a href=\"https:\/\/is.cuni.cz\/studium\/predmety\/index.php?id=68d7bf0c195641585d1c41987fd91774&amp;tid=&amp;do=predmet&amp;kod=MC260P90\" target=\"_blank\" rel=\"noreferrer noopener\">MC260P90<\/a><\/td><td class=\"has-text-align-left\" data-align=\"left\">Zeolites and Molecular Sieves<\/td><td class=\"has-text-align-left\" data-align=\"left\">winter<\/td><td class=\"has-text-align-left\" data-align=\"left\">English<\/td><td class=\"has-text-align-left\" data-align=\"left\">3<\/td><td class=\"has-text-align-left\" data-align=\"left\"><a rel=\"noreferrer noopener\" href=\"https:\/\/is.cuni.cz\/studium\/predmety\/index.php?id=68d7bf0c195641585d1c41987fd91774&amp;tid=&amp;do=ucit&amp;kod=08596\" target=\"_blank\">prof. Ing. Ji\u0159\u00ed \u010cejka, DrSc.<\/a><br><a rel=\"noreferrer noopener\" href=\"https:\/\/is.cuni.cz\/studium\/predmety\/index.php?id=68d7bf0c195641585d1c41987fd91774&amp;tid=&amp;do=ucit&amp;kod=49423\" target=\"_blank\">Assoc. Prof. Maksym Opanasenko, Ph.D.<\/a><\/td><\/tr><tr><td class=\"has-text-align-left\" data-align=\"left\"><a href=\"https:\/\/is.cuni.cz\/studium\/eng\/predmety\/index.php?id=68d7bf0c195641585d1c41987fd91774&amp;tid=&amp;do=predmet&amp;kod=MC260P21\" target=\"_blank\" rel=\"noreferrer noopener\">MC260P21<\/a><\/td><td class=\"has-text-align-left\" data-align=\"left\">Chemical Principles of Industrial Chemistry<\/td><td class=\"has-text-align-left\" data-align=\"left\">winter <\/td><td class=\"has-text-align-left\" data-align=\"left\">English\/<br>Czech<\/td><td class=\"has-text-align-left\" data-align=\"left\">4<\/td><td class=\"has-text-align-left\" data-align=\"left\"><a href=\"https:\/\/is.cuni.cz\/studium\/predmety\/index.php?id=68d7bf0c195641585d1c41987fd91774&amp;tid=&amp;do=ucit&amp;kod=08596\" target=\"_blank\" rel=\"noreferrer noopener\">prof. Ing. Ji\u0159\u00ed \u010cejka, DrSc.<\/a><\/td><\/tr><tr><td class=\"has-text-align-left\" data-align=\"left\"><a href=\"https:\/\/is.cuni.cz\/studium\/predmety\/index.php?id=2727d1eae1004e1db12c713d4b51d248&amp;tid=1&amp;do=predmet&amp;kod=MC260P137\" target=\"_blank\" rel=\"noreferrer noopener\">MC260P137<\/a><\/td><td class=\"has-text-align-left\" data-align=\"left\">Fundamentals of Catalysis<\/td><td class=\"has-text-align-left\" data-align=\"left\">winter<\/td><td class=\"has-text-align-left\" data-align=\"left\">English\/<br>Czech<\/td><td class=\"has-text-align-left\" data-align=\"left\">3<\/td><td class=\"has-text-align-left\" data-align=\"left\"><a rel=\"noreferrer noopener\" href=\"https:\/\/is.cuni.cz\/studium\/predmety\/index.php?id=68d7bf0c195641585d1c41987fd91774&amp;tid=&amp;do=ucit&amp;kod=08596\" target=\"_blank\">prof. Ing. Ji\u0159\u00ed \u010cejka, DrSc.<\/a><\/td><\/tr><tr><td class=\"has-text-align-left\" data-align=\"left\"><a href=\"https:\/\/is.cuni.cz\/studium\/predmety\/redir.php?id=35c2bb20258936e593d442e9781660d9&amp;tid=&amp;redir=predmet&amp;kod=MB110C50&amp;referrer=predmety\"><\/a><a href=\"https:\/\/is.cuni.cz\/studium\/predmety\/index.php?id=7ecfae57b895f2a621380f41db4041ad&amp;tid=&amp;do=predmet&amp;kod=MC260P138\" target=\"_blank\" rel=\"noreferrer noopener\">MC260P138<\/a><\/td><td class=\"has-text-align-left\" data-align=\"left\">Catalysis in Practice<\/td><td class=\"has-text-align-left\" data-align=\"left\">summer<\/td><td class=\"has-text-align-left\" data-align=\"left\">English<\/td><td class=\"has-text-align-left\" data-align=\"left\">3<\/td><td class=\"has-text-align-left\" data-align=\"left\"><a rel=\"noreferrer noopener\" href=\"https:\/\/is.cuni.cz\/studium\/predmety\/index.php?id=68d7bf0c195641585d1c41987fd91774&amp;tid=&amp;do=ucit&amp;kod=49423\" target=\"_blank\">Assoc. Prof. Maksym Opanasenko, Ph.D.<\/a> <\/td><\/tr><tr><td class=\"has-text-align-left\" data-align=\"left\"><a href=\"https:\/\/is.cuni.cz\/studium\/rozvrhng\/roz_predmet_macro.php?id=a657db13951a01c4f680182609e3572f&amp;tid=&amp;skr=2024&amp;sem=2&amp;fak=11310&amp;predmet=MC260P147\">MC260P147<\/a><\/td><td class=\"has-text-align-left\" data-align=\"left\">Experimental Methods in Chemistry<\/td><td class=\"has-text-align-left\" data-align=\"left\">summer<\/td><td class=\"has-text-align-left\" data-align=\"left\">English<\/td><td class=\"has-text-align-left\" data-align=\"left\">5<\/td><td class=\"has-text-align-left\" data-align=\"left\"><a href=\"https:\/\/is.cuni.cz\/studium\/predmety\/redir.php?id=2727d1eae1004e1db12c713d4b51d248&amp;tid=1&amp;redir=sezn_ucit&amp;kod=69373\" target=\"_blank\" rel=\"noreferrer noopener\"><a href=\"https:\/\/is.cuni.cz\/studium\/predmety\/index.php?id=68d7bf0c195641585d1c41987fd91774&amp;tid=&amp;do=ucit&amp;kod=08596\" target=\"_blank\" rel=\"noreferrer noopener\">prof. Ing. Ji\u0159\u00ed \u010cejka, DrSc.<\/a><\/a><\/td><\/tr><tr><td class=\"has-text-align-left\" data-align=\"left\"><a href=\"https:\/\/is.cuni.cz\/studium\/predmety\/index.php?id=7ecfae57b895f2a621380f41db4041ad&amp;tid=&amp;do=predmet&amp;kod=MC260P133\" target=\"_blank\" rel=\"noreferrer noopener\"><a href=\"https:\/\/is.cuni.cz\/studium\/predmety\/index.php?id=2727d1eae1004e1db12c713d4b51d248&amp;tid=1&amp;do=predmet&amp;kod=MC260P113\" target=\"_blank\" rel=\"noreferrer noopener\">MC260P113<\/a><\/a><\/td><td class=\"has-text-align-left\" data-align=\"left\">Physical Chemistry II (a)<\/td><td class=\"has-text-align-left\" data-align=\"left\">summer<\/td><td class=\"has-text-align-left\" data-align=\"left\">Czech<\/td><td class=\"has-text-align-left\" data-align=\"left\">5<\/td><td class=\"has-text-align-left\" data-align=\"left\"><a href=\"https:\/\/is.cuni.cz\/studium\/predmety\/redir.php?id=2727d1eae1004e1db12c713d4b51d248&amp;tid=1&amp;redir=sezn_ucit&amp;kod=69373\" target=\"_blank\" rel=\"noreferrer noopener\">Ing. Jan P\u0159ech, Ph.D.<\/a><\/td><\/tr><tr><td class=\"has-text-align-left\" data-align=\"left\"><\/td><td class=\"has-text-align-left\" data-align=\"left\"><\/td><td class=\"has-text-align-left\" data-align=\"left\"><\/td><td class=\"has-text-align-left\" data-align=\"left\"><\/td><td class=\"has-text-align-left\" data-align=\"left\"><\/td><td class=\"has-text-align-left\" data-align=\"left\"><\/td><\/tr><\/tbody><\/table><\/figure>","protected":false},"excerpt":{"rendered":"<p>Physical Chemistry for International Students II The course consists of lectures by academic staff members from the department of Physical and Macromolecular Chemistry (2x45min per week), combined with problem solving classes (1x45min per week). The course comprises the bachelor and master curriculum of Physical Chemistry in a more condensed form. The target audience are international [&hellip;]<\/p>\n","protected":false},"author":1,"featured_media":0,"parent":0,"menu_order":0,"comment_status":"closed","ping_status":"closed","template":"","meta":{"_uag_custom_page_level_css":"","_themeisle_gutenberg_block_has_review":false,"footnotes":""},"class_list":["post-4961","page","type-page","status-publish","hentry"],"uagb_featured_image_src":{"full":false,"thumbnail":false,"medium":false,"medium_large":false,"large":false,"1536x1536":false,"2048x2048":false},"uagb_author_info":{"display_name":"shamzhym","author_link":"https:\/\/web.natur.cuni.cz\/kfmch\/nanoengineering\/author\/shamzhym\/"},"uagb_comment_info":0,"uagb_excerpt":"Physical Chemistry for International Students II The course consists of lectures by academic staff members from the department of Physical and Macromolecular Chemistry (2x45min per week), combined with problem solving classes (1x45min per week). The course comprises the bachelor and master curriculum of Physical Chemistry in a more condensed form. The target audience are international&hellip;","_links":{"self":[{"href":"https:\/\/web.natur.cuni.cz\/kfmch\/nanoengineering\/wp-json\/wp\/v2\/pages\/4961","targetHints":{"allow":["GET"]}}],"collection":[{"href":"https:\/\/web.natur.cuni.cz\/kfmch\/nanoengineering\/wp-json\/wp\/v2\/pages"}],"about":[{"href":"https:\/\/web.natur.cuni.cz\/kfmch\/nanoengineering\/wp-json\/wp\/v2\/types\/page"}],"author":[{"embeddable":true,"href":"https:\/\/web.natur.cuni.cz\/kfmch\/nanoengineering\/wp-json\/wp\/v2\/users\/1"}],"replies":[{"embeddable":true,"href":"https:\/\/web.natur.cuni.cz\/kfmch\/nanoengineering\/wp-json\/wp\/v2\/comments?post=4961"}],"version-history":[{"count":16,"href":"https:\/\/web.natur.cuni.cz\/kfmch\/nanoengineering\/wp-json\/wp\/v2\/pages\/4961\/revisions"}],"predecessor-version":[{"id":6689,"href":"https:\/\/web.natur.cuni.cz\/kfmch\/nanoengineering\/wp-json\/wp\/v2\/pages\/4961\/revisions\/6689"}],"wp:attachment":[{"href":"https:\/\/web.natur.cuni.cz\/kfmch\/nanoengineering\/wp-json\/wp\/v2\/media?parent=4961"}],"curies":[{"name":"wp","href":"https:\/\/api.w.org\/{rel}","templated":true}]}}