{"id":6143,"date":"2022-12-03T21:18:18","date_gmt":"2022-12-03T21:18:18","guid":{"rendered":"https:\/\/web.natur.cuni.cz\/kfmch\/nanoengineering\/?page_id=6143"},"modified":"2025-04-11T18:41:17","modified_gmt":"2025-04-11T18:41:17","slug":"media-about-us","status":"publish","type":"page","link":"https:\/\/web.natur.cuni.cz\/kfmch\/nanoengineering\/media-about-us\/","title":{"rendered":"Media about us"},"content":{"rendered":"\n<div style=\"height:100px\" aria-hidden=\"true\" class=\"wp-block-spacer\"><\/div>\n\n\n\n<div class=\"wp-block-uagb-faq uagb-faq__outer-wrap uagb-block-734fbe07 uagb-faq-icon-row uagb-faq-layout-accordion uagb-faq-expand-first-true uagb-faq-inactive-other-true uagb-faq__wrap uagb-buttons-layout-wrap uagb-faq-equal-height\" data-faqtoggle=\"true\" role=\"tablist\">\n<div class=\"wp-block-uagb-faq-child uagb-faq-child__outer-wrap uagb-faq-item uagb-block-3f752497\" role=\"tab\" tabindex=\"0\"><div class=\"uagb-faq-questions-button uagb-faq-questions\"><span class=\"uagb-icon uagb-faq-icon-wrap\"><svg xmlns=\"https:\/\/www.w3.org\/2000\/svg\" viewBox=\"0 0 448 512\"><path d=\"M432 256c0 17.69-14.33 32.01-32 32.01H256v144c0 17.69-14.33 31.99-32 31.99s-32-14.3-32-31.99v-144H48c-17.67 0-32-14.32-32-32.01s14.33-31.99 32-31.99H192v-144c0-17.69 14.33-32.01 32-32.01s32 14.32 32 32.01v144h144C417.7 224 432 238.3 432 256z\"><\/path><\/svg><\/span><span class=\"uagb-icon-active uagb-faq-icon-wrap\"><svg xmlns=\"https:\/\/www.w3.org\/2000\/svg\" viewBox=\"0 0 448 512\"><path d=\"M400 288h-352c-17.69 0-32-14.32-32-32.01s14.31-31.99 32-31.99h352c17.69 0 32 14.3 32 31.99S417.7 288 400 288z\"><\/path><\/svg><\/span><span class=\"uagb-question\"><strong>2024<\/strong><\/span><\/div><div class=\"uagb-faq-content\"><p>\u2013 <strong>Liquid metals research breaks ground in sustainable chemical manufacturing with metal-enhanced catalysts.<\/strong>  <a href=\"https:\/\/phys.org\/news\/2024-04-liquid-metals-ground-sustainable-chemical.html\" target=\"_blank\" rel=\"noreferrer noopener\">phys.org<\/a><\/p><\/div><\/div>\n\n\n\n<div class=\"wp-block-uagb-faq-child uagb-faq-child__outer-wrap uagb-faq-item uagb-block-bf107212\" role=\"tab\" tabindex=\"0\"><div class=\"uagb-faq-questions-button uagb-faq-questions\"><span class=\"uagb-icon uagb-faq-icon-wrap\"><svg xmlns=\"https:\/\/www.w3.org\/2000\/svg\" viewBox=\"0 0 448 512\"><path d=\"M432 256c0 17.69-14.33 32.01-32 32.01H256v144c0 17.69-14.33 31.99-32 31.99s-32-14.3-32-31.99v-144H48c-17.67 0-32-14.32-32-32.01s14.33-31.99 32-31.99H192v-144c0-17.69 14.33-32.01 32-32.01s32 14.32 32 32.01v144h144C417.7 224 432 238.3 432 256z\"><\/path><\/svg><\/span><span class=\"uagb-icon-active uagb-faq-icon-wrap\"><svg xmlns=\"https:\/\/www.w3.org\/2000\/svg\" viewBox=\"0 0 448 512\"><path d=\"M400 288h-352c-17.69 0-32-14.32-32-32.01s14.31-31.99 32-31.99h352c17.69 0 32 14.3 32 31.99S417.7 288 400 288z\"><\/path><\/svg><\/span><span class=\"uagb-question\"><strong>2023<\/strong><\/span><\/div><div class=\"uagb-faq-content\"><p>\u2013 <strong>Female scientists from abroad about CU.<\/strong>  <a href=\"https:\/\/www.ukforum.cz\/en\/main-categories\/science\/8759-female-scientists-from-around-the-globe\" target=\"_blank\" rel=\"noreferrer noopener\">ukforum.cz<\/a><\/p><\/div><\/div>\n\n\n\n<div class=\"wp-block-uagb-faq-child uagb-faq-child__outer-wrap uagb-faq-item uagb-block-307dd2f8\" role=\"tab\" tabindex=\"0\"><div class=\"uagb-faq-questions-button uagb-faq-questions\"><span class=\"uagb-icon uagb-faq-icon-wrap\"><svg xmlns=\"https:\/\/www.w3.org\/2000\/svg\" viewBox=\"0 0 448 512\"><path d=\"M432 256c0 17.69-14.33 32.01-32 32.01H256v144c0 17.69-14.33 31.99-32 31.99s-32-14.3-32-31.99v-144H48c-17.67 0-32-14.32-32-32.01s14.33-31.99 32-31.99H192v-144c0-17.69 14.33-32.01 32-32.01s32 14.32 32 32.01v144h144C417.7 224 432 238.3 432 256z\"><\/path><\/svg><\/span><span class=\"uagb-icon-active uagb-faq-icon-wrap\"><svg xmlns=\"https:\/\/www.w3.org\/2000\/svg\" viewBox=\"0 0 448 512\"><path d=\"M400 288h-352c-17.69 0-32-14.32-32-32.01s14.31-31.99 32-31.99h352c17.69 0 32 14.3 32 31.99S417.7 288 400 288z\"><\/path><\/svg><\/span><span class=\"uagb-question\"><strong>2022<\/strong><\/span><\/div><div class=\"uagb-faq-content\"><p>\u2013 <strong>Na pochyb\u00e1ch nen\u00ed nic \u0161patn\u00e9ho<\/strong>. Mariya Shamzhy v\u00a0rozhovoru pro <a rel=\"noreferrer noopener\" href=\"https:\/\/forbes.cz\/na-pochybach-neni-nic-spatneho-ocenena-vedkyne-mariya-shamzhy-v-rozhovoru\/\" target=\"_blank\">Forbes.cz<\/a><br><br>\u2013 <strong>Cenu Neuron z\u00edskaly legendy i\u00a0mlad\u00e9 hv\u011bzdy \u010desk\u00e9 v\u011bdy<\/strong>. <a href=\"https:\/\/www.seznamzpravy.cz\/clanek\/tech-technologie-veda-hvezdy-ceske-vedy-nazivo-sledujte-nedelni-udelovani-cen-neuron-216897\" target=\"_blank\" rel=\"noreferrer noopener\">Seznam Zpr\u00e1vy<\/a><br><br>\u2013 <strong>Nada\u010dn\u00ed fond Neuron ocenil nejlep\u0161\u00ed \u010desk\u00e9 v\u011bdkyn\u011b a v\u011bdce.<\/strong> <a rel=\"noreferrer noopener\" href=\"https:\/\/vedavyzkum.cz\/z-domova\/z-domova\/nadacni-fond-neuron-ocenil-nejlepsi-ceske-vedkyne-a-vedce\" target=\"_blank\">V\u011aDAV\u00ddZKUM<\/a><\/p><\/div><\/div>\n\n\n\n<div class=\"wp-block-uagb-faq-child uagb-faq-child__outer-wrap uagb-faq-item uagb-block-c8de665b\" role=\"tab\" tabindex=\"0\"><div class=\"uagb-faq-questions-button uagb-faq-questions\"><span class=\"uagb-icon uagb-faq-icon-wrap\"><svg xmlns=\"https:\/\/www.w3.org\/2000\/svg\" viewBox=\"0 0 448 512\"><path d=\"M432 256c0 17.69-14.33 32.01-32 32.01H256v144c0 17.69-14.33 31.99-32 31.99s-32-14.3-32-31.99v-144H48c-17.67 0-32-14.32-32-32.01s14.33-31.99 32-31.99H192v-144c0-17.69 14.33-32.01 32-32.01s32 14.32 32 32.01v144h144C417.7 224 432 238.3 432 256z\"><\/path><\/svg><\/span><span class=\"uagb-icon-active uagb-faq-icon-wrap\"><svg xmlns=\"https:\/\/www.w3.org\/2000\/svg\" viewBox=\"0 0 448 512\"><path d=\"M400 288h-352c-17.69 0-32-14.32-32-32.01s14.31-31.99 32-31.99h352c17.69 0 32 14.3 32 31.99S417.7 288 400 288z\"><\/path><\/svg><\/span><span class=\"uagb-question\"><strong>2021<\/strong><\/span><\/div><div class=\"uagb-faq-content\"><p>\u2013 <strong>CUCAM: V\u00fdzkum nov\u00fdch materi\u00e1l\u016f a v\u00fdchova \u0161pi\u010dkov\u00fdch v\u011bdc\u016f.<\/strong> <a rel=\"noreferrer noopener\" href=\"https:\/\/www.ukforum.cz\/rubriky\/veda\/7794-cucam-vyzkum-novych-materialu-a-vychova-spickovych-vedcu\" target=\"_blank\">FORUM<\/a><br><br>\u2013 <strong>Michal Mazur: Spr\u00e1vn\u00fd mikroskopista nem\u016f\u017ee \u0159\u00edkat ne.<\/strong> <a rel=\"noreferrer noopener\" href=\"https:\/\/vedavyzkum.cz\/rozhovory\/rozhovory\/michal-mazur-spravny-mikroskopista-nemuze-rikat-ne\" target=\"_blank\">V\u011aDAV\u00ddZKUM<\/a><br><br>\u2013 <strong>Ministerstvo podpo\u0159\u00ed t\u0159i v\u00fdzkumn\u00e9 ERC CZ projekty UK.<\/strong> <a rel=\"noreferrer noopener\" href=\"https:\/\/www.ukforum.cz\/rubriky\/veda\/7979-ministerstvo-skolstvi-podpori-tri-erc-cz-projekty-z-uk\" target=\"_blank\">FORUM<\/a><br><br>\u2013 <strong>U\u010den\u00e1 spole\u010dnost \u010cesk\u00e9 republiky p\u0159edala medaile a ceny za rok 2021. <\/strong><a rel=\"noreferrer noopener\" href=\"https:\/\/vedavyzkum.cz\/z-domova\/z-domova\/ucena-spolecnost-ceske-republiky-predala-medaile-a-ceny-za-rok-2021\" target=\"_blank\">V\u011aDAV\u00ddZKUM<\/a><br><br>\u2013 <strong>Zeolity a fotoaktivn\u00ed nanovl\u00e1kna. \u010ce\u0161t\u00ed v\u011bdci zkoumaj\u00ed nov\u00e9 materi\u00e1ly pro pr\u016fmyslov\u00e9 vyu\u017eit\u00ed. <\/strong><a rel=\"noreferrer noopener\" href=\"https:\/\/www.tydenikhrot.cz\/clanek\/cucam-nove-materialy-zeolity-mineraly-nanovlakna\" target=\"_blank\">HROT<\/a><\/p><\/div><\/div>\n<\/div>\n\n\n\n<div class=\"wp-block-uagb-faq uagb-faq__outer-wrap uagb-block-5dbdb560 uagb-faq-icon-row uagb-faq-layout-accordion uagb-faq-expand-first-true uagb-faq-inactive-other-true uagb-faq__wrap uagb-buttons-layout-wrap uagb-faq-equal-height\" data-faqtoggle=\"true\" role=\"tablist\">\n<div class=\"wp-block-uagb-faq-child uagb-faq-child__outer-wrap uagb-faq-item uagb-block-bfce66e6\" role=\"tab\" tabindex=\"0\"><div class=\"uagb-faq-questions-button uagb-faq-questions\"><span class=\"uagb-icon uagb-faq-icon-wrap\"><svg xmlns=\"https:\/\/www.w3.org\/2000\/svg\" viewBox=\"0 0 448 512\"><path d=\"M432 256c0 17.69-14.33 32.01-32 32.01H256v144c0 17.69-14.33 31.99-32 31.99s-32-14.3-32-31.99v-144H48c-17.67 0-32-14.32-32-32.01s14.33-31.99 32-31.99H192v-144c0-17.69 14.33-32.01 32-32.01s32 14.32 32 32.01v144h144C417.7 224 432 238.3 432 256z\"><\/path><\/svg><\/span><span class=\"uagb-icon-active uagb-faq-icon-wrap\"><svg xmlns=\"https:\/\/www.w3.org\/2000\/svg\" viewBox=\"0 0 448 512\"><path d=\"M400 288h-352c-17.69 0-32-14.32-32-32.01s14.31-31.99 32-31.99h352c17.69 0 32 14.3 32 31.99S417.7 288 400 288z\"><\/path><\/svg><\/span><span class=\"uagb-question\"><strong>2019<\/strong><\/span><\/div><div class=\"uagb-faq-content\"><p>\u2013 <strong>Zeolity dnes p\u0159edstavuj\u00ed nejd\u016fle\u017eit\u011bj\u0161\u00ed pr\u016fmyslov\u00e9 katalyz\u00e1tory. <\/strong><a rel=\"noreferrer noopener\" href=\"https:\/\/www.technickytydenik.cz\/rubriky\/veda-vyzkum-inovace\/zeolity-dnes-predstavuji-nejdulezitejsi-prumyslove-katalyzatory_46160.html\" target=\"_blank\">TECHNICK\u00dd TYDEN\u00cdK<\/a><br><br>\u2013 <strong>Albertov\u0161t\u00ed maj\u00ed supermikroskop. <\/strong><a rel=\"noreferrer noopener\" href=\"https:\/\/vedavyzkum.cz\/blogy-a-komentare\/martin-rychlik\/albertovsti-maji-supermikroskop\" target=\"_blank\">V\u011aDAV\u00ddZKUM<\/a><\/p><\/div><\/div>\n\n\n\n<div class=\"wp-block-uagb-faq-child uagb-faq-child__outer-wrap uagb-faq-item uagb-block-cbb6b4e1\" role=\"tab\" tabindex=\"0\"><div class=\"uagb-faq-questions-button uagb-faq-questions\"><span class=\"uagb-icon uagb-faq-icon-wrap\"><svg xmlns=\"https:\/\/www.w3.org\/2000\/svg\" viewBox=\"0 0 448 512\"><path d=\"M432 256c0 17.69-14.33 32.01-32 32.01H256v144c0 17.69-14.33 31.99-32 31.99s-32-14.3-32-31.99v-144H48c-17.67 0-32-14.32-32-32.01s14.33-31.99 32-31.99H192v-144c0-17.69 14.33-32.01 32-32.01s32 14.32 32 32.01v144h144C417.7 224 432 238.3 432 256z\"><\/path><\/svg><\/span><span class=\"uagb-icon-active uagb-faq-icon-wrap\"><svg xmlns=\"https:\/\/www.w3.org\/2000\/svg\" viewBox=\"0 0 448 512\"><path d=\"M400 288h-352c-17.69 0-32-14.32-32-32.01s14.31-31.99 32-31.99h352c17.69 0 32 14.3 32 31.99S417.7 288 400 288z\"><\/path><\/svg><\/span><span class=\"uagb-question\"><strong>2018<\/strong><\/span><\/div><div class=\"uagb-faq-content\"><p>\u2013 <strong>Siemens ocenil inovace, diserta\u010dn\u00ed pr\u00e1ce, \u017eeny ve v\u011bd\u011b i\u00a0p\u0159ekon\u00e1v\u00e1n\u00ed p\u0159ek\u00e1\u017eek. <\/strong><a rel=\"noreferrer noopener\" href=\"https:\/\/www.universitas.cz\/aktuality\/310-siemens-ocenil-inovace-diplomove-prace-zeny-ve-vede-i-prekonavani-prekazek\" target=\"_blank\">FORUM<\/a><br><br>\u2013 <strong>Cena Wernera von Siemense za rok 2017 putuje i na P\u0159\u00edrodov\u011bdeckou fakultu UK. <\/strong><a rel=\"noreferrer noopener\" href=\"https:\/\/www.ukforum.cz\/rubriky\/aktuality\/5554-cena-wernera-von-siemense-za-rok-2017-putuje-i-na-prirodovedeckou-fakultu-uk\" target=\"_blank\">FORUM<\/a><\/p><\/div><\/div>\n<\/div>\n\n\n\n<div class=\"wp-block-uagb-faq uagb-faq__outer-wrap uagb-block-7c991445 uagb-faq-icon-row uagb-faq-layout-accordion uagb-faq-expand-first-true uagb-faq-inactive-other-true uagb-faq__wrap uagb-buttons-layout-wrap uagb-faq-equal-height\" data-faqtoggle=\"true\" role=\"tablist\">\n<div class=\"wp-block-uagb-faq-child uagb-faq-child__outer-wrap uagb-faq-item uagb-block-22abf6c0\" role=\"tab\" tabindex=\"0\"><div class=\"uagb-faq-questions-button uagb-faq-questions\"><span class=\"uagb-icon uagb-faq-icon-wrap\"><svg xmlns=\"https:\/\/www.w3.org\/2000\/svg\" viewBox=\"0 0 448 512\"><path d=\"M432 256c0 17.69-14.33 32.01-32 32.01H256v144c0 17.69-14.33 31.99-32 31.99s-32-14.3-32-31.99v-144H48c-17.67 0-32-14.32-32-32.01s14.33-31.99 32-31.99H192v-144c0-17.69 14.33-32.01 32-32.01s32 14.32 32 32.01v144h144C417.7 224 432 238.3 432 256z\"><\/path><\/svg><\/span><span class=\"uagb-icon-active uagb-faq-icon-wrap\"><svg xmlns=\"https:\/\/www.w3.org\/2000\/svg\" viewBox=\"0 0 448 512\"><path d=\"M400 288h-352c-17.69 0-32-14.32-32-32.01s14.31-31.99 32-31.99h352c17.69 0 32 14.3 32 31.99S417.7 288 400 288z\"><\/path><\/svg><\/span><span class=\"uagb-question\">What is FAQ?<\/span><\/div><div class=\"uagb-faq-content\"><p>Lorem ipsum dolor sit amet, consectetur adipiscing elit, sed do eiusmod tempor incididunt ut labore et dolore magna aliqua. Ut enim ad minim veniam, quis nostrud exercitation ullamco laboris nisi ut aliquip ex ea commodo consequat.<\/p><\/div><\/div>\n\n\n\n<div class=\"wp-block-uagb-faq-child uagb-faq-child__outer-wrap uagb-faq-item uagb-block-1d23df1f\" role=\"tab\" tabindex=\"0\"><div class=\"uagb-faq-questions-button uagb-faq-questions\"><span class=\"uagb-icon uagb-faq-icon-wrap\"><svg xmlns=\"https:\/\/www.w3.org\/2000\/svg\" viewBox=\"0 0 448 512\"><path d=\"M432 256c0 17.69-14.33 32.01-32 32.01H256v144c0 17.69-14.33 31.99-32 31.99s-32-14.3-32-31.99v-144H48c-17.67 0-32-14.32-32-32.01s14.33-31.99 32-31.99H192v-144c0-17.69 14.33-32.01 32-32.01s32 14.32 32 32.01v144h144C417.7 224 432 238.3 432 256z\"><\/path><\/svg><\/span><span class=\"uagb-icon-active uagb-faq-icon-wrap\"><svg xmlns=\"https:\/\/www.w3.org\/2000\/svg\" viewBox=\"0 0 448 512\"><path d=\"M400 288h-352c-17.69 0-32-14.32-32-32.01s14.31-31.99 32-31.99h352c17.69 0 32 14.3 32 31.99S417.7 288 400 288z\"><\/path><\/svg><\/span><span class=\"uagb-question\">What is FAQ?<\/span><\/div><div class=\"uagb-faq-content\"><p>Lorem ipsum dolor sit amet, consectetur adipiscing elit, sed do eiusmod tempor incididunt ut labore et dolore magna aliqua. Ut enim ad minim veniam, quis nostrud exercitation ullamco laboris nisi ut aliquip ex ea commodo consequat.<\/p><\/div><\/div>\n<\/div>\n\n\n\n<p><\/p>\n","protected":false},"excerpt":{"rendered":"","protected":false},"author":1,"featured_media":0,"parent":0,"menu_order":0,"comment_status":"closed","ping_status":"closed","template":"","meta":{"_uag_custom_page_level_css":"","_themeisle_gutenberg_block_has_review":false,"footnotes":""},"class_list":["post-6143","page","type-page","status-publish","hentry"],"uagb_featured_image_src":{"full":false,"thumbnail":false,"medium":false,"medium_large":false,"large":false,"1536x1536":false,"2048x2048":false},"uagb_author_info":{"display_name":"shamzhym","author_link":"https:\/\/web.natur.cuni.cz\/kfmch\/nanoengineering\/author\/shamzhym\/"},"uagb_comment_info":0,"uagb_excerpt":null,"_links":{"self":[{"href":"https:\/\/web.natur.cuni.cz\/kfmch\/nanoengineering\/wp-json\/wp\/v2\/pages\/6143","targetHints":{"allow":["GET"]}}],"collection":[{"href":"https:\/\/web.natur.cuni.cz\/kfmch\/nanoengineering\/wp-json\/wp\/v2\/pages"}],"about":[{"href":"https:\/\/web.natur.cuni.cz\/kfmch\/nanoengineering\/wp-json\/wp\/v2\/types\/page"}],"author":[{"embeddable":true,"href":"https:\/\/web.natur.cuni.cz\/kfmch\/nanoengineering\/wp-json\/wp\/v2\/users\/1"}],"replies":[{"embeddable":true,"href":"https:\/\/web.natur.cuni.cz\/kfmch\/nanoengineering\/wp-json\/wp\/v2\/comments?post=6143"}],"version-history":[{"count":17,"href":"https:\/\/web.natur.cuni.cz\/kfmch\/nanoengineering\/wp-json\/wp\/v2\/pages\/6143\/revisions"}],"predecessor-version":[{"id":6736,"href":"https:\/\/web.natur.cuni.cz\/kfmch\/nanoengineering\/wp-json\/wp\/v2\/pages\/6143\/revisions\/6736"}],"wp:attachment":[{"href":"https:\/\/web.natur.cuni.cz\/kfmch\/nanoengineering\/wp-json\/wp\/v2\/media?parent=6143"}],"curies":[{"name":"wp","href":"https:\/\/api.w.org\/{rel}","templated":true}]}}