{"id":5647,"date":"2022-01-28T14:26:14","date_gmt":"2022-01-28T14:26:14","guid":{"rendered":"https:\/\/web.natur.cuni.cz\/physgeo\/dendro\/?page_id=5647"},"modified":"2026-01-16T09:36:04","modified_gmt":"2026-01-16T08:36:04","slug":"science-communication","status":"publish","type":"page","link":"https:\/\/web.natur.cuni.cz\/physgeo\/dendro\/science-communication\/","title":{"rendered":"Science communication and media coverage of publications"},"content":{"rendered":"\n<pre class=\"wp-block-preformatted\">11\/2025     <a href=\"https:\/\/natur.cuni.cz\/en\/news\/9357-longer-growing-seasons-will-not-offset-the-impacts-of-summer-drought-on-forest-growth\" data-type=\"link\" data-id=\"https:\/\/natur.cuni.cz\/en\/news\/9357-longer-growing-seasons-will-not-offset-the-impacts-of-summer-drought-on-forest-growth\" target=\"_blank\" rel=\"noreferrer noopener\">Press release<\/a> about our paper in <em>Nature Communications<\/em> on forecasting growth phenology<\/pre>\n\n\n\n<pre class=\"wp-block-preformatted\">05\/2024     <a href=\"https:\/\/www.idnes.cz\/hobby\/zahrada\/den-fascinace-rostlinami-prf-uk-rostlinne-rekordy-geneticka-modifikace.A240520_104653_hobby-zahrada_mce\" data-type=\"link\" data-id=\"https:\/\/www.idnes.cz\/hobby\/zahrada\/den-fascinace-rostlinami-prf-uk-rostlinne-rekordy-geneticka-modifikace.A240520_104653_hobby-zahrada_mce\" target=\"_blank\" rel=\"noreferrer noopener\">Press release about 7<sup>th<\/sup> Fascination of Plants Day (18.05.2024)<\/a> where we introduced our research on dendrochronology to the public (in Czech)<\/pre>\n\n\n\n<pre class=\"wp-block-preformatted\">12\/2023     <a href=\"https:\/\/www.uni-greifswald.de\/universitaet\/information\/aktuelles\/detail\/n\/mondholz-esoterischer-waldzauber-wissenschaftlich-nicht-belegbar-new656d92445dbe2379927246\/\" target=\"_blank\" rel=\"noreferrer noopener\">Press release<\/a> and <a href=\"https:\/\/www.nordkurier.de\/regional\/mecklenburg-vorpommern\/holz-zu-mondpreisen-was-am-mythos-mondholz-dran-ist-2106338\" target=\"_blank\" rel=\"noreferrer noopener\">online newspaper article<\/a> (both in German) on the <a href=\"https:\/\/www.nature.com\/articles\/s41598-023-47013-y\" target=\"_blank\" rel=\"noreferrer noopener\">\u2018moon wood\u2019 paper<\/a> led by Jan Tumajer<\/pre>\n\n\n\n<pre class=\"wp-block-preformatted\">01\/2022     <a rel=\"noreferrer noopener\" href=\"https:\/\/www.eurekalert.org\/news-releases\/941097\" target=\"_blank\">Press release by EurekAlert! (AAAS): \"Scientists decode 450 years of boom and crisis in Europe from ages of building timber\"<\/a> (our team member Ryszard Kaczka contributed to this research)<\/pre>\n\n\n\n<pre class=\"wp-block-preformatted\">11\/2021     <a href=\"https:\/\/ct24.ceskatelevize.cz\/3399252-cyklus-uhliku-a-jeho-vliv-na-klima-doc-vaclav-treml-prf-uk\" target=\"_blank\" rel=\"noreferrer noopener\">V\u00e1clav Treml - Interview with Czech television (\u010cT): \"The carbon cycle and its impact on climate\"<\/a> (in Czech)<\/pre>\n\n\n\n<pre class=\"wp-block-preformatted\">01\/2020     <a href=\"https:\/\/iforum.cuni.cz\/IFORUM-16662.html\" target=\"_blank\" rel=\"noreferrer noopener\">Ji\u0159\u00ed Ma\u0161ek - Interview with iForum (Charles University online magazine) on winning the Science Slam competition 2019<\/a> (in Czech)<\/pre>\n\n\n\n<pre class=\"wp-block-preformatted\">12\/2019     <a rel=\"noreferrer noopener\" href=\"https:\/\/www.youtube.com\/watch?v=eIk2fS1pKQg\" target=\"_blank\">Ji\u0159\u00ed Ma\u0161ek - Science Slam performance at Charles University (winner): \"Dendrochronology\"<\/a> (in Czech)<\/pre>\n","protected":false},"excerpt":{"rendered":"<p>11\/2025 Press release about our paper in Nature Communications on forecasting growth phenology 05\/2024 Press release about 7th Fascination of Plants Day (18.05.2024) where we introduced our research on dendrochronology to the public (in Czech) 12\/2023 Press release and online newspaper article (both in German) on the \u2018moon wood\u2019 paper led by Jan Tumajer 01\/2022 [&hellip;]<\/p>\n","protected":false},"author":1,"featured_media":0,"parent":0,"menu_order":0,"comment_status":"closed","ping_status":"closed","template":"","meta":{"_uag_custom_page_level_css":"","footnotes":""},"class_list":["post-5647","page","type-page","status-publish","hentry"],"uagb_featured_image_src":{"full":false,"thumbnail":false,"medium":false,"medium_large":false,"large":false,"1536x1536":false,"2048x2048":false},"uagb_author_info":{"display_name":"dendro","author_link":"https:\/\/web.natur.cuni.cz\/physgeo\/dendro\/author\/dendro\/"},"uagb_comment_info":0,"uagb_excerpt":"11\/2025 Press release about our paper in Nature Communications on forecasting growth phenology 05\/2024 Press release about 7th Fascination of Plants Day (18.05.2024) where we introduced our research on dendrochronology to the public (in Czech) 12\/2023 Press release and online newspaper article (both in German) on the \u2018moon wood\u2019 paper led by Jan Tumajer 01\/2022&hellip;","_links":{"self":[{"href":"https:\/\/web.natur.cuni.cz\/physgeo\/dendro\/wp-json\/wp\/v2\/pages\/5647","targetHints":{"allow":["GET"]}}],"collection":[{"href":"https:\/\/web.natur.cuni.cz\/physgeo\/dendro\/wp-json\/wp\/v2\/pages"}],"about":[{"href":"https:\/\/web.natur.cuni.cz\/physgeo\/dendro\/wp-json\/wp\/v2\/types\/page"}],"author":[{"embeddable":true,"href":"https:\/\/web.natur.cuni.cz\/physgeo\/dendro\/wp-json\/wp\/v2\/users\/1"}],"replies":[{"embeddable":true,"href":"https:\/\/web.natur.cuni.cz\/physgeo\/dendro\/wp-json\/wp\/v2\/comments?post=5647"}],"version-history":[{"count":41,"href":"https:\/\/web.natur.cuni.cz\/physgeo\/dendro\/wp-json\/wp\/v2\/pages\/5647\/revisions"}],"predecessor-version":[{"id":6525,"href":"https:\/\/web.natur.cuni.cz\/physgeo\/dendro\/wp-json\/wp\/v2\/pages\/5647\/revisions\/6525"}],"wp:attachment":[{"href":"https:\/\/web.natur.cuni.cz\/physgeo\/dendro\/wp-json\/wp\/v2\/media?parent=5647"}],"curies":[{"name":"wp","href":"https:\/\/api.w.org\/{rel}","templated":true}]}}