{"id":4843,"date":"2022-11-01T01:00:42","date_gmt":"2022-11-01T00:00:42","guid":{"rendered":"https:\/\/ukazky.euweb.cz\/?page_id=4843"},"modified":"2023-02-13T22:15:08","modified_gmt":"2023-02-13T21:15:08","slug":"uvod","status":"publish","type":"page","link":"https:\/\/web.natur.cuni.cz\/segregace\/","title":{"rendered":"\u00davod"},"content":{"rendered":"<div><ss3-force-full-width data-overflow-x=\"html\" data-horizontal-selector=\"html\"><div class=\"n2-section-smartslider fitvidsignore aol\" data-ssid=\"2\" tabindex=\"0\" role=\"region\" aria-label=\"Slider\"><div id=\"n2-ss-2-align\" class=\"n2-ss-align\"><div class=\"n2-padding\"><div id=\"n2-ss-2\" data-creator=\"Smart Slider 3\" data-responsive=\"fullwidth\" class=\"n2-ss-slider n2-ow n2-has-hover n2notransition  \">\n\n\n\n\n\n\n\n\n\n\n\n\n\n\n\n\n\n\n\n\n\n\n\n<div class=\"n2-ss-slider-wrapper-outside\" style=\"grid-template-rows:1fr auto\"><div class=\"n2-ss-slider-wrapper-inside\">\n        <div class=\"n2-ss-slider-1 n2_ss__touch_element n2-ow\">\n            <div class=\"n2-ss-slider-2 n2-ow\">\n                                                    <div class=\"n2-ss-background-animation n2-ow\"><\/div>\n                                <div class=\"n2-ss-slider-3 n2-ow\">\n\n                    <div class=\"n2-ss-slide-backgrounds n2-ow-all\"><div class=\"n2-ss-slide-background\" data-public-id=\"1\" data-mode=\"fill\"><div class=\"n2-ss-slide-background-image\" data-blur=\"0\" data-opacity=\"100\" data-x=\"50\" data-y=\"50\" data-alt=\"\" data-title=\"\"><picture class=\"skip-lazy\" data-skip-lazy=\"1\"><img decoding=\"async\" src=\"\/\/web.natur.cuni.cz\/segregace\/wp-content\/uploads\/2022\/11\/Lokality-scaled.jpg\" alt=\"\" title=\"\" loading=\"lazy\" class=\"skip-lazy\" data-skip-lazy=\"1\"><\/picture><\/div><div data-color=\"RGBA(255,255,255,0)\" style=\"background-color: RGBA(255,255,255,0);\" class=\"n2-ss-slide-background-color\"><\/div><\/div><div class=\"n2-ss-slide-background\" data-public-id=\"2\" data-mode=\"fill\"><div class=\"n2-ss-slide-background-image\" data-blur=\"0\" data-opacity=\"100\" data-x=\"50\" data-y=\"50\" data-alt=\"\" data-title=\"\"><picture class=\"skip-lazy\" data-skip-lazy=\"1\"><img decoding=\"async\" src=\"\/\/web.natur.cuni.cz\/segregace\/wp-content\/uploads\/2022\/11\/Dynamika-CR-scaled.jpg\" alt=\"\" title=\"\" loading=\"lazy\" class=\"skip-lazy\" data-skip-lazy=\"1\"><\/picture><\/div><div data-color=\"RGBA(255,255,255,0)\" style=\"background-color: RGBA(255,255,255,0);\" class=\"n2-ss-slide-background-color\"><\/div><\/div><div class=\"n2-ss-slide-background\" data-public-id=\"3\" data-mode=\"fill\"><div class=\"n2-ss-slide-background-image\" data-blur=\"0\" data-opacity=\"100\" data-x=\"50\" data-y=\"50\" data-alt=\"\" data-title=\"\"><picture class=\"skip-lazy\" data-skip-lazy=\"1\"><img decoding=\"async\" src=\"\/\/web.natur.cuni.cz\/segregace\/wp-content\/uploads\/2022\/11\/Plus-minus-PBO-scaled.jpg\" alt=\"\" title=\"\" loading=\"lazy\" class=\"skip-lazy\" data-skip-lazy=\"1\"><\/picture><\/div><div data-color=\"RGBA(255,255,255,0)\" style=\"background-color: RGBA(255,255,255,0);\" class=\"n2-ss-slide-background-color\"><\/div><\/div><div class=\"n2-ss-slide-background\" data-public-id=\"4\" data-mode=\"fill\"><div class=\"n2-ss-slide-background-image\" data-blur=\"0\" data-opacity=\"100\" data-x=\"50\" data-y=\"50\" data-alt=\"\" data-title=\"\"><picture class=\"skip-lazy\" data-skip-lazy=\"1\"><img decoding=\"async\" src=\"\/\/web.natur.cuni.cz\/segregace\/wp-content\/uploads\/slider2\/LRSbrno.png\" alt=\"\" title=\"\" loading=\"lazy\" class=\"skip-lazy\" data-skip-lazy=\"1\"><\/picture><\/div><div data-color=\"RGBA(255,255,255,0)\" style=\"background-color: RGBA(255,255,255,0);\" class=\"n2-ss-slide-background-color\"><\/div><\/div><\/div>                    <div class=\"n2-ss-slider-4 n2-ow\">\n                        <svg xmlns=\"http:\/\/www.w3.org\/2000\/svg\" viewBox=\"0 0 1750 400\" data-related-device=\"desktopPortrait\" class=\"n2-ow n2-ss-preserve-size n2-ss-preserve-size--slider n2-ss-slide-limiter\"><\/svg><div data-first=\"1\" data-slide-duration=\"0\" data-id=\"7\" data-slide-public-id=\"1\" data-title=\"Lokality\" data-haslink=\"1\" data-href=\"https:\/\/web.natur.cuni.cz\/segregace\/aplikace\/lokality\/\" tabindex=\"0\" role=\"button\" data-n2click=\"url\" data-force-pointer=\"\" class=\"n2-ss-slide n2-ow  n2-ss-slide-7\"><div role=\"note\" class=\"n2-ss-slide--focus\">Lokality<\/div><div class=\"n2-ss-layers-container n2-ss-slide-limiter n2-ow\"><div class=\"n2-ss-layer n2-ow n-uc-xu8gIwrabW2y\" data-sstype=\"slide\" data-pm=\"default\"><div class=\"n2-ss-layer n2-ow n-uc-jX0d9SFL11Aq\" data-pm=\"default\" data-sstype=\"content\" data-hasbackground=\"0\"><div class=\"n2-ss-section-main-content n2-ss-layer-with-background n2-ss-layer-content n2-ow n-uc-jX0d9SFL11Aq-inner\"><div class=\"n2-ss-layer n2-ow n-uc-Gys4d2ReiFOZ\" data-pm=\"normal\" data-sstype=\"layer\"><div class=\"n2-ss-item-content n2-ss-text n2-ow-all\"><div class=\"\"><p class=\"n2-font-4d257e0aaa2590d30080dbe5186d0d7a-paragraph   \">Lokality soci\u00e1ln\u00edho vylou\u010den\u00ed a segregace<\/p>\n<\/div><\/div><\/div><\/div><\/div><\/div><\/div><\/div><div data-slide-duration=\"0\" data-id=\"6\" data-slide-public-id=\"2\" data-title=\"Dynamika CR\" data-haslink=\"1\" data-href=\"https:\/\/web.natur.cuni.cz\/segregace\/aplikace\/dynamika\/\" tabindex=\"0\" role=\"button\" data-n2click=\"url\" data-force-pointer=\"\" class=\"n2-ss-slide n2-ow  n2-ss-slide-6\"><div role=\"note\" class=\"n2-ss-slide--focus\">Dynamika CR<\/div><div class=\"n2-ss-layers-container n2-ss-slide-limiter n2-ow\"><div class=\"n2-ss-layer n2-ow n-uc-zDs8NXDHTRXY\" data-sstype=\"slide\" data-pm=\"default\"><div class=\"n2-ss-layer n2-ow n-uc-EuRFk4R7KBSE\" data-pm=\"default\" data-sstype=\"content\" data-hasbackground=\"0\"><div class=\"n2-ss-section-main-content n2-ss-layer-with-background n2-ss-layer-content n2-ow n-uc-EuRFk4R7KBSE-inner\"><div class=\"n2-ss-layer n2-ow n-uc-F5gyp9gluiGi\" data-pm=\"normal\" data-sstype=\"layer\"><div class=\"n2-ss-item-content n2-ss-text n2-ow-all\"><div class=\"\"><p class=\"n2-font-4d257e0aaa2590d30080dbe5186d0d7a-paragraph  n2-style-f8293b450b12ef15d5c4ff97a617a3e3-heading  \">Dynamika soci\u00e1ln\u00edho vylou\u010den\u00ed:<br \/>\nv\u00fdvoj prostorov\u00e9ho rozm\u00edst\u011bn\u00ed osob v hmotn\u00e9 nouzi<\/p>\n<\/div><\/div><\/div><\/div><\/div><\/div><\/div><\/div><div data-slide-duration=\"0\" data-id=\"8\" data-slide-public-id=\"3\" data-title=\"Plus minus PBO\" data-haslink=\"1\" data-href=\"https:\/\/web.natur.cuni.cz\/segregace\/aplikace\/vyskyt\/\" tabindex=\"0\" role=\"button\" data-n2click=\"url\" data-force-pointer=\"\" class=\"n2-ss-slide n2-ow  n2-ss-slide-8\"><div role=\"note\" class=\"n2-ss-slide--focus\">Plus minus PBO<\/div><div class=\"n2-ss-layers-container n2-ss-slide-limiter n2-ow\"><div class=\"n2-ss-layer n2-ow n-uc-ZcLsGQsG977P\" data-sstype=\"slide\" data-pm=\"default\"><div class=\"n2-ss-layer n2-ow n-uc-qVch3fn5zY3u\" data-pm=\"default\" data-sstype=\"content\" data-hasbackground=\"0\"><div class=\"n2-ss-section-main-content n2-ss-layer-with-background n2-ss-layer-content n2-ow n-uc-qVch3fn5zY3u-inner\"><div class=\"n2-ss-layer n2-ow n-uc-Fj74KNcO9ZsX\" data-pm=\"normal\" data-sstype=\"layer\"><div class=\"n2-ss-item-content n2-ss-text n2-ow-all\"><div class=\"\"><p class=\"n2-font-db42a39ef9cff36f0f67c198b201cfeb-paragraph   \">Nadpr\u016fm\u011brn\u00fd v\u00fdskyt osob v hmotn\u00e9 nouzi<\/p>\n<\/div><\/div><\/div><\/div><\/div><\/div><\/div><\/div><div data-slide-duration=\"0\" data-id=\"9\" data-slide-public-id=\"4\" data-title=\"LRSbrno\" data-haslink=\"1\" data-href=\"https:\/\/web.natur.cuni.cz\/segregace\/aplikace\/segregace\/\" tabindex=\"0\" role=\"button\" data-n2click=\"url\" data-force-pointer=\"\" class=\"n2-ss-slide n2-ow  n2-ss-slide-9\"><div role=\"note\" class=\"n2-ss-slide--focus\">LRSbrno<\/div><div class=\"n2-ss-layers-container n2-ss-slide-limiter n2-ow\"><div class=\"n2-ss-layer n2-ow n-uc-wKN4b54jWID7\" data-sstype=\"slide\" data-pm=\"default\"><div class=\"n2-ss-layer n2-ow n-uc-bSN0rXVwtXMl\" data-pm=\"default\" data-sstype=\"content\" data-hasbackground=\"0\"><div class=\"n2-ss-section-main-content n2-ss-layer-with-background n2-ss-layer-content n2-ow n-uc-bSN0rXVwtXMl-inner\"><div class=\"n2-ss-layer n2-ow n-uc-7PXYrP80ONNI\" data-pm=\"normal\" data-sstype=\"layer\"><div class=\"n2-ss-item-content n2-ss-text n2-ow-all\"><div class=\"\"><p class=\"n2-font-db42a39ef9cff36f0f67c198b201cfeb-paragraph   \">Lokality reziden\u010dn\u00ed segregace<\/p>\n<\/div><\/div><\/div><\/div><\/div><\/div><\/div><\/div>                    <\/div>\n\n                                    <\/div>\n            <\/div>\n        <\/div>\n        <div class=\"n2-ss-slider-controls n2-ss-slider-controls-absolute-left-center\"><div style=\"--widget-offset:px;\" class=\"n2-ss-widget n2-style-c31c7e0464fcc560d67fa0a16efb2dbb-heading nextend-arrow n2-ow-all nextend-arrow-previous  nextend-arrow-animated-fade\" data-hide-mobileportrait=\"1\" id=\"n2-ss-2-arrow-previous\" role=\"button\" aria-label=\"previous arrow\" tabindex=\"0\"><img loading=\"lazy\" decoding=\"async\" width=\"32\" height=\"32\" class=\"skip-lazy\" data-skip-lazy=\"1\" src=\"data:image\/svg+xml;base64,PHN2ZyB3aWR0aD0iMzIiIGhlaWdodD0iMzIiIHZpZXdCb3g9IjAgMCAzMiAzMiIgeG1sbnM9Imh0dHA6Ly93d3cudzMub3JnLzIwMDAvc3ZnIj4KICAgIDxwYXRoIGQ9Ik0xMS40MzMgMTUuOTkyTDIyLjY5IDUuNzEyYy4zOTMtLjM5LjM5My0xLjAzIDAtMS40Mi0uMzkzLS4zOS0xLjAzLS4zOS0xLjQyMyAwbC0xMS45OCAxMC45NGMtLjIxLjIxLS4zLjQ5LS4yODUuNzYtLjAxNS4yOC4wNzUuNTYuMjg0Ljc3bDExLjk4IDEwLjk0Yy4zOTMuMzkgMS4wMy4zOSAxLjQyNCAwIC4zOTMtLjQuMzkzLTEuMDMgMC0xLjQybC0xMS4yNTctMTAuMjkiCiAgICAgICAgICBmaWxsPSIjMDAwMDAwIiBvcGFjaXR5PSIwLjUiIGZpbGwtcnVsZT0iZXZlbm9kZCIvPgo8L3N2Zz4=\" alt=\"previous arrow\"><\/div><\/div><div class=\"n2-ss-slider-controls n2-ss-slider-controls-absolute-right-center\"><div style=\"--widget-offset:px;\" class=\"n2-ss-widget n2-style-c31c7e0464fcc560d67fa0a16efb2dbb-heading nextend-arrow n2-ow-all nextend-arrow-next  nextend-arrow-animated-fade\" data-hide-mobileportrait=\"1\" id=\"n2-ss-2-arrow-next\" role=\"button\" aria-label=\"next arrow\" tabindex=\"0\"><img loading=\"lazy\" decoding=\"async\" width=\"32\" height=\"32\" class=\"skip-lazy\" data-skip-lazy=\"1\" src=\"data:image\/svg+xml;base64,PHN2ZyB3aWR0aD0iMzIiIGhlaWdodD0iMzIiIHZpZXdCb3g9IjAgMCAzMiAzMiIgeG1sbnM9Imh0dHA6Ly93d3cudzMub3JnLzIwMDAvc3ZnIj4KICAgIDxwYXRoIGQ9Ik0xMC43MjIgNC4yOTNjLS4zOTQtLjM5LTEuMDMyLS4zOS0xLjQyNyAwLS4zOTMuMzktLjM5MyAxLjAzIDAgMS40MmwxMS4yODMgMTAuMjgtMTEuMjgzIDEwLjI5Yy0uMzkzLjM5LS4zOTMgMS4wMiAwIDEuNDIuMzk1LjM5IDEuMDMzLjM5IDEuNDI3IDBsMTIuMDA3LTEwLjk0Yy4yMS0uMjEuMy0uNDkuMjg0LS43Ny4wMTQtLjI3LS4wNzYtLjU1LS4yODYtLjc2TDEwLjcyIDQuMjkzeiIKICAgICAgICAgIGZpbGw9IiMwMDAwMDAiIG9wYWNpdHk9IjAuNSIgZmlsbC1ydWxlPSJldmVub2RkIi8+Cjwvc3ZnPg==\" alt=\"next arrow\"><\/div><\/div><div class=\"n2-ss-slider-controls n2-ss-slider-controls-absolute-center-bottom\"><div class=\"n2-ss-widget nextend-bar nextend-bar-horizontal n2-ss-widget-hidden n2-ow-all\" style=\"text-align: center;width:100%;\"><div class=\"n2-style-262439a2543e3b0e82e53b7b16f68f07-simple \"><span class=\"n2-font-9d826489b351b9c84832aefd0791c401-simple \">&nbsp;<\/span><\/div><\/div><\/div><\/div><div class=\"n2-ss-slider-controls n2-ss-slider-controls-below\"><div style=\"--widget-offset:px;\" class=\"n2-ss-widget n2-ss-control-bullet n2-ow-all n2-ss-control-bullet-horizontal\"><div class=\"n2-style-92baf0a463a4bda579d2bd95782e0fa5-simple  nextend-bullet-bar n2-bar-justify-content-center\" role=\"group\" aria-label=\"Choose slide to display.\"><div class=\"n2-bullet n2-style-d5c7186135a811450604231984a67713-dot \" style=\"visibility:hidden;\"><\/div><\/div><\/div><\/div><\/div><\/div><ss3-loader><\/ss3-loader><\/div><\/div><div class=\"n2_clear\"><\/div><\/div><\/ss3-force-full-width><\/div>\n\n\n<div style=\"height:30px\" aria-hidden=\"true\" class=\"wp-block-spacer\"><\/div>\n\n\n\n<p style=\"font-size:18px\">Webov\u00e1 str\u00e1nka zprost\u0159edkov\u00e1v\u00e1 p\u0159\u00edstup k&nbsp;v\u00fdsledk\u016fm dlouhodob\u00e9 v\u00fdzkumn\u00e9 pr\u00e1ce Centra pro v\u00fdzkum m\u011bst a region\u016f (CVMR) a jeho \u010dlen\u016f v&nbsp;tematick\u00e9 oblasti segregace a soci\u00e1ln\u00edho vylou\u010den\u00ed v&nbsp;\u00fazem\u00ed. Centrum CVMR p\u016fsob\u00ed v&nbsp;r\u00e1mci katedry soci\u00e1ln\u00ed geografie a region\u00e1ln\u00edho rozvoje P\u0159\u00edrodov\u011bdeck\u00e9 fakulty Univerzity Karlovy. Na v\u00fdzkumn\u00fdch aktivit\u00e1ch, projektech a publikac\u00edch, kter\u00e9 centrum za\u0161ti\u0165uje, se pod\u00edl\u00ed i \u010dlenov\u00e9 jin\u00fdch pracovi\u0161\u0165 v&nbsp;r\u00e1mci P\u0159F UK i mimo UK.<\/p>\n\n\n\n<p style=\"font-size:18px\">V\u00fdsledky byly dosa\u017eeny v&nbsp;r\u00e1mci projekt\u016f z\u00e1kladn\u00edho v\u00fdzkumu (podpo\u0159en\u00e9 Grantovou agenturou \u010cR, Grantovou agenturou UK, ad.), aplikovan\u00e9ho v\u00fdzkumu (podpo\u0159en\u00e9 Technologickou agenturou \u010cR, ministerstvy vl\u00e1dy \u010cR) a smluvn\u00edho v\u00fdzkumu (pro ministerstva a samospr\u00e1vy m\u011bst a m\u011bstsk\u00fdch \u010d\u00e1st\u00ed). Vedle z\u00e1kladn\u00edho v\u00fdzkumu zam\u011b\u0159en\u00e9ho na anal\u00fdzy a hodnocen\u00ed stavu a v\u00fdvojov\u00fdch trend\u016f segregace, soci\u00e1ln\u00edho vylou\u010den\u00ed a integrace, se aktivity centra zam\u011b\u0159uj\u00ed na doporu\u010den\u00ed v&nbsp;oblasti prevence segregace, desegregace a integrace a na v\u00fdvoj n\u00e1stroj\u016f podporuj\u00edc\u00edch rozhodov\u00e1n\u00ed na \u00farovni st\u00e1tn\u00edch a n\u00e1rodn\u00edch organizac\u00ed, m\u00edstn\u00edch samospr\u00e1v a nevl\u00e1dn\u00edch neziskov\u00fdch organizac\u00ed.&nbsp;&nbsp;&nbsp;&nbsp;<\/p>\n\n\n\n<div style=\"height:50px\" aria-hidden=\"true\" class=\"wp-block-spacer\"><\/div>\n\n\n\n<p style=\"font-size:18px\"><strong>V\u00fdzkum a jeho v\u00fdsledky se t\u00fdkaj\u00ed:&nbsp;&nbsp;&nbsp;&nbsp;<\/strong><\/p>\n\n\n\n<ul class=\"wp-block-list\" style=\"font-size:18px\">\n<li>Segregace, prevence segregace a desegregace<\/li>\n\n\n\n<li>Segregace obyvatel ohro\u017een\u00fdch soci\u00e1ln\u00edm vylou\u010den\u00edm z&nbsp;d\u016fvodu materi\u00e1ln\u00ed deprivace a chudoby<\/li>\n\n\n\n<li>Segregace z d\u016fvodu symbolick\u00e9ho vylou\u010den\u00ed<\/li>\n\n\n\n<li>Segregace a integrace cizinc\u016f\/migrant\u016f<\/li>\n\n\n\n<li>Separace obyvatel s&nbsp;vysok\u00fdm soci\u00e1ln\u00edm statusem<\/li>\n<\/ul>\n\n\n\n<div style=\"height:50px\" aria-hidden=\"true\" class=\"wp-block-spacer\"><\/div>\n\n\n\n<p style=\"font-size:25px\"><strong><a href=\"http:\/\/web.natur.cuni.cz\/segregace\/aktuality\" data-type=\"URL\" data-id=\"web.natur.cuni.cz\/segregace\/aktuality\">Aktuality<\/a><\/strong><\/p>\n\n\n\n<div class=\"wp-block-uagb-info-box uagb-block-a9bed3c3 uagb-infobox__content-wrap  uagb-infobox-icon-above-title uagb-infobox-image-valign-top\"><div class=\"uagb-ifb-content\"><div class=\"uagb-ifb-title-wrap\"><p class=\"uagb-ifb-title\"><strong><a href=\"https:\/\/web.natur.cuni.cz\/segregace\/opakovany-workshop-prace-s-daty-v-praxi-koncentrace-socialniho-vylouceni-v-uzemi-a-moznosti-desegregace-11-1-2023\/\">Opakovan\u00fd workshop \u201ePr\u00e1ce s daty v praxi: koncentrace soci\u00e1ln\u00edho vylou\u010den\u00ed v \u00fazem\u00ed a mo\u017enosti desegregace\u201c 11. 1. 2023<\/a><\/strong><\/p><\/div><p class=\"uagb-ifb-desc\">Ohl\u00e9dnut\u00ed za opakov\u00e1n\u00edm \u00fasp\u011b\u0161n\u00e9ho workshopu \u201ePr\u00e1ce s daty v praxi: koncentrace soci\u00e1ln\u00edho vylou\u010den\u00ed v \u00fazem\u00ed a mo\u017enosti desegregace\u201c, kter\u00e9 se uskute\u010dnilo v polovin\u011b ledna 2023 na P\u0159\u00edrodov\u011bdeck\u00e9 fakult\u011b Univerzity Karlovy, Albertov 6.<\/p><div class=\"uagb-ifb-button-wrapper wp-block-button\"><a href=\"https:\/\/web.natur.cuni.cz\/segregace\/opakovany-workshop-prace-s-daty-v-praxi-koncentrace-socialniho-vylouceni-v-uzemi-a-moznosti-desegregace-11-1-2023\/\" target=\"_self\" class=\"uagb-infobox-cta-link\" rel=\"noopener noreferrer\" alt=\"\"><span class=\"uagb-inline-editing\">V\u00edce<\/span><svg xmlns=\"https:\/\/www.w3.org\/2000\/svg\" viewBox=\"0 0 512 512\"><path d=\"M504.3 273.6l-112.1 104c-6.992 6.484-17.18 8.218-25.94 4.406c-8.758-3.812-14.42-12.45-14.42-21.1L351.9 288H32C14.33 288 .0002 273.7 .0002 255.1S14.33 224 32 224h319.9l0-72c0-9.547 5.66-18.19 14.42-22c8.754-3.809 18.95-2.075 25.94 4.41l112.1 104C514.6 247.9 514.6 264.1 504.3 273.6z\"><\/path><\/svg><\/a><\/div><\/div><\/div>\n\n\n\n<div style=\"height:50px\" aria-hidden=\"true\" class=\"wp-block-spacer\"><\/div>\n\n\n\n<div class=\"wp-block-uagb-info-box uagb-block-a205dca0 uagb-infobox__content-wrap  uagb-infobox-icon-above-title uagb-infobox-image-valign-top\"><div class=\"uagb-ifb-content\"><div class=\"uagb-ifb-title-wrap\"><p class=\"uagb-ifb-title\"><strong><a href=\"https:\/\/web.natur.cuni.cz\/segregace\/workshop-prace-s-daty-v-praxi-koncentrace-socialniho-vylouceni-v-uzemi-a-moznostidesegregace\/\">Workshop \u201ePr\u00e1ce s daty v praxi: koncentrace soci\u00e1ln\u00edho vylou\u010den\u00ed v \u00fazem\u00ed a mo\u017enosti desegregace\u201c 2. 12. 2022<\/a><\/strong><\/p><\/div><p class=\"uagb-ifb-desc\">Ohl\u00e9dnut\u00ed za workshopem \u201ePr\u00e1ce s daty v praxi: koncentrace soci\u00e1ln\u00edho vylou\u010den\u00ed v \u00fazem\u00ed a mo\u017enosti desegregace\u201c, kter\u00fd se uskute\u010dnil za\u010d\u00e1tkem prosince 2022 na P\u0159\u00edrodov\u011bdeck\u00e9 fakult\u011b Univerzity Karlovy, Albertov 6.<\/p><div class=\"uagb-ifb-button-wrapper wp-block-button\"><a href=\"https:\/\/web.natur.cuni.cz\/segregace\/workshop-prace-s-daty-v-praxi-koncentrace-socialniho-vylouceni-v-uzemi-a-moznostidesegregace\/\" target=\"_self\" class=\"uagb-infobox-cta-link\" rel=\"noopener noreferrer\" alt=\"\"><span class=\"uagb-inline-editing\">V\u00edce<\/span><svg xmlns=\"https:\/\/www.w3.org\/2000\/svg\" viewBox=\"0 0 512 512\"><path d=\"M504.3 273.6l-112.1 104c-6.992 6.484-17.18 8.218-25.94 4.406c-8.758-3.812-14.42-12.45-14.42-21.1L351.9 288H32C14.33 288 .0002 273.7 .0002 255.1S14.33 224 32 224h319.9l0-72c0-9.547 5.66-18.19 14.42-22c8.754-3.809 18.95-2.075 25.94 4.41l112.1 104C514.6 247.9 514.6 264.1 504.3 273.6z\"><\/path><\/svg><\/a><\/div><\/div><\/div>\n\n\n\n<div style=\"height:50px\" aria-hidden=\"true\" class=\"wp-block-spacer\"><\/div>\n\n\n\n<div class=\"wp-block-uagb-info-box uagb-block-670945dc uagb-infobox__content-wrap  uagb-infobox-icon-above-title uagb-infobox-image-valign-top\"><div class=\"uagb-ifb-content\"><div class=\"uagb-ifb-title-wrap\"><p class=\"uagb-ifb-title\"><strong><a href=\"https:\/\/web.natur.cuni.cz\/segregace\/druhy-termin-workshopu-prace-s-daty-v-praxi\/\">Druh\u00fd term\u00edn workshopu pr\u00e1ce s daty 11. 1. 2023<\/a><\/strong><\/p><\/div><p class=\"uagb-ifb-desc\">Zveme v\u00e1s na druh\u00fd term\u00edn workshopu pod veden\u00edm hlavn\u00edho \u0159e\u0161itele projektu prof. Lu\u010fka S\u00fdkory na t\u00e9ma <strong><em>Pr\u00e1ce s daty v praxi: koncentrace soci\u00e1ln\u00edho vylou\u010den\u00ed v \u00fazem\u00ed a mo\u017enosti desegregace<\/em><\/strong>.<strong> <\/strong><br><br>Workshop se uskute\u010dn\u00ed ve st\u0159edu 11. 1. 2023 hybridn\u00ed formou online a na p\u016fd\u011b P\u0159\u00edrodov\u011bdeck\u00e9 fakulty Univerzity Karlovy, Albertov 6, Praha 1.<\/p><div class=\"uagb-ifb-button-wrapper wp-block-button\"><a href=\"https:\/\/web.natur.cuni.cz\/segregace\/druhy-termin-workshopu-prace-s-daty-v-praxi\/\" target=\"_self\" class=\"uagb-infobox-cta-link\" rel=\"noopener noreferrer\" alt=\"\"><span class=\"uagb-inline-editing\">V\u00edce<\/span><svg xmlns=\"https:\/\/www.w3.org\/2000\/svg\" viewBox=\"0 0 512 512\"><path d=\"M504.3 273.6l-112.1 104c-6.992 6.484-17.18 8.218-25.94 4.406c-8.758-3.812-14.42-12.45-14.42-21.1L351.9 288H32C14.33 288 .0002 273.7 .0002 255.1S14.33 224 32 224h319.9l0-72c0-9.547 5.66-18.19 14.42-22c8.754-3.809 18.95-2.075 25.94 4.41l112.1 104C514.6 247.9 514.6 264.1 504.3 273.6z\"><\/path><\/svg><\/a><\/div><\/div><\/div>\n\n\n\n<div style=\"height:50px\" aria-hidden=\"true\" class=\"wp-block-spacer\"><\/div>\n\n\n\n<div class=\"wp-block-uagb-info-box uagb-block-d5b394f9 uagb-infobox__content-wrap  uagb-infobox-icon-above-title uagb-infobox-image-valign-top\"><div class=\"uagb-ifb-content\"><div class=\"uagb-ifb-title-wrap\"><p class=\"uagb-ifb-title\"><strong><a href=\"http:\/\/web.natur.cuni.cz\/segregace\/workshop-prace-s-daty-v-praxi-koncentrace-socialniho-vylouceni-v-uzemi-a-moznosti-desegregace\/\">Pozv\u00e1nka na workshop 2. 12. 2022<\/a><\/strong><\/p><\/div><p class=\"uagb-ifb-desc\">Srde\u010dn\u011b v\u00e1s zveme na workshop pod veden\u00edm hlavn\u00edho \u0159e\u0161itele projektu prof. Lu\u010fka S\u00fdkory na t\u00e9ma <strong><em>Pr\u00e1ce s daty v praxi: koncentrace soci\u00e1ln\u00edho vylou\u010den\u00ed v \u00fazem\u00ed a mo\u017enosti desegregace<\/em><\/strong>.<strong> <\/strong><br><br>Workshop se uskute\u010dn\u00ed v p\u00e1tek 2. 12. 2022 na p\u016fd\u011b P\u0159\u00edrodov\u011bdeck\u00e9 fakulty Univerzity Karlovy, Albertov 6, Praha 1.<\/p><div class=\"uagb-ifb-button-wrapper wp-block-button\"><a href=\"https:\/\/web.natur.cuni.cz\/segregace\/workshop-prace-s-daty-v-praxi\/\" target=\"_self\" class=\"uagb-infobox-cta-link\" rel=\"noopener noreferrer\" alt=\"\"><span class=\"uagb-inline-editing\">V\u00edce<\/span><svg xmlns=\"https:\/\/www.w3.org\/2000\/svg\" viewBox=\"0 0 512 512\"><path d=\"M504.3 273.6l-112.1 104c-6.992 6.484-17.18 8.218-25.94 4.406c-8.758-3.812-14.42-12.45-14.42-21.1L351.9 288H32C14.33 288 .0002 273.7 .0002 255.1S14.33 224 32 224h319.9l0-72c0-9.547 5.66-18.19 14.42-22c8.754-3.809 18.95-2.075 25.94 4.41l112.1 104C514.6 247.9 514.6 264.1 504.3 273.6z\"><\/path><\/svg><\/a><\/div><\/div><\/div>\n\n\n\n<figure class=\"wp-block-image size-large\"><img loading=\"lazy\" decoding=\"async\" width=\"1024\" height=\"384\" src=\"https:\/\/web.natur.cuni.cz\/segregace\/wp-content\/uploads\/2023\/01\/podekovani-1024x384.png\" alt=\"\" class=\"wp-image-5894\" srcset=\"https:\/\/web.natur.cuni.cz\/segregace\/wp-content\/uploads\/2023\/01\/podekovani-1024x384.png 1024w, https:\/\/web.natur.cuni.cz\/segregace\/wp-content\/uploads\/2023\/01\/podekovani-300x113.png 300w, https:\/\/web.natur.cuni.cz\/segregace\/wp-content\/uploads\/2023\/01\/podekovani-768x288.png 768w, https:\/\/web.natur.cuni.cz\/segregace\/wp-content\/uploads\/2023\/01\/podekovani-1536x576.png 1536w, https:\/\/web.natur.cuni.cz\/segregace\/wp-content\/uploads\/2023\/01\/podekovani-2048x768.png 2048w\" sizes=\"auto, (max-width: 1024px) 100vw, 1024px\" \/><\/figure>\n","protected":false},"excerpt":{"rendered":"<p>Webov\u00e1 str\u00e1nka zprost\u0159edkov\u00e1v\u00e1 p\u0159\u00edstup k&nbsp;v\u00fdsledk\u016fm dlouhodob\u00e9 v\u00fdzkumn\u00e9 pr\u00e1ce Centra pro v\u00fdzkum m\u011bst a region\u016f (CVMR) a jeho \u010dlen\u016f v&nbsp;tematick\u00e9 oblasti segregace a soci\u00e1ln\u00edho vylou\u010den\u00ed v&nbsp;\u00fazem\u00ed. Centrum CVMR p\u016fsob\u00ed v&nbsp;r\u00e1mci katedry soci\u00e1ln\u00ed geografie a region\u00e1ln\u00edho rozvoje P\u0159\u00edrodov\u011bdeck\u00e9 fakulty Univerzity Karlovy. Na v\u00fdzkumn\u00fdch aktivit\u00e1ch, projektech a publikac\u00edch, kter\u00e9 centrum za\u0161ti\u0165uje, se pod\u00edl\u00ed i \u010dlenov\u00e9 jin\u00fdch pracovi\u0161\u0165 v&nbsp;r\u00e1mci [&hellip;]<\/p>\n","protected":false},"author":1,"featured_media":0,"parent":0,"menu_order":0,"comment_status":"closed","ping_status":"closed","template":"","meta":{"_uag_custom_page_level_css":"","footnotes":""},"class_list":["post-4843","page","type-page","status-publish","hentry"],"uagb_featured_image_src":{"full":false,"thumbnail":false,"medium":false,"medium_large":false,"large":false,"1536x1536":false,"2048x2048":false},"uagb_author_info":{"display_name":"wp_segreg","author_link":"https:\/\/web.natur.cuni.cz\/segregace\/author\/wp_segreg\/"},"uagb_comment_info":0,"uagb_excerpt":"Webov\u00e1 str\u00e1nka zprost\u0159edkov\u00e1v\u00e1 p\u0159\u00edstup k&nbsp;v\u00fdsledk\u016fm dlouhodob\u00e9 v\u00fdzkumn\u00e9 pr\u00e1ce Centra pro v\u00fdzkum m\u011bst a region\u016f (CVMR) a jeho \u010dlen\u016f v&nbsp;tematick\u00e9 oblasti segregace a soci\u00e1ln\u00edho vylou\u010den\u00ed v&nbsp;\u00fazem\u00ed. Centrum CVMR p\u016fsob\u00ed v&nbsp;r\u00e1mci katedry soci\u00e1ln\u00ed geografie a region\u00e1ln\u00edho rozvoje P\u0159\u00edrodov\u011bdeck\u00e9 fakulty Univerzity Karlovy. Na v\u00fdzkumn\u00fdch aktivit\u00e1ch, projektech a publikac\u00edch, kter\u00e9 centrum za\u0161ti\u0165uje, se pod\u00edl\u00ed i \u010dlenov\u00e9 jin\u00fdch pracovi\u0161\u0165 v&nbsp;r\u00e1mci&hellip;","_links":{"self":[{"href":"https:\/\/web.natur.cuni.cz\/segregace\/wp-json\/wp\/v2\/pages\/4843","targetHints":{"allow":["GET"]}}],"collection":[{"href":"https:\/\/web.natur.cuni.cz\/segregace\/wp-json\/wp\/v2\/pages"}],"about":[{"href":"https:\/\/web.natur.cuni.cz\/segregace\/wp-json\/wp\/v2\/types\/page"}],"author":[{"embeddable":true,"href":"https:\/\/web.natur.cuni.cz\/segregace\/wp-json\/wp\/v2\/users\/1"}],"replies":[{"embeddable":true,"href":"https:\/\/web.natur.cuni.cz\/segregace\/wp-json\/wp\/v2\/comments?post=4843"}],"version-history":[{"count":33,"href":"https:\/\/web.natur.cuni.cz\/segregace\/wp-json\/wp\/v2\/pages\/4843\/revisions"}],"predecessor-version":[{"id":6027,"href":"https:\/\/web.natur.cuni.cz\/segregace\/wp-json\/wp\/v2\/pages\/4843\/revisions\/6027"}],"wp:attachment":[{"href":"https:\/\/web.natur.cuni.cz\/segregace\/wp-json\/wp\/v2\/media?parent=4843"}],"curies":[{"name":"wp","href":"https:\/\/api.w.org\/{rel}","templated":true}]}}