{"id":5002,"date":"2022-11-01T01:00:39","date_gmt":"2022-11-01T00:00:39","guid":{"rendered":"https:\/\/ukazky.euweb.cz\/?page_id=5002"},"modified":"2023-01-25T20:56:12","modified_gmt":"2023-01-25T19:56:12","slug":"kontakt","status":"publish","type":"page","link":"https:\/\/web.natur.cuni.cz\/segregace\/kontakt\/","title":{"rendered":"Kontakt"},"content":{"rendered":"\n<div style=\"height:40px\" aria-hidden=\"true\" class=\"wp-block-spacer\"><\/div>\n\n\n\n<h6 class=\"wp-block-heading\" style=\"font-size:25px\"><strong>Hlavn\u00ed \u0159e\u0161itel:<\/strong><\/h6>\n\n\n\n<p><\/p>\n\n\n\n<p style=\"font-size:18px\">prof. RNDr. Lud\u011bk S\u00fdkora, Ph.D.<\/p>\n\n\n\n<p style=\"font-size:18px\">Email: <a href=\"mailto:ludek.sykora@natur.cuni.cz\">ludek.sykora@natur.cuni.cz<\/a><\/p>\n\n\n\n<p style=\"font-size:18px\">Web: <a href=\"http:\/\/www.natur.cuni.cz\/geografie\/socialni-geografie-a-regionalni-rozvoj\/sykora\">www.natur.cuni.cz\/geografie\/socialni-geografie-a-regionalni-rozvoj\/sykora<\/a><\/p>\n\n\n\n<div style=\"height:50px\" aria-hidden=\"true\" class=\"wp-block-spacer\"><\/div>\n\n\n\n<h6 class=\"wp-block-heading\" style=\"font-size:25px\"><strong>V\u00fdzkumn\u00e9 centrum:<\/strong><\/h6>\n\n\n\n<p><\/p>\n\n\n\n<p style=\"font-size:18px\">Centrum pro v\u00fdzkum m\u011bst a region\u016f<\/p>\n\n\n\n<p style=\"font-size:18px\">Web: <a href=\"http:\/\/www.cvmr.cz\">www.cvmr.cz<\/a><\/p>\n\n\n\n<div style=\"height:50px\" aria-hidden=\"true\" class=\"wp-block-spacer\"><\/div>\n\n\n\n<h6 class=\"wp-block-heading\" style=\"font-size:25px\"><strong>Pracovi\u0161t\u011b:<\/strong><\/h6>\n\n\n\n<p><\/p>\n\n\n\n<p style=\"font-size:18px\">Katedra soci\u00e1ln\u00ed geografie a region\u00e1ln\u00edho rozvoje<\/p>\n\n\n\n<p style=\"font-size:18px\">P\u0159\u00edrodov\u011bdeck\u00e1 fakulta<\/p>\n\n\n\n<p style=\"font-size:18px\">Univerzita Karlova<\/p>\n\n\n\n<p style=\"font-size:18px\">Web: <a href=\"https:\/\/www.natur.cuni.cz\/geografie\/socialni-geografie-a-regionalni-rozvoj\">www.natur.cuni.cz\/geografie\/socialni-geografie-a-regionalni-rozvoj<\/a><\/p>\n\n\n\n<div style=\"height:50px\" aria-hidden=\"true\" class=\"wp-block-spacer\"><\/div>\n\n\n\n<h6 class=\"wp-block-heading\" style=\"font-size:25px\"><strong>Spr\u00e1va webu:<\/strong><\/h6>\n\n\n\n<p><\/p>\n\n\n\n<p style=\"font-size:18px\">Mgr. Adam Martinek<\/p>\n\n\n\n<p style=\"font-size:18px\">Email: <a href=\"mailto:adam.martinek@natur.cuni.cz\">adam.martinek@natur.cuni.cz<\/a><\/p>\n","protected":false},"excerpt":{"rendered":"<p>Hlavn\u00ed \u0159e\u0161itel: prof. RNDr. Lud\u011bk S\u00fdkora, Ph.D. Email: ludek.sykora@natur.cuni.cz Web: www.natur.cuni.cz\/geografie\/socialni-geografie-a-regionalni-rozvoj\/sykora V\u00fdzkumn\u00e9 centrum: Centrum pro v\u00fdzkum m\u011bst a region\u016f Web: www.cvmr.cz Pracovi\u0161t\u011b: Katedra soci\u00e1ln\u00ed geografie a region\u00e1ln\u00edho rozvoje P\u0159\u00edrodov\u011bdeck\u00e1 fakulta Univerzita Karlova Web: www.natur.cuni.cz\/geografie\/socialni-geografie-a-regionalni-rozvoj Spr\u00e1va webu: Mgr. Adam Martinek Email: adam.martinek@natur.cuni.cz<\/p>\n","protected":false},"author":1,"featured_media":0,"parent":0,"menu_order":0,"comment_status":"closed","ping_status":"closed","template":"","meta":{"_uag_custom_page_level_css":"","footnotes":""},"class_list":["post-5002","page","type-page","status-publish","hentry"],"uagb_featured_image_src":{"full":false,"thumbnail":false,"medium":false,"medium_large":false,"large":false,"1536x1536":false,"2048x2048":false},"uagb_author_info":{"display_name":"wp_segreg","author_link":"https:\/\/web.natur.cuni.cz\/segregace\/author\/wp_segreg\/"},"uagb_comment_info":0,"uagb_excerpt":"Hlavn\u00ed \u0159e\u0161itel: prof. RNDr. Lud\u011bk S\u00fdkora, Ph.D. Email: ludek.sykora@natur.cuni.cz Web: www.natur.cuni.cz\/geografie\/socialni-geografie-a-regionalni-rozvoj\/sykora V\u00fdzkumn\u00e9 centrum: Centrum pro v\u00fdzkum m\u011bst a region\u016f Web: www.cvmr.cz Pracovi\u0161t\u011b: Katedra soci\u00e1ln\u00ed geografie a region\u00e1ln\u00edho rozvoje P\u0159\u00edrodov\u011bdeck\u00e1 fakulta Univerzita Karlova Web: www.natur.cuni.cz\/geografie\/socialni-geografie-a-regionalni-rozvoj Spr\u00e1va webu: Mgr. Adam Martinek Email: adam.martinek@natur.cuni.cz","_links":{"self":[{"href":"https:\/\/web.natur.cuni.cz\/segregace\/wp-json\/wp\/v2\/pages\/5002","targetHints":{"allow":["GET"]}}],"collection":[{"href":"https:\/\/web.natur.cuni.cz\/segregace\/wp-json\/wp\/v2\/pages"}],"about":[{"href":"https:\/\/web.natur.cuni.cz\/segregace\/wp-json\/wp\/v2\/types\/page"}],"author":[{"embeddable":true,"href":"https:\/\/web.natur.cuni.cz\/segregace\/wp-json\/wp\/v2\/users\/1"}],"replies":[{"embeddable":true,"href":"https:\/\/web.natur.cuni.cz\/segregace\/wp-json\/wp\/v2\/comments?post=5002"}],"version-history":[{"count":22,"href":"https:\/\/web.natur.cuni.cz\/segregace\/wp-json\/wp\/v2\/pages\/5002\/revisions"}],"predecessor-version":[{"id":6031,"href":"https:\/\/web.natur.cuni.cz\/segregace\/wp-json\/wp\/v2\/pages\/5002\/revisions\/6031"}],"wp:attachment":[{"href":"https:\/\/web.natur.cuni.cz\/segregace\/wp-json\/wp\/v2\/media?parent=5002"}],"curies":[{"name":"wp","href":"https:\/\/api.w.org\/{rel}","templated":true}]}}