{"id":5463,"date":"2022-11-01T01:00:17","date_gmt":"2022-11-01T00:00:17","guid":{"rendered":"https:\/\/web.natur.cuni.cz\/segregace\/?page_id=5463"},"modified":"2023-02-13T15:44:30","modified_gmt":"2023-02-13T14:44:30","slug":"dynamika","status":"publish","type":"page","link":"https:\/\/web.natur.cuni.cz\/segregace\/aplikace\/dynamika\/","title":{"rendered":"Dynamika soci\u00e1ln\u00edho vylou\u010den\u00ed: v\u00fdvoj prostorov\u00e9ho rozm\u00edst\u011bn\u00ed osob v hmotn\u00e9 nouzi"},"content":{"rendered":"\n<p style=\"font-size:18px\">Interaktivn\u00ed online mapov\u00e1 a datov\u00e1 aplikace \u201e<a rel=\"noreferrer noopener\" href=\"https:\/\/lokality.page.link\/segregace_dynamika\" target=\"_blank\">Dynamika soci\u00e1ln\u00edho vylou\u010den\u00ed: v\u00fdvoj prostorov\u00e9ho rozm\u00edst\u011bn\u00ed osob v hmotn\u00e9 nouzi<\/a>\u201c je jedn\u00edm z v\u00fdstup\u016f projektu \u201eV\u00fdvojov\u00e1 dynamika segregace a soci\u00e1ln\u00edho vylou\u010den\u00ed v&nbsp;\u00fazem\u00ed\u201c podpo\u0159en\u00e9ho Technologickou agenturou \u010cR v&nbsp;r\u00e1mci programu \u00c9ta (\u010d. projektu TL02000479). Mapovou aplikaci je mo\u017en\u00e9 a vhodn\u00e9 pou\u017e\u00edvat spole\u010dn\u011b s&nbsp;aplikac\u00ed \u201e<a rel=\"noreferrer noopener\" href=\"https:\/\/lokality.page.link\/segregace_op\" target=\"_blank\">Lokality soci\u00e1ln\u00edho vylou\u010den\u00ed a segregace<\/a>\u201c.<\/p>\n\n\n\n<div style=\"height:25px\" aria-hidden=\"true\" class=\"wp-block-spacer\"><\/div>\n\n\n\n<div class=\"wp-block-buttons is-content-justification-center is-layout-flex wp-container-core-buttons-is-layout-1 wp-block-buttons-is-layout-flex\">\n<div class=\"wp-block-button has-custom-font-size is-style-outline is-style-outline--1\" style=\"font-size:18px\"><a class=\"wp-block-button__link has-white-background-color has-text-color has-background wp-element-button\" href=\"https:\/\/lokality.page.link\/segregace_dynamika\" style=\"color:#2f61ad\" target=\"_blank\" rel=\"noreferrer noopener\"><strong>Vstup do aplikace<\/strong><\/a><\/div>\n<\/div>\n\n\n\n<div style=\"height:25px\" aria-hidden=\"true\" class=\"wp-block-spacer\"><\/div>\n\n\n\n<p style=\"font-size:18px\">Aplikace vyu\u017e\u00edv\u00e1 detailn\u00ed informace o lokalizaci obyvatel, kte\u0159\u00ed jsou p\u0159\u00edjemci p\u0159\u00edsp\u011bvku na \u017eivobyt\u00ed (jde o takzvan\u00e9 spole\u010dn\u011b posuzovan\u00e9 osoby pro poskytnut\u00ed p\u0159\u00edsp\u011bvku na \u017eivobyt\u00ed \u2013 SPO PNZ) a souhrnn\u011b zobrazuje po\u010det, pod\u00edl a nadpr\u016fm\u011brn\u00fd v\u00fdskyt (lokaliza\u010dn\u00ed kvocient) p\u0159\u00edjemc\u016f p\u0159\u00edsp\u011bvku na \u017eivobyt\u00ed. Zobrazen\u00ed je m\u011b\u0159\u00edtkov\u011b dynamick\u00e9 od zobrazen\u00ed cel\u00e9ho \u010ceska, p\u0159es kraje, spr\u00e1vn\u00ed obvody obc\u00ed s&nbsp;roz\u0161\u00ed\u0159enou p\u016fsobnost\u00ed (SO ORP), obce, spr\u00e1vn\u00ed obvody v&nbsp;Praze, m\u011bstsk\u00e9 \u010d\u00e1sti a\u017e po \u00farove\u0148 z\u00e1kladn\u00edch s\u00eddeln\u00edch jednotek (ZSJ). Z\u00e1rove\u0148 zobrazuje v\u00fdvoj v&nbsp;\u010dase v&nbsp;obdob\u00ed 2015-2020, respektive v&nbsp;ka\u017ed\u00e9m z&nbsp;t\u011bchto let situaci k&nbsp;30. 6. a&nbsp;31. 12. M\u011b\u0159\u00edtkov\u011b dynamick\u00e9 zobrazen\u00ed pracuje automaticky p\u0159i p\u0159ibli\u017eov\u00e1n\u00ed nebo oddalov\u00e1n\u00ed prohl\u00ed\u017een\u00ed \u00fazem\u00ed \u010ceska. Pro zobrazen\u00ed v\u00fdvoje je mo\u017en\u00e9 vyu\u017e\u00edt automatickou animaci a to p\u0159i voliteln\u00e9 rychlosti st\u0159\u00edd\u00e1n\u00ed \u010dasov\u00fdch \u0159ez\u016f, ji\u017e lze zv\u00fd\u0161it nebo sn\u00ed\u017eit, nebo si prohl\u00ed\u017een\u00ed volit manu\u00e1ln\u011b.&nbsp;&nbsp;&nbsp;<\/p>\n\n\n\n<p style=\"font-size:18px\">Kliknut\u00edm na vybranou lokalitu (kraj, SO ORP, obec nebo ZSJ) se otev\u0159e rozbalovac\u00ed okno, kter\u00e9 zobraz\u00ed v\u0161echny indik\u00e1tory za obdob\u00ed 2015-2020, k&nbsp;\u010dervnu a prosinci dan\u00e9ho roku. Kliknut\u00edm na malou \u0161ipku na spodn\u00edm okraji mapov\u00e9ho zobrazen\u00ed lze zobrazit tabulky s&nbsp;\u00fadaji za v\u0161echny m\u011b\u0159\u00edtkov\u00e9 \u00farovn\u011b \u00fazemn\u00edch jednotek, je\u017e jsou v&nbsp;map\u011b zobrazen\u00e9.<\/p>\n\n\n\n<div style=\"height:25px\" aria-hidden=\"true\" class=\"wp-block-spacer\"><\/div>\n\n\n\n<p style=\"font-size:18px\"><strong><a rel=\"noreferrer noopener\" href=\"https:\/\/web.natur.cuni.cz\/segregace\/dataseg\/\" target=\"_blank\">Data vyu\u017e\u00edvan\u00e1 v aplikac\u00edch na t\u00e9ma soci\u00e1ln\u00ed vylou\u010den\u00ed a segregace<\/a><\/strong><\/p>\n\n\n\n<div style=\"height:25px\" aria-hidden=\"true\" class=\"wp-block-spacer\"><\/div>\n\n\n\n<div style=\"height:25px\" aria-hidden=\"true\" class=\"wp-block-spacer\"><\/div>\n\n\n\n<h4 class=\"wp-block-heading\" style=\"font-size:25px\">N\u00e1vod k&nbsp;pou\u017e\u00edv\u00e1n\u00ed aplikace<\/h4>\n\n\n\n<div style=\"height:25px\" aria-hidden=\"true\" class=\"wp-block-spacer\"><\/div>\n\n\n\n<h4 class=\"has-medium-font-size wp-block-heading\"><strong>M\u011b\u0159\u00edtkov\u011b dynamick\u00e9 zobrazen\u00ed&nbsp;<\/strong><\/h4>\n\n\n\n<div style=\"height:25px\" aria-hidden=\"true\" class=\"wp-block-spacer\"><\/div>\n\n\n\n<p style=\"font-size:18px\">Aplikace zobrazuje hodnoty po\u010dtu, pod\u00edlu a nadpr\u016fm\u011brn\u00e9ho v\u00fdskytu SPO PNZ automaticky, p\u0159i prohl\u00ed\u017een\u00ed \u00fazem\u00ed \u010ceska, region\u016f a lokalit, p\u0159i zm\u011bn\u011b m\u011b\u0159\u00edtka prohl\u00ed\u017een\u00ed, p\u0159i p\u0159ibli\u017eov\u00e1n\u00ed nebo oddalov\u00e1n\u00ed a posunu v map\u011b. Hranice kraj\u016f, spr\u00e1vn\u00edch obvod\u016f ORP, obc\u00ed, spr\u00e1vn\u00edch obvod\u016f v&nbsp;Praze, m\u011bstsk\u00fdch \u010d\u00e1st\u00ed a\u017e po \u00farove\u0148 z\u00e1kladn\u00edch s\u00eddeln\u00edch jednotek (ZSJ) se zobrazuj\u00ed postupn\u011b, v&nbsp;z\u00e1vislosti na m\u011b\u0159\u00edtku zobrazen\u00ed. Podle m\u011b\u0159\u00edtka zobrazen\u00ed a zobrazen\u00fdch \u00fazemn\u00edch jednotek se m\u011bn\u00ed i zobrazen\u00ed legendy. Struktura legendy a hodnoty pro zobrazen\u00ed relativn\u00edho pod\u00edlu i lokaliza\u010dn\u00edho kvocientu SPO PNZ nicm\u00e9n\u011b z\u016fst\u00e1vaj\u00ed nem\u011bnn\u00e9 pro v\u0161echna m\u011b\u0159\u00edtka zobrazen\u00ed.<\/p>\n\n\n\n<div style=\"height:25px\" aria-hidden=\"true\" class=\"wp-block-spacer\"><\/div>\n\n\n\n<h4 class=\"has-medium-font-size wp-block-heading\"><strong>Zobrazen\u00ed v\u00fdvojov\u00e9 dynamiky<\/strong><\/h4>\n\n\n\n<div style=\"height:25px\" aria-hidden=\"true\" class=\"wp-block-spacer\"><\/div>\n\n\n\n<p style=\"font-size:18px\">Aplikace p\u0159i spu\u0161t\u011bn\u00ed aplikace v&nbsp;map\u011b zobrazuje stav k&nbsp;posledn\u00edmu horizontu v&nbsp;\u010dase (prosinec 2020). Umo\u017e\u0148uje nicm\u00e9n\u011b zobrazit v\u00fdvoj v&nbsp;\u010dase v&nbsp;obdob\u00ed 2015-2020, respektive v&nbsp;ka\u017ed\u00e9m z&nbsp;t\u011bchto let zobrazuje situaci k&nbsp;30. 6. a&nbsp;31. 12. Prohl\u00ed\u017een\u00ed v\u00fdvoje umo\u017e\u0148uje \u201ePosuvn\u00edk \u010dasu\u201c (ikona vpravo naho\u0159e s&nbsp;hodinami). Pro zobrazen\u00ed v\u00fdvoje je mo\u017en\u00e9 vyu\u017e\u00edt automatickou animaci a to p\u0159i voliteln\u00e9 rychlosti st\u0159\u00edd\u00e1n\u00ed \u010dasov\u00fdch \u0159ez\u016f, ji\u017e lze zv\u00fd\u0161it nebo sn\u00ed\u017eit (0,25x-2x), nebo si \u0161ipkami prohl\u00ed\u017een\u00ed volit manu\u00e1ln\u011b.&nbsp;<\/p>\n\n\n\n<div style=\"height:25px\" aria-hidden=\"true\" class=\"wp-block-spacer\"><\/div>\n\n\n\n<h4 class=\"wp-block-heading\" style=\"font-size:25px\">Tematick\u00e1 vrstva mapy<\/h4>\n\n\n\n<div style=\"height:25px\" aria-hidden=\"true\" class=\"wp-block-spacer\"><\/div>\n\n\n\n<p style=\"font-size:18px\">Aplikace zobrazuje pouze jednu tematickou mapu anal\u00fdzy segregace, je\u017e souhrnn\u011b zobrazuje informace o po\u010dtu, pod\u00edlu a nadpr\u016fm\u011brn\u00e9m v\u00fdskytu (lokaliza\u010dn\u00ed kvocient) p\u0159\u00edjemc\u016f p\u0159\u00edsp\u011bvku na \u017eivobyt\u00ed v&nbsp;\u00fazem\u00edch od velikosti kraje, p\u0159es spr\u00e1vn\u00ed obvody ORP, obce a\u017e po lokality (ZSJ) a to za obdob\u00ed nastaven\u00e9 v&nbsp;posuvn\u00edku \u010dasu. <strong>Po\u010det<\/strong> SPO PNZ je zobrazen\u00fd prost\u0159ednictv\u00edm ter\u010d\u016f a jejich velikosti. <strong>Pod\u00edl<\/strong> SPO PNZ zachycuje intenzita zbarven\u00ed \u00fazem\u00ed. <strong>Lokaliza\u010dn\u00ed kvocient<\/strong> SPO PNZ je zobrazen\u00fd \u0161rafov\u00e1n\u00edm a ukazuje lokality, kde byl pod\u00edl osob pob\u00edraj\u00edc\u00edch p\u0159\u00edsp\u011bvek na \u017eivobyt\u00ed t\u0159ikr\u00e1t a desetkr\u00e1t vy\u0161\u0161\u00ed v&nbsp;porovn\u00e1n\u00ed se situac\u00ed v&nbsp;SO ORP, kam lokalita pat\u0159\u00ed, a z\u00e1rove\u0148 v&nbsp;cel\u00e9m \u010cesku. Mapa odst\u00ednem sv\u011btle \u0161ed\u00e9 barvy zobrazuje ZSJ a obce s&nbsp;mal\u00fdm po\u010dtem (1-9) a tmav\u0161\u00edm \u0161ed\u00fdm odst\u00ednem s nulov\u00fdm po\u010dtem SPO PNZ.&nbsp;<\/p>\n\n\n\n<div style=\"height:25px\" aria-hidden=\"true\" class=\"wp-block-spacer\"><\/div>\n\n\n\n<p style=\"font-size:14px\"><strong>Obr\u00e1zek 1:<\/strong> P\u0159\u00edklad zobrazen\u00ed po\u010dtu, pod\u00edlu a lokaliza\u010dn\u00edho kvocientu SPO PNZ na \u00farovni SO ORP a spr\u00e1vn\u00edch obvod\u016f v&nbsp;hl. m. Praze<\/p>\n\n\n\n<figure class=\"wp-block-image size-large is-resized\"><img loading=\"lazy\" decoding=\"async\" src=\"https:\/\/web.natur.cuni.cz\/segregace\/wp-content\/uploads\/2022\/11\/Dynamika-CR-w-1-1024x576.jpg\" alt=\"\" class=\"wp-image-5464\" width=\"840\" height=\"472\" srcset=\"https:\/\/web.natur.cuni.cz\/segregace\/wp-content\/uploads\/2022\/11\/Dynamika-CR-w-1-1024x576.jpg 1024w, https:\/\/web.natur.cuni.cz\/segregace\/wp-content\/uploads\/2022\/11\/Dynamika-CR-w-1-300x169.jpg 300w, https:\/\/web.natur.cuni.cz\/segregace\/wp-content\/uploads\/2022\/11\/Dynamika-CR-w-1-768x432.jpg 768w, https:\/\/web.natur.cuni.cz\/segregace\/wp-content\/uploads\/2022\/11\/Dynamika-CR-w-1-1536x864.jpg 1536w, https:\/\/web.natur.cuni.cz\/segregace\/wp-content\/uploads\/2022\/11\/Dynamika-CR-w-1-2048x1152.jpg 2048w\" sizes=\"auto, (max-width: 840px) 100vw, 840px\" \/><\/figure>\n\n\n\n<p style=\"font-size:12px\"><\/p>\n\n\n\n<div style=\"height:25px\" aria-hidden=\"true\" class=\"wp-block-spacer\"><\/div>\n\n\n\n<p style=\"font-size:14px\"><strong><strong>Obr\u00e1zek 2:<\/strong> <\/strong>P\u0159\u00edklad zobrazen\u00ed po\u010dtu, pod\u00edlu a lokaliza\u010dn\u00edho kvocientu SPO PNZ na \u00farovni z\u00e1kladn\u00edch s\u00eddeln\u00edch jednotek (ZSJ)<\/p>\n\n\n\n<figure class=\"wp-block-image size-large\"><img loading=\"lazy\" decoding=\"async\" width=\"1024\" height=\"576\" src=\"https:\/\/web.natur.cuni.cz\/segregace\/wp-content\/uploads\/2022\/11\/Dynamika-OV-w-1024x576.jpg\" alt=\"\" class=\"wp-image-5465\" srcset=\"https:\/\/web.natur.cuni.cz\/segregace\/wp-content\/uploads\/2022\/11\/Dynamika-OV-w-1024x576.jpg 1024w, https:\/\/web.natur.cuni.cz\/segregace\/wp-content\/uploads\/2022\/11\/Dynamika-OV-w-300x169.jpg 300w, https:\/\/web.natur.cuni.cz\/segregace\/wp-content\/uploads\/2022\/11\/Dynamika-OV-w-768x432.jpg 768w, https:\/\/web.natur.cuni.cz\/segregace\/wp-content\/uploads\/2022\/11\/Dynamika-OV-w-1536x864.jpg 1536w, https:\/\/web.natur.cuni.cz\/segregace\/wp-content\/uploads\/2022\/11\/Dynamika-OV-w-2048x1152.jpg 2048w\" sizes=\"auto, (max-width: 1024px) 100vw, 1024px\" \/><\/figure>\n\n\n\n<p style=\"font-size:12px\"><\/p>\n\n\n\n<div style=\"height:25px\" aria-hidden=\"true\" class=\"wp-block-spacer\"><\/div>\n\n\n\n<h4 class=\"wp-block-heading\" style=\"font-size:25px\">Vyskakovac\u00ed okna a tabulka s daty<\/h4>\n\n\n\n<div style=\"height:25px\" aria-hidden=\"true\" class=\"wp-block-spacer\"><\/div>\n\n\n\n<p style=\"font-size:18px\">Online mapa umo\u017e\u0148uje zobrazit data a to ve dvou form\u00e1tech, pomoc\u00ed vyskakovac\u00edch oken s\u00a0\u00fadaji za zvolen\u00e9 \u00fazem\u00ed a prost\u0159ednictv\u00edm tabulky s\u00a0daty za \u00fazem\u00ed zobrazen\u00e9 v map\u011b. Kliknut\u00edm na vybranou lokalitu (kraj, SO ORP, obec, ZSJ) se otev\u0159e okno s\u00a0daty za obdob\u00ed 2015-2020, respektive k\u00a030. \u010dervnu a 31. prosinci ka\u017ed\u00e9ho roku. Kliknut\u00edm na malou \u0161ipku na spodn\u00edm okraji mapov\u00e9ho zobrazen\u00ed lze zobrazit tabulku s\u00a0daty. Implicitn\u011b je nastaven\u00e9 zobrazen\u00ed s \u00fadaji za v\u0161echny \u00fazemn\u00ed jednotky, je\u017e jsou aktu\u00e1ln\u011b v\u00a0map\u011b zobrazen\u00e9 (pol\u00ed\u010dko \u201eFiltrovat podle rozsahu mapy\u201c je zapnut\u00e9 a p\u00edsmo se zobrazuje v\u00a0modr\u00e9 barv\u011b).\u00a0<\/p>\n\n\n\n<div style=\"height:25px\" aria-hidden=\"true\" class=\"wp-block-spacer\"><\/div>\n\n\n\n<p style=\"font-size:14px\"><strong><strong><strong>Obr\u00e1zek 3: <\/strong><\/strong><\/strong>P\u0159\u00edklad zobrazen\u00ed vyskakovac\u00edho okna a tabulky s daty<\/p>\n\n\n\n<figure class=\"wp-block-image size-large\"><img loading=\"lazy\" decoding=\"async\" width=\"1024\" height=\"576\" src=\"https:\/\/web.natur.cuni.cz\/segregace\/wp-content\/uploads\/2022\/11\/Dynamika-popup-okno-a-tabulka-w-1024x576.jpg\" alt=\"\" class=\"wp-image-5466\" srcset=\"https:\/\/web.natur.cuni.cz\/segregace\/wp-content\/uploads\/2022\/11\/Dynamika-popup-okno-a-tabulka-w-1024x576.jpg 1024w, https:\/\/web.natur.cuni.cz\/segregace\/wp-content\/uploads\/2022\/11\/Dynamika-popup-okno-a-tabulka-w-300x169.jpg 300w, https:\/\/web.natur.cuni.cz\/segregace\/wp-content\/uploads\/2022\/11\/Dynamika-popup-okno-a-tabulka-w-768x432.jpg 768w, https:\/\/web.natur.cuni.cz\/segregace\/wp-content\/uploads\/2022\/11\/Dynamika-popup-okno-a-tabulka-w.jpg 1375w\" sizes=\"auto, (max-width: 1024px) 100vw, 1024px\" \/><\/figure>\n\n\n\n<p style=\"font-size:12px\"><\/p>\n\n\n\n<div style=\"height:25px\" aria-hidden=\"true\" class=\"wp-block-spacer\"><\/div>\n\n\n\n<p style=\"font-size:18px\">V&nbsp;z\u00e1hlav\u00ed tabulky vlevo \u201eMo\u017enosti\u201c nab\u00edz\u00ed funkci \u201eFiltr\u201c a z\u00e1znamy v&nbsp;tabulce vybrat podle definovan\u00fdch hodnot. V&nbsp;r\u00e1mci okna \u201eFiltr\u201c je mo\u017en\u00e9 vybrat \u201eP\u0159idat v\u00fdraz\u201c pro jednu podm\u00ednku, nebo \u201eP\u0159idat sadu\u201c pro v\u00edce podm\u00ednek. V&nbsp;tabulce se zobraz\u00ed data za lokality odpov\u00eddaj\u00edc\u00ed zvolen\u00fdm podm\u00ednk\u00e1m, kter\u00e9 jsou zobrazen\u00e9 v&nbsp;aktu\u00e1ln\u011b zobrazen\u00e9 map\u011b. P\u0159i kliknut\u00ed na pol\u00ed\u010dko \u201eFiltrovat podle rozsahu mapy\u201c se toto pol\u00ed\u010dko odzna\u010d\u00ed a v&nbsp;tabulce se zobraz\u00ed data za v\u0161echny ZSJ v&nbsp;\u010cesku, kter\u00e9 zadan\u00e9 krit\u00e9rium spl\u0148uj\u00ed.&nbsp;&nbsp;<\/p>\n\n\n\n<div style=\"height:25px\" aria-hidden=\"true\" class=\"wp-block-spacer\"><\/div>\n\n\n\n<p style=\"font-size:14px\"><strong><strong><strong><strong>Obr\u00e1zek 4<\/strong>:<\/strong><\/strong><\/strong> P\u0159\u00edklad volby v\u00edce podm\u00ednek pro filtrov\u00e1n\u00ed (v\u00fdb\u011br) z\u00e1znam\u016f. V&nbsp;tomto p\u0159\u00edpad\u011b se vyberou v\u0161echny lokality (ZSJ) s&nbsp;po\u010dtem alespo\u0148 100 SPO PNZ, pod\u00edlem na populaci 15% a lokaliza\u010dn\u00edm kvocientem alespo\u0148 10, tj. v\u0161echny lokality s&nbsp;extr\u00e9mn\u00ed koncentrac\u00ed SPO PNZ (pol\u00ed\u010dko \u201eFiltrovat podle rozsahu mapy\u201c je zapnut\u00e9 a p\u00edsmo se zobrazuje v&nbsp;modr\u00e9 barv\u011b) nebo pro cel\u00e9 \u010cesko (pol\u00ed\u010dko \u201eFiltrovat podle rozsahu mapy\u201c je vypnut\u00e9 a p\u00edsmo se zobrazuje v&nbsp;\u0161ed\u00e9 barv\u011b).&nbsp;<\/p>\n\n\n\n<figure class=\"wp-block-image size-large\"><img loading=\"lazy\" decoding=\"async\" width=\"1024\" height=\"573\" src=\"https:\/\/web.natur.cuni.cz\/segregace\/wp-content\/uploads\/2022\/11\/Filtr-w-1024x573.jpg\" alt=\"\" class=\"wp-image-5467\" srcset=\"https:\/\/web.natur.cuni.cz\/segregace\/wp-content\/uploads\/2022\/11\/Filtr-w-1024x573.jpg 1024w, https:\/\/web.natur.cuni.cz\/segregace\/wp-content\/uploads\/2022\/11\/Filtr-w-300x168.jpg 300w, https:\/\/web.natur.cuni.cz\/segregace\/wp-content\/uploads\/2022\/11\/Filtr-w-768x430.jpg 768w, https:\/\/web.natur.cuni.cz\/segregace\/wp-content\/uploads\/2022\/11\/Filtr-w.jpg 1321w\" sizes=\"auto, (max-width: 1024px) 100vw, 1024px\" \/><\/figure>\n\n\n\n<p style=\"font-size:12px\"><\/p>\n\n\n\n<div style=\"height:25px\" aria-hidden=\"true\" class=\"wp-block-spacer\"><\/div>\n\n\n\n<h5 class=\"wp-block-heading\" style=\"font-size:25px\">Popis indik\u00e1tor\u016f v tabulk\u00e1ch s&nbsp;daty<\/h5>\n\n\n\n<div style=\"height:25px\" aria-hidden=\"true\" class=\"wp-block-spacer\"><\/div>\n\n\n\n<ul class=\"wp-block-list\" style=\"font-size:18px\">\n<li>K_ZSJ, N_ZSJ \u2013 k\u00f3d a n\u00e1zev z\u00e1kladn\u00ed s\u00eddeln\u00ed jednotky (ZSJ)<\/li>\n\n\n\n<li>K_OBEC, N_OBEC \u2013 k\u00f3d a n\u00e1zev obce<\/li>\n\n\n\n<li>K_ORP, N_ORP \u2013 k\u00f3d n\u00e1zev Spr\u00e1vn\u00edho obvodu obce s&nbsp;roz\u0161\u00ed\u0159enou p\u016fsobnost\u00ed (SO ORP)<\/li>\n\n\n\n<li>K_KRAJ, N_KRAJ \u2013 k\u00f3d a n\u00e1zev kraje<\/li>\n\n\n\n<li>K_OBEC_M\u010c, N_ OBEC_M\u010c &#8211; k\u00f3d a n\u00e1zev obce a m\u011bstsk\u00e9 \u010d\u00e1sti<\/li>\n\n\n\n<li>K_OBEC_PSO, N_ OBEC_PSO &#8211; k\u00f3d a n\u00e1zev obc\u00ed a pra\u017esk\u00fdch spr\u00e1vn\u00edch obvod\u016f<\/li>\n\n\n\n<li>OB1506 \u2013 OB2012 \u2013 po\u010det obyvatel ZSJ, rok, m\u011bs\u00edc (OB1506 = po\u010det obyvatel v&nbsp;roce 2015, v&nbsp;\u0161est\u00e9m m\u011bs\u00edci \u010dervnu)<\/li>\n\n\n\n<li>SPO1506 \u2013 SPO2012 \u2013 po\u010det spole\u010dn\u011b posuzovan\u00fdch osob pro poskytnut\u00ed p\u0159\u00edsp\u011bvku na \u017eivobyt\u00ed (SPO PNZ) v ZSJ, rok, m\u011bs\u00edc (SPO2012 = po\u010det SPO PNZ, v&nbsp;roce 2020, ve dvan\u00e1ct\u00e9m m\u011bs\u00edci prosinci)<\/li>\n\n\n\n<li>REL1506 \u2013 REL2012 \u2013 pod\u00edl SPO PNZ na po\u010dtu obyvatel (OB) ZSJ, rok, m\u011bs\u00edc (REL1906 = pod\u00edl SPO PNZ v&nbsp;roce 2019, v&nbsp;\u0161est\u00e9m m\u011bs\u00edci \u010dervnu)<\/li>\n\n\n\n<li>LQ1506 \u2013 LQ2012 \u2013 lokaliza\u010dn\u00ed kvocient (nadpr\u016fm\u011brn\u00fd v\u00fdskyt) SPO PNZ v&nbsp;ZSJ, lokaliza\u010dn\u00ed kvocient zohled\u0148uje m\u00edstn\u00ed kontext p\u0159\u00edslu\u0161n\u00e9ho SO ORP a z\u00e1rove\u0148 n\u00e1rodn\u00ed kontext \u010ceska<\/li>\n<\/ul>\n\n\n\n<div style=\"height:25px\" aria-hidden=\"true\" class=\"wp-block-spacer\"><\/div>\n\n\n\n<h4 class=\"wp-block-heading\" style=\"font-size:25px\">Dopl\u0148uj\u00edc\u00ed informace<\/h4>\n\n\n\n<div style=\"height:25px\" aria-hidden=\"true\" class=\"wp-block-spacer\"><\/div>\n\n\n\n<h6 class=\"wp-block-heading\" style=\"font-size:18px\"><strong>Kr\u00e1tk\u00e1 URL adresa aplikace Dynamika soci\u00e1ln\u00edho vylou\u010den\u00ed: v\u00fdvoj prostorov\u00e9ho rozm\u00edst\u011bn\u00ed osob v hmotn\u00e9 nouzi<\/strong><\/h6>\n\n\n\n<p style=\"font-size:18px\"><a rel=\"noreferrer noopener\" href=\"https:\/\/lokality.page.link\/segregace_dynamika\" target=\"_blank\">https:\/\/lokality.page.link\/segregace_dynamika<\/a><\/p>\n\n\n\n<div style=\"height:25px\" aria-hidden=\"true\" class=\"wp-block-spacer\"><\/div>\n\n\n\n<h5 class=\"wp-block-heading\" style=\"font-size:18px\"><strong>Lokality soci\u00e1ln\u00edho vylou\u010den\u00ed a segregace&nbsp;<\/strong><\/h5>\n\n\n\n<div style=\"height:25px\" aria-hidden=\"true\" class=\"wp-block-spacer\"><\/div>\n\n\n\n<p style=\"font-size:18px\">Identifikaci lokalit segregace a jejich hodnocen\u00ed nab\u00edz\u00ed interaktivn\u00ed online mapov\u00e1 a datov\u00e1 aplikace \u201e<a href=\"https:\/\/lokality.page.link\/segregace_op\" target=\"_blank\" rel=\"noreferrer noopener\">Lokality soci\u00e1ln\u00edho vylou\u010den\u00ed a segregace<\/a>\u201c. Aplikace zobrazuje lokality reziden\u010dn\u00ed segregace, je\u017e jsou specifick\u00e1 \u00fazem\u00ed dot\u010den\u00e1 podm\u00ednkami opera\u010dn\u00edch program\u016f OPZ a IROP v&nbsp;obdob\u00ed 2021-2027, v\u00fdzvy t\u00fdkaj\u00edc\u00ed se soci\u00e1ln\u00edho bydlen\u00ed.&nbsp;<\/p>\n\n\n\n<p style=\"font-size:18px\"><a href=\"https:\/\/lokality.page.link\/segregace_op\" target=\"_blank\" rel=\"noreferrer noopener\">https:\/\/lokality.page.link\/segregace_op<\/a><\/p>\n\n\n\n<div style=\"height:25px\" aria-hidden=\"true\" class=\"wp-block-spacer\"><\/div>\n\n\n\n<h4 class=\"wp-block-heading\" style=\"font-size:25px\">Pod\u011bkov\u00e1n\u00ed<\/h4>\n\n\n\n<div style=\"height:25px\" aria-hidden=\"true\" class=\"wp-block-spacer\"><\/div>\n\n\n\n<p style=\"font-size:18px\">Online mapov\u00e1 a datov\u00e1 aplikace \u201eDynamika soci\u00e1ln\u00edho vylou\u010den\u00ed: v\u00fdvoj prostorov\u00e9ho rozm\u00edst\u011bn\u00ed osob v hmotn\u00e9 nouzi\u201c je jedn\u00edm z v\u00fdstup\u016f projektu \u201eV\u00fdvojov\u00e1 dynamika segregace a soci\u00e1ln\u00edho vylou\u010den\u00ed v&nbsp;\u00fazem\u00ed\u201c podpo\u0159en\u00e9ho Technologickou agenturou \u010cR v&nbsp;r\u00e1mci programu \u00c9ta (\u010d. projektu TL02000479).<\/p>\n\n\n\n<div style=\"height:25px\" aria-hidden=\"true\" class=\"wp-block-spacer\"><\/div>\n\n\n\n<h5 class=\"wp-block-heading\" style=\"font-size:25px\">Autorsk\u00fd t\u00fdm<\/h5>\n\n\n\n<div style=\"height:25px\" aria-hidden=\"true\" class=\"wp-block-spacer\"><\/div>\n\n\n\n<p style=\"font-size:18px\">Hlavn\u00ed \u0159e\u0161itel projektu: prof. RNDr. Lud\u011bk S\u00fdkora, Ph.D., Univerzita Karlova, P\u0159\u00edrodov\u011bdeck\u00e1 fakulta, Katedra soci\u00e1ln\u00ed geografie a region\u00e1ln\u00edho rozvoje, Centrum pro v\u00fdzkum m\u011bst a region\u016f<\/p>\n\n\n\n<p style=\"font-size:18px\">Mapov\u00e1 aplikace: RNDr. Luk\u00e1\u0161 Br\u016fha, Ph.D., prof. RNDr. Lud\u011bk S\u00fdkora, Ph.D.<\/p>\n\n\n\n<p style=\"font-size:18px\">Metodick\u00fd postup: prof. RNDr. Lud\u011bk S\u00fdkora, Ph.D.<\/p>\n\n\n\n<p style=\"font-size:18px\">P\u0159\u00edprava analytick\u00fdch dat zobrazovan\u00fdch aplikac\u00ed: prof. RNDr. Lud\u011bk S\u00fdkora, Ph.D.<\/p>\n\n\n\n<p style=\"font-size:18px\">P\u0159\u00edprava vstupn\u00edch dat pro anal\u00fdzy: RNDr. Pavl\u00edna Netrdov\u00e1, Ph.D., prof. RNDr. Lud\u011bk S\u00fdkora, Ph.D.<\/p>\n\n\n\n<figure class=\"wp-block-image size-large\"><img loading=\"lazy\" decoding=\"async\" width=\"1024\" height=\"384\" src=\"https:\/\/web.natur.cuni.cz\/segregace\/wp-content\/uploads\/2022\/11\/podekovani-2-3-1024x384.png\" alt=\"\" class=\"wp-image-5623\" srcset=\"https:\/\/web.natur.cuni.cz\/segregace\/wp-content\/uploads\/2022\/11\/podekovani-2-3-1024x384.png 1024w, https:\/\/web.natur.cuni.cz\/segregace\/wp-content\/uploads\/2022\/11\/podekovani-2-3-300x113.png 300w, https:\/\/web.natur.cuni.cz\/segregace\/wp-content\/uploads\/2022\/11\/podekovani-2-3-768x288.png 768w, https:\/\/web.natur.cuni.cz\/segregace\/wp-content\/uploads\/2022\/11\/podekovani-2-3-1536x576.png 1536w, https:\/\/web.natur.cuni.cz\/segregace\/wp-content\/uploads\/2022\/11\/podekovani-2-3-2048x768.png 2048w\" sizes=\"auto, (max-width: 1024px) 100vw, 1024px\" \/><\/figure>\n","protected":false},"excerpt":{"rendered":"<p>Interaktivn\u00ed online mapov\u00e1 a datov\u00e1 aplikace \u201eDynamika soci\u00e1ln\u00edho vylou\u010den\u00ed: v\u00fdvoj prostorov\u00e9ho rozm\u00edst\u011bn\u00ed osob v hmotn\u00e9 nouzi\u201c je jedn\u00edm z v\u00fdstup\u016f projektu \u201eV\u00fdvojov\u00e1 dynamika segregace a soci\u00e1ln\u00edho vylou\u010den\u00ed v&nbsp;\u00fazem\u00ed\u201c podpo\u0159en\u00e9ho Technologickou agenturou \u010cR v&nbsp;r\u00e1mci programu \u00c9ta (\u010d. projektu TL02000479). Mapovou aplikaci je mo\u017en\u00e9 a vhodn\u00e9 pou\u017e\u00edvat spole\u010dn\u011b s&nbsp;aplikac\u00ed \u201eLokality soci\u00e1ln\u00edho vylou\u010den\u00ed a segregace\u201c. Aplikace vyu\u017e\u00edv\u00e1 detailn\u00ed [&hellip;]<\/p>\n","protected":false},"author":3,"featured_media":0,"parent":5419,"menu_order":0,"comment_status":"closed","ping_status":"closed","template":"","meta":{"_uag_custom_page_level_css":"","footnotes":""},"class_list":["post-5463","page","type-page","status-publish","hentry"],"uagb_featured_image_src":{"full":false,"thumbnail":false,"medium":false,"medium_large":false,"large":false,"1536x1536":false,"2048x2048":false},"uagb_author_info":{"display_name":"Adam Martinek","author_link":"https:\/\/web.natur.cuni.cz\/segregace\/author\/martinek\/"},"uagb_comment_info":0,"uagb_excerpt":"Interaktivn\u00ed online mapov\u00e1 a datov\u00e1 aplikace \u201eDynamika soci\u00e1ln\u00edho vylou\u010den\u00ed: v\u00fdvoj prostorov\u00e9ho rozm\u00edst\u011bn\u00ed osob v hmotn\u00e9 nouzi\u201c je jedn\u00edm z v\u00fdstup\u016f projektu \u201eV\u00fdvojov\u00e1 dynamika segregace a soci\u00e1ln\u00edho vylou\u010den\u00ed v&nbsp;\u00fazem\u00ed\u201c podpo\u0159en\u00e9ho Technologickou agenturou \u010cR v&nbsp;r\u00e1mci programu \u00c9ta (\u010d. projektu TL02000479). Mapovou aplikaci je mo\u017en\u00e9 a vhodn\u00e9 pou\u017e\u00edvat spole\u010dn\u011b s&nbsp;aplikac\u00ed \u201eLokality soci\u00e1ln\u00edho vylou\u010den\u00ed a segregace\u201c. Aplikace vyu\u017e\u00edv\u00e1 detailn\u00ed&hellip;","_links":{"self":[{"href":"https:\/\/web.natur.cuni.cz\/segregace\/wp-json\/wp\/v2\/pages\/5463","targetHints":{"allow":["GET"]}}],"collection":[{"href":"https:\/\/web.natur.cuni.cz\/segregace\/wp-json\/wp\/v2\/pages"}],"about":[{"href":"https:\/\/web.natur.cuni.cz\/segregace\/wp-json\/wp\/v2\/types\/page"}],"author":[{"embeddable":true,"href":"https:\/\/web.natur.cuni.cz\/segregace\/wp-json\/wp\/v2\/users\/3"}],"replies":[{"embeddable":true,"href":"https:\/\/web.natur.cuni.cz\/segregace\/wp-json\/wp\/v2\/comments?post=5463"}],"version-history":[{"count":35,"href":"https:\/\/web.natur.cuni.cz\/segregace\/wp-json\/wp\/v2\/pages\/5463\/revisions"}],"predecessor-version":[{"id":6007,"href":"https:\/\/web.natur.cuni.cz\/segregace\/wp-json\/wp\/v2\/pages\/5463\/revisions\/6007"}],"up":[{"embeddable":true,"href":"https:\/\/web.natur.cuni.cz\/segregace\/wp-json\/wp\/v2\/pages\/5419"}],"wp:attachment":[{"href":"https:\/\/web.natur.cuni.cz\/segregace\/wp-json\/wp\/v2\/media?parent=5463"}],"curies":[{"name":"wp","href":"https:\/\/api.w.org\/{rel}","templated":true}]}}