{"id":5470,"date":"2022-11-01T01:00:01","date_gmt":"2022-11-01T00:00:01","guid":{"rendered":"https:\/\/web.natur.cuni.cz\/segregace\/?page_id=5470"},"modified":"2023-02-13T15:45:42","modified_gmt":"2023-02-13T14:45:42","slug":"vyskyt","status":"publish","type":"page","link":"https:\/\/web.natur.cuni.cz\/segregace\/aplikace\/vyskyt\/","title":{"rendered":"Nadpr\u016fm\u011brn\u00fd v\u00fdskyt osob v hmotn\u00e9 nouzi"},"content":{"rendered":"\n<p style=\"font-size:18px\">Interaktivn\u00ed online mapov\u00e1 a datov\u00e1 aplikace \u201e<a rel=\"noreferrer noopener\" href=\"https:\/\/lokality.page.link\/segregace_hn\" target=\"_blank\">Nadpr\u016fm\u011brn\u00fd v\u00fdskyt osob v hmotn\u00e9 nouzi<\/a>\u201c je jedn\u00edm z v\u00fdstup\u016f projektu \u201eV\u00fdvojov\u00e1 dynamika segregace a soci\u00e1ln\u00edho vylou\u010den\u00ed v&nbsp;\u00fazem\u00ed\u201c podpo\u0159en\u00e9ho Technologickou agenturou \u010cR v&nbsp;r\u00e1mci programu \u00c9ta (\u010d. projektu TL02000479).&nbsp;Mapa jednoduchou a p\u0159ehlednou formou zobrazuje lokality s&nbsp;nadpr\u016fm\u011brn\u00fdm (\u010dervenou barvou), respektive podpr\u016fm\u011brn\u00fdm (modrou barvou) v\u00fdskytem obyvatel v&nbsp;hmotn\u00e9 nouzi, tj. lid\u00ed \u017eij\u00edc\u00edch v&nbsp;chudob\u011b nebo v&nbsp;lep\u0161\u00edm p\u0159\u00edpad\u011b v\u00e1\u017en\u011b ohro\u017een\u00fdch chudobou a materi\u00e1ln\u00ed deprivac\u00ed.&nbsp;<\/p>\n\n\n\n<p style=\"font-size:18px\">Mapovou aplikaci je vhodn\u00e9 pou\u017e\u00edvat spole\u010dn\u011b s&nbsp;aplikac\u00ed \u201e<a href=\"https:\/\/lokality.page.link\/segregace_dynamika\">Dynamika soci\u00e1ln\u00edho vylou\u010den\u00ed: v\u00fdvoj prostorov\u00e9ho rozm\u00edst\u011bn\u00ed osob v hmotn\u00e9 nouzi<\/a>\u201c.&nbsp;<\/p>\n\n\n\n<div style=\"height:25px\" aria-hidden=\"true\" class=\"wp-block-spacer\"><\/div>\n\n\n\n<div class=\"wp-block-buttons is-content-justification-center is-layout-flex wp-container-core-buttons-is-layout-1 wp-block-buttons-is-layout-flex\">\n<div class=\"wp-block-button has-custom-font-size is-style-outline is-style-outline--1\" style=\"font-size:18px\"><a class=\"wp-block-button__link has-white-background-color has-text-color has-background wp-element-button\" href=\"https:\/\/lokality.page.link\/segregace_hn\" style=\"color:#2f61ad\" target=\"_blank\" rel=\"noreferrer noopener\"><strong>Vstup do aplikace<\/strong><\/a><\/div>\n<\/div>\n\n\n\n<div style=\"height:25px\" aria-hidden=\"true\" class=\"wp-block-spacer\"><\/div>\n\n\n\n<p style=\"font-size:14px\"><strong>Obr\u00e1zek:<\/strong> Zobrazen\u00ed nadpr\u016fm\u011brn\u00e9ho a podpr\u016fm\u011brn\u00e9ho v\u00fdskytu osob v&nbsp;hmotn\u00e9 nouzi v \u010cesku&nbsp;&nbsp;<\/p>\n\n\n\n<figure class=\"wp-block-image size-large\"><img loading=\"lazy\" decoding=\"async\" width=\"1024\" height=\"593\" src=\"https:\/\/web.natur.cuni.cz\/segregace\/wp-content\/uploads\/2023\/01\/Plus-minus-CR-n-1024x593.jpg\" alt=\"\" class=\"wp-image-5909\" srcset=\"https:\/\/web.natur.cuni.cz\/segregace\/wp-content\/uploads\/2023\/01\/Plus-minus-CR-n-1024x593.jpg 1024w, https:\/\/web.natur.cuni.cz\/segregace\/wp-content\/uploads\/2023\/01\/Plus-minus-CR-n-300x174.jpg 300w, https:\/\/web.natur.cuni.cz\/segregace\/wp-content\/uploads\/2023\/01\/Plus-minus-CR-n-768x445.jpg 768w, https:\/\/web.natur.cuni.cz\/segregace\/wp-content\/uploads\/2023\/01\/Plus-minus-CR-n.jpg 1259w\" sizes=\"auto, (max-width: 1024px) 100vw, 1024px\" \/><\/figure>\n\n\n\n<div style=\"height:25px\" aria-hidden=\"true\" class=\"wp-block-spacer\"><\/div>\n\n\n\n<h4 class=\"wp-block-heading\" style=\"font-size:25px\">N\u00e1vod k pou\u017e\u00edv\u00e1n\u00ed aplikace<\/h4>\n\n\n\n<div style=\"height:25px\" aria-hidden=\"true\" class=\"wp-block-spacer\"><\/div>\n\n\n\n<p class=\"has-medium-font-size\"><strong>Tematick\u00e1 vrstva mapy<\/strong><\/p>\n\n\n\n<p style=\"font-size:18px\">Aplikace nab\u00edz\u00ed pouze jednu tematickou mapu, je\u017e zobrazuje informace o nadpr\u016fm\u011brn\u00e9m, respektive podpr\u016fm\u011brn\u00e9m po\u010dtu p\u0159\u00edjemc\u016f p\u0159\u00edsp\u011bvku na \u017eivobyt\u00ed (jde o takzvan\u00e9 spole\u010dn\u011b posuzovan\u00e9 osoby pro poskytnut\u00ed p\u0159\u00edsp\u011bvku na \u017eivobyt\u00ed \u2013 SPO PNZ) v&nbsp;z\u00e1kladn\u00edch s\u00eddeln\u00edch jednotk\u00e1ch. Ter\u010de v&nbsp;\u010derven\u00e9 barv\u011b ukazuj\u00ed z\u00e1kladn\u00ed s\u00eddeln\u00ed jednotky, kde je po\u010det SPO PNZ nad pr\u016fm\u011brem \u010ceska, zat\u00edmco ter\u010de v&nbsp;modr\u00e9 barv\u011b lokality, kde je po\u010det SPO PNZ pod \u010desk\u00fdm pr\u016fm\u011brem. Velikost ter\u010de ukazuje po\u010det SPO PNZ li\u0161\u00edc\u00ed se v&nbsp;kladn\u00e9m i z\u00e1porn\u00e9m smyslu oproti pr\u016fm\u011brn\u00e9 situaci. Ter\u010de se zobrazuj\u00ed pouze v&nbsp;lokalit\u00e1ch, kde je rozd\u00edl proti pr\u016fm\u011bru alespo\u0148 +\/- 10 SPO PNZ. Ni\u017e\u0161\u00ed hodnoty se graficky neobrazuj\u00ed, a to z&nbsp;d\u016fvodu plynulosti st\u0159\u00edd\u00e1n\u00ed map p\u0159i vyu\u017eit\u00ed posuvn\u00edku \u010dasu. V\u0161echny hodnoty jsou nicm\u00e9n\u011b dostupn\u00e9 v&nbsp;tabulk\u00e1ch s&nbsp;daty.<\/p>\n\n\n\n<div style=\"height:25px\" aria-hidden=\"true\" class=\"wp-block-spacer\"><\/div>\n\n\n\n<p class=\"has-medium-font-size\"><strong>Zobrazen\u00ed v\u00fdvojov\u00e9 dynamiky<\/strong><\/p>\n\n\n\n<p style=\"font-size:18px\">Mapa ve v\u0161ech m\u011b\u0159\u00edtc\u00edch od zachycen\u00ed cel\u00e9ho \u010ceska a\u017e po zac\u00edlen\u00ed na vybranou lokalitu zobrazuje v\u00fdvoj v&nbsp;\u010dase v&nbsp;obdob\u00ed 2015-2020, respektive v&nbsp;ka\u017ed\u00e9m z&nbsp;t\u011bchto let situaci k&nbsp;30. 6. a&nbsp;31. 12. P\u0159i otev\u0159en\u00ed aplikace je zobrazen stav k&nbsp;prosinci 2020. Pro zobrazen\u00ed v\u00fdvoje je mo\u017en\u00e9 vyu\u017e\u00edt automatickou animaci prost\u0159ednictv\u00edm \u010dasov\u00e9ho posuvn\u00edku (time-slider) &#8211; ikona v&nbsp;menu vpravo naho\u0159e s&nbsp;hodinami. Pro zobrazen\u00ed v\u00fdvoje je mo\u017en\u00e9 vyu\u017e\u00edt automatickou animaci a to p\u0159i voliteln\u00e9 rychlosti st\u0159\u00edd\u00e1n\u00ed \u010dasov\u00fdch \u0159ez\u016f, ji\u017e lze zv\u00fd\u0161it nebo sn\u00ed\u017eit (0,25x-2x), nebo si \u0161ipkami prohl\u00ed\u017een\u00ed volit manu\u00e1ln\u011b.&nbsp;<\/p>\n\n\n\n<div style=\"height:25px\" aria-hidden=\"true\" class=\"wp-block-spacer\"><\/div>\n\n\n\n<p class=\"has-medium-font-size\"><strong>Vyskakovac\u00ed okna a tabulka s daty<\/strong><\/p>\n\n\n\n<p style=\"font-size:18px\">Online mapa umo\u017e\u0148uje zobrazit data a to ve dvou form\u00e1tech, pomoc\u00ed vyskakovac\u00edch oken s&nbsp;\u00fadaji za zvolen\u00e9 \u00fazem\u00ed a prost\u0159ednictv\u00edm tabulky s&nbsp;daty za \u00fazem\u00ed zobrazen\u00e9 v map\u011b. V&nbsp;m\u011b\u0159\u00edtku zobrazen\u00ed z\u00e1kladn\u00edch s\u00eddeln\u00edch jednotek se kliknut\u00edm na vybranou lokalitu otev\u0159e okno s&nbsp;aktu\u00e1ln\u011b platn\u00fdmi \u00fadaji za lokalitu s daty k&nbsp;31. 12. 2020. V&nbsp;okn\u011b se zobrazuje tak\u00e9 graf s v\u00fdvojem Nadpr\u016fm\u011brn\u00e9ho, pop\u0159. podpr\u016fm\u011brn\u00e9ho po\u010dtu SPO PNZ v dan\u00e9 ZSJ od roku 2015. Okno rovn\u011b\u017e umo\u017e\u0148uje zobrazit v\u0161echny indik\u00e1tory za obdob\u00ed 2015-2020, k&nbsp;\u010dervnu a prosinci dan\u00e9ho roku. V z\u00e1hlav\u00ed okna, vpravo naho\u0159e sta\u010d\u00ed kliknout na drobnou \u0161ipku, kterou se zobraz\u00ed druh\u00e9 okno, kter\u00e9 data obsahuje. Vlevo naho\u0159e je vid\u011bt kolik\u00e1t\u00e9 okno z kolika oken celkem je pr\u00e1v\u011b zobrazen\u00e9.<\/p>\n\n\n\n<p style=\"font-size:18px\">Kliknut\u00edm na malou \u0161ipku na spodn\u00edm okraji mapov\u00e9ho zobrazen\u00ed lze zobrazit tabulku s\u00a0daty. Implicitn\u011b je nastaven\u00e9 zobrazen\u00ed s \u00fadaji za v\u0161echny \u00fazemn\u00ed jednotky, je\u017e jsou aktu\u00e1ln\u011b v\u00a0map\u011b zobrazen\u00e9 (pol\u00ed\u010dko \u201eFiltrovat podle rozsahu mapy\u201c je zapnut\u00e9 a p\u00edsmo se zobrazuje v\u00a0modr\u00e9 barv\u011b). V\u00a0z\u00e1hlav\u00ed tabulky vlevo \u201eMo\u017enosti\u201c nab\u00edz\u00ed funkci \u201eFiltr\u201c a z\u00e1znamy v\u00a0tabulce vybrat podle definovan\u00fdch hodnot (pro p\u0159\u00edklad viz <a href=\"https:\/\/web.natur.cuni.cz\/segregace\/aplikace\/lokality\/\">popis aplikace Lokality soci\u00e1ln\u00edho vylou\u010den\u00ed a segregace<\/a>).<\/p>\n\n\n\n<div style=\"height:25px\" aria-hidden=\"true\" class=\"wp-block-spacer\"><\/div>\n\n\n\n<p style=\"font-size:25px\">Popis indik\u00e1tor\u016f v tabulk\u00e1ch s&nbsp;daty<\/p>\n\n\n\n<div style=\"height:25px\" aria-hidden=\"true\" class=\"wp-block-spacer\"><\/div>\n\n\n\n<p style=\"font-size:18px\"><strong><a rel=\"noreferrer noopener\" href=\"https:\/\/web.natur.cuni.cz\/segregace\/dataseg\/\" target=\"_blank\">Data vyu\u017e\u00edvan\u00e1 v aplikac\u00edch na t\u00e9ma soci\u00e1ln\u00ed vylou\u010den\u00ed a segregace<\/a><\/strong><\/p>\n\n\n\n<div style=\"height:25px\" aria-hidden=\"true\" class=\"wp-block-spacer\"><\/div>\n\n\n\n<ul class=\"wp-block-list\" style=\"font-size:18px\">\n<li>K_ZSJ, N_ZSJ \u2013 k\u00f3d a n\u00e1zev z\u00e1kladn\u00ed s\u00eddeln\u00ed jednotky (ZSJ)<\/li>\n\n\n\n<li>K_OBEC, N_OBEC \u2013 k\u00f3d a n\u00e1zev obce<\/li>\n\n\n\n<li>K_ORP, N_ORP \u2013 k\u00f3d n\u00e1zev Spr\u00e1vn\u00edho obvodu obce s&nbsp;roz\u0161\u00ed\u0159enou p\u016fsobnost\u00ed (SO ORP)<\/li>\n\n\n\n<li>OB1506 \u2013 OB2012 \u2013 po\u010det obyvatel ZSJ, rok, m\u011bs\u00edc (OB1506 = po\u010det obyvatel v&nbsp;roce 2015, v&nbsp;\u0161est\u00e9m m\u011bs\u00edci \u010dervnu)<\/li>\n\n\n\n<li>SPO1506 \u2013 SPO2012 \u2013 po\u010det spole\u010dn\u011b posuzovan\u00fdch osob pro poskytnut\u00ed p\u0159\u00edsp\u011bvku na \u017eivobyt\u00ed (SPO PNZ) v ZSJ, rok, m\u011bs\u00edc (SPO2012 = po\u010det SPO PNZ, v&nbsp;roce 2020, ve dvan\u00e1ct\u00e9m m\u011bs\u00edci prosinci)<\/li>\n\n\n\n<li>SPO+-1506 \u2013 SPO+-2012 \u2013 nadpr\u016fm\u011brn\u00fd\/podpr\u016fm\u011brn\u00fd po\u010det spole\u010dn\u011b posuzovan\u00fdch osob pro poskytnut\u00ed p\u0159\u00edsp\u011bvku na \u017eivobyt\u00ed (SPO PNZ) v ZSJ, rok, m\u011bs\u00edc (SPO2012 = nad\/podpr\u016fm\u011brn\u00fd po\u010det SPO PNZ, v&nbsp;roce 2020, ve dvan\u00e1ct\u00e9m m\u011bs\u00edci prosinci)<\/li>\n<\/ul>\n\n\n\n<div style=\"height:25px\" aria-hidden=\"true\" class=\"wp-block-spacer\"><\/div>\n\n\n\n<h4 class=\"wp-block-heading\" style=\"font-size:25px\">Dopl\u0148uj\u00edc\u00ed informace<\/h4>\n\n\n\n<div style=\"height:25px\" aria-hidden=\"true\" class=\"wp-block-spacer\"><\/div>\n\n\n\n<p style=\"font-size:18px\"><strong>Kr\u00e1tk\u00e1 URL adresa aplikace Nadpr\u016fm\u011brn\u00fd v\u00fdskyt osob v hmotn\u00e9 nouzi&nbsp;<\/strong><\/p>\n\n\n\n<p style=\"font-size:18px\"><a href=\"https:\/\/lokality.page.link\/segregace_hn\" target=\"_blank\" rel=\"noreferrer noopener\">https:\/\/lokality.page.link\/segregace_hn<\/a><\/p>\n\n\n\n<div style=\"height:25px\" aria-hidden=\"true\" class=\"wp-block-spacer\"><\/div>\n\n\n\n<h4 class=\"wp-block-heading\" style=\"font-size:25px\">Pod\u011bkov\u00e1n\u00ed<\/h4>\n\n\n\n<div style=\"height:25px\" aria-hidden=\"true\" class=\"wp-block-spacer\"><\/div>\n\n\n\n<p style=\"font-size:18px\">Online mapov\u00e1 a datov\u00e1 aplikace \u201eNadpr\u016fm\u011brn\u00fd v\u00fdskyt osob v hmotn\u00e9 nouzi\u201c je jedn\u00edm z v\u00fdstup\u016f projektu \u201eV\u00fdvojov\u00e1 dynamika segregace a soci\u00e1ln\u00edho vylou\u010den\u00ed v&nbsp;\u00fazem\u00ed\u201c podpo\u0159en\u00e9ho Technologickou agenturou \u010cR v&nbsp;r\u00e1mci programu \u00c9ta (\u010d. projektu TL02000479).<\/p>\n\n\n\n<div style=\"height:25px\" aria-hidden=\"true\" class=\"wp-block-spacer\"><\/div>\n\n\n\n<h5 class=\"wp-block-heading\" style=\"font-size:25px\">Autorsk\u00fd t\u00fdm<\/h5>\n\n\n\n<div style=\"height:25px\" aria-hidden=\"true\" class=\"wp-block-spacer\"><\/div>\n\n\n\n<p style=\"font-size:18px\">Hlavn\u00ed \u0159e\u0161itel projektu: prof. RNDr. Lud\u011bk S\u00fdkora, Ph.D., Univerzita Karlova, P\u0159\u00edrodov\u011bdeck\u00e1 fakulta, Katedra soci\u00e1ln\u00ed geografie a region\u00e1ln\u00edho rozvoje, Centrum pro v\u00fdzkum m\u011bst a region\u016f<\/p>\n\n\n\n<p style=\"font-size:18px\">Mapov\u00e1 aplikace: RNDr. Luk\u00e1\u0161 Br\u016fha, Ph.D., prof. RNDr. Lud\u011bk S\u00fdkora, Ph.D.<\/p>\n\n\n\n<p style=\"font-size:18px\">Metodick\u00fd postup: prof. RNDr. Lud\u011bk S\u00fdkora, Ph.D.<\/p>\n\n\n\n<p style=\"font-size:18px\">P\u0159\u00edprava analytick\u00fdch dat zobrazovan\u00fdch aplikac\u00ed: prof. RNDr. Lud\u011bk S\u00fdkora, Ph.D.<\/p>\n\n\n\n<p style=\"font-size:18px\">P\u0159\u00edprava vstupn\u00edch dat pro anal\u00fdzy: RNDr. Pavl\u00edna Netrdov\u00e1, Ph.D., prof. RNDr. Lud\u011bk S\u00fdkora, Ph.D.<\/p>\n\n\n\n<figure class=\"wp-block-image size-large\"><img loading=\"lazy\" decoding=\"async\" width=\"1024\" height=\"384\" src=\"https:\/\/web.natur.cuni.cz\/segregace\/wp-content\/uploads\/2022\/11\/podekovani-2-4-1024x384.png\" alt=\"\" class=\"wp-image-5625\" srcset=\"https:\/\/web.natur.cuni.cz\/segregace\/wp-content\/uploads\/2022\/11\/podekovani-2-4-1024x384.png 1024w, https:\/\/web.natur.cuni.cz\/segregace\/wp-content\/uploads\/2022\/11\/podekovani-2-4-300x113.png 300w, https:\/\/web.natur.cuni.cz\/segregace\/wp-content\/uploads\/2022\/11\/podekovani-2-4-768x288.png 768w, https:\/\/web.natur.cuni.cz\/segregace\/wp-content\/uploads\/2022\/11\/podekovani-2-4-1536x576.png 1536w, https:\/\/web.natur.cuni.cz\/segregace\/wp-content\/uploads\/2022\/11\/podekovani-2-4-2048x768.png 2048w\" sizes=\"auto, (max-width: 1024px) 100vw, 1024px\" \/><\/figure>\n","protected":false},"excerpt":{"rendered":"<p>Interaktivn\u00ed online mapov\u00e1 a datov\u00e1 aplikace \u201eNadpr\u016fm\u011brn\u00fd v\u00fdskyt osob v hmotn\u00e9 nouzi\u201c je jedn\u00edm z v\u00fdstup\u016f projektu \u201eV\u00fdvojov\u00e1 dynamika segregace a soci\u00e1ln\u00edho vylou\u010den\u00ed v&nbsp;\u00fazem\u00ed\u201c podpo\u0159en\u00e9ho Technologickou agenturou \u010cR v&nbsp;r\u00e1mci programu \u00c9ta (\u010d. projektu TL02000479).&nbsp;Mapa jednoduchou a p\u0159ehlednou formou zobrazuje lokality s&nbsp;nadpr\u016fm\u011brn\u00fdm (\u010dervenou barvou), respektive podpr\u016fm\u011brn\u00fdm (modrou barvou) v\u00fdskytem obyvatel v&nbsp;hmotn\u00e9 nouzi, tj. lid\u00ed \u017eij\u00edc\u00edch v&nbsp;chudob\u011b [&hellip;]<\/p>\n","protected":false},"author":3,"featured_media":0,"parent":5419,"menu_order":0,"comment_status":"closed","ping_status":"closed","template":"","meta":{"_uag_custom_page_level_css":"","footnotes":""},"class_list":["post-5470","page","type-page","status-publish","hentry"],"uagb_featured_image_src":{"full":false,"thumbnail":false,"medium":false,"medium_large":false,"large":false,"1536x1536":false,"2048x2048":false},"uagb_author_info":{"display_name":"Adam Martinek","author_link":"https:\/\/web.natur.cuni.cz\/segregace\/author\/martinek\/"},"uagb_comment_info":0,"uagb_excerpt":"Interaktivn\u00ed online mapov\u00e1 a datov\u00e1 aplikace \u201eNadpr\u016fm\u011brn\u00fd v\u00fdskyt osob v hmotn\u00e9 nouzi\u201c je jedn\u00edm z v\u00fdstup\u016f projektu \u201eV\u00fdvojov\u00e1 dynamika segregace a soci\u00e1ln\u00edho vylou\u010den\u00ed v&nbsp;\u00fazem\u00ed\u201c podpo\u0159en\u00e9ho Technologickou agenturou \u010cR v&nbsp;r\u00e1mci programu \u00c9ta (\u010d. projektu TL02000479).&nbsp;Mapa jednoduchou a p\u0159ehlednou formou zobrazuje lokality s&nbsp;nadpr\u016fm\u011brn\u00fdm (\u010dervenou barvou), respektive podpr\u016fm\u011brn\u00fdm (modrou barvou) v\u00fdskytem obyvatel v&nbsp;hmotn\u00e9 nouzi, tj. lid\u00ed \u017eij\u00edc\u00edch v&nbsp;chudob\u011b&hellip;","_links":{"self":[{"href":"https:\/\/web.natur.cuni.cz\/segregace\/wp-json\/wp\/v2\/pages\/5470","targetHints":{"allow":["GET"]}}],"collection":[{"href":"https:\/\/web.natur.cuni.cz\/segregace\/wp-json\/wp\/v2\/pages"}],"about":[{"href":"https:\/\/web.natur.cuni.cz\/segregace\/wp-json\/wp\/v2\/types\/page"}],"author":[{"embeddable":true,"href":"https:\/\/web.natur.cuni.cz\/segregace\/wp-json\/wp\/v2\/users\/3"}],"replies":[{"embeddable":true,"href":"https:\/\/web.natur.cuni.cz\/segregace\/wp-json\/wp\/v2\/comments?post=5470"}],"version-history":[{"count":17,"href":"https:\/\/web.natur.cuni.cz\/segregace\/wp-json\/wp\/v2\/pages\/5470\/revisions"}],"predecessor-version":[{"id":6009,"href":"https:\/\/web.natur.cuni.cz\/segregace\/wp-json\/wp\/v2\/pages\/5470\/revisions\/6009"}],"up":[{"embeddable":true,"href":"https:\/\/web.natur.cuni.cz\/segregace\/wp-json\/wp\/v2\/pages\/5419"}],"wp:attachment":[{"href":"https:\/\/web.natur.cuni.cz\/segregace\/wp-json\/wp\/v2\/media?parent=5470"}],"curies":[{"name":"wp","href":"https:\/\/api.w.org\/{rel}","templated":true}]}}