{"id":5498,"date":"2022-11-01T01:00:22","date_gmt":"2022-11-01T00:00:22","guid":{"rendered":"https:\/\/web.natur.cuni.cz\/segregace\/?page_id=5498"},"modified":"2023-08-01T19:07:59","modified_gmt":"2023-08-01T18:07:59","slug":"metodiky","status":"publish","type":"page","link":"https:\/\/web.natur.cuni.cz\/segregace\/metodiky\/","title":{"rendered":"Metodiky"},"content":{"rendered":"\n<div class=\"wp-block-uagb-info-box uagb-block-f29493ea uagb-infobox__content-wrap  uagb-infobox-icon-left uagb-infobox-left uagb-infobox-image-valign-top\"><div class=\"uagb-ifb-image-content\"><img decoding=\"async\" src=\"http:\/\/web.natur.cuni.cz\/segregace\/wp-content\/uploads\/2023\/08\/Met-IdLokSeg-23.jpg\" alt=\"\" width=\"120\" height=\"179\" loading=\"lazy\"\/><\/div><div class=\"uagb-ifb-content\"><div class=\"uagb-ifb-title-wrap\"><p class=\"uagb-ifb-title\"><strong>S\u00fdkora, L. (2023) Metodika identifikace a hodnocen\u00ed lokalit segregace (z\u00e1kladn\u00ed modul). Univerzita Karlova, P\u0159\u00edrodov\u011bdeck\u00e1 fakulta, Katedra soci\u00e1ln\u00ed geografie a region\u00e1ln\u00edho rozvoje, Centrum pro v\u00fdzkum m\u011bst a region\u016f, 26 s. s.<\/strong><\/p><\/div><p class=\"uagb-ifb-desc\">C\u00edlem metodiky je identifikovat lokality segregace a vyhodnotit je z hlediska m\u00edry segregace. Smyslem vymezen\u00ed lokalit segregace je zam\u011b\u0159en\u00ed ve\u0159ejn\u00fdch politik na zm\u00edrn\u011bn\u00ed d\u016fsledk\u016f segregace, desegregaci a prevenci segregace v takto vymezen\u00fdch \u00fazem\u00edch. Metodika vymezuje c\u00edlovou skupinu populace, j\u00ed\u017e se t\u00fdkaj\u00ed rizika reziden\u010dn\u00ed segregace jako spole\u010dn\u011b posuzovan\u00e9 osoby pro poskytnut\u00ed p\u0159\u00edsp\u011bvku na \u017eivobyt\u00ed (SPO PNZ). Analyzuje data o SPO PNZ na m\u011b\u0159\u00edtkov\u00e9 \u00farovni z\u00e1kladn\u00edch s\u00eddeln\u00edch jednotek. V\u00fdstupem hodnocen\u00ed jsou lokality segregace a jejich typy z&nbsp;hlediska z\u00e1va\u017enosti segregace. Hlavn\u00edm p\u0159\u00ednosem je standardizovan\u00e9, opakovateln\u00e9 hodnocen\u00ed segregace na z\u00e1klad\u011b unik\u00e1tn\u00edho souboru dat o p\u0159\u00edjemc\u00edch p\u0159\u00edsp\u011bvku na \u017eivobyt\u00ed, zpracovan\u00e9 ve velk\u00e9m \u00fazemn\u00edm detailu a prezentovan\u00e9 prost\u0159ednictv\u00edm online mapov\u00fdch a datov\u00fdch aplikac\u00ed.<\/p><div class=\"uagb-ifb-button-wrapper wp-block-button\"><a href=\"https:\/\/web.natur.cuni.cz\/~sykora\/pdf\/seg\/Sykora_2023_Metodika_identifikace_lokalit_segregace.pdf\" class=\"uagb-infobox-cta-link wp-block-button__link\" target=\"_blank\" rel=\"noopener noreferrer\" alt=\"\"><span class=\"uagb-inline-editing\">V\u00edce<\/span><svg xmlns=\"https:\/\/www.w3.org\/2000\/svg\" viewBox=\"0 0 512 512\"><path d=\"M504.3 273.6l-112.1 104c-6.992 6.484-17.18 8.218-25.94 4.406c-8.758-3.812-14.42-12.45-14.42-21.1L351.9 288H32C14.33 288 .0002 273.7 .0002 255.1S14.33 224 32 224h319.9l0-72c0-9.547 5.66-18.19 14.42-22c8.754-3.809 18.95-2.075 25.94 4.41l112.1 104C514.6 247.9 514.6 264.1 504.3 273.6z\"><\/path><\/svg><\/a><\/div><\/div><\/div>\n\n\n\n<div style=\"height:42px\" aria-hidden=\"true\" class=\"wp-block-spacer\"><\/div>\n\n\n\n<div class=\"wp-block-uagb-info-box uagb-block-0845dc38 uagb-infobox__content-wrap  uagb-infobox-icon-left uagb-infobox-left uagb-infobox-image-valign-top\"><div class=\"uagb-ifb-image-content\"><img decoding=\"async\" src=\"http:\/\/web.natur.cuni.cz\/segregace\/wp-content\/uploads\/2023\/08\/Met-DynSeg-23.jpg\" alt=\"\" width=\"120\" height=\"174\" loading=\"lazy\"\/><\/div><div class=\"uagb-ifb-content\"><div class=\"uagb-ifb-title-wrap\"><p class=\"uagb-ifb-title\"><strong>S\u00fdkora, L. (2023) Metodika hodnocen\u00ed v\u00fdvojov\u00e9 dynamiky segregace a soci\u00e1ln\u00edho vylou\u010den\u00ed v \u00fazem\u00ed. Univerzita Karlova, P\u0159\u00edrodov\u011bdeck\u00e1 fakulta, Katedra soci\u00e1ln\u00ed geografie a region\u00e1ln\u00edho rozvoje, Centrum pro v\u00fdzkum m\u011bst a region\u016f, 29 s.<\/strong><\/p><\/div><p class=\"uagb-ifb-desc\">C\u00edlem metodiky je systematick\u00e9 hodnocen\u00ed v\u00fdvojov\u00fdch trend\u016f segregace na cel\u00e9m \u00fazem\u00ed \u010ceska. V\u00fdsledky hodnocen\u00ed v\u00fdvojov\u00fdch trend\u016f upozor\u0148uj\u00ed na nep\u0159\u00edzniv\u00fd v\u00fdvoj segrega\u010dn\u00edch trajektori\u00ed, informuj\u00ed o p\u0159etrv\u00e1v\u00e1n\u00ed dlouhodob\u00fdch vzorc\u016f segregace a umo\u017e\u0148uj\u00ed hodnocen\u00ed vlivu ve\u0159ejn\u00fdch politik na soci\u00e1ln\u00ed za\u010dle\u0148ov\u00e1n\u00ed a boj s&nbsp;chudobou, marginalizac\u00ed a segregac\u00ed. Z\u00e1kladem metodiky je standardizovan\u00e9 a ka\u017ed\u00fdm rokem opakovan\u00e9 hodnocen\u00ed v\u00fdvojov\u00fdch trend\u016f segregace porovn\u00e1vaj\u00edc\u00ed aktu\u00e1ln\u00ed rok s&nbsp;p\u0159edchoz\u00edm v\u00fdvojem. Metodika vyu\u017e\u00edv\u00e1 unik\u00e1tn\u00ed soubor dat o p\u0159\u00edjemc\u00edch p\u0159\u00edsp\u011bvku na \u017eivobyt\u00ed, kter\u00fd poskytuje MPSV \u010cR a hodnot\u00ed cel\u00e9 \u00fazem\u00ed \u010ceska, a to prost\u0159ednictv\u00edm individu\u00e1ln\u00edch v\u00fdvojov\u00fdch trajektori\u00ed na \u00farovni lokalit, obc\u00ed (v\u010detn\u011b m\u011bstsk\u00fdch \u010d\u00e1st\u00ed a obvod\u016f), spr\u00e1vn\u00edch obvod\u016f obc\u00ed s&nbsp;roz\u0161\u00ed\u0159enou p\u016fsobnost\u00ed (SO ORP) a kraj\u016f, a z&nbsp;toho vypl\u00fdvaj\u00edc\u00ed v\u00fdvoj urb\u00e1nn\u00edch a region\u00e1ln\u00edch disparit.<\/p><div class=\"uagb-ifb-button-wrapper wp-block-button\"><a href=\"https:\/\/web.natur.cuni.cz\/~sykora\/pdf\/seg\/Sykora_2023_Metodika_hodnoceni_vyvojove_dynamiky_segregace.pdf\" class=\"uagb-infobox-cta-link wp-block-button__link\" target=\"_blank\" rel=\"noopener noreferrer\" alt=\"\"><span class=\"uagb-inline-editing\">V\u00edce<\/span><svg xmlns=\"https:\/\/www.w3.org\/2000\/svg\" viewBox=\"0 0 512 512\"><path d=\"M504.3 273.6l-112.1 104c-6.992 6.484-17.18 8.218-25.94 4.406c-8.758-3.812-14.42-12.45-14.42-21.1L351.9 288H32C14.33 288 .0002 273.7 .0002 255.1S14.33 224 32 224h319.9l0-72c0-9.547 5.66-18.19 14.42-22c8.754-3.809 18.95-2.075 25.94 4.41l112.1 104C514.6 247.9 514.6 264.1 504.3 273.6z\"><\/path><\/svg><\/a><\/div><\/div><\/div>\n\n\n\n<div style=\"height:42px\" aria-hidden=\"true\" class=\"wp-block-spacer\"><\/div>\n\n\n\n<div class=\"wp-block-uagb-info-box uagb-block-95f654e7 uagb-infobox__content-wrap  uagb-infobox-icon-left uagb-infobox-left uagb-infobox-image-valign-top\"><div class=\"uagb-ifb-image-content\"><img decoding=\"async\" src=\"http:\/\/web.natur.cuni.cz\/segregace\/wp-content\/uploads\/2023\/08\/Met-SocByd-23.jpg\" alt=\"\" width=\"120\" height=\"178\" loading=\"lazy\"\/><\/div><div class=\"uagb-ifb-content\"><div class=\"uagb-ifb-title-wrap\"><p class=\"uagb-ifb-title\"><strong>S\u00fdkora, L. (2023) Metodika identifikace a hodnocen\u00ed lokalit segregace: hodnocen\u00ed vhodnosti lokalit pro po\u0159izov\u00e1n\u00ed soci\u00e1ln\u00edho bydlen\u00ed z hlediska prevence reziden\u010dn\u00ed segregace. Univerzita Karlova, P\u0159\u00edrodov\u011bdeck\u00e1 fakulta, Katedra soci\u00e1ln\u00ed geografie a region\u00e1ln\u00edho rozvoje, Centrum pro v\u00fdzkum m\u011bst a region\u016f, 38 s.<\/strong><\/p><\/div><p class=\"uagb-ifb-desc\">C\u00edlem metodiky je hodnocen\u00ed \u00fazem\u00ed m\u011bst a obc\u00ed a klasifikace lokalit z hlediska vhodnosti pro po\u0159\u00edzen\u00ed soci\u00e1ln\u00edho bydlen\u00ed. Typologie lokalit poskytuje doporu\u010duj\u00edc\u00ed r\u00e1mec pro lokalizaci soci\u00e1ln\u00edho bydlen\u00ed v&nbsp;\u00fazem\u00ed m\u011bst a region\u016f s c\u00edlem prevence segregace a podpory desegregace. Metodika vyu\u017e\u00edv\u00e1 dva z\u00e1kladn\u00ed postupy pro hodnocen\u00ed \u00fazem\u00ed m\u011bst a obc\u00ed a klasifikaci lokalit z hlediska vhodnosti pro po\u0159\u00edzen\u00ed soci\u00e1ln\u00edho bydlen\u00ed. Prvn\u00ed hodnot\u00ed koncentrace osob ohro\u017een\u00fdch soci\u00e1ln\u00edm vylou\u010den\u00edm. K&nbsp;tomu p\u0159ipojuje vymezen\u00ed lokalit s&nbsp;vy\u0161\u0161\u00edm soci\u00e1ln\u00edm statusem a vy\u0161\u0161\u00edch rizik nep\u0159ijet\u00ed. Druh\u00fd spo\u010d\u00edv\u00e1 ve vymezen\u00ed lokalit s&nbsp;riziky symbolick\u00e9ho vylou\u010den\u00ed na z\u00e1klad\u011b&nbsp;\u0161et\u0159en\u00ed percepce a reprezentace lokalit kl\u00ed\u010dov\u00fdmi inform\u00e1tory. Celkov\u00e9 vyhodnocen\u00ed zahrnuje rovn\u011b\u017e ov\u011b\u0159en\u00ed v&nbsp;ter\u00e9nu lokalit.<\/p><div class=\"uagb-ifb-button-wrapper wp-block-button\"><a href=\"https:\/\/web.natur.cuni.cz\/~sykora\/pdf\/seg\/Sykora_2023_Metodika_hodnoceni_uzemi_pro_socialni_bydleni.pdf\" class=\"uagb-infobox-cta-link wp-block-button__link\" target=\"_blank\" rel=\"noopener noreferrer\" alt=\"\"><span class=\"uagb-inline-editing\">V\u00edce<\/span><svg xmlns=\"https:\/\/www.w3.org\/2000\/svg\" viewBox=\"0 0 512 512\"><path d=\"M504.3 273.6l-112.1 104c-6.992 6.484-17.18 8.218-25.94 4.406c-8.758-3.812-14.42-12.45-14.42-21.1L351.9 288H32C14.33 288 .0002 273.7 .0002 255.1S14.33 224 32 224h319.9l0-72c0-9.547 5.66-18.19 14.42-22c8.754-3.809 18.95-2.075 25.94 4.41l112.1 104C514.6 247.9 514.6 264.1 504.3 273.6z\"><\/path><\/svg><\/a><\/div><\/div><\/div>\n\n\n\n<div style=\"height:42px\" aria-hidden=\"true\" class=\"wp-block-spacer\"><\/div>\n\n\n\n<div class=\"wp-block-uagb-info-box uagb-block-816a70ef uagb-infobox__content-wrap  uagb-infobox-icon-left uagb-infobox-left uagb-infobox-image-valign-top\"><div class=\"uagb-ifb-image-content\"><img decoding=\"async\" src=\"http:\/\/web.natur.cuni.cz\/segregace\/wp-content\/uploads\/2023\/08\/Met-AbsKap-23.jpg\" alt=\"\" width=\"120\" height=\"186\" loading=\"lazy\"\/><\/div><div class=\"uagb-ifb-content\"><div class=\"uagb-ifb-title-wrap\"><p class=\"uagb-ifb-title\"><strong>S\u00fdkora, L. (2023) Metodika stanoven\u00ed absorp\u010dn\u00ed kapacity lokalit a hodnocen\u00ed absorp\u010dn\u00ed kapacity na \u00farovni m\u011bst, obc\u00ed a region\u016f.<\/strong> <strong>Univerzita Karlova, P\u0159\u00edrodov\u011bdeck\u00e1 fakulta, Katedra soci\u00e1ln\u00ed geografie a region\u00e1ln\u00edho rozvoje, Centrum pro v\u00fdzkum m\u011bst a region\u016f, 24 s.<\/strong><\/p><\/div><p class=\"uagb-ifb-desc\">C\u00edlem metodiky je stanovit v\u00fd\u0161i maxim\u00e1ln\u00edho po\u010dtu osob ohro\u017een\u00fdch chudobou a soci\u00e1ln\u00edm vylou\u010den\u00edm (SVO) \u017eij\u00edc\u00edch v&nbsp;lokalit\u011b, kter\u00fd by lokalita m\u011bla b\u00fdt schopna p\u0159ijmout a kter\u00fd by ale z\u00e1rove\u0148 nem\u011bl b\u00fdt p\u0159ekro\u010den, aby nedo\u0161lo k&nbsp;vytvo\u0159en\u00ed situace segregace nebo k&nbsp;vytvo\u0159en\u00ed vysok\u00fdch rizik segregace. Dal\u0161\u00edm c\u00edlem je identifikace lokalit, obc\u00ed a region\u016f s&nbsp;n\u00edzkou nebo z\u00e1pornou absorp\u010dn\u00ed kapacitou (a pot\u0159ebou desegregovat), vysokou m\u00edrou vy\u010derp\u00e1n\u00ed absorp\u010dn\u00ed kapacity a z&nbsp;toho vypl\u00fdvaj\u00edc\u00edmi vysok\u00fdmi riziky se s&nbsp;nep\u0159\u00edznivou situac\u00ed prostorov\u011b koncentrovan\u00e9ho soci\u00e1ln\u00edho vylou\u010den\u00ed a segregace vypo\u0159\u00e1dat. Metodika na z\u00e1klad\u011b porovn\u00e1n\u00ed celkov\u00e9 absorp\u010dn\u00ed kapacity a aktu\u00e1ln\u00edho po\u010dtu soci\u00e1ln\u011b vylou\u010den\u00fdch osob stanov\u00ed kladnou absorp\u010dn\u00ed kapacitu lokality, j\u00ed\u017e se rozum\u00ed po\u010det obyvatel ohro\u017een\u00fdch soci\u00e1ln\u00edm vylou\u010den\u00edm, pro n\u011b\u017e je mo\u017en\u00e9 v&nbsp;lokalit\u011b nov\u011b poskytnout soci\u00e1ln\u00ed bydlen\u00ed, ani\u017e by do\u0161lo ke vzniku soci\u00e1ln\u011b vylou\u010den\u00e9 a segregovan\u00e9 lokality, nebo z\u00e1pornou absorp\u010dn\u00ed kapacitu, kter\u00e1 kvantifikuje pot\u0159ebu desegregovat. Metodika z\u00e1rove\u0148 ur\u010duje absorp\u010dn\u00ed kapacitu na \u00farovni m\u011bst, obc\u00ed a region\u016f, indikuje p\u0159\u00edznivou, a naopak&nbsp;nep\u0159\u00edznivou a rizikovou situaci mal\u00e9 nebo dokonce z\u00e1porn\u00e9 absorp\u010dn\u00ed kapacity a hodnot\u00ed region\u00e1ln\u00ed a lok\u00e1ln\u00ed nerovnosti v&nbsp;absorp\u010dn\u00edch kapacit\u00e1ch a dynamiku jejich.<\/p><div class=\"uagb-ifb-button-wrapper wp-block-button\"><a href=\"https:\/\/web.natur.cuni.cz\/~sykora\/pdf\/seg\/Sykora_2023_Metodika_stanoveni_absorpcni_kapacity.pdf\" class=\"uagb-infobox-cta-link wp-block-button__link\" target=\"_blank\" rel=\"noopener noreferrer\" alt=\"\"><span class=\"uagb-inline-editing\">V\u00edce<\/span><svg xmlns=\"https:\/\/www.w3.org\/2000\/svg\" viewBox=\"0 0 512 512\"><path d=\"M504.3 273.6l-112.1 104c-6.992 6.484-17.18 8.218-25.94 4.406c-8.758-3.812-14.42-12.45-14.42-21.1L351.9 288H32C14.33 288 .0002 273.7 .0002 255.1S14.33 224 32 224h319.9l0-72c0-9.547 5.66-18.19 14.42-22c8.754-3.809 18.95-2.075 25.94 4.41l112.1 104C514.6 247.9 514.6 264.1 504.3 273.6z\"><\/path><\/svg><\/a><\/div><\/div><\/div>\n\n\n\n<div style=\"height:42px\" aria-hidden=\"true\" class=\"wp-block-spacer\"><\/div>\n\n\n\n<div class=\"wp-block-uagb-info-box uagb-block-0ad74bea uagb-infobox__content-wrap  uagb-infobox-icon-left uagb-infobox-left uagb-infobox-image-valign-top\"><div class=\"uagb-ifb-image-content\"><img decoding=\"async\" src=\"http:\/\/web.natur.cuni.cz\/segregace\/wp-content\/uploads\/2022\/12\/Screenshot_2022-12-01_22-11-09.png\" alt=\"\" width=\"120\" height=\"169\" loading=\"lazy\"\/><\/div><div class=\"uagb-ifb-content\"><div class=\"uagb-ifb-title-wrap\"><p class=\"uagb-ifb-title\"><strong>S\u00fdkora, L. a kol. (2020) Metodika identifikace lokalit segregace 2020 a hodnocen\u00ed vhodnosti lokalit pro po\u0159izov\u00e1n\u00ed soci\u00e1ln\u00edho bydlen\u00ed z&nbsp;hlediska prevence reziden\u010dn\u00ed segregace. Univerzita Karlova, P\u0159\u00edrodov\u011bdeck\u00e1 fakulta, Katedra soci\u00e1ln\u00ed geografie a region\u00e1ln\u00edho rozvoje, 27 s.<\/strong><\/p><\/div><p class=\"uagb-ifb-desc\">Metodika analyzuje a hodnot\u00ed \u00fazem\u00ed m\u011bst a obc\u00ed s&nbsp;c\u00edlem identifikovat a vymezit lokality segregace a dal\u0161\u00ed \u00fazem\u00ed, kter\u00e9 nejsou vhodn\u00e1, respektive by m\u011bla b\u00fdt pe\u010dliv\u011b zv\u00e1\u017een\u00e1 pro \u00fa\u010dely pl\u00e1nov\u00e1n\u00ed a po\u0159izov\u00e1n\u00ed soci\u00e1ln\u00edho bydlen\u00ed, a to z&nbsp;d\u016fvodu prevence reziden\u010dn\u00ed segregace.<\/p><div class=\"uagb-ifb-button-wrapper wp-block-button\"><a href=\"https:\/\/web.natur.cuni.cz\/~sykora\/pdf\/seg\/Sykora_2020_Metodika_identifikace_lokalit_segregace_2020.pdf\" class=\"uagb-infobox-cta-link wp-block-button__link\" target=\"_blank\" rel=\"noopener noreferrer\" alt=\"\"><span class=\"uagb-inline-editing\">V\u00edce<\/span><svg xmlns=\"https:\/\/www.w3.org\/2000\/svg\" viewBox=\"0 0 512 512\"><path d=\"M504.3 273.6l-112.1 104c-6.992 6.484-17.18 8.218-25.94 4.406c-8.758-3.812-14.42-12.45-14.42-21.1L351.9 288H32C14.33 288 .0002 273.7 .0002 255.1S14.33 224 32 224h319.9l0-72c0-9.547 5.66-18.19 14.42-22c8.754-3.809 18.95-2.075 25.94 4.41l112.1 104C514.6 247.9 514.6 264.1 504.3 273.6z\"><\/path><\/svg><\/a><\/div><\/div><\/div>\n\n\n\n<div style=\"height:42px\" aria-hidden=\"true\" class=\"wp-block-spacer\"><\/div>\n\n\n\n<div class=\"wp-block-uagb-info-box uagb-block-fc379c03 uagb-infobox__content-wrap  uagb-infobox-icon-left uagb-infobox-left uagb-infobox-image-valign-top\"><div class=\"uagb-ifb-image-content\"><img decoding=\"async\" src=\"http:\/\/web.natur.cuni.cz\/segregace\/wp-content\/uploads\/2022\/11\/metodika_vhodnosti.png\" alt=\"\" width=\"120\" height=\"170\" loading=\"lazy\"\/><\/div><div class=\"uagb-ifb-content\"><div class=\"uagb-ifb-title-wrap\"><p class=\"uagb-ifb-title\"><strong>S\u00fdkora, L. a kol. (2018)<\/strong> <strong>Metodika hodnocen\u00ed vhodnosti lokalit pro po\u0159izov\u00e1n\u00ed soci\u00e1ln\u00edho bydlen\u00ed z hlediska prevence reziden\u010dn\u00ed segregace&nbsp;(P\u0159F UK, CVMR)<\/strong><\/p><\/div><p class=\"uagb-ifb-desc\">Metodika vznikla na z\u00e1klad\u011b pilotn\u00edho ov\u011b\u0159en\u00ed vyu\u017eit\u00ed \u201eMetodiky identifikace lokalit reziden\u010dn\u00ed segregace\u201c (S\u00fdkora a kol. 2015) pro pot\u0159eby po\u0159izov\u00e1n\u00ed soci\u00e1ln\u00edho bydlen\u00ed v r\u00e1mc iprojektu Podpora soci\u00e1ln\u00edho bydlen\u00ed.<\/p><div class=\"uagb-ifb-button-wrapper wp-block-button\"><a href=\"http:\/\/www.socialnibydleni.mpsv.cz\/images\/soubory\/metodiky\/Metodika_hodnocen_vhodnosti_lokalit_pro_poizovn_socilnho_bydlen_z_hlediska_prevence_rezidenn_segregace_final.pdf\" class=\"uagb-infobox-cta-link wp-block-button__link\" target=\"_blank\" rel=\"noopener noreferrer\" alt=\"\"><span class=\"uagb-inline-editing\">V\u00edce<\/span><svg xmlns=\"https:\/\/www.w3.org\/2000\/svg\" viewBox=\"0 0 512 512\"><path d=\"M504.3 273.6l-112.1 104c-6.992 6.484-17.18 8.218-25.94 4.406c-8.758-3.812-14.42-12.45-14.42-21.1L351.9 288H32C14.33 288 .0002 273.7 .0002 255.1S14.33 224 32 224h319.9l0-72c0-9.547 5.66-18.19 14.42-22c8.754-3.809 18.95-2.075 25.94 4.41l112.1 104C514.6 247.9 514.6 264.1 504.3 273.6z\"><\/path><\/svg><\/a><\/div><\/div><\/div>\n\n\n\n<div style=\"height:42px\" aria-hidden=\"true\" class=\"wp-block-spacer\"><\/div>\n\n\n\n<div class=\"wp-block-uagb-info-box uagb-block-5b09b084 uagb-infobox__content-wrap  uagb-infobox-icon-left uagb-infobox-left uagb-infobox-image-valign-top\"><div class=\"uagb-ifb-image-content\"><img decoding=\"async\" src=\"http:\/\/web.natur.cuni.cz\/segregace\/wp-content\/uploads\/2023\/08\/Met-Segr-2015.jpg\" alt=\"\" width=\"120\" height=\"169\" loading=\"lazy\"\/><\/div><div class=\"uagb-ifb-content\"><div class=\"uagb-ifb-title-wrap\"><p class=\"uagb-ifb-title\"><strong>S\u00fdkora, L. a kol. (2015) Metodika identifikace lokalit reziden\u010dn\u00ed segregace&nbsp;(P\u0159F UK, CVMR, MKC)<\/strong><\/p><\/div><p class=\"uagb-ifb-desc\">C\u00edlem metodiky je identifikace lokalit reziden\u010dn\u00ed segregace soci\u00e1ln\u00edch skupin v nerovn\u00e9m postaven\u00ed. Metodika p\u0159edstavuje n\u00e1vod pro identifikaci soci\u00e1ln\u00edch skupin v nerovn\u00e9m postaven\u00ed, identifikaci lokalit koncentrace takov\u00fdch soci\u00e1ln\u00edch skupin a vyhodnocen\u00ed, zda je obyvatelstvo t\u011bchto lokalit segregov\u00e1no. U\u017eivatel\u016fm umo\u017en\u00ed lokalizovat m\u00edsta potenci\u00e1ln\u00edho rizika segregace a zhodnotit z\u00e1va\u017enost koncentrac\u00ed soci\u00e1ln\u00edch skupin v nerovn\u00e9m postaven\u00ed z hlediska segregace.<\/p><div class=\"uagb-ifb-button-wrapper wp-block-button\"><a href=\"https:\/\/web.natur.cuni.cz\/~sykora\/pdf\/seg\/Sykora_kol_2015_Metodika_identifikace_lokalit_rezidencni_segregace.pdf\" class=\"uagb-infobox-cta-link wp-block-button__link\" target=\"_blank\" rel=\"noopener noreferrer\" alt=\"\"><span class=\"uagb-inline-editing\">V\u00edce<\/span><svg xmlns=\"https:\/\/www.w3.org\/2000\/svg\" viewBox=\"0 0 512 512\"><path d=\"M504.3 273.6l-112.1 104c-6.992 6.484-17.18 8.218-25.94 4.406c-8.758-3.812-14.42-12.45-14.42-21.1L351.9 288H32C14.33 288 .0002 273.7 .0002 255.1S14.33 224 32 224h319.9l0-72c0-9.547 5.66-18.19 14.42-22c8.754-3.809 18.95-2.075 25.94 4.41l112.1 104C514.6 247.9 514.6 264.1 504.3 273.6z\"><\/path><\/svg><\/a><\/div><\/div><\/div>\n\n\n\n<div style=\"height:40px\" aria-hidden=\"true\" class=\"wp-block-spacer\"><\/div>\n\n\n\n<div class=\"wp-block-uagb-info-box uagb-block-a3375efd uagb-infobox__content-wrap  uagb-infobox-icon-left uagb-infobox-left uagb-infobox-image-valign-top\"><div class=\"uagb-ifb-image-content\"><img decoding=\"async\" src=\"http:\/\/web.natur.cuni.cz\/segregace\/wp-content\/uploads\/2022\/11\/metodika_9.png\" alt=\"\" width=\"120\" height=\"166\" loading=\"lazy\"\/><\/div><div class=\"uagb-ifb-content\"><div class=\"uagb-ifb-title-wrap\"><p class=\"uagb-ifb-title\"><strong>S\u00fdkora, L. a kol. (2015)<\/strong> <strong>Metodika prevence reziden\u010dn\u00ed segregace a podpory integrace cizinc\u016f v&nbsp;lokalit\u00e1ch koncentrace zahrani\u010dn\u00edch pracovn\u00edk\u016f (P\u0159F UK, CVMR, MKC)<\/strong><\/p><\/div><p class=\"uagb-ifb-desc\">C\u00edlem metodiky je prevence segregace v lokalit\u00e1ch ohro\u017een\u00fdch segregac\u00ed, omezov\u00e1n\u00ed dal\u0161\u00edho prohlubov\u00e1n\u00ed segregace a zm\u00edrn\u011bn\u00ed jej\u00edch negativn\u00edch d\u016fsledk\u016f v segregovan\u00fdch lokalit\u00e1ch, a podpora integrace obyvatel \u017eij\u00edc\u00edch v lokalit\u00e1ch ohro\u017een\u00fdch segregac\u00ed nebo ji\u017e segregovan\u00fdch. Metodika prevence segregace a podpory integrace je p\u0159ipravena pro uplatn\u011bn\u00ed v ji\u017e identifikovan\u00fdch&nbsp;segregovan\u00fdch nebo segregac\u00ed ohro\u017een\u00fdch lokalit\u00e1ch. P\u0159edkl\u00e1dan\u00e1 metodika tak navazuje na Metodiku identifikace lokalit reziden\u010dn\u00ed segregace (S\u00fdkora a kol. 2014b).<\/p><div class=\"uagb-ifb-button-wrapper wp-block-button\"><a href=\"https:\/\/web.natur.cuni.cz\/~sykora\/pdf\/seg\/Sykora_kol_2015_Metodika_prevence_segregace_podpory_integrace.pdf\" class=\"uagb-infobox-cta-link wp-block-button__link\" target=\"_blank\" rel=\"noopener noreferrer\" alt=\"\"><span class=\"uagb-inline-editing\">V\u00edce<\/span><svg xmlns=\"https:\/\/www.w3.org\/2000\/svg\" viewBox=\"0 0 512 512\"><path d=\"M504.3 273.6l-112.1 104c-6.992 6.484-17.18 8.218-25.94 4.406c-8.758-3.812-14.42-12.45-14.42-21.1L351.9 288H32C14.33 288 .0002 273.7 .0002 255.1S14.33 224 32 224h319.9l0-72c0-9.547 5.66-18.19 14.42-22c8.754-3.809 18.95-2.075 25.94 4.41l112.1 104C514.6 247.9 514.6 264.1 504.3 273.6z\"><\/path><\/svg><\/a><\/div><\/div><\/div>\n","protected":false},"excerpt":{"rendered":"","protected":false},"author":3,"featured_media":0,"parent":0,"menu_order":0,"comment_status":"closed","ping_status":"closed","template":"","meta":{"_uag_custom_page_level_css":"","footnotes":""},"class_list":["post-5498","page","type-page","status-publish","hentry"],"uagb_featured_image_src":{"full":false,"thumbnail":false,"medium":false,"medium_large":false,"large":false,"1536x1536":false,"2048x2048":false},"uagb_author_info":{"display_name":"Adam Martinek","author_link":"https:\/\/web.natur.cuni.cz\/segregace\/author\/martinek\/"},"uagb_comment_info":0,"uagb_excerpt":null,"_links":{"self":[{"href":"https:\/\/web.natur.cuni.cz\/segregace\/wp-json\/wp\/v2\/pages\/5498","targetHints":{"allow":["GET"]}}],"collection":[{"href":"https:\/\/web.natur.cuni.cz\/segregace\/wp-json\/wp\/v2\/pages"}],"about":[{"href":"https:\/\/web.natur.cuni.cz\/segregace\/wp-json\/wp\/v2\/types\/page"}],"author":[{"embeddable":true,"href":"https:\/\/web.natur.cuni.cz\/segregace\/wp-json\/wp\/v2\/users\/3"}],"replies":[{"embeddable":true,"href":"https:\/\/web.natur.cuni.cz\/segregace\/wp-json\/wp\/v2\/comments?post=5498"}],"version-history":[{"count":38,"href":"https:\/\/web.natur.cuni.cz\/segregace\/wp-json\/wp\/v2\/pages\/5498\/revisions"}],"predecessor-version":[{"id":6053,"href":"https:\/\/web.natur.cuni.cz\/segregace\/wp-json\/wp\/v2\/pages\/5498\/revisions\/6053"}],"wp:attachment":[{"href":"https:\/\/web.natur.cuni.cz\/segregace\/wp-json\/wp\/v2\/media?parent=5498"}],"curies":[{"name":"wp","href":"https:\/\/api.w.org\/{rel}","templated":true}]}}