{"id":5500,"date":"2022-11-01T01:00:33","date_gmt":"2022-11-01T00:00:33","guid":{"rendered":"https:\/\/web.natur.cuni.cz\/segregace\/?page_id=5500"},"modified":"2023-01-21T20:39:08","modified_gmt":"2023-01-21T19:39:08","slug":"prezentace","status":"publish","type":"page","link":"https:\/\/web.natur.cuni.cz\/segregace\/prezentace\/","title":{"rendered":"Prezentace"},"content":{"rendered":"\n<h4 class=\"wp-block-heading\" style=\"font-size:25px\"><strong>Videa z konferenc\u00ed a webin\u00e1\u0159\u016f<\/strong><\/h4>\n\n\n\n<p style=\"font-size:18px\">Prezentace\/p\u0159edn\u00e1\u0161ky, kter\u00e9 ukazuj\u00ed postupy a metody identifikace a hodnocen\u00ed lokalit segregace s ohledem na po\u0159izov\u00e1n\u00ed soci\u00e1ln\u00edho bydlen\u00ed a princip desegregace.<\/p>\n\n\n\n<div style=\"height:25px\" aria-hidden=\"true\" class=\"wp-block-spacer\"><\/div>\n\n\n\n<h5 class=\"wp-block-heading\" style=\"font-size:18px\"><strong>S\u00fdkora Lud\u011bk (2021) Reziden\u010dn\u00ed segregace a soci\u00e1ln\u00ed bydlen\u00ed<\/strong><\/h5>\n\n\n\n<p style=\"font-size:18px\">Prezentace, kter\u00e1 byla podkladem k webin\u00e1\u0159i MPSV \u010cR v r\u00e1mci s\u00e9rie o soci\u00e1ln\u00edm bydlen\u00ed, 16. 9. 2021<\/p>\n\n\n\n<div style=\"height:25px\" aria-hidden=\"true\" class=\"wp-block-spacer\"><\/div>\n\n\n\n<figure class=\"wp-block-embed is-type-video is-provider-youtube wp-block-embed-youtube wp-embed-aspect-16-9 wp-has-aspect-ratio\"><div class=\"wp-block-embed__wrapper\">\n<iframe loading=\"lazy\" title=\"Metodika identifikace lokalit reziden\u010dn\u00ed segregace\" width=\"640\" height=\"360\" src=\"https:\/\/www.youtube.com\/embed\/9zUmRRNj4-s?feature=oembed\" frameborder=\"0\" allow=\"accelerometer; autoplay; clipboard-write; encrypted-media; gyroscope; picture-in-picture; web-share\" referrerpolicy=\"strict-origin-when-cross-origin\" allowfullscreen><\/iframe>\n<\/div><\/figure>\n\n\n\n<div style=\"height:25px\" aria-hidden=\"true\" class=\"wp-block-spacer\"><\/div>\n\n\n\n<h5 class=\"wp-block-heading\" style=\"font-size:18px\"><strong>S\u00fdkora Lud\u011bk (2021) Lokality reziden\u010dn\u00ed segregace<\/strong><\/h5>\n\n\n\n<p style=\"font-size:18px\">Vystoupen\u00ed na konferenci Soci\u00e1ln\u00ed bydlen\u00ed &#8211; anal\u00fdzy a v\u00fdzkumy, kterou po\u0159\u00e1dalo MPSV \u010cR dne 23. 9. 2021 (\u010das 4:01:30 &#8211; 4:43:50)<\/p>\n\n\n\n<div style=\"height:25px\" aria-hidden=\"true\" class=\"wp-block-spacer\"><\/div>\n\n\n\n<figure class=\"wp-block-embed is-type-video is-provider-youtube wp-block-embed-youtube wp-embed-aspect-16-9 wp-has-aspect-ratio\"><div class=\"wp-block-embed__wrapper\">\n<iframe loading=\"lazy\" title=\"On-line vys\u00edl\u00e1n\u00ed konference Soci\u00e1ln\u00ed bydlen\u00ed v \u010cR: Anal\u00fdzy a v\u00fdzkumy\" width=\"640\" height=\"360\" src=\"https:\/\/www.youtube.com\/embed\/l0bF0g6_4L8?feature=oembed\" frameborder=\"0\" allow=\"accelerometer; autoplay; clipboard-write; encrypted-media; gyroscope; picture-in-picture; web-share\" referrerpolicy=\"strict-origin-when-cross-origin\" allowfullscreen><\/iframe>\n<\/div><\/figure>\n\n\n\n<div style=\"height:25px\" aria-hidden=\"true\" class=\"wp-block-spacer\"><\/div>\n\n\n\n<h4 class=\"wp-block-heading\" style=\"font-size:25px\"><strong>Prezentace na dom\u00e1c\u00edch konferenc\u00edch<\/strong>, semin\u00e1\u0159\u00edch a workshopech<\/h4>\n\n\n\n<div style=\"height:25px\" aria-hidden=\"true\" class=\"wp-block-spacer\"><\/div>\n\n\n\n<h5 class=\"wp-block-heading\" style=\"font-size:18px\"><strong>S\u00fdkora Lud\u011bk (2022) V\u00fdvojov\u00e1 dynamika soci\u00e1ln\u00edho vylou\u010den\u00ed a segregace v&nbsp;\u010cesku 2015-2020.&nbsp;<\/strong><\/h5>\n\n\n\n<p style=\"font-size:18px\">Konference AU\u00daP \u010cR \u201eM\u011bsto dobr\u00e9 pro \u017eivot\u201c, Pod\u011bbrady, 15.-16. 9. 2022<\/p>\n\n\n\n<p class=\"has-text-color\" style=\"color:#008dd3;font-size:18px\"><a href=\"https:\/\/web.natur.cuni.cz\/~sykora\/pdf\/seg\/Sykora%202022%20Vyvojova%20dynamika%20socialniho%20vylouceni%20a%20segregace%20v%20Cesku%202015-2021%20AUUP.pdf\" target=\"_blank\" rel=\"noreferrer noopener\">V\u00edce<\/a><\/p>\n\n\n\n<div style=\"height:25px\" aria-hidden=\"true\" class=\"wp-block-spacer\"><\/div>\n\n\n\n<h4 class=\"wp-block-heading\" style=\"font-size:18px\"><a href=\"https:\/\/web.natur.cuni.cz\/~sykora\/pdf\/Sykora%202020%20Metodika%20identifikace%20lokalit%20segregace%202020.pdf\"><strong>Soci\u00e1ln\u00ed vylou\u010den\u00ed: v\u00fdvojov\u00e9 trendy, \u00fazemn\u00ed disparity, spole\u010densk\u00e9 a&nbsp;demografick\u00e9 d\u016fsledky<\/strong><\/a><\/h4>\n\n\n\n<p style=\"font-size:18px\">Odborn\u00e1 sekce po\u0159\u00e1dan\u00e1 v&nbsp;r\u00e1mci 51. konference \u010cesk\u00e9 demografick\u00e9 spole\u010dnosti, T\u00e1bor, 25. &#8211; 27. 5. 2022<\/p>\n\n\n\n<p class=\"has-text-color\" style=\"color:#008dd3;font-size:18px\"><a rel=\"noreferrer noopener\" href=\"https:\/\/www.czechdemography.cz\/akce\/konference\/konference-cds-2022\/prispevky-z-konference\/\" target=\"_blank\">V\u00edce<\/a><\/p>\n\n\n\n<div style=\"height:25px\" aria-hidden=\"true\" class=\"wp-block-spacer\"><\/div>\n\n\n\n<p style=\"font-size:18px\"><a rel=\"noreferrer noopener\" href=\"https:\/\/www.czechdemography.cz\/res\/archive\/009\/001104.pdf?seek=1653544723\" target=\"_blank\">V\u00fdvojov\u00e1 dynamika soci\u00e1ln\u00edho vylou\u010den\u00ed a segregace v \u010cesku 2015\u20132021<\/a><\/p>\n\n\n\n<p style=\"font-size:18px\"><strong>Lud\u011bk S\u00fdkora&nbsp;<\/strong>(Univerzita Karlova, P\u0159\u00edrodov\u011bdeck\u00e1 fakulta)<\/p>\n\n\n\n<div style=\"height:25px\" aria-hidden=\"true\" class=\"wp-block-spacer\"><\/div>\n\n\n\n<p style=\"font-size:18px\"><a rel=\"noreferrer noopener\" href=\"https:\/\/www.czechdemography.cz\/res\/archive\/009\/001108.pdf?seek=1653544723\" target=\"_blank\">Popula\u010dn\u00ed v\u00fdvoj na \u00farovni SO ORP s ohledem na m\u00edru zastoupen\u00ed osob v soci\u00e1ln\u00edm vylou\u010den\u00ed<\/a><\/p>\n\n\n\n<p style=\"font-size:18px\"><strong>Lud\u011bk \u0160\u00eddlo&nbsp;<\/strong>(Univerzita Karlova, P\u0159\u00edrodov\u011bdeck\u00e1 fakulta)<\/p>\n\n\n\n<div style=\"height:25px\" aria-hidden=\"true\" class=\"wp-block-spacer\"><\/div>\n\n\n\n<p style=\"font-size:18px\"><a rel=\"noreferrer noopener\" href=\"https:\/\/www.czechdemography.cz\/res\/archive\/009\/001107.pdf?seek=1653544723\" target=\"_blank\">Soci\u00e1lne vyl\u00fa\u010denie R\u00f3mov: medzin\u00e1rodn\u00e9 sk\u00fasenosti so zberom a hodnoten\u00edm d\u00e1t<\/a><\/p>\n\n\n\n<p style=\"font-size:18px\"><strong>Marek Hojs\u00edk<\/strong>&nbsp;(Univerzita Karlova, P\u0159\u00edrodov\u011bdeck\u00e1 fakulta)<\/p>\n\n\n\n<div style=\"height:25px\" aria-hidden=\"true\" class=\"wp-block-spacer\"><\/div>\n\n\n\n<p style=\"font-size:18px\"><a rel=\"noreferrer noopener\" href=\"https:\/\/www.czechdemography.cz\/res\/archive\/009\/001109.pdf?seek=1653557866\" target=\"_blank\">Chudoba, exekuce a COVID ve Zdrav\u00fdch m\u011bstech<\/a><\/p>\n\n\n\n<p style=\"font-size:18px\"><strong>Adam Mart\u00ednek<\/strong>&nbsp;(Univerzita Karlova, P\u0159\u00edrodov\u011bdeck\u00e1 fakulta)<\/p>\n\n\n\n<div style=\"height:25px\" aria-hidden=\"true\" class=\"wp-block-spacer\"><\/div>\n\n\n\n<h5 class=\"wp-block-heading\" style=\"font-size:18px\"><strong>S\u00fdkora Lud\u011bk (2022) V\u00fdvojov\u00e1 dynamika soci\u00e1ln\u00edho vylou\u010den\u00ed a segregace v&nbsp;\u010cesku 2015-2020.&nbsp;<\/strong><\/h5>\n\n\n\n<p style=\"font-size:18px\"><a href=\"https:\/\/www.faf.cuni.cz\/Verejnost\/Zpravy\/2022\/Den-Zentivy-2022\/\">Den Zentivy 2022<\/a> na Farmaceutick\u00e9 fakult\u011b Univerzity Karlovy, Hradec Kr\u00e1lov\u00e9, 23. 3. 2022<\/p>\n\n\n\n<p class=\"has-text-color\" style=\"color:#008dd3;font-size:18px\"><a rel=\"noreferrer noopener\" href=\"https:\/\/www.czechdemography.cz\/akce\/konference\/konference-cds-2021\/prispevky-z-konference\/\" target=\"_blank\">V\u00edce<\/a><\/p>\n\n\n\n<div style=\"height:25px\" aria-hidden=\"true\" class=\"wp-block-spacer\"><\/div>\n\n\n\n<h5 class=\"wp-block-heading\" style=\"font-size:18px\"><strong>S\u00fdkora Lud\u011bk (2021) Reziden\u010dn\u00ed segregace v&nbsp;Ostrav\u011b: zm\u011bny, je\u017e p\u0159inesl pandemick\u00fd rok 2020<\/strong><\/h5>\n\n\n\n<p style=\"font-size:18px\">Konference \u010cesk\u00e9 demografick\u00e9 spole\u010dnosti, Ostrava, 15. 9. 2021<\/p>\n\n\n\n<p class=\"has-text-color\" style=\"color:#008dd3;font-size:18px\"><a rel=\"noreferrer noopener\" href=\"https:\/\/www.czechdemography.cz\/akce\/konference\/konference-cds-2021\/prispevky-z-konference\/\" target=\"_blank\">V\u00edce<\/a><\/p>\n\n\n\n<div style=\"height:25px\" aria-hidden=\"true\" class=\"wp-block-spacer\"><\/div>\n\n\n\n<h5 class=\"wp-block-heading\" style=\"font-size:18px\"><strong>S\u00fdkora Lud\u011bk (2021) Reziden\u010dn\u00ed segregace, soci\u00e1ln\u00ed vylou\u010den\u00ed a soci\u00e1ln\u00ed bydlen\u00ed<\/strong><\/h5>\n\n\n\n<p style=\"font-size:18px\">Datastory: Role v\u00fdzkum\u016f v politik\u00e1ch soci\u00e1ln\u00edho za\u010dle\u0148ov\u00e1n\u00ed, MMR \u010cR, 29. 6. 2021<\/p>\n\n\n\n<p class=\"has-text-color\" style=\"color:#008dd3;font-size:18px\"><a rel=\"noreferrer noopener\" href=\"https:\/\/www.socialni-zaclenovani.cz\/konference\/data-a-socialni-vylouceni\/\" target=\"_blank\">V\u00edce<\/a><\/p>\n\n\n\n<div style=\"height:25px\" aria-hidden=\"true\" class=\"wp-block-spacer\"><\/div>\n\n\n\n<h5 class=\"wp-block-heading\" style=\"font-size:18px\"><strong>S\u00fdkora Lud\u011bk (2021) Nerovnost a segregace: soci\u00e1ln\u011b vylou\u010den\u00ed v populaci a prostoru m\u011bst<\/strong><\/h5>\n\n\n\n<p style=\"font-size:18px\">Keynote na 49. konferenci \u010cesk\u00e9 demografick\u00e9 spole\u010dnosti, Lednice, 22. &#8211; 24. 5. 2019<\/p>\n\n\n\n<p class=\"has-text-color\" style=\"color:#008dd3;font-size:18px\"><a rel=\"noreferrer noopener\" href=\"https:\/\/www.czechdemography.cz\/res\/archive\/006\/000704.pdf?seek=1558726838\" target=\"_blank\">V\u00edce<\/a><\/p>\n","protected":false},"excerpt":{"rendered":"<p>Videa z konferenc\u00ed a webin\u00e1\u0159\u016f Prezentace\/p\u0159edn\u00e1\u0161ky, kter\u00e9 ukazuj\u00ed postupy a metody identifikace a hodnocen\u00ed lokalit segregace s ohledem na po\u0159izov\u00e1n\u00ed soci\u00e1ln\u00edho bydlen\u00ed a princip desegregace. S\u00fdkora Lud\u011bk (2021) Reziden\u010dn\u00ed segregace a soci\u00e1ln\u00ed bydlen\u00ed Prezentace, kter\u00e1 byla podkladem k webin\u00e1\u0159i MPSV \u010cR v r\u00e1mci s\u00e9rie o soci\u00e1ln\u00edm bydlen\u00ed, 16. 9. 2021 S\u00fdkora Lud\u011bk (2021) Lokality reziden\u010dn\u00ed [&hellip;]<\/p>\n","protected":false},"author":3,"featured_media":0,"parent":0,"menu_order":0,"comment_status":"closed","ping_status":"closed","template":"","meta":{"_uag_custom_page_level_css":"","footnotes":""},"class_list":["post-5500","page","type-page","status-publish","hentry"],"uagb_featured_image_src":{"full":false,"thumbnail":false,"medium":false,"medium_large":false,"large":false,"1536x1536":false,"2048x2048":false},"uagb_author_info":{"display_name":"Adam Martinek","author_link":"https:\/\/web.natur.cuni.cz\/segregace\/author\/martinek\/"},"uagb_comment_info":0,"uagb_excerpt":"Videa z konferenc\u00ed a webin\u00e1\u0159\u016f Prezentace\/p\u0159edn\u00e1\u0161ky, kter\u00e9 ukazuj\u00ed postupy a metody identifikace a hodnocen\u00ed lokalit segregace s ohledem na po\u0159izov\u00e1n\u00ed soci\u00e1ln\u00edho bydlen\u00ed a princip desegregace. S\u00fdkora Lud\u011bk (2021) Reziden\u010dn\u00ed segregace a soci\u00e1ln\u00ed bydlen\u00ed Prezentace, kter\u00e1 byla podkladem k webin\u00e1\u0159i MPSV \u010cR v r\u00e1mci s\u00e9rie o soci\u00e1ln\u00edm bydlen\u00ed, 16. 9. 2021 S\u00fdkora Lud\u011bk (2021) Lokality reziden\u010dn\u00ed&hellip;","_links":{"self":[{"href":"https:\/\/web.natur.cuni.cz\/segregace\/wp-json\/wp\/v2\/pages\/5500","targetHints":{"allow":["GET"]}}],"collection":[{"href":"https:\/\/web.natur.cuni.cz\/segregace\/wp-json\/wp\/v2\/pages"}],"about":[{"href":"https:\/\/web.natur.cuni.cz\/segregace\/wp-json\/wp\/v2\/types\/page"}],"author":[{"embeddable":true,"href":"https:\/\/web.natur.cuni.cz\/segregace\/wp-json\/wp\/v2\/users\/3"}],"replies":[{"embeddable":true,"href":"https:\/\/web.natur.cuni.cz\/segregace\/wp-json\/wp\/v2\/comments?post=5500"}],"version-history":[{"count":20,"href":"https:\/\/web.natur.cuni.cz\/segregace\/wp-json\/wp\/v2\/pages\/5500\/revisions"}],"predecessor-version":[{"id":5836,"href":"https:\/\/web.natur.cuni.cz\/segregace\/wp-json\/wp\/v2\/pages\/5500\/revisions\/5836"}],"wp:attachment":[{"href":"https:\/\/web.natur.cuni.cz\/segregace\/wp-json\/wp\/v2\/media?parent=5500"}],"curies":[{"name":"wp","href":"https:\/\/api.w.org\/{rel}","templated":true}]}}