{"id":5502,"date":"2022-11-01T01:00:45","date_gmt":"2022-11-01T00:00:45","guid":{"rendered":"https:\/\/web.natur.cuni.cz\/segregace\/?page_id=5502"},"modified":"2022-12-01T22:17:31","modified_gmt":"2022-12-01T21:17:31","slug":"publikace","status":"publish","type":"page","link":"https:\/\/web.natur.cuni.cz\/segregace\/publikace\/","title":{"rendered":"Publikace"},"content":{"rendered":"\n<div class=\"wp-block-uagb-info-box uagb-block-1172456c uagb-infobox__content-wrap  uagb-infobox-icon-left uagb-infobox-left uagb-infobox-stacked-tablet uagb-infobox-image-valign-top\"><div class=\"uagb-ifb-image-content\"><img decoding=\"async\" src=\"http:\/\/web.natur.cuni.cz\/segregace\/wp-content\/uploads\/2022\/12\/Screenshot_2022-12-01_22-17-06.png\" alt=\"\" width=\"120\" height=\"171\" loading=\"lazy\"\/><\/div><div class=\"uagb-ifb-content\"><div class=\"uagb-ifb-title-wrap\"><p class=\"uagb-ifb-title\"><strong>S\u00fdkora (2022) Soci\u00e1ln\u00ed vylou\u010den\u00ed, segregace a soci\u00e1ln\u00ed bydlen\u00ed v\u00a0\u010cesku. In: M\u011bsto dobr\u00e9 pro \u017eivot. Sborn\u00edk z konference AU\u00daP \u010cR, Pod\u011bbrady 15. &#8211; 16. z\u00e1\u0159\u00ed 2022. Mimo\u0159\u00e1dn\u00e1 p\u0159\u00edloha \u010dasopisu Urbanismus a \u00fazemn\u00ed rozvoj \u010d. 5\/2022, s. 16-19.<\/strong><\/p><\/div><p class=\"uagb-ifb-desc\">M\u011bsto dobr\u00e9 pro \u017eivot je spravedliv\u00e9 m\u011bsto. Tv\u00e1\u0159 \u010desk\u00fdch m\u011bst za\u010daly m\u011bnit nov\u00e9 soci\u00e1ln\u011b-prostorov\u00e9 formace, z\u00a0nich\u017e mnoh\u00e9 krit\u00e9ria spravedliv\u00e9ho m\u011bsta nenapl\u0148uj\u00ed. Naopak, jsou p\u0159\u00edklady separace a segregace vybran\u00fdch soci\u00e1ln\u00edch skupin v\u00a0prostoru m\u011bst. P\u0159edstav\u011b\u00a0m\u011bsta dobr\u00e9ho pro \u017eivot nejm\u00e9n\u011b odpov\u00eddaj\u00ed soci\u00e1ln\u011b vylou\u010den\u00e9 lokality. \u017divot v soci\u00e1ln\u011b vylou\u010den\u00e9 lokalit\u011b dramaticky sni\u017euje schopnost vymanit se ze stavu soci\u00e1ln\u00edho ohro\u017een\u00ed a vylou\u010den\u00ed. \u010cesko se vyzna\u010duje rostouc\u00ed koncentrac\u00ed obyvatel ohro\u017een\u00fdch chudobou do t\u011bchto lokalit a mimo\u0159\u00e1dnou region\u00e1ln\u00ed polarizac\u00ed mezi kraji \u00dasteck\u00fdm a Moravskoslezsk\u00fdm a ostatn\u00edmi regiony \u010ceska.<\/p><div class=\"uagb-ifb-button-wrapper wp-block-button\"><a href=\"https:\/\/web.natur.cuni.cz\/~sykora\/pdf\/seg\/Sykora%202022%20Socialni%20vylouceni%20segregace%20socialni%20bydleni%20UUR%20Mesto%20dobre%20pro%20zivot.pdf\" class=\"uagb-infobox-cta-link wp-block-button__link\" target=\"_self\" rel=\"noopener noreferrer\" alt=\"\"><span class=\"uagb-inline-editing\">V\u00edce<\/span><svg xmlns=\"https:\/\/www.w3.org\/2000\/svg\" viewBox=\"0 0 512 512\"><path d=\"M504.3 273.6l-112.1 104c-6.992 6.484-17.18 8.218-25.94 4.406c-8.758-3.812-14.42-12.45-14.42-21.1L351.9 288H32C14.33 288 .0002 273.7 .0002 255.1S14.33 224 32 224h319.9l0-72c0-9.547 5.66-18.19 14.42-22c8.754-3.809 18.95-2.075 25.94 4.41l112.1 104C514.6 247.9 514.6 264.1 504.3 273.6z\"><\/path><\/svg><\/a><\/div><\/div><\/div>\n\n\n\n<div style=\"height:25px\" aria-hidden=\"true\" class=\"wp-block-spacer\"><\/div>\n\n\n\n<div class=\"wp-block-uagb-info-box uagb-block-f3e171d4 uagb-infobox__content-wrap  uagb-infobox-icon-left uagb-infobox-left uagb-infobox-stacked-tablet uagb-infobox-image-valign-top\"><div class=\"uagb-ifb-image-content\"><img decoding=\"async\" src=\"http:\/\/web.natur.cuni.cz\/segregace\/wp-content\/uploads\/2022\/11\/Screenshot_2022-11-30_16-18-40.png\" alt=\"\" width=\"120\" height=\"184\" loading=\"lazy\"\/><\/div><div class=\"uagb-ifb-content\"><div class=\"uagb-ifb-title-wrap\"><p class=\"uagb-ifb-title\"><strong>S\u00fdkora, L., ed. (2010)&nbsp;Reziden\u010dn\u00ed segregace. Praha, Univerzita Karlova v&nbsp;Praze, P\u0159\u00edrodov\u011bdeck\u00e1 fakulta a Ministerstvo pro m\u00edstn\u00ed rozvoj \u010cesk\u00e9 republiky, 144 s.<\/strong><\/p><\/div><p class=\"uagb-ifb-desc\">V d\u016fsledku soci\u00e1ln\u00ed diferenciace obyvatelstva, rozmanitosti nab\u00eddky bydlen\u00ed a dal\u0161\u00edch faktor\u016f doch\u00e1z\u00ed v \u010cesk\u00e9 republice k reziden\u010dn\u00ed segregaci. Segregac\u00ed rozum\u00edme soci\u00e1ln\u011b-prostorov\u00e9 odd\u011blen\u00ed bydli\u0161\u0165 soci\u00e1ln\u00edch skupin, kter\u00e9 maj\u00ed ve spole\u010dnosti vz\u00e1jemn\u011b nerovn\u00e9 postaven\u00ed. Segregace je znakem roz\u0161t\u011bpen\u00ed spole\u010dnosti na odli\u0161n\u00e9 t\u00e1bory okupuj\u00edc\u00ed sv\u00e1 teritoria. C\u00edlem p\u0159edkl\u00e1dan\u00e9 publikace je p\u0159edstavit z\u00e1stupc\u016fm ve\u0159ejn\u00e9 spr\u00e1vy, nevl\u00e1dn\u00edm neziskov\u00fdm organizac\u00edm a p\u0159edstavitel\u016fm v\u00fdzkumn\u00fdch instituc\u00ed kl\u00ed\u010dov\u00e9 ot\u00e1zky spojen\u00e9 se segregac\u00ed a sezn\u00e1mit je s probl\u00e9my, kter\u00fdm by m\u011bla b\u00fdt v\u011bnov\u00e1na zv\u00fd\u0161en\u00e1 pozornost.<\/p><div class=\"uagb-ifb-button-wrapper wp-block-button\"><a href=\"https:\/\/web.natur.cuni.cz\/~sykora\/pdf\/Sykora_ed_2010_Rezidencni_segregace.pdf\" class=\"uagb-infobox-cta-link wp-block-button__link\" target=\"_self\" rel=\"noopener noreferrer\" alt=\"\"><span class=\"uagb-inline-editing\">V\u00edce<\/span><svg xmlns=\"https:\/\/www.w3.org\/2000\/svg\" viewBox=\"0 0 512 512\"><path d=\"M504.3 273.6l-112.1 104c-6.992 6.484-17.18 8.218-25.94 4.406c-8.758-3.812-14.42-12.45-14.42-21.1L351.9 288H32C14.33 288 .0002 273.7 .0002 255.1S14.33 224 32 224h319.9l0-72c0-9.547 5.66-18.19 14.42-22c8.754-3.809 18.95-2.075 25.94 4.41l112.1 104C514.6 247.9 514.6 264.1 504.3 273.6z\"><\/path><\/svg><\/a><\/div><\/div><\/div>\n","protected":false},"excerpt":{"rendered":"","protected":false},"author":3,"featured_media":0,"parent":0,"menu_order":0,"comment_status":"closed","ping_status":"closed","template":"","meta":{"_uag_custom_page_level_css":"","footnotes":""},"class_list":["post-5502","page","type-page","status-publish","hentry"],"uagb_featured_image_src":{"full":false,"thumbnail":false,"medium":false,"medium_large":false,"large":false,"1536x1536":false,"2048x2048":false},"uagb_author_info":{"display_name":"Adam Martinek","author_link":"https:\/\/web.natur.cuni.cz\/segregace\/author\/martinek\/"},"uagb_comment_info":0,"uagb_excerpt":null,"_links":{"self":[{"href":"https:\/\/web.natur.cuni.cz\/segregace\/wp-json\/wp\/v2\/pages\/5502","targetHints":{"allow":["GET"]}}],"collection":[{"href":"https:\/\/web.natur.cuni.cz\/segregace\/wp-json\/wp\/v2\/pages"}],"about":[{"href":"https:\/\/web.natur.cuni.cz\/segregace\/wp-json\/wp\/v2\/types\/page"}],"author":[{"embeddable":true,"href":"https:\/\/web.natur.cuni.cz\/segregace\/wp-json\/wp\/v2\/users\/3"}],"replies":[{"embeddable":true,"href":"https:\/\/web.natur.cuni.cz\/segregace\/wp-json\/wp\/v2\/comments?post=5502"}],"version-history":[{"count":7,"href":"https:\/\/web.natur.cuni.cz\/segregace\/wp-json\/wp\/v2\/pages\/5502\/revisions"}],"predecessor-version":[{"id":5795,"href":"https:\/\/web.natur.cuni.cz\/segregace\/wp-json\/wp\/v2\/pages\/5502\/revisions\/5795"}],"wp:attachment":[{"href":"https:\/\/web.natur.cuni.cz\/segregace\/wp-json\/wp\/v2\/media?parent=5502"}],"curies":[{"name":"wp","href":"https:\/\/api.w.org\/{rel}","templated":true}]}}