{"id":5746,"date":"2022-11-01T01:00:05","date_gmt":"2022-11-01T00:00:05","guid":{"rendered":"https:\/\/web.natur.cuni.cz\/segregace\/?page_id=5746"},"modified":"2023-02-13T21:11:04","modified_gmt":"2023-02-13T20:11:04","slug":"aktuality","status":"publish","type":"page","link":"https:\/\/web.natur.cuni.cz\/segregace\/uvod\/aktuality\/","title":{"rendered":"Aktuality"},"content":{"rendered":"\n<div class=\"wp-block-uagb-info-box uagb-block-4b5e34c0 uagb-infobox__content-wrap  uagb-infobox-icon-above-title uagb-infobox-image-valign-top\"><div class=\"uagb-ifb-content\"><div class=\"uagb-ifb-title-wrap\"><p class=\"uagb-ifb-title\"><strong><a href=\"https:\/\/web.natur.cuni.cz\/segregace\/opakovany-workshop-prace-s-daty-v-praxi-koncentrace-socialniho-vylouceni-v-uzemi-a-moznosti-desegregace-11-1-2023\/\">Opakovan\u00fd workshop \u201ePr\u00e1ce s daty v praxi: koncentrace soci\u00e1ln\u00edho vylou\u010den\u00ed v \u00fazem\u00ed a mo\u017enosti desegregace\u201c 11. 1. 2023<\/a><\/strong><\/p><\/div><p class=\"uagb-ifb-desc\">Ohl\u00e9dnut\u00ed za opakov\u00e1n\u00edm \u00fasp\u011b\u0161n\u00e9ho workshopu \u201ePr\u00e1ce s daty v praxi: koncentrace soci\u00e1ln\u00edho vylou\u010den\u00ed v \u00fazem\u00ed a mo\u017enosti desegregace\u201c, kter\u00e9 se uskute\u010dnilo v polovin\u011b ledna 2023 na P\u0159\u00edrodov\u011bdeck\u00e9 fakult\u011b Univerzity Karlovy, Albertov 6.<\/p><div class=\"uagb-ifb-button-wrapper wp-block-button\"><a href=\"https:\/\/web.natur.cuni.cz\/segregace\/opakovany-workshop-prace-s-daty-v-praxi-koncentrace-socialniho-vylouceni-v-uzemi-a-moznosti-desegregace-11-1-2023\/\" target=\"_self\" class=\"uagb-infobox-cta-link\" rel=\"noopener noreferrer\" alt=\"\"><span class=\"uagb-inline-editing\">V\u00edce<\/span><svg xmlns=\"https:\/\/www.w3.org\/2000\/svg\" viewBox=\"0 0 512 512\"><path d=\"M504.3 273.6l-112.1 104c-6.992 6.484-17.18 8.218-25.94 4.406c-8.758-3.812-14.42-12.45-14.42-21.1L351.9 288H32C14.33 288 .0002 273.7 .0002 255.1S14.33 224 32 224h319.9l0-72c0-9.547 5.66-18.19 14.42-22c8.754-3.809 18.95-2.075 25.94 4.41l112.1 104C514.6 247.9 514.6 264.1 504.3 273.6z\"><\/path><\/svg><\/a><\/div><\/div><\/div>\n\n\n\n<div style=\"height:50px\" aria-hidden=\"true\" class=\"wp-block-spacer\"><\/div>\n\n\n\n<div class=\"wp-block-uagb-info-box uagb-block-f1dc9def uagb-infobox__content-wrap  uagb-infobox-icon-above-title uagb-infobox-image-valign-top\"><div class=\"uagb-ifb-content\"><div class=\"uagb-ifb-title-wrap\"><p class=\"uagb-ifb-title\"><strong><a href=\"https:\/\/web.natur.cuni.cz\/segregace\/workshop-prace-s-daty-v-praxi-koncentrace-socialniho-vylouceni-v-uzemi-a-moznostidesegregace\/\">Workshop \u201ePr\u00e1ce s daty v praxi: koncentrace soci\u00e1ln\u00edho vylou\u010den\u00ed v \u00fazem\u00ed a mo\u017enosti desegregace\u201c 2. 12. 2022<\/a><\/strong><\/p><\/div><p class=\"uagb-ifb-desc\">Ohl\u00e9dnut\u00ed za workshopem \u201ePr\u00e1ce s daty v praxi: koncentrace soci\u00e1ln\u00edho vylou\u010den\u00ed v \u00fazem\u00ed a mo\u017enosti desegregace\u201c, kter\u00fd se uskute\u010dnil za\u010d\u00e1tkem prosince 2022 na P\u0159\u00edrodov\u011bdeck\u00e9 fakult\u011b Univerzity Karlovy, Albertov 6.<\/p><div class=\"uagb-ifb-button-wrapper wp-block-button\"><a href=\"https:\/\/web.natur.cuni.cz\/segregace\/workshop-prace-s-daty-v-praxi-koncentrace-socialniho-vylouceni-v-uzemi-a-moznostidesegregace\/\" target=\"_self\" class=\"uagb-infobox-cta-link\" rel=\"noopener noreferrer\" alt=\"\"><span class=\"uagb-inline-editing\">V\u00edce<\/span><svg xmlns=\"https:\/\/www.w3.org\/2000\/svg\" viewBox=\"0 0 512 512\"><path d=\"M504.3 273.6l-112.1 104c-6.992 6.484-17.18 8.218-25.94 4.406c-8.758-3.812-14.42-12.45-14.42-21.1L351.9 288H32C14.33 288 .0002 273.7 .0002 255.1S14.33 224 32 224h319.9l0-72c0-9.547 5.66-18.19 14.42-22c8.754-3.809 18.95-2.075 25.94 4.41l112.1 104C514.6 247.9 514.6 264.1 504.3 273.6z\"><\/path><\/svg><\/a><\/div><\/div><\/div>\n\n\n\n<div style=\"height:50px\" aria-hidden=\"true\" class=\"wp-block-spacer\"><\/div>\n\n\n\n<div class=\"wp-block-uagb-info-box uagb-block-84cd88c5 uagb-infobox__content-wrap  uagb-infobox-icon-above-title uagb-infobox-image-valign-top\"><div class=\"uagb-ifb-content\"><div class=\"uagb-ifb-title-wrap\"><p class=\"uagb-ifb-title\"><strong><a href=\"https:\/\/web.natur.cuni.cz\/segregace\/druhy-termin-workshopu-prace-s-daty-v-praxi\/\">Druh\u00fd term\u00edn workshopu pr\u00e1ce s daty 11. 1. 2023<\/a><\/strong><\/p><\/div><p class=\"uagb-ifb-desc\">Zveme v\u00e1s na druh\u00fd term\u00edn workshopu pod veden\u00edm hlavn\u00edho \u0159e\u0161itele projektu prof. Lu\u010fka S\u00fdkory na t\u00e9ma <strong><em>Pr\u00e1ce s daty v praxi: koncentrace soci\u00e1ln\u00edho vylou\u010den\u00ed v \u00fazem\u00ed a mo\u017enosti desegregace<\/em><\/strong>.<strong> <\/strong><br><br>Workshop se uskute\u010dn\u00ed ve st\u0159edu 11. 1. 2023 hybridn\u00ed formou online a na p\u016fd\u011b P\u0159\u00edrodov\u011bdeck\u00e9 fakulty Univerzity Karlovy, Albertov 6, Praha 1.<\/p><div class=\"uagb-ifb-button-wrapper wp-block-button\"><a href=\"https:\/\/web.natur.cuni.cz\/segregace\/druhy-termin-workshopu-prace-s-daty-v-praxi\/\" target=\"_self\" class=\"uagb-infobox-cta-link\" rel=\"noopener noreferrer\" alt=\"\"><span class=\"uagb-inline-editing\">V\u00edce<\/span><svg xmlns=\"https:\/\/www.w3.org\/2000\/svg\" viewBox=\"0 0 512 512\"><path d=\"M504.3 273.6l-112.1 104c-6.992 6.484-17.18 8.218-25.94 4.406c-8.758-3.812-14.42-12.45-14.42-21.1L351.9 288H32C14.33 288 .0002 273.7 .0002 255.1S14.33 224 32 224h319.9l0-72c0-9.547 5.66-18.19 14.42-22c8.754-3.809 18.95-2.075 25.94 4.41l112.1 104C514.6 247.9 514.6 264.1 504.3 273.6z\"><\/path><\/svg><\/a><\/div><\/div><\/div>\n\n\n\n<div style=\"height:50px\" aria-hidden=\"true\" class=\"wp-block-spacer\"><\/div>\n\n\n\n<div class=\"wp-block-uagb-info-box uagb-block-3880aeb3 uagb-infobox__content-wrap  uagb-infobox-icon-above-title uagb-infobox-image-valign-top\"><div class=\"uagb-ifb-content\"><div class=\"uagb-ifb-title-wrap\"><p class=\"uagb-ifb-title\"><strong><a href=\"http:\/\/web.natur.cuni.cz\/segregace\/workshop-prace-s-daty-v-praxi-koncentrace-socialniho-vylouceni-v-uzemi-a-moznosti-desegregace\/\">Pozv\u00e1nka na workshop 2. 12. 2022<\/a><\/strong><\/p><\/div><p class=\"uagb-ifb-desc\">Srde\u010dn\u011b v\u00e1s zveme na workshop pod veden\u00edm hlavn\u00edho \u0159e\u0161itele projektu prof. Lu\u010fka S\u00fdkory na t\u00e9ma <strong><em>Pr\u00e1ce s daty v praxi: koncentrace soci\u00e1ln\u00edho vylou\u010den\u00ed v \u00fazem\u00ed a mo\u017enosti desegregace<\/em><\/strong>.<strong> <\/strong><br><br>Workshop se uskute\u010dn\u00ed v p\u00e1tek 2. 12. 2022 na p\u016fd\u011b P\u0159\u00edrodov\u011bdeck\u00e9 fakulty Univerzity Karlovy, Albertov 6, Praha 1.<\/p><div class=\"uagb-ifb-button-wrapper wp-block-button\"><a href=\"https:\/\/web.natur.cuni.cz\/segregace\/workshop-prace-s-daty-v-praxi\/\" target=\"_self\" class=\"uagb-infobox-cta-link\" rel=\"noopener noreferrer\" alt=\"\"><span class=\"uagb-inline-editing\">V\u00edce<\/span><svg xmlns=\"https:\/\/www.w3.org\/2000\/svg\" viewBox=\"0 0 512 512\"><path d=\"M504.3 273.6l-112.1 104c-6.992 6.484-17.18 8.218-25.94 4.406c-8.758-3.812-14.42-12.45-14.42-21.1L351.9 288H32C14.33 288 .0002 273.7 .0002 255.1S14.33 224 32 224h319.9l0-72c0-9.547 5.66-18.19 14.42-22c8.754-3.809 18.95-2.075 25.94 4.41l112.1 104C514.6 247.9 514.6 264.1 504.3 273.6z\"><\/path><\/svg><\/a><\/div><\/div><\/div>\n","protected":false},"excerpt":{"rendered":"","protected":false},"author":3,"featured_media":0,"parent":4843,"menu_order":0,"comment_status":"closed","ping_status":"closed","template":"","meta":{"_uag_custom_page_level_css":"","footnotes":""},"class_list":["post-5746","page","type-page","status-publish","hentry"],"uagb_featured_image_src":{"full":false,"thumbnail":false,"medium":false,"medium_large":false,"large":false,"1536x1536":false,"2048x2048":false},"uagb_author_info":{"display_name":"Adam Martinek","author_link":"https:\/\/web.natur.cuni.cz\/segregace\/author\/martinek\/"},"uagb_comment_info":0,"uagb_excerpt":null,"_links":{"self":[{"href":"https:\/\/web.natur.cuni.cz\/segregace\/wp-json\/wp\/v2\/pages\/5746","targetHints":{"allow":["GET"]}}],"collection":[{"href":"https:\/\/web.natur.cuni.cz\/segregace\/wp-json\/wp\/v2\/pages"}],"about":[{"href":"https:\/\/web.natur.cuni.cz\/segregace\/wp-json\/wp\/v2\/types\/page"}],"author":[{"embeddable":true,"href":"https:\/\/web.natur.cuni.cz\/segregace\/wp-json\/wp\/v2\/users\/3"}],"replies":[{"embeddable":true,"href":"https:\/\/web.natur.cuni.cz\/segregace\/wp-json\/wp\/v2\/comments?post=5746"}],"version-history":[{"count":11,"href":"https:\/\/web.natur.cuni.cz\/segregace\/wp-json\/wp\/v2\/pages\/5746\/revisions"}],"predecessor-version":[{"id":6026,"href":"https:\/\/web.natur.cuni.cz\/segregace\/wp-json\/wp\/v2\/pages\/5746\/revisions\/6026"}],"up":[{"embeddable":true,"href":"https:\/\/web.natur.cuni.cz\/segregace\/wp-json\/wp\/v2\/pages\/4843"}],"wp:attachment":[{"href":"https:\/\/web.natur.cuni.cz\/segregace\/wp-json\/wp\/v2\/media?parent=5746"}],"curies":[{"name":"wp","href":"https:\/\/api.w.org\/{rel}","templated":true}]}}