{"id":5844,"date":"2023-01-23T00:10:59","date_gmt":"2023-01-22T23:10:59","guid":{"rendered":"https:\/\/web.natur.cuni.cz\/segregace\/?page_id=5844"},"modified":"2023-02-07T23:16:02","modified_gmt":"2023-02-07T22:16:02","slug":"projekty","status":"publish","type":"page","link":"https:\/\/web.natur.cuni.cz\/segregace\/projekty\/","title":{"rendered":"Projekty"},"content":{"rendered":"\n<p style=\"font-size:25px\"><strong>Projekty v\u00fdzkumu segregace a soci\u00e1ln\u00edho vylou\u010den\u00ed, sou\u017eit\u00ed a integrace<\/strong><\/p>\n\n\n\n<div style=\"height:25px\" aria-hidden=\"true\" class=\"wp-block-spacer\"><\/div>\n\n\n\n<p style=\"font-size:18px\">V\u00fdzkum v\u00a0oblastech segregace a soci\u00e1ln\u00edho vylou\u010den\u00ed, sou\u017eit\u00ed a integrace byl realizov\u00e1n v\u00a0r\u00e1mci projekt\u016f z\u00e1kladn\u00edho v\u00fdzkumu (podpo\u0159en\u00e9ho Grantovou agenturou \u010cR, M\u0160MT \u010cR), aplikovan\u00e9ho v\u00fdzkumu (podpo\u0159en\u00e9ho Technologickou agenturou \u010cR, MMR \u010cR), smluvn\u00edho v\u00fdzkumu (pro ministerstva a samospr\u00e1vy m\u011bst a m\u011bstsk\u00fdch \u010d\u00e1st\u00ed) a v\u00fdzkumu \u0159e\u0161en\u00e9ho v\u00a0r\u00e1mci doktorsk\u00fdch dizertac\u00ed a podpo\u0159en\u00e9ho Grantovou agenturou Univerzity Karlovu.<\/p>\n\n\n\n<div style=\"height:25px\" aria-hidden=\"true\" class=\"wp-block-spacer\"><\/div>\n\n\n\n<p style=\"font-size:25px\"><strong>Projekty z\u00e1kladn\u00edho a aplikovan\u00e9ho v\u00fdzkumu<\/strong><\/p>\n\n\n\n<div style=\"height:25px\" aria-hidden=\"true\" class=\"wp-block-spacer\"><\/div>\n\n\n\n<p style=\"font-size:18px\">01\/2023-12\/2025 &#8211; <a href=\"https:\/\/web.natur.cuni.cz\/segregace\/prostorova-a-casova-dynamika-socialniho-vylouceni-a-segregace\/\">Prostorov\u00e1 a \u010dasov\u00e1 dynamika soci\u00e1ln\u00edho vylou\u010den\u00ed a segregace<\/a> (GA\u010cR, 23-08311S)<\/p>\n\n\n\n<p style=\"font-size:18px\">01\/2019-12\/2022 &#8211; <a href=\"https:\/\/web.natur.cuni.cz\/segregace\/projekt\/\">V\u00fdvojov\u00e1 dynamika segregace a soci\u00e1ln\u00edho vylou\u010den\u00ed v \u00fazem\u00ed<\/a> (TA\u010cR, TL02000479)<\/p>\n\n\n\n<p style=\"font-size:18px\">01\/2014-12\/2015 &#8211; Prevence segregace a podpora soci\u00e1ln\u00ed integrace zahrani\u010dn\u00edch zam\u011bstnanc\u016f firem zpracovatelsk\u00e9ho pr\u016fmyslu v m\u00edstech jejich pracovi\u0161\u0165 a bydli\u0161\u0165 (TA\u010cR, TD020368)&nbsp;<\/p>\n\n\n\n<p style=\"font-size:18px\">01\/2012-12\/2013 &#8211; Nov\u00e9 soci\u00e1ln\u011b-prostorov\u00e9 formace: segregace v kontextu postkomunistick\u00fdch transformac\u00ed a globalizace (Grantov\u00e1 agentura \u010cR, P404-12-0648)<\/p>\n\n\n\n<p style=\"font-size:18px\">01\/2005-12\/2011 \u2013 Geografick\u00e9 syst\u00e9my a rizikov\u00e9 procesy v kontextu glob\u00e1ln\u00edch zm\u011bn a evropsk\u00e9 integrace (V\u00fdzkumn\u00fd z\u00e1m\u011br M\u0160MT, MSM0021620831)<\/p>\n\n\n\n<p style=\"font-size:18px\">09\/2005-12\/2006 \u2013 Segregace v&nbsp;\u010cesk\u00e9 republice: stav a v\u00fdvoj, p\u0159\u00ed\u010diny a d\u016fsledky, prevence a n\u00e1prava (Ve\u0159ejn\u00e1 sout\u011b\u017e Ministerstva pro m\u00edstn\u00ed rozvoj ve v\u00fdzkumu a v\u00fdvoji 2005, WA-014-05-Z01)<\/p>\n\n\n\n<div style=\"height:25px\" aria-hidden=\"true\" class=\"wp-block-spacer\"><\/div>\n\n\n\n<p style=\"font-size:25px\"><strong>Projekty z\u00e1kladn\u00edho v\u00fdzkumu podpo\u0159en\u00e9ho Grantovou agenturou Univerzity Karlovy<\/strong><\/p>\n\n\n\n<div style=\"height:25px\" aria-hidden=\"true\" class=\"wp-block-spacer\"><\/div>\n\n\n\n<p style=\"font-size:18px\">2018-2020 &#8211; <a href=\"https:\/\/web.natur.cuni.cz\/segregace\/gauk\/\">V\u00edce\u00farov\u0148ov\u00e1 separace rusk\u00fdch imigrant\u016f v postsocialistick\u00e9m m\u011bst\u011b<\/a> (Ekaterina Ignatyeva) (GAUK, \u010d. 192418)<\/p>\n\n\n\n<p style=\"font-size:18px\">2014-2015 &#8211; <a href=\"https:\/\/web.natur.cuni.cz\/segregace\/gauk\/\">Dvojit\u00e1 marginalizace. P\u0159edpoklady soci\u00e1ln\u00edho vylou\u010den\u00ed a mo\u017enosti za\u010dle\u0148ov\u00e1n\u00ed Rom\u016f na \u010desk\u00e9m venkov\u011b<\/a>. (Jakob Hurrle) (GAUK, \u010d. 1576214)<\/p>\n\n\n\n<p style=\"font-size:18px\">2013-2014 &#8211; <a href=\"https:\/\/web.natur.cuni.cz\/segregace\/gauk\/\">Zahrani\u010dn\u00ed migrace a prom\u011bny soci\u00e1ln\u011b prostorov\u00fdch struktur m\u011bst<\/a> (Kl\u00e1ra Fiedlerov\u00e1) (GAUK, \u010d. 1216313)<\/p>\n\n\n\n<p style=\"font-size:18px\">2011-2012 &#8211; <a href=\"https:\/\/web.natur.cuni.cz\/segregace\/gauk\/\">\u017divot za branou: p\u0159\u00ed\u010diny vzniku a d\u016fsledky gated communities v&nbsp;\u010cesku<\/a> (Tom\u00e1\u0161 Brabec) (GAUK, \u010d. 284511)<\/p>\n\n\n\n<p style=\"font-size:18px\">2009-2011 &#8211; <a href=\"https:\/\/web.natur.cuni.cz\/segregace\/gauk\/\">Vliv bytov\u00e9 politiky na soci\u00e1ln\u00ed a environment\u00e1ln\u00ed spravedlnost<\/a> (Roman Matou\u0161ek) (GAUK, \u010d. 3609)<\/p>\n\n\n\n<div style=\"height:25px\" aria-hidden=\"true\" class=\"wp-block-spacer\"><\/div>\n\n\n\n<p style=\"font-size:25px\"><strong>Smluvn\u00ed v\u00fdzkum<\/strong><\/p>\n\n\n\n<div style=\"height:25px\" aria-hidden=\"true\" class=\"wp-block-spacer\"><\/div>\n\n\n\n<p style=\"font-size:18px\">2022 &#8211; M\u011bsto P\u00edsek &#8211; <a href=\"https:\/\/web.natur.cuni.cz\/~sykora\/pdf\/ciz\/Analyza_struktury_a_rozmisteni_cizincu_v_Pisku_2022.pdf\" target=\"_blank\" rel=\"noreferrer noopener\">Anal\u00fdza struktury a rozm\u00edst\u011bn\u00ed cizinc\u016f v&nbsp;P\u00edsku 2022<\/a> (\u0159e\u0161eno v&nbsp;r\u00e1mci programu MV \u010cR Projekty obc\u00ed na podporu integrace cizinc\u016f na lok\u00e1ln\u00ed \u00farovni)<\/p>\n\n\n\n<p style=\"font-size:18px\">2021 &#8211; M\u011bstsk\u00e1 \u010d\u00e1st Praha 3 \u2013 \u00da\u0159ad M\u010c, <a href=\"https:\/\/web.natur.cuni.cz\/~sykora\/pdf\/ciz\/Analyza_cizincu_na_uzemi_MC_Praha_3_2021k.pdf\" target=\"_blank\" rel=\"noreferrer noopener\">Anal\u00fdza stavu cizinc\u016f na \u00fazem\u00ed M\u010c Praha 3<\/a> (\u0159e\u0161eno v&nbsp;r\u00e1mci programu MV \u010cR Projekty obc\u00ed na podporu integrace cizinc\u016f na lok\u00e1ln\u00ed \u00farovni)<\/p>\n\n\n\n<p style=\"font-size:18px\">2020 &#8211; M\u011bstsk\u00e1 \u010d\u00e1st Praha 7 \u2013 <a href=\"https:\/\/web.natur.cuni.cz\/~sykora\/pdf\/ciz\/Analyza_cizincu_na_uzemi_MC_Praha_7_2021k.pdf\" target=\"_blank\" rel=\"noreferrer noopener\">\u00da\u0159ad M\u010c, Cizinci na \u00fazem\u00ed M\u010c Praha 7 \u2013 anal\u00fdza stavu<\/a> (\u0159e\u0161eno v&nbsp;r\u00e1mci programu MV \u010cR Projekty obc\u00ed na podporu integrace cizinc\u016f na lok\u00e1ln\u00ed \u00farovni)<\/p>\n\n\n\n<p style=\"font-size:18px\">2020 &#8211; M\u011bstsk\u00e1 \u010d\u00e1st Praha 11 \u2013 \u00da\u0159ad M\u010c, <a href=\"https:\/\/web.natur.cuni.cz\/~sykora\/pdf\/ciz\/Analyza_potreb_cizincu_na_uzemi_MC_Praha_11_2021.pdf\" target=\"_blank\" rel=\"noreferrer noopener\">Anal\u00fdza pot\u0159eb cizinc\u016f na \u00fazem\u00ed M\u010c Praha 11<\/a> (\u0159e\u0161eno v&nbsp;r\u00e1mci programu MV \u010cR Projekty obc\u00ed na podporu integrace cizinc\u016f na lok\u00e1ln\u00ed \u00farovni)<\/p>\n\n\n\n<p style=\"font-size:18px\">2018 &#8211; Magistr\u00e1t m\u011bsta Brno, \u201e<a href=\"https:\/\/docplayer.cz\/194879085-Analyza-prostorove-segregace-v-brne-na-zaklade-certifikovane-metodiky-mpsv.html\" target=\"_blank\" rel=\"noreferrer noopener\">Anal\u00fdza prostorov\u00e9 segregace na z\u00e1klad\u011b certifikovan\u00e9 metodiky MPSV<\/a>\u201c (\u0159e\u0161eno v&nbsp;r\u00e1mci projektu \u201ePilotn\u00ed testov\u00e1n\u00ed koncepce soci\u00e1ln\u00edho bydlen\u00ed v&nbsp;Brn\u011b\u201c registra\u010dn\u00ed \u010d\u00edslo projektu CZ.03.2.63\/0.0\/0.0\/16_128\/0006188)<\/p>\n\n\n\n<p style=\"font-size:18px\">2018 &#8211; M\u011bstsk\u00e1 \u010d\u00e1st Praha 5 \u2013 \u00da\u0159ad m\u011bstsk\u00e9 \u010d\u00e1sti, <a href=\"https:\/\/kpss.praha5.cz\/wp-content\/uploads\/2019\/02\/Anal%C3%BDza-cizinc%C5%AF-v-M%C4%8C-Praha-5_2018.pdf\" target=\"_blank\" rel=\"noreferrer noopener\">Anal\u00fdza cizinc\u016f na \u00fazem\u00ed M\u010c Praha 5<\/a> (\u0159e\u0161eno v&nbsp;r\u00e1mci programu MV \u010cR Projekty obc\u00ed na podporu integrace cizinc\u016f na lok\u00e1ln\u00ed \u00farovni)<\/p>\n\n\n\n<p style=\"font-size:18px\">2017\/2018 \u2013 MPSV \u010cR, <a href=\"https:\/\/www.mpsv.cz\/documents\/20142\/225517\/Pilotni_overeni_Metodiky_identifikace_lokalit_rezidencni_segragace_v_obcich_CR.pdf\/6f65c549-d397-2c16-4241-96022b44e72e\" target=\"_blank\" rel=\"noreferrer noopener\">Pilotn\u00ed ov\u011b\u0159en\u00ed Metodiky identifikace lokalit reziden\u010dn\u00ed segregace v&nbsp;obc\u00edch \u010cR<\/a> (\u0159e\u0161eno v&nbsp;r\u00e1mci projektu \u201eSoci\u00e1ln\u00ed bydlen\u00ed \u2013 metodick\u00e1 a informa\u010dn\u00ed podpora v&nbsp;oblasti soci\u00e1ln\u00edch agend\u201c, Reg. \u010d. projektu CZ.03.2.63\/0.0\/0.0\/15_017\/0003539)<\/p>\n\n\n\n<p style=\"font-size:18px\">2017 \u2013 Magistr\u00e1t m\u011bsta Plzn\u011b, \u201e<a href=\"https:\/\/socialnisluzby.plzen.eu\/zajistime-poradime\/socialni-bydleni\/prubeh-projektu\/analyza-prostorove-segregace-na-uzemi-mesta-plzne.aspx\" target=\"_blank\" rel=\"noreferrer noopener\">Anal\u00fdza prostorov\u00e9 segregace na \u00fazem\u00ed m\u011bsta Plzn\u011b<\/a>\u201c (\u0159e\u0161eno v&nbsp;r\u00e1mci projektu \u201ePilotn\u00ed testov\u00e1n\u00ed koncepce soci\u00e1ln\u00edho bydlen\u00ed v&nbsp;Plzni\u201c, registra\u010dn\u00ed \u010d\u00edslo projektu CZ.03.2.63\/0.0\/0.0\/16_128\/000618)<\/p>\n\n\n\n<p style=\"font-size:18px\">2016 &#8211; M\u011bstsk\u00e1 \u010d\u00e1st Praha 11 \u2013 \u00da\u0159ad m\u011bstsk\u00e9 \u010d\u00e1sti, <a href=\"https:\/\/metropolevsech.eu\/wp-content\/uploads\/2019\/03\/analyza_cizincu_v_mc_praha_11_20161129.pdf\" target=\"_blank\" rel=\"noreferrer noopener\">Cizinci na \u00fazem\u00ed M\u010c Praha 11 \u2013 anal\u00fdza stavu<\/a>, MCP11\/16\/039 (\u0159e\u0161eno v&nbsp;r\u00e1mci programu MV \u010cR Projekty obc\u00ed na podporu integrace cizinc\u016f na lok\u00e1ln\u00ed \u00farovni)<\/p>\n\n\n\n<p style=\"font-size:18px\">2015 &#8211; M\u011bstsk\u00e1 \u010d\u00e1st Praha 4 \u2013 \u00da\u0159ad m\u011bstsk\u00e9 \u010d\u00e1sti, <a href=\"https:\/\/www.praha4.cz\/file\/ffx21\/Analyza-cizincu-v-mestske-casti-Praha-4-2015.pdf\" target=\"_blank\" rel=\"noreferrer noopener\">Anal\u00fdza cizinc\u016f v&nbsp;M\u011bstsk\u00e9 \u010d\u00e1sti Praha 4<\/a>, SML\/2015\/0589\/OKAS (\u0159e\u0161eno v&nbsp;r\u00e1mci programu MV \u010cR Projekty obc\u00ed na podporu integrace cizinc\u016f na lok\u00e1ln\u00ed \u00farovni)<\/p>\n\n\n\n<p style=\"font-size:18px\">2013 \u2013 MMR \u010cR, Vztahy mezi majoritou, vietnamskou men\u0161inou a dal\u0161\u00edmi n\u00e1rodnostn\u00edmi skupinami v&nbsp;M\u010c Praha-Libu\u0161&nbsp; (v\u00fdzkumn\u00e1 zpr\u00e1va: S\u00fdkora, L., Brabec., T., \u010cerm\u00e1kov\u00e1, D., Fiedlerov\u00e1, K., Ku\u0161nir\u00e1kov\u00e1, T., Matou\u0161ek, R., Pla\u010dkov\u00e1, A., 2013, Vztahy mezi majoritou, vietnamskou men\u0161inou a dal\u0161\u00edmi n\u00e1rodnostn\u00edmi skupinami v&nbsp;M\u010c Praha-Libu\u0161), objednac\u00ed list \u010d. 1097\/2013-94<\/p>\n\n\n\n<p style=\"font-size:18px\">2012 &#8211; MMR \u010cR, S\u00eddeln\u00ed segregace v&nbsp;lokalit\u011b M\u010c Praha-Libu\u0161 (v\u00fdzkumn\u00e1 zpr\u00e1va: S\u00fdkora, L., Brabec., T., Matou\u0161ek, R., 2012, S\u00eddeln\u00ed segregace v&nbsp;lokalit\u011b M\u010c Praha-Libu\u0161), objednac\u00ed list \u010d. 2261\/2012-94<\/p>\n\n\n\n<p style=\"font-size:18px\">2012 &#8211; MMR \u010cR, Vztahy mezi majoritou, vietnamskou men\u0161inou a dal\u0161\u00edmi n\u00e1rodnostn\u00edmi skupinami v&nbsp;M\u010c Praha-Libu\u0161: konceptualizace, shrnut\u00ed dosavadn\u00edch znalost\u00ed a n\u00e1vrh \u0161et\u0159en\u00ed (v\u00fdzkumn\u00e1 zpr\u00e1va: S\u00fdkora, L., Brabec., T., \u010cerm\u00e1kov\u00e1, D., Fiedlerov\u00e1, K., Matou\u0161ek, R., 2012, Vztahy mezi majoritou, vietnamskou men\u0161inou a dal\u0161\u00edmi n\u00e1rodnostn\u00edmi skupinami v&nbsp;M\u010c Praha-Libu\u0161: konceptualizace, shrnut\u00ed dosavadn\u00edch znalost\u00ed a n\u00e1vrh \u0161et\u0159en\u00ed), objednac\u00ed list \u010d. 2260\/2012-94<\/p>\n\n\n\n<p style=\"font-size:18px\">2011 &#8211; MMR \u010cR, P\u0159\u00edpadov\u00e1 studie lokality s\u00eddli\u0161t\u011b Praha Libu\u0161 z&nbsp;hlediska prostorov\u00e9 segregace cizinc\u016f (v\u00fdzkumn\u00e1 zpr\u00e1va: S\u00fdkora, L., Brabec., T., \u010cerm\u00e1kov\u00e1, D., Fiedlerov\u00e1, K., Ku\u010dera, P., Ku\u0161nir\u00e1kov\u00e1, T., Matou\u0161ek, R., 2011, P\u0159\u00edpadov\u00e1 studie lokality s\u00eddli\u0161t\u011b Praha Libu\u0161 z&nbsp;hlediska prostorov\u00e9 segregace cizinc\u016f), smlouva o d\u00edlo \u010d.j. : 39506\/2011-94, \u010d\u00edslo v CES: 4928, \u010d\u00edslo \u00fakolu: 3661\/5166\/68\/94<\/p>\n\n\n\n<p style=\"font-size:18px\">2010 &#8211; MMR \u010cR, P\u0159\u00edpadov\u00e1 studie reziden\u010dn\u00ed segregace v Karlov\u00fdch Varech, Ministerstvo pro m\u00edstn\u00ed rozvoj &#8211;&nbsp;studie byla vypracov\u00e1na v&nbsp;r\u00e1mci aktivit Ministerstva pro m\u00edstn\u00ed rozvoj napl\u0148uj\u00edc\u00edch Koncepci integrace cizinc\u016f, \u00dakol \u010d.v CES 3661\/5166\/84\/94, \u010d\u00edslo \u00fakolu 4749, smlouva \u010d.j. 37813\/2010-94 (v\u00fdzkumn\u00e1 zpr\u00e1va: S\u00fdkora, L., Brabec., T., \u010cerm\u00e1kov\u00e1, D., Fiedlerov\u00e1, K., Matou\u0161ek, R., Posov\u00e1, D., To\u0161nerov\u00e1, B., Trlifajov\u00e1, L., 2011, P\u0159\u00edpadov\u00e1 studie reziden\u010dn\u00ed segregace v Karlov\u00fdch Varech)<\/p>\n\n\n\n<p style=\"font-size:18px\">2010 &#8211; MMR \u010cR, P\u0159\u00edpadov\u00e1 studie lokality Bene\u0161ov nad \u010cernou z&nbsp;hlediska prostorov\u00e9 segregace cizinc\u016f, Ministerstvo pro m\u00edstn\u00ed rozvoj&nbsp;&#8211; studie byla vypracov\u00e1na v&nbsp;r\u00e1mci aktivit Ministerstva pro m\u00edstn\u00ed rozvoj napl\u0148uj\u00edc\u00edch Koncepci integrace cizinc\u016f (v\u00fdzkumn\u00e1 zpr\u00e1va: S\u00fdkora, L., Matou\u0161ek, R., Brabec., T., 2010, P\u0159\u00edpadov\u00e1 studie lokality Bene\u0161ov nad \u010cernou z&nbsp;hlediska prostorov\u00e9 segregace cizinc\u016f: ekonomick\u00fd rozvoj a d\u016fsledky ekonomick\u00e9 krize)<\/p>\n\n\n\n<p style=\"font-size:18px\">2009 &#8211; MMR \u010cR, Prevence prostorov\u00e9 segregace, Ministerstvo pro m\u00edstn\u00ed rozvoj (v\u00fdstupem je kniha S\u00fdkora, L., ed., 2010, Reziden\u010dn\u00ed segregace. Praha, Univerzita Karlova v&nbsp;Praze, P\u0159\u00edrodov\u011bdeck\u00e1 fakulta a Ministerstvo pro m\u00edstn\u00ed rozvoj \u010cesk\u00e9 republiky, 144 s. ISBN 978-80-86561-34-9, ISBN 978-80-87147-25-2)<\/p>\n\n\n\n<p style=\"font-size:18px\">2004 \u2013 MMR \u010cR, Mo\u017enosti vyu\u017eit\u00ed \u00fazemn\u00edho pl\u00e1nov\u00e1n\u00ed pro prevenci prostorov\u00e9 segregace<\/p>\n\n\n\n<figure class=\"wp-block-image size-large\"><img loading=\"lazy\" decoding=\"async\" width=\"1024\" height=\"384\" src=\"http:\/\/web.natur.cuni.cz\/segregace\/wp-content\/uploads\/2023\/01\/podekovani-1024x384.png\" alt=\"\" class=\"wp-image-5894\" srcset=\"https:\/\/web.natur.cuni.cz\/segregace\/wp-content\/uploads\/2023\/01\/podekovani-1024x384.png 1024w, https:\/\/web.natur.cuni.cz\/segregace\/wp-content\/uploads\/2023\/01\/podekovani-300x113.png 300w, https:\/\/web.natur.cuni.cz\/segregace\/wp-content\/uploads\/2023\/01\/podekovani-768x288.png 768w, https:\/\/web.natur.cuni.cz\/segregace\/wp-content\/uploads\/2023\/01\/podekovani-1536x576.png 1536w, https:\/\/web.natur.cuni.cz\/segregace\/wp-content\/uploads\/2023\/01\/podekovani-2048x768.png 2048w\" sizes=\"auto, (max-width: 1024px) 100vw, 1024px\" \/><\/figure>\n","protected":false},"excerpt":{"rendered":"<p>Projekty v\u00fdzkumu segregace a soci\u00e1ln\u00edho vylou\u010den\u00ed, sou\u017eit\u00ed a integrace V\u00fdzkum v\u00a0oblastech segregace a soci\u00e1ln\u00edho vylou\u010den\u00ed, sou\u017eit\u00ed a integrace byl realizov\u00e1n v\u00a0r\u00e1mci projekt\u016f z\u00e1kladn\u00edho v\u00fdzkumu (podpo\u0159en\u00e9ho Grantovou agenturou \u010cR, M\u0160MT \u010cR), aplikovan\u00e9ho v\u00fdzkumu (podpo\u0159en\u00e9ho Technologickou agenturou \u010cR, MMR \u010cR), smluvn\u00edho v\u00fdzkumu (pro ministerstva a samospr\u00e1vy m\u011bst a m\u011bstsk\u00fdch \u010d\u00e1st\u00ed) a v\u00fdzkumu \u0159e\u0161en\u00e9ho v\u00a0r\u00e1mci doktorsk\u00fdch dizertac\u00ed a [&hellip;]<\/p>\n","protected":false},"author":3,"featured_media":0,"parent":0,"menu_order":0,"comment_status":"closed","ping_status":"closed","template":"","meta":{"_uag_custom_page_level_css":"","footnotes":""},"class_list":["post-5844","page","type-page","status-publish","hentry"],"uagb_featured_image_src":{"full":false,"thumbnail":false,"medium":false,"medium_large":false,"large":false,"1536x1536":false,"2048x2048":false},"uagb_author_info":{"display_name":"Adam Martinek","author_link":"https:\/\/web.natur.cuni.cz\/segregace\/author\/martinek\/"},"uagb_comment_info":0,"uagb_excerpt":"Projekty v\u00fdzkumu segregace a soci\u00e1ln\u00edho vylou\u010den\u00ed, sou\u017eit\u00ed a integrace V\u00fdzkum v\u00a0oblastech segregace a soci\u00e1ln\u00edho vylou\u010den\u00ed, sou\u017eit\u00ed a integrace byl realizov\u00e1n v\u00a0r\u00e1mci projekt\u016f z\u00e1kladn\u00edho v\u00fdzkumu (podpo\u0159en\u00e9ho Grantovou agenturou \u010cR, M\u0160MT \u010cR), aplikovan\u00e9ho v\u00fdzkumu (podpo\u0159en\u00e9ho Technologickou agenturou \u010cR, MMR \u010cR), smluvn\u00edho v\u00fdzkumu (pro ministerstva a samospr\u00e1vy m\u011bst a m\u011bstsk\u00fdch \u010d\u00e1st\u00ed) a v\u00fdzkumu \u0159e\u0161en\u00e9ho v\u00a0r\u00e1mci doktorsk\u00fdch dizertac\u00ed a&hellip;","_links":{"self":[{"href":"https:\/\/web.natur.cuni.cz\/segregace\/wp-json\/wp\/v2\/pages\/5844","targetHints":{"allow":["GET"]}}],"collection":[{"href":"https:\/\/web.natur.cuni.cz\/segregace\/wp-json\/wp\/v2\/pages"}],"about":[{"href":"https:\/\/web.natur.cuni.cz\/segregace\/wp-json\/wp\/v2\/types\/page"}],"author":[{"embeddable":true,"href":"https:\/\/web.natur.cuni.cz\/segregace\/wp-json\/wp\/v2\/users\/3"}],"replies":[{"embeddable":true,"href":"https:\/\/web.natur.cuni.cz\/segregace\/wp-json\/wp\/v2\/comments?post=5844"}],"version-history":[{"count":7,"href":"https:\/\/web.natur.cuni.cz\/segregace\/wp-json\/wp\/v2\/pages\/5844\/revisions"}],"predecessor-version":[{"id":5989,"href":"https:\/\/web.natur.cuni.cz\/segregace\/wp-json\/wp\/v2\/pages\/5844\/revisions\/5989"}],"wp:attachment":[{"href":"https:\/\/web.natur.cuni.cz\/segregace\/wp-json\/wp\/v2\/media?parent=5844"}],"curies":[{"name":"wp","href":"https:\/\/api.w.org\/{rel}","templated":true}]}}