{"id":5902,"date":"2023-01-25T22:04:10","date_gmt":"2023-01-25T21:04:10","guid":{"rendered":"https:\/\/web.natur.cuni.cz\/segregace\/?page_id=5902"},"modified":"2023-02-05T15:00:25","modified_gmt":"2023-02-05T14:00:25","slug":"gauk","status":"publish","type":"page","link":"https:\/\/web.natur.cuni.cz\/segregace\/gauk\/","title":{"rendered":"Projekty z\u00e1kladn\u00edho v\u00fdzkumu podpo\u0159en\u00e9 Grantovou agenturou Univerzity Karlovy"},"content":{"rendered":"\n<p style=\"font-size:18px\"><a href=\"https:\/\/cuni.cz\/UK-9291.html\">Grantov\u00e1 agentura univerzity (GA UK)<\/a> je vnit\u0159n\u00ed grantov\u00e1 agentura Univerzity Karlovy, kter\u00e1 podporuje v\u00fdzkum studenty v doktorsk\u00e9m a magistersk\u00e9m studiu.<\/p>\n\n\n\n<div style=\"height:26px\" aria-hidden=\"true\" class=\"wp-block-spacer\"><\/div>\n\n\n\n<p style=\"font-size:18px\">V&nbsp;r\u00e1mci Centra pro v\u00fdzkum m\u011bsta a region\u016f na kated\u0159e soci\u00e1ln\u00ed geografie a region\u00e1ln\u00edho rozvoje P\u0159F UK byly realizov\u00e1ny n\u00e1sleduj\u00edc\u00ed projekty GAUK zam\u011b\u0159en\u00e9 na t\u00e9mata spojen\u00e1 se segregac\u00ed, soci\u00e1ln\u00edm vylou\u010den\u00edm a integrac\u00ed:&nbsp;<\/p>\n\n\n\n<div style=\"height:26px\" aria-hidden=\"true\" class=\"wp-block-spacer\"><\/div>\n\n\n\n<p style=\"font-size:18px\">2018-2020 &#8211; V\u00edce\u00farov\u0148ov\u00e1 separace rusk\u00fdch imigrant\u016f v postsocialistick\u00e9m m\u011bst\u011b (Ekaterina Ignatyeva) (GAUK, \u010d. 192418)<\/p>\n\n\n\n<p style=\"font-size:18px\">2014-2015 &#8211; Dvojit\u00e1 marginalizace. P\u0159edpoklady soci\u00e1ln\u00edho vylou\u010den\u00ed a mo\u017enosti za\u010dle\u0148ov\u00e1n\u00ed Rom\u016f na \u010desk\u00e9m venkov\u011b. (Jakob Hurrle) (GAUK, \u010d. 1576214)<\/p>\n\n\n\n<p style=\"font-size:18px\">2013-2014 &#8211; Zahrani\u010dn\u00ed migrace a prom\u011bny soci\u00e1ln\u011b prostorov\u00fdch struktur m\u011bst (Kl\u00e1ra Fiedlerov\u00e1) (GAUK, \u010d. 1216313)<\/p>\n\n\n\n<p style=\"font-size:18px\">2011-2012 &#8211; \u017divot za branou: p\u0159\u00ed\u010diny vzniku a d\u016fsledky gated communities v&nbsp;\u010cesku (Tom\u00e1\u0161 Brabec) (GAUK, \u010d. 284511)<\/p>\n\n\n\n<p style=\"font-size:18px\">2009-2011 &#8211; Vliv bytov\u00e9 politiky na soci\u00e1ln\u00ed a environment\u00e1ln\u00ed spravedlnost (Roman Matou\u0161ek) (GAUK, \u010d. 3609)<\/p>\n\n\n\n<div style=\"height:26px\" aria-hidden=\"true\" class=\"wp-block-spacer\"><\/div>\n\n\n\n<p style=\"font-size:25px\"><strong>V\u00edce\u00farov\u0148ov\u00e1 separace rusk\u00fdch imigrant\u016f v postsocialistick\u00e9m m\u011bst\u011b<\/strong><\/p>\n\n\n\n<div style=\"height:26px\" aria-hidden=\"true\" class=\"wp-block-spacer\"><\/div>\n\n\n\n<p style=\"font-size:18px\"><strong><em>Ekaterina Ignatyeva<\/em><\/strong><\/p>\n\n\n\n<p style=\"font-size:18px\">Projekt zkoumal procesy segregace a separace rusk\u00fdch imigrant\u016f v Praze. Zam\u011b\u0159il se na sledov\u00e1n\u00ed a hodnocen\u00ed prostorov\u00fdch vzorc\u016f jejich rozm\u00edst\u011bn\u00ed s&nbsp;d\u016frazem na identifikaci prostorov\u00fdch koncentrac\u00ed, na ka\u017edodenn\u00ed soci\u00e1ln\u00ed interakce s majoritou, ostatn\u00edmi cizinci a krajany, a na podm\u00edn\u011bnosti integrace as ohledem na historii vz\u00e1jemn\u00fdch vztah\u016f, kulturn\u00ed odli\u0161nosti,&nbsp; roli n\u00e1rodn\u00ed migra\u010dn\u00ed a integra\u010dn\u00ed politiky a praktik na lok\u00e1ln\u00ed \u00farovni. Projekt se rovn\u011b\u017e zam\u011b\u0159il na mo\u017enosti prevence separace cizinc\u016f s c\u00edlem zv\u00fd\u0161it efektivitu a \u00fasp\u011b\u0161nost jejich integrace do majoritn\u00ed spole\u010dnosti.<\/p>\n\n\n\n<div style=\"height:26px\" aria-hidden=\"true\" class=\"wp-block-spacer\"><\/div>\n\n\n\n<p style=\"font-size:18px\"><strong>Publika\u010dn\u00ed v\u00fdstupy<\/strong><\/p>\n\n\n\n<p style=\"font-size:18px\">Ignatyeva E. (2020<a href=\"https:\/\/karolinum.cz\/data\/clanek\/8301\/Geogr_55_2_0137.pdf\">) Symbolic and social boundaries of the integration of Russian immigrants in Czechia<\/a>.&nbsp;AUC Geographica&nbsp;(Acta Universitatis Carolinae Geographica) 55 (2),&nbsp;137-148.<\/p>\n\n\n\n<p style=\"font-size:18px\">Ignatyeva, E., S\u00fdkora, L. (2019) <a href=\"https:\/\/geografie.cz\/media\/pdf\/geo_2019124030341.pdf\">Ciz\u00ed mezi sv\u00fdmi: lok\u00e1ln\u00ed interakce, integrace a segregace rusk\u00fdch imigrant\u016f v Praze<\/a>.&nbsp;Geografie 124 (3),&nbsp;341\u2013364.<\/p>\n\n\n\n<div style=\"height:26px\" aria-hidden=\"true\" class=\"wp-block-spacer\"><\/div>\n\n\n\n<p style=\"font-size:25px\"><strong>Dvojit\u00e1 marginalizace. P\u0159edpoklady soci\u00e1ln\u00edho vylou\u010den\u00ed a mo\u017enosti za\u010dle\u0148ov\u00e1n\u00ed Rom\u016f na \u010desk\u00e9m venkov\u011b.<\/strong><\/p>\n\n\n\n<div style=\"height:26px\" aria-hidden=\"true\" class=\"wp-block-spacer\"><\/div>\n\n\n\n<p style=\"font-size:18px\"><em><strong>Jakob Hurrle<\/strong><\/em><\/p>\n\n\n\n<p style=\"font-size:18px\">V\u00fdzkum na p\u0159\u00edkladu vybran\u00fdch mikroregion\u016f v r\u016fzn\u00fdch \u010d\u00e1stech \u010ceska mapoval situaci Rom\u016f ve venkovsk\u00fdch obc\u00edch a pouk\u00e1zal na hlavn\u00ed v\u00fdvojov\u00e9 trendy. Zam\u011b\u0159il se na ot\u00e1zku, nakolik je pozorovan\u00fd n\u00e1r\u016fst po\u010dtu soci\u00e1ln\u011b vylou\u010den\u00fdch lokalit na venkov\u011b zp\u016fsoben migrac\u00ed z d\u016fvodu chudoby. D\u00e1le sledoval, jak\u00e9 kapacity maj\u00ed venkovsk\u00e9 obce a dal\u0161\u00ed m\u00edstn\u00ed akt\u00e9\u0159i v oblastech soci\u00e1ln\u00edho za\u010dle\u0148ov\u00e1n\u00ed a jak jsou aktivn\u00ed. V\u00fdzkumu sm\u011b\u0159oval i k&nbsp;doporu\u010den\u00edm, jak l\u00e9pe zohled\u0148ovat specifickou situaci Rom\u016f ve venkovsk\u00fdch obc\u00edch.<\/p>\n\n\n\n<div style=\"height:26px\" aria-hidden=\"true\" class=\"wp-block-spacer\"><\/div>\n\n\n\n<p style=\"font-size:18px\"><strong>Publika\u010dn\u00ed v\u00fdstupy<\/strong><\/p>\n\n\n\n<p style=\"font-size:18px\">Trlifajova, L., Hurrle, J. (2018) St\u011bhov\u00e1n\u00ed chud\u00fdch a vznik soci\u00e1ln\u011b vylou\u010den\u00fdch lokalit na venkov\u011b z perspektivy m\u00edstn\u00edch samospr\u00e1v. In: Bernard, J. (ed.), Kosteleck\u00fd, T., Mike\u0161ov\u00e1, R., \u0160afr, J., \u0160imon, M., Trlifajov\u00e1, L., Hurrle, J.,\u00a0<a href=\"https:\/\/www.soc.cas.cz\/publikace\/nic-se-tady-nedeje-zivotni-podminky-na-perifernim-venkove\">Nic se tady ned\u011bje&#8230; \u017divotn\u00ed podm\u00ednky na perifern\u00edm venkov\u011b<\/a>.\u00a0Praha:\u00a0Sociologick\u00e9 nakladatelstv\u00ed SLON \/ Sociologick\u00fd \u00fastav AV \u010cR, v.v.i.\u00a0244 s.<\/p>\n\n\n\n<p style=\"font-size:18px\">Hurrle, J., S\u00fdkora, L., Trlifajov\u00e1, L., Ku\u010dera, P. (2016) <a href=\"https:\/\/geografie.cz\/media\/pdf\/geo_2016121040544.pdf\">Socially excluded localities revisited<\/a>. Geografie 121 (4), 548\u2013569.<\/p>\n\n\n\n<div style=\"height:26px\" aria-hidden=\"true\" class=\"wp-block-spacer\"><\/div>\n\n\n\n<p style=\"font-size:25px\"><strong>Zahrani\u010dn\u00ed migrace a prom\u011bny soci\u00e1ln\u011b prostorov\u00fdch struktur m\u011bst<\/strong><\/p>\n\n\n\n<div style=\"height:26px\" aria-hidden=\"true\" class=\"wp-block-spacer\"><\/div>\n\n\n\n<p style=\"font-size:18px\"><em><strong>Kl\u00e1ra Fiedlerov\u00e1<\/strong><\/em><\/p>\n\n\n\n<p style=\"font-size:18px\">Projekt zkoumal d\u016fsledky koncentrac\u00ed cizinc\u016f pro prom\u011bny m\u011bst, reziden\u010dn\u00ed segregaci a soci\u00e1ln\u00ed soudr\u017enost. P\u0159edm\u011btem v\u00fdzkumu byly dv\u011b v\u00fdznamn\u00e9 lokality vysok\u00e9 koncentrace cizinc\u016f. Karlovy Vary a rusky mluv\u00edc\u00ed cizinci a Praha-Libu\u0161 s are\u00e1lem Sapa, kter\u00fd je zn\u00e1m\u00fd koncentrac\u00ed Vietnamc\u016f. V\u00fdzkum se zam\u011b\u0159il na to, jak dalece doch\u00e1z\u00ed v t\u011bchto lokalit\u00e1ch k vytv\u00e1\u0159en\u00ed uzav\u0159en\u00fdch enkl\u00e1v cizinc\u016f, nebo naopak, zda jsou tyto koncentrace migrant\u016f vstupn\u00edmi m\u00edsty jejich postupn\u00e9 integrace do \u010desk\u00e9 spole\u010dnosti. Projekt se zab\u00fdval (1) podm\u00edn\u011bnostmi a mechanismy vzniku koncentrac\u00ed cizinc\u016f, (2) ka\u017edodenn\u00edm \u017eivotem koncentrac\u00ed s d\u016frazem na reprodukci a rozvoj soci\u00e1ln\u00edho, kulturn\u00edho a ekonomick\u00e9ho \u017eivota migrant\u016f a (3) vztahy mezi cizinci a majoritn\u00ed spole\u010dnost\u00ed v m\u00edstn\u00edm kontextu.<\/p>\n\n\n\n<div style=\"height:26px\" aria-hidden=\"true\" class=\"wp-block-spacer\"><\/div>\n\n\n\n<p style=\"font-size:18px\"><strong>Publika\u010dn\u00ed v\u00fdstupy<\/strong><\/p>\n\n\n\n<p style=\"font-size:18px\">S\u00fdkora, L., Fiedlerov\u00e1, K., Freidingerov\u00e1, T., Svobodov\u00e1, A., \u010cerm\u00e1kov\u00e1, D. (2016) <a href=\"https:\/\/sreview.soc.cas.cz\/pdfs\/csr\/2016\/04\/01.pdf\">Sou\u017eit\u00ed v&nbsp;m\u011bstsk\u00e9 \u010dtvrti: majorita a Vietnamci v Praze-Libu\u0161i<\/a>. Sociologick\u00fd \u010dasopis \/ Czech Sociological Review 52 (4), 475-504.<\/p>\n\n\n\n<p style=\"font-size:18px\">Fiedlerov\u00e1, K., S\u00fdkora, L. (2016) Everyday Conviviality in the Emerging Multicultural Neighborhood: Insights from a Postsocialist City. (manuskript)<\/p>\n\n\n\n<div style=\"height:26px\" aria-hidden=\"true\" class=\"wp-block-spacer\"><\/div>\n\n\n\n<p style=\"font-size:25px\"><strong>\u017divot za branou: p\u0159\u00ed\u010diny vzniku a d\u016fsledky gated communities v&nbsp;\u010cesku<\/strong><\/p>\n\n\n\n<div style=\"height:26px\" aria-hidden=\"true\" class=\"wp-block-spacer\"><\/div>\n\n\n\n<p style=\"font-size:18px\"><strong><em>Tom\u00e1\u0161 Brabec<\/em><\/strong><\/p>\n\n\n\n<p>Hlavn\u00edm c\u00edlem projektu bylo zhodnotit p\u0159\u00ed\u010diny vzniku a d\u016fsledky gated communities v \u010cesku a t\u00edm p\u0159isp\u011bt k celkov\u00e9mu pozn\u00e1n\u00ed v\u00fdznamu gated communities v prom\u011bn\u00e1ch post-socialistick\u00fdch m\u011bst. Gated communities jsou nov\u00fdm specifick\u00fdm jevem charakterizuj\u00edc\u00edm spole\u010dnost v sou\u010dasn\u00fdch globalizujic\u00edch se m\u011bstech. Jejich po\u010det rychle nar\u016fst\u00e1 a s t\u00edm i pod\u00edl obyvatel \u017eij\u00edc\u00edch v uzav\u0159en\u00fdch reziden\u010dn\u00edch komplexech. Pro zji\u0161t\u011bn\u00ed p\u0159\u00ed\u010din a d\u016fsledk\u016f je d\u016fle\u017eit\u00e9 d\u016fkladn\u011b zmapovat v\u00fdvoj v\u00fdstavby, prostorov\u00e9 roz\u0161\u00ed\u0159en\u00ed a vlastnosti t\u011bchto objekt\u016f. Rozvoj gated communities p\u0159edstavuje zna\u010dn\u00e1 spole\u010densk\u00e1 rizika jako nap\u0159. posilov\u00e1n\u00ed soci\u00e1ln\u00ed polarizace, oslaben\u00ed soci\u00e1ln\u00ed koheze, vytvo\u0159en\u00ed um\u011bl\u00fdch bari\u00e9r mezi soci\u00e1ln\u00edmi skupinami, fragmentaci spole\u010dnosti a soci\u00e1ln\u011b-prostorov\u00e9 organizace m\u011bst. Pozn\u00e1n\u00ed formov\u00e1n\u00ed gated communities a d\u016fsledk\u016f jejich existence pom\u016f\u017ee p\u0159i spr\u00e1vn\u00e9m usm\u011br\u0148ov\u00e1n\u00ed rozvoje s\u00eddel a bydlen\u00ed s c\u00edlem omezit negativn\u00ed d\u016fsledky pro rozvoj spole\u010dnosti a m\u011bst.<\/p>\n\n\n\n<div style=\"height:26px\" aria-hidden=\"true\" class=\"wp-block-spacer\"><\/div>\n\n\n\n<p style=\"font-size:18px\"><strong>Publika\u010dn\u00ed v\u00fdstupy<\/strong><\/p>\n\n\n\n<p style=\"font-size:18px\">Brabec, T., Machala, B. (2015) <a href=\"https:\/\/karolinum.cz\/en\/journal\/auc-geographica\/year-50\/issue-2\/article-2192\">The role of developers in formation of gated communities in Prague<\/a>.&nbsp;Acta Universitatis Carolinae Geographica 50 (2),&nbsp;115\u2013123.<\/p>\n\n\n\n<p style=\"font-size:18px\">Brabec, T. (2015) <a href=\"https:\/\/www.geograficke-rozhledy.cz\/archiv\/clanek\/185\">Uzav\u0159en\u00e9 reziden\u010dn\u00ed are\u00e1ly jako p\u0159\u00edklad reziden\u010dn\u00ed segregace v Praze.&nbsp;Geografick\u00e9 rozhledy<\/a>, 24 (5),&nbsp;32.<\/p>\n\n\n\n<p style=\"font-size:18px\">Brabec, T. (2014) <a href=\"https:\/\/geografie.cz\/media\/pdf\/geo_2014119030278.pdf\">Uzav\u0159en\u00e9 reziden\u010dn\u00ed are\u00e1ly jako symbol postmodern\u00edho m\u011bsta: p\u0159\u00edklad Prahy<\/a>.&nbsp;Geografie 119 (3),&nbsp;278-298.&nbsp;<\/p>\n\n\n\n<p style=\"font-size:18px\">Brabec, T. (2013) <a href=\"https:\/\/www.uur.cz\/media\/gepk2dqq\/11_nektere.pdf\">N\u011bkter\u00e9 negativn\u00ed d\u016fsledky investov\u00e1n\u00ed do nemovitost\u00ed..&nbsp;Urbanismus a uzemn\u00ed rozvoj<\/a>,&nbsp;16 (4),&nbsp;61\u201365.&nbsp;<\/p>\n\n\n\n<div style=\"height:26px\" aria-hidden=\"true\" class=\"wp-block-spacer\"><\/div>\n\n\n\n<p style=\"font-size:25px\"><strong>Vliv bytov\u00e9 politiky na soci\u00e1ln\u00ed a environment\u00e1ln\u00ed spravedlnost<\/strong><\/p>\n\n\n\n<div style=\"height:26px\" aria-hidden=\"true\" class=\"wp-block-spacer\"><\/div>\n\n\n\n<p style=\"font-size:18px\"><em><strong>Roman Matou\u0161ek<\/strong><\/em><\/p>\n\n\n\n<p style=\"font-size:18px\">Projekt propojil v\u00fdzkum environment\u00e1ln\u00ed spravedlnosti s v\u00fdzkumem soci\u00e1ln\u00ed spravedlnosti, p\u0159edev\u0161\u00edm postaven\u00edm soci\u00e1ln\u011b slab\u00fdch obyvatel. Zam\u011b\u0159il se na studium vlivu bytov\u00e9 politiky uplat\u0148ovan\u00e9 ve velk\u00fdch m\u011bstech \u010ceska na postaven\u00ed soci\u00e1ln\u011b slab\u00fdch obyvatel a kvalitu jejich reziden\u010dn\u00edho prost\u0159ed\u00ed. Projekt c\u00edlil i na vyu\u017eit\u00ed v\u00fdsledk\u016f p\u0159i rozhodov\u00e1n\u00ed instituc\u00ed ve\u0159ejn\u00e9ho sektoru.<\/p>\n\n\n\n<div style=\"height:26px\" aria-hidden=\"true\" class=\"wp-block-spacer\"><\/div>\n\n\n\n<p style=\"font-size:18px\"><strong>Publika\u010dn\u00ed v\u00fdstupy<\/strong><\/p>\n\n\n\n<p style=\"font-size:18px\">Matou\u0161ek, R., S\u00fdkora, L. (2011) <a href=\"https:\/\/karolinum.cz\/data\/clanek\/4047\/Geogr_2_2011_81.94.pdf\">Environmental Justice and Residential Segregation in Czechia: the Case of Roma Resettlement in the Town of Vset\u00edn<\/a>.&nbsp;Acta Universitatis Carolinae Geographica,&nbsp;46 (2),&nbsp;81\u201394.&nbsp;<\/p>\n\n\n\n<p style=\"font-size:18px\">Matou\u0161ek, R. (2010) <a href=\"https:\/\/www.geograficke-rozhledy.cz\/archiv\/clanek\/606\">Segregace Rom\u016f a \u017eivotn\u00ed prost\u0159ed\u00ed \u2013 p\u0159\u00edklad Vset\u00edna<\/a>.&nbsp;Geografick\u00e9 rozhledy,&nbsp;19 (4),&nbsp;24\u201325.<\/p>\n\n\n\n<figure class=\"wp-block-image size-large\"><img loading=\"lazy\" decoding=\"async\" width=\"1024\" height=\"384\" src=\"http:\/\/web.natur.cuni.cz\/segregace\/wp-content\/uploads\/2023\/01\/podekovani-1024x384.png\" alt=\"\" class=\"wp-image-5894\" srcset=\"https:\/\/web.natur.cuni.cz\/segregace\/wp-content\/uploads\/2023\/01\/podekovani-1024x384.png 1024w, https:\/\/web.natur.cuni.cz\/segregace\/wp-content\/uploads\/2023\/01\/podekovani-300x113.png 300w, https:\/\/web.natur.cuni.cz\/segregace\/wp-content\/uploads\/2023\/01\/podekovani-768x288.png 768w, https:\/\/web.natur.cuni.cz\/segregace\/wp-content\/uploads\/2023\/01\/podekovani-1536x576.png 1536w, https:\/\/web.natur.cuni.cz\/segregace\/wp-content\/uploads\/2023\/01\/podekovani-2048x768.png 2048w\" sizes=\"auto, (max-width: 1024px) 100vw, 1024px\" \/><\/figure>\n","protected":false},"excerpt":{"rendered":"<p>Grantov\u00e1 agentura univerzity (GA UK) je vnit\u0159n\u00ed grantov\u00e1 agentura Univerzity Karlovy, kter\u00e1 podporuje v\u00fdzkum studenty v doktorsk\u00e9m a magistersk\u00e9m studiu. V&nbsp;r\u00e1mci Centra pro v\u00fdzkum m\u011bsta a region\u016f na kated\u0159e soci\u00e1ln\u00ed geografie a region\u00e1ln\u00edho rozvoje P\u0159F UK byly realizov\u00e1ny n\u00e1sleduj\u00edc\u00ed projekty GAUK zam\u011b\u0159en\u00e9 na t\u00e9mata spojen\u00e1 se segregac\u00ed, soci\u00e1ln\u00edm vylou\u010den\u00edm a integrac\u00ed:&nbsp; 2018-2020 &#8211; V\u00edce\u00farov\u0148ov\u00e1 separace [&hellip;]<\/p>\n","protected":false},"author":3,"featured_media":0,"parent":0,"menu_order":0,"comment_status":"closed","ping_status":"closed","template":"","meta":{"_uag_custom_page_level_css":"","footnotes":""},"class_list":["post-5902","page","type-page","status-publish","hentry"],"uagb_featured_image_src":{"full":false,"thumbnail":false,"medium":false,"medium_large":false,"large":false,"1536x1536":false,"2048x2048":false},"uagb_author_info":{"display_name":"Adam Martinek","author_link":"https:\/\/web.natur.cuni.cz\/segregace\/author\/martinek\/"},"uagb_comment_info":0,"uagb_excerpt":"Grantov\u00e1 agentura univerzity (GA UK) je vnit\u0159n\u00ed grantov\u00e1 agentura Univerzity Karlovy, kter\u00e1 podporuje v\u00fdzkum studenty v doktorsk\u00e9m a magistersk\u00e9m studiu. V&nbsp;r\u00e1mci Centra pro v\u00fdzkum m\u011bsta a region\u016f na kated\u0159e soci\u00e1ln\u00ed geografie a region\u00e1ln\u00edho rozvoje P\u0159F UK byly realizov\u00e1ny n\u00e1sleduj\u00edc\u00ed projekty GAUK zam\u011b\u0159en\u00e9 na t\u00e9mata spojen\u00e1 se segregac\u00ed, soci\u00e1ln\u00edm vylou\u010den\u00edm a integrac\u00ed:&nbsp; 2018-2020 &#8211; V\u00edce\u00farov\u0148ov\u00e1 separace&hellip;","_links":{"self":[{"href":"https:\/\/web.natur.cuni.cz\/segregace\/wp-json\/wp\/v2\/pages\/5902","targetHints":{"allow":["GET"]}}],"collection":[{"href":"https:\/\/web.natur.cuni.cz\/segregace\/wp-json\/wp\/v2\/pages"}],"about":[{"href":"https:\/\/web.natur.cuni.cz\/segregace\/wp-json\/wp\/v2\/types\/page"}],"author":[{"embeddable":true,"href":"https:\/\/web.natur.cuni.cz\/segregace\/wp-json\/wp\/v2\/users\/3"}],"replies":[{"embeddable":true,"href":"https:\/\/web.natur.cuni.cz\/segregace\/wp-json\/wp\/v2\/comments?post=5902"}],"version-history":[{"count":3,"href":"https:\/\/web.natur.cuni.cz\/segregace\/wp-json\/wp\/v2\/pages\/5902\/revisions"}],"predecessor-version":[{"id":5981,"href":"https:\/\/web.natur.cuni.cz\/segregace\/wp-json\/wp\/v2\/pages\/5902\/revisions\/5981"}],"wp:attachment":[{"href":"https:\/\/web.natur.cuni.cz\/segregace\/wp-json\/wp\/v2\/media?parent=5902"}],"curies":[{"name":"wp","href":"https:\/\/api.w.org\/{rel}","templated":true}]}}