{"id":5991,"date":"2023-02-13T15:14:37","date_gmt":"2023-02-13T14:14:37","guid":{"rendered":"https:\/\/web.natur.cuni.cz\/segregace\/?page_id=5991"},"modified":"2023-02-13T15:20:05","modified_gmt":"2023-02-13T14:20:05","slug":"dataseg","status":"publish","type":"page","link":"https:\/\/web.natur.cuni.cz\/segregace\/dataseg\/","title":{"rendered":"Data vyu\u017e\u00edvan\u00e1 v aplikac\u00edch na t\u00e9ma soci\u00e1ln\u00ed vylou\u010den\u00ed a segregace"},"content":{"rendered":"\n<p style=\"font-size:16px\">Pro identifikaci lokalit s&nbsp;riziky segregace je nezbytn\u00e9 postihnout obyvatele ohro\u017een\u00e9 soci\u00e1ln\u00edm vylou\u010den\u00edm, velmi detailn\u011b je lokalizovat v&nbsp;\u00fazem\u00ed m\u011bst a obc\u00ed a<strong> identifikovat jejich v\u00fdznamn\u00e9 prostorov\u00e9 koncentrace<\/strong>. Pro zachycen\u00ed obyvatel ohro\u017een\u00fdch chudobou a materi\u00e1ln\u00ed deprivac\u00ed syst\u00e9m vyu\u017e\u00edv\u00e1 data o <strong>p\u0159\u00edjemc\u00edch p\u0159\u00edsp\u011bvku na \u017eivobyt\u00ed<\/strong>. Jde o z\u00e1kladn\u00ed d\u00e1vku pomoci v&nbsp;hmotn\u00e9 nouzi pro <strong>osoby\/rodiny <\/strong>s nedostate\u010dn\u00fdmi p\u0159\u00edjmy, kter\u00e9 z&nbsp;nich nemohou zajistit z\u00e1kladn\u00ed \u017eivotn\u00ed pot\u0159eby. Konkr\u00e9tn\u011b jde o po\u010dty <strong>spole\u010dn\u011b posuzovan\u00fdch osob<\/strong> pro poskytnut\u00ed <strong>p\u0159\u00edsp\u011bvku na \u017eivobyt\u00ed<\/strong> (d\u00e1le SPO PNZ).<\/p>\n\n\n\n<p style=\"font-size:15px\">P\u0159\u00edjemci p\u0159\u00edsp\u011bvku na \u017eivobyt\u00ed byli z&nbsp;n\u011bkolika d\u016fvod\u016f zvoleni jako nejvhodn\u011bj\u0161\u00ed indik\u00e1tor c\u00edlov\u00e9 skupiny osob, kter\u00e9 jsou ohro\u017eeny soci\u00e1ln\u00edm vylou\u010den\u00edm, charakterizov\u00e1ny obt\u00ed\u017eemi p\u0159i po\u0159\u00edzen\u00ed bydlen\u00ed, jejich\u017e koncentrace v&nbsp;prostoru m\u011bst a obc\u00ed m\u016f\u017ee v\u00e9st k&nbsp;ne\u017e\u00e1douc\u00ed segregaci. Jde o <strong>jednoduch\u00fd<\/strong> ukazatel, kter\u00fd <strong>integr\u00e1ln\u011b<\/strong> <strong>zachycuje stav chudoby a materi\u00e1ln\u00ed deprivace<\/strong> pro <strong>\u0161irok\u00e9 spektrum obyvatel<\/strong> v nerovn\u00e9m soci\u00e1ln\u00edm postaven\u00ed a znev\u00fdhodn\u011bn\u00ed, jako jsou nezam\u011bstnan\u00ed, velk\u00e9 rodiny s&nbsp;d\u011btmi, zraniteln\u00ed senio\u0159i \u010di zdravotn\u011b hendikepovan\u00ed. Je pravideln\u011b monitorov\u00e1n MPSV \u010cR a umo\u017e\u0148uje tak zachytit jak <strong>aktu\u00e1ln\u00ed<\/strong> situaci, tak <strong>dlouhodob\u011bj\u0161\u00ed<\/strong> v\u00fdvoj. Je plo\u0161n\u011b dostupn\u00fd pro cel\u00e9 <strong>\u010cesko <\/strong>a z\u00e1rove\u0148 umo\u017e\u0148uje postihnout velk\u00fd <strong>\u00fazemn\u00ed detail<\/strong>.<\/p>\n\n\n\n<p style=\"font-size:16px\">Anal\u00fdza pracuje s \u00fadaji o po\u010dtech SPO PNZ v&nbsp;mal\u00fdch \u00fazem\u00edch, tzv. z\u00e1kladn\u00edch s\u00eddeln\u00edch jednotk\u00e1ch (ZSJ &#8211; 22,5 tis\u00edce lokalit), kter\u00e9 poskytuje MPSV \u010cR pro m\u011bs\u00edce <strong>\u010derven a prosinec, po\u010d\u00ednaje rokem 2015<\/strong>. Anal\u00fdza a hodnocen\u00ed tak umo\u017e\u0148uje postihnout <strong>v\u00fdvojov\u00e9 trendy<\/strong>. \u00dadaje o p\u0159esn\u00fdch po\u010dtech SPO v&nbsp;ZSJ jsou poskytnuty pouze za ZSJ s&nbsp;minim\u00e1ln\u00edm po\u010dtem deseti SPO. U ZSJ s&nbsp;ni\u017e\u0161\u00edm po\u010dtem SPO ne\u017e 10 nen\u00ed p\u0159esn\u00fd po\u010det SPO uv\u00e1d\u011bn, a to z&nbsp;d\u016fvodu anonymizace individu\u00e1ln\u00edch dat).<\/p>\n\n\n\n<p style=\"font-size:16px\">Pro spolehlivost anal\u00fdz a hodnocen\u00ed jsou zcela z\u00e1sadn\u00ed \u00fadaje o po\u010dtu obyvatel v&nbsp;ZSJ. Ty jsou \u0161et\u0159en\u00e9 v r\u00e1mci S\u010d\u00edt\u00e1n\u00ed lidu, dom\u016f a byt\u016f, kter\u00e9 se uskute\u010d\u0148uje jednou za deset let, a \u00fadaje tud\u00ed\u017e v&nbsp;n\u011bkter\u00fdch \u00fazem\u00edch velmi rychle zastar\u00e1vaj\u00ed. Pro pot\u0159eby identifikace a hodnocen\u00ed lokalit segregace byl p\u0159ipraven a vyu\u017eit specifick\u00fd <strong>postup modelov\u00e1n\u00ed po\u010dtu obyvatel v&nbsp;ZSJ,<\/strong> a to rozpo\u010d\u00edt\u00e1n\u00edm po\u010dtu obyvatel na \u00farovni obc\u00ed a m\u011bstsk\u00fdch \u010d\u00e1st\u00ed, za n\u011b\u017e \u010cS\u00da poskytuje pr\u016fb\u011b\u017en\u00e9 ka\u017edoro\u010dn\u00ed popula\u010dn\u00ed bilance, do \u00farovn\u011b ZSJ na z\u00e1klad\u011b po\u010d\u00e1te\u010dn\u00edho stavu obyvatel, obsazenosti, odpadu a p\u0159\u00edr\u016fstk\u016f bytov\u00e9ho fondu.&nbsp;<\/p>\n\n\n\n<p style=\"font-size:16px\">Aplikace <a rel=\"noreferrer noopener\" href=\"https:\/\/web.natur.cuni.cz\/segregace\/aplikace\/segregace\/\" target=\"_blank\"><strong>Lokality reziden\u010dn\u00ed segregace<\/strong><\/a> pou\u017e\u00edv\u00e1 pro zastoupen\u00ed obyvatel s\u00a0vy\u0161\u0161\u00edm soci\u00e1ln\u00edm statusem ukazatel <strong>po\u010dtu obyvatel s\u00a0vysoko\u0161kolsk\u00fdm vzd\u011bl\u00e1n\u00edm<\/strong> (respektive pod\u00edlu na obyvatel\u00edch se zji\u0161t\u011bn\u00fdm vzd\u011bl\u00e1n\u00edm ve v\u011bku 15 let a vy\u0161\u0161\u00edm) ze S\u010d\u00edt\u00e1n\u00ed lidu, byt\u016f a dom\u016f 2011, op\u011bt za z\u00e1kladn\u00ed s\u00eddeln\u00ed jednotky (ZSJ). Nov\u00e9 \u00fadaje budou dostupn\u00e9 a\u017e ze SLDB 2021. Tato aplikace, kter\u00e1 je star\u0161\u00ed, pou\u017e\u00edv\u00e1 jako \u00fadaje o <strong>po\u010dtu obyvatel<\/strong> v\u00a0ZSJ data ze S\u010d\u00edt\u00e1n\u00ed lidu, byt\u016f a dom\u016f 2011, kter\u00e1 jsou pro po\u017eadovan\u00fd \u00fazemn\u00ed detail nejaktu\u00e1ln\u011bj\u0161\u00ed.<\/p>\n\n\n\n<p style=\"font-size:16px\"><strong>Z\u00e1kladn\u00ed s\u00eddeln\u00ed jednotkou (ZSJ)<\/strong> se rozum\u00ed jednotka p\u0159edstavuj\u00edc\u00ed \u010d\u00e1sti \u00fazem\u00ed obce s&nbsp;<strong>jednozna\u010dn\u00fdmi \u00fazemn\u011b technick\u00fdmi a urbanistick\u00fdmi podm\u00ednkami<\/strong> nebo sp\u00e1dov\u00e1 \u00fazem\u00ed seskupen\u00ed objekt\u016f obytn\u00e9ho nebo rekrea\u010dn\u00edho charakteru. <strong>ZSJ&nbsp;je skladebnou sou\u010d\u00e1st\u00ed s\u00eddeln\u00ed struktury a je ur\u010dena pro prostorovou identifikaci a sledov\u00e1n\u00ed soci\u00e1ln\u011b ekonomick\u00fdch a \u00fazemn\u011b technick\u00fdch jev\u016f<\/strong>, p\u0159\u00edmo v\u00e1zan\u00fdch na os\u00eddlen\u00ed. Pro identifikaci ZSJ v&nbsp;\u00fazem\u00ed lze pou\u017e\u00edt nap\u0159\u00edklad Mapu z\u00e1kladn\u00edch s\u00eddeln\u00edch jednotek \u010cS\u00da <a href=\"https:\/\/apl.czso.cz\/irso4\/mproj2.jsp?pid=2&amp;kodcis=47\">https:\/\/apl.czso.cz\/irso4\/mproj2.jsp?pid=2&amp;kodcis=47<\/a><\/p>\n","protected":false},"excerpt":{"rendered":"<p>Pro identifikaci lokalit s&nbsp;riziky segregace je nezbytn\u00e9 postihnout obyvatele ohro\u017een\u00e9 soci\u00e1ln\u00edm vylou\u010den\u00edm, velmi detailn\u011b je lokalizovat v&nbsp;\u00fazem\u00ed m\u011bst a obc\u00ed a identifikovat jejich v\u00fdznamn\u00e9 prostorov\u00e9 koncentrace. Pro zachycen\u00ed obyvatel ohro\u017een\u00fdch chudobou a materi\u00e1ln\u00ed deprivac\u00ed syst\u00e9m vyu\u017e\u00edv\u00e1 data o p\u0159\u00edjemc\u00edch p\u0159\u00edsp\u011bvku na \u017eivobyt\u00ed. Jde o z\u00e1kladn\u00ed d\u00e1vku pomoci v&nbsp;hmotn\u00e9 nouzi pro osoby\/rodiny s nedostate\u010dn\u00fdmi p\u0159\u00edjmy, kter\u00e9 [&hellip;]<\/p>\n","protected":false},"author":4,"featured_media":0,"parent":0,"menu_order":0,"comment_status":"closed","ping_status":"closed","template":"","meta":{"_uag_custom_page_level_css":"","footnotes":""},"class_list":["post-5991","page","type-page","status-publish","hentry"],"uagb_featured_image_src":{"full":false,"thumbnail":false,"medium":false,"medium_large":false,"large":false,"1536x1536":false,"2048x2048":false},"uagb_author_info":{"display_name":"Lud\u011bk S\u00fdkora","author_link":"https:\/\/web.natur.cuni.cz\/segregace\/author\/sykora_wp\/"},"uagb_comment_info":0,"uagb_excerpt":"Pro identifikaci lokalit s&nbsp;riziky segregace je nezbytn\u00e9 postihnout obyvatele ohro\u017een\u00e9 soci\u00e1ln\u00edm vylou\u010den\u00edm, velmi detailn\u011b je lokalizovat v&nbsp;\u00fazem\u00ed m\u011bst a obc\u00ed a identifikovat jejich v\u00fdznamn\u00e9 prostorov\u00e9 koncentrace. Pro zachycen\u00ed obyvatel ohro\u017een\u00fdch chudobou a materi\u00e1ln\u00ed deprivac\u00ed syst\u00e9m vyu\u017e\u00edv\u00e1 data o p\u0159\u00edjemc\u00edch p\u0159\u00edsp\u011bvku na \u017eivobyt\u00ed. Jde o z\u00e1kladn\u00ed d\u00e1vku pomoci v&nbsp;hmotn\u00e9 nouzi pro osoby\/rodiny s nedostate\u010dn\u00fdmi p\u0159\u00edjmy, kter\u00e9&hellip;","_links":{"self":[{"href":"https:\/\/web.natur.cuni.cz\/segregace\/wp-json\/wp\/v2\/pages\/5991","targetHints":{"allow":["GET"]}}],"collection":[{"href":"https:\/\/web.natur.cuni.cz\/segregace\/wp-json\/wp\/v2\/pages"}],"about":[{"href":"https:\/\/web.natur.cuni.cz\/segregace\/wp-json\/wp\/v2\/types\/page"}],"author":[{"embeddable":true,"href":"https:\/\/web.natur.cuni.cz\/segregace\/wp-json\/wp\/v2\/users\/4"}],"replies":[{"embeddable":true,"href":"https:\/\/web.natur.cuni.cz\/segregace\/wp-json\/wp\/v2\/comments?post=5991"}],"version-history":[{"count":3,"href":"https:\/\/web.natur.cuni.cz\/segregace\/wp-json\/wp\/v2\/pages\/5991\/revisions"}],"predecessor-version":[{"id":5997,"href":"https:\/\/web.natur.cuni.cz\/segregace\/wp-json\/wp\/v2\/pages\/5991\/revisions\/5997"}],"wp:attachment":[{"href":"https:\/\/web.natur.cuni.cz\/segregace\/wp-json\/wp\/v2\/media?parent=5991"}],"curies":[{"name":"wp","href":"https:\/\/api.w.org\/{rel}","templated":true}]}}