{"id":4961,"date":"2021-01-20T11:10:09","date_gmt":"2021-01-20T10:10:09","guid":{"rendered":"https:\/\/ukazky.euweb.cz\/?page_id=4961"},"modified":"2021-01-20T11:10:09","modified_gmt":"2021-01-20T10:10:09","slug":"teaching","status":"publish","type":"page","link":"https:\/\/web.natur.cuni.cz\/testwp\/teaching\/","title":{"rendered":"Teaching"},"content":{"rendered":"\n<div class=\"wp-block-media-text alignwide is-stacked-on-mobile\"><figure class=\"wp-block-media-text__media\"><img loading=\"lazy\" decoding=\"async\" width=\"1024\" height=\"969\" src=\"https:\/\/web.natur.cuni.cz\/testwp\/wp-content\/uploads\/2021\/02\/2019_218_01-2-1024x969.jpg\" alt=\"\" class=\"wp-image-5329 size-full\" srcset=\"https:\/\/web.natur.cuni.cz\/testwp\/wp-content\/uploads\/2021\/02\/2019_218_01-2-1024x969.jpg 1024w, https:\/\/web.natur.cuni.cz\/testwp\/wp-content\/uploads\/2021\/02\/2019_218_01-2-300x284.jpg 300w, https:\/\/web.natur.cuni.cz\/testwp\/wp-content\/uploads\/2021\/02\/2019_218_01-2-768x727.jpg 768w, https:\/\/web.natur.cuni.cz\/testwp\/wp-content\/uploads\/2021\/02\/2019_218_01-2.jpg 1141w\" sizes=\"(max-width: 1024px) 100vw, 1024px\" \/><\/figure><div class=\"wp-block-media-text__content\">\n<p class=\"has-large-font-size\">Course &#8230;<\/p>\n\n\n\n<p>Pellentesque finibus ornare aliquam. Maecenas dignissim ligula eget lectus mattis, et scelerisque ipsum iaculis. Vestibulum posuere nibh ut rutrum iaculis. Praesent ultrices augue at sem aliquet hendrerit. Phasellus vitae ligula et mi mollis dictum et at purus. Mauris ac semper tellus, sed facilisis arcu. Class aptent taciti sociosqu ad litora torquent per conubia nostra, per inceptos himenaeos.<\/p>\n<\/div><\/div>\n\n\n\n<div style=\"height:50px\" aria-hidden=\"true\" class=\"wp-block-spacer\"><\/div>\n\n\n\n<div class=\"wp-block-media-text alignwide has-media-on-the-right is-stacked-on-mobile\"><figure class=\"wp-block-media-text__media\"><img loading=\"lazy\" decoding=\"async\" width=\"1024\" height=\"969\" src=\"https:\/\/web.natur.cuni.cz\/testwp\/wp-content\/uploads\/2021\/02\/2019_218_01-2-1024x969.jpg\" alt=\"\" class=\"wp-image-5329 size-full\" srcset=\"https:\/\/web.natur.cuni.cz\/testwp\/wp-content\/uploads\/2021\/02\/2019_218_01-2-1024x969.jpg 1024w, https:\/\/web.natur.cuni.cz\/testwp\/wp-content\/uploads\/2021\/02\/2019_218_01-2-300x284.jpg 300w, https:\/\/web.natur.cuni.cz\/testwp\/wp-content\/uploads\/2021\/02\/2019_218_01-2-768x727.jpg 768w, https:\/\/web.natur.cuni.cz\/testwp\/wp-content\/uploads\/2021\/02\/2019_218_01-2.jpg 1141w\" sizes=\"(max-width: 1024px) 100vw, 1024px\" \/><\/figure><div class=\"wp-block-media-text__content\">\n<p class=\"has-large-font-size\">Course &#8230;<\/p>\n\n\n\n<p>Pellentesque finibus ornare aliquam. Maecenas dignissim ligula eget lectus mattis, et scelerisque ipsum iaculis. Vestibulum posuere nibh ut rutrum iaculis. Praesent ultrices augue at sem aliquet hendrerit. Phasellus vitae ligula et mi mollis dictum et at purus. Mauris ac semper tellus, sed facilisis arcu. Class aptent taciti sociosqu ad litora torquent per conubia nostra, per inceptos himenaeos.<\/p>\n<\/div><\/div>\n\n\n\n<div style=\"height:50px\" aria-hidden=\"true\" class=\"wp-block-spacer\"><\/div>\n\n\n\n<h2 class=\"has-text-align-center wp-block-heading\">List of our courses<\/h2>\n\n\n\n<figure class=\"wp-block-table is-style-stripes\"><table><thead><tr><th class=\"has-text-align-left\" data-align=\"left\">K\u00f3d p\u0159edm\u011btu<\/th><th class=\"has-text-align-left\" data-align=\"left\">N\u00e1zev<\/th><th class=\"has-text-align-left\" data-align=\"left\">Semester<\/th><th class=\"has-text-align-left\" data-align=\"left\">Jazyk v\u00fdky<\/th><th class=\"has-text-align-left\" data-align=\"left\">E-kredity<\/th><th class=\"has-text-align-left\" data-align=\"left\">Garant(i)<\/th><\/tr><\/thead><tbody><tr><td class=\"has-text-align-left\" data-align=\"left\"><a href=\"https:\/\/is.cuni.cz\/studium\/predmety\/redir.php?id=35c2bb20258936e593d442e9781660d9&amp;tid=&amp;redir=predmet&amp;kod=MB110C30A&amp;referrer=predmety\">MB110C30A<\/a><\/td><td class=\"has-text-align-left\" data-align=\"left\"><a href=\"https:\/\/is.cuni.cz\/studium\/predmety\/redir.php?id=35c2bb20258936e593d442e9781660d9&amp;tid=&amp;redir=predmet&amp;kod=MB110C30A&amp;referrer=predmety\">Pitevn\u00ed turnusy I (pro odborn\u00e9 studium)<\/a><\/td><td class=\"has-text-align-left\" data-align=\"left\">zimn\u00ed<\/td><td class=\"has-text-align-left\" data-align=\"left\">\u010de\u0161tina<\/td><td class=\"has-text-align-left\" data-align=\"left\">1<\/td><td class=\"has-text-align-left\" data-align=\"left\"><a href=\"https:\/\/is.cuni.cz\/studium\/predmety\/redir.php?id=35c2bb20258936e593d442e9781660d9&amp;tid=&amp;redir=sezn_ucit&amp;kod=18901&amp;referrer=predmety\">RNDr. Jitka Riedlov\u00e1, Ph.D.<\/a><\/td><\/tr><tr><td class=\"has-text-align-left\" data-align=\"left\"><a href=\"https:\/\/is.cuni.cz\/studium\/predmety\/redir.php?id=35c2bb20258936e593d442e9781660d9&amp;tid=&amp;redir=predmet&amp;kod=MB110C50&amp;referrer=predmety\"><\/a><a href=\"https:\/\/is.cuni.cz\/studium\/predmety\/redir.php?id=35c2bb20258936e593d442e9781660d9&amp;tid=&amp;redir=predmet&amp;kod=MB110C50&amp;referrer=predmety\">MB110C50<\/a><\/td><td class=\"has-text-align-left\" data-align=\"left\"><a href=\"https:\/\/is.cuni.cz\/studium\/predmety\/redir.php?id=35c2bb20258936e593d442e9781660d9&amp;tid=&amp;redir=predmet&amp;kod=MB110C50&amp;referrer=predmety\">Biologie d\u00edt\u011bte<\/a><\/td><td class=\"has-text-align-left\" data-align=\"left\">zimn\u00ed<\/td><td class=\"has-text-align-left\" data-align=\"left\">\u010de\u0161tina<\/td><td class=\"has-text-align-left\" data-align=\"left\">3<\/td><td class=\"has-text-align-left\" data-align=\"left\"><a href=\"https:\/\/is.cuni.cz\/studium\/predmety\/redir.php?id=35c2bb20258936e593d442e9781660d9&amp;tid=&amp;redir=sezn_ucit&amp;kod=08548&amp;referrer=predmety\">doc. RNDr. Petr Sedlak, Ph.D.<\/a><\/td><\/tr><tr><td class=\"has-text-align-left\" data-align=\"left\"><a href=\"https:\/\/is.cuni.cz\/studium\/predmety\/redir.php?id=35c2bb20258936e593d442e9781660d9&amp;tid=&amp;redir=predmet&amp;kod=MB110C30A&amp;referrer=predmety\">MB110C30A<\/a><\/td><td class=\"has-text-align-left\" data-align=\"left\"><a href=\"https:\/\/is.cuni.cz\/studium\/predmety\/redir.php?id=35c2bb20258936e593d442e9781660d9&amp;tid=&amp;redir=predmet&amp;kod=MB110C30A&amp;referrer=predmety\">Pitevn\u00ed turnusy I (pro odborn\u00e9 studium)<\/a><\/td><td class=\"has-text-align-left\" data-align=\"left\">zimn\u00ed<\/td><td class=\"has-text-align-left\" data-align=\"left\">\u010de\u0161tina<\/td><td class=\"has-text-align-left\" data-align=\"left\">1<\/td><td class=\"has-text-align-left\" data-align=\"left\"><a href=\"https:\/\/is.cuni.cz\/studium\/predmety\/redir.php?id=35c2bb20258936e593d442e9781660d9&amp;tid=&amp;redir=sezn_ucit&amp;kod=18901&amp;referrer=predmety\">RNDr. Jitka Riedlov\u00e1, Ph.D.<\/a><\/td><\/tr><\/tbody><\/table><\/figure>\n\n\n\n<p><\/p>\n","protected":false},"excerpt":{"rendered":"<p>Course &#8230; Pellentesque finibus ornare aliquam. Maecenas dignissim ligula eget lectus mattis, et scelerisque ipsum iaculis. Vestibulum posuere nibh ut rutrum iaculis. Praesent ultrices augue at sem aliquet hendrerit. Phasellus vitae ligula et mi mollis dictum et at purus. Mauris ac semper tellus, sed facilisis arcu. Class aptent taciti sociosqu ad litora torquent per conubia [&hellip;]<\/p>\n","protected":false},"author":1,"featured_media":0,"parent":0,"menu_order":0,"comment_status":"closed","ping_status":"closed","template":"","meta":{"_uag_custom_page_level_css":"","footnotes":""},"uagb_featured_image_src":{"full":false,"thumbnail":false,"medium":false,"medium_large":false,"large":false,"1536x1536":false,"2048x2048":false},"uagb_author_info":{"display_name":"administrator","author_link":"https:\/\/web.natur.cuni.cz\/testwp\/author\/administrator\/"},"uagb_comment_info":0,"uagb_excerpt":"Course &#8230; Pellentesque finibus ornare aliquam. Maecenas dignissim ligula eget lectus mattis, et scelerisque ipsum iaculis. Vestibulum posuere nibh ut rutrum iaculis. Praesent ultrices augue at sem aliquet hendrerit. Phasellus vitae ligula et mi mollis dictum et at purus. Mauris ac semper tellus, sed facilisis arcu. Class aptent taciti sociosqu ad litora torquent per conubia&hellip;","_links":{"self":[{"href":"https:\/\/web.natur.cuni.cz\/testwp\/wp-json\/wp\/v2\/pages\/4961"}],"collection":[{"href":"https:\/\/web.natur.cuni.cz\/testwp\/wp-json\/wp\/v2\/pages"}],"about":[{"href":"https:\/\/web.natur.cuni.cz\/testwp\/wp-json\/wp\/v2\/types\/page"}],"author":[{"embeddable":true,"href":"https:\/\/web.natur.cuni.cz\/testwp\/wp-json\/wp\/v2\/users\/1"}],"replies":[{"embeddable":true,"href":"https:\/\/web.natur.cuni.cz\/testwp\/wp-json\/wp\/v2\/comments?post=4961"}],"version-history":[{"count":0,"href":"https:\/\/web.natur.cuni.cz\/testwp\/wp-json\/wp\/v2\/pages\/4961\/revisions"}],"wp:attachment":[{"href":"https:\/\/web.natur.cuni.cz\/testwp\/wp-json\/wp\/v2\/media?parent=4961"}],"curies":[{"name":"wp","href":"https:\/\/api.w.org\/{rel}","templated":true}]}}