{"id":4983,"date":"2021-01-20T11:45:32","date_gmt":"2021-01-20T10:45:32","guid":{"rendered":"https:\/\/ukazky.euweb.cz\/?page_id=4983"},"modified":"2021-01-20T11:45:32","modified_gmt":"2021-01-20T10:45:32","slug":"publications","status":"publish","type":"page","link":"https:\/\/web.natur.cuni.cz\/testwp\/publications\/","title":{"rendered":"List of publications"},"content":{"rendered":"\n<div class=\"wp-block-columns are-vertically-aligned-center researcher-ID is-layout-flex wp-container-core-columns-layout-1 wp-block-columns-is-layout-flex\">\n<div class=\"wp-block-column is-vertically-aligned-center is-layout-flow wp-block-column-is-layout-flow\">\n<span id=\"badgeCont848\" style=\"text-align:center\"><script type=\"text\/javascript\" src=\"https:\/\/publons.com\/mashlets?el=badgeCont848&amp;rid=AAM-6875-2020\"><\/script><\/span>\n\n\n\n<p><\/p>\n<\/div>\n<\/div>\n\n\n\n<div class=\"wp-block-uagb-faq uagb-faq__outer-wrap uagb-block-02396e4a uagb-faq-icon-row uagb-faq-layout-accordion uagb-faq-expand-first-true uagb-faq-inactive-other-true uagb-faq-equal-height\" data-faqtoggle=\"true\" role=\"tablist\"><script type=\"application\/ld+json\">{\"@context\":\"https:\/\/schema.org\",\"@type\":\"FAQPage\",\"@id\":\"https:\/\/ukazky.euweb.cz\/publications\/\",\"mainEntity\":[{\"@type\":\"Question\",\"name\":\"2021\",\"acceptedAnswer\":{\"@type\":\"Answer\",\"text\":\"&lt;strong>Molecular evolution of antigen processing genes in salamanders: do they coevolve with\u00a0&lt;em>MHC&lt;\/em>\u00a0class I genes?&lt;\/strong>&lt;br>&lt;em>Authors:\u00a0&lt;\/em>Gemma Palomar, Katarzyna Dudek, Ben Wielstra, Elizabeth L Jockusch, Michal Vinkler, Jan W Arntzen, Gentile F Ficetola, Masatoshi Matsunami, Bruce Waldman, Martin T\u011b\u0161ick\u00fd, Piotr Zieli\u0144ski, Wies\u0142aw Babik&lt;br>&lt;em>Published:\u00a0&lt;\/em>2021&lt;em>\u00a0in\u00a0&lt;\/em>Genome Biology and Evolution&lt;br>&lt;em>DOI:\u00a0&lt;\/em>&lt;a rel=\\\"noreferrer noopener\\\" href=\\\"https:\/\/academic.oup.com\/gbe\/article\/13\/2\/evaa259\/6121093\\\" target=\\\"_blank\\\">10.1093\/gbe\/evaa259&lt;\/a>&lt;br>&lt;br>&lt;strong>Molecular evolution of antigen processing genes in salamanders: do they coevolve with\u00a0&lt;em>MHC&lt;\/em>\u00a0class I genes?&lt;\/strong>&lt;br>&lt;em>Authors:\u00a0&lt;\/em>Gemma Palomar, Katarzyna Dudek, Ben Wielstra, Elizabeth L Jockusch, Michal Vinkler, Jan W Arntzen, Gentile F Ficetola, Masatoshi Matsunami, Bruce Waldman, Martin T\u011b\u0161ick\u00fd, Piotr Zieli\u0144ski, Wies\u0142aw Babik&lt;br>&lt;em>Published:\u00a0&lt;\/em>2021&lt;em>\u00a0in\u00a0&lt;\/em>Genome Biology and Evolution&lt;br>&lt;em>DOI:\u00a0&lt;\/em>&lt;a rel=\\\"noreferrer noopener\\\" href=\\\"https:\/\/academic.oup.com\/gbe\/article\/13\/2\/evaa259\/6121093\\\" target=\\\"_blank\\\">10.1093\/gbe\/evaa259&lt;\/a>\"}},{\"@type\":\"Question\",\"name\":\"2020\",\"acceptedAnswer\":{\"@type\":\"Answer\",\"text\":\"&lt;strong>Longitudinally monitored lifetime changes in blood heavy metal concentrations and their health effects in urban birds&lt;\/strong>&lt;br>&lt;em>Authors:\u00a0&lt;\/em>Petra Bauerov\u00e1, Tereza Krajzingrov\u00e1, Martin T\u011b\u0161ick\u00fd, Hana Velov\u00e1, Jakub Hran\u00ed\u010dek, Stanislav Musil, Jana Svobodov\u00e1, Tom\u00e1\u0161 Albrecht, Michal Vinkler&lt;br>&lt;em>Published:\u00a0&lt;\/em>2020&lt;em>\u00a0in\u00a0&lt;\/em>Science of the Total Environment&lt;br>&lt;em>DOI:\u00a0&lt;\/em>&lt;a rel=\\\"noreferrer noopener\\\" href=\\\"https:\/\/www.sciencedirect.com\/science\/article\/abs\/pii\/S0048969720315151?via%3Dihub\\\" target=\\\"_blank\\\">10.1016\/J.SCITOTENV.2020.138002&lt;\/a>&lt;br>&lt;br>&lt;strong>Positive selection and convergent evolution shape molecular phenotypic traits of innate immunity receptors in tits (Paridae)&lt;\/strong>&lt;br>&lt;em>Authors:\u00a0&lt;\/em>Martin T\u011b\u0161ick\u00fd, Hana Velov\u00e1, Marian Novotn\u00fd, Jakub Kreisinger, Vladim\u00edr Bene\u0161, Michal Vinkler&lt;br>&lt;em>Published:\u00a0&lt;\/em>2020&lt;em>\u00a0in\u00a0&lt;\/em>Molecular Ecology&lt;br>&lt;em>DOI:\u00a0&lt;\/em>&lt;a rel=\\\"noreferrer noopener\\\" href=\\\"https:\/\/onlinelibrary.wiley.com\/doi\/10.1111\/mec.15547\\\" target=\\\"_blank\\\">10.1111\/mec.15547&lt;\/a>\"}},{\"@type\":\"Question\",\"name\":\"2019\",\"acceptedAnswer\":{\"@type\":\"Answer\",\"text\":\"Austen, Jane.\u00a0&lt;em>Pride and Prejudice&lt;\/em>. New York: Penguin Classics, 2007. Kindle.&lt;br>Borel, Brooke.\u00a0&lt;em>The Chicago Guide to Fact-Checking&lt;\/em>. Chicago: University of Chicago Press, 2016. ProQuest Ebrary.&lt;br>Kurland, Philip B., and Ralph Lerner, eds.\u00a0&lt;em>The Founders\u2019 Constitution&lt;\/em>. Chicago: University of Chicago Press, 1987. http:\/\/press-pubs.uchicago.edu\/founders\/.&lt;br>Melville, Herman.\u00a0&lt;em>Moby-Dick; or, The Whale&lt;\/em>. New York: Harper &amp; Brothers, 1851. http:\/\/mel.hofstra.edu\/moby-dick-the-whale-proofs.html.\"}},{\"@type\":\"Question\",\"name\":\"2017-2010\",\"acceptedAnswer\":{\"@type\":\"Answer\",\"text\":\"Austen, Jane.\u00a0&lt;em>Pride and Prejudice&lt;\/em>. New York: Penguin Classics, 2007. Kindle.&lt;br>Borel, Brooke.\u00a0&lt;em>The Chicago Guide to Fact-Checking&lt;\/em>. Chicago: University of Chicago Press, 2016. ProQuest Ebrary.&lt;br>Kurland, Philip B., and Ralph Lerner, eds.\u00a0&lt;em>The Founders\u2019 Constitution&lt;\/em>. Chicago: University of Chicago Press, 1987. http:\/\/press-pubs.uchicago.edu\/founders\/.&lt;br>Melville, Herman.\u00a0&lt;em>Moby-Dick; or, The Whale&lt;\/em>. New York: Harper &amp; Brothers, 1851. http:\/\/mel.hofstra.edu\/moby-dick-the-whale-proofs.html.\"}}]}<\/script><div class=\"uagb-faq__wrap uagb-buttons-layout-wrap\">\n<div class=\"wp-block-uagb-faq-child uagb-faq-child__outer-wrap uagb-block-9257779f\"><div class=\"uagb-faq-child__wrapper\"><div class=\"uagb-faq-item\" role=\"tab\" tabindex=\"0\"><div class=\"uagb-faq-questions-button uagb-faq-questions\"><span class=\"uagb-icon uagb-faq-icon-wrap\"><svg xmlns=\"http:\/\/www.w3.org\/2000\/svg\" viewbox=\"0 0 320 512\"><path d=\"M143 352.3L7 216.3c-9.4-9.4-9.4-24.6 0-33.9l22.6-22.6c9.4-9.4 24.6-9.4 33.9 0l96.4 96.4 96.4-96.4c9.4-9.4 24.6-9.4 33.9 0l22.6 22.6c9.4 9.4 9.4 24.6 0 33.9l-136 136c-9.2 9.4-24.4 9.4-33.8 0z\"><\/path><\/svg><\/span><span class=\"uagb-icon-active uagb-faq-icon-wrap\"><svg xmlns=\"http:\/\/www.w3.org\/2000\/svg\" viewbox=\"0 0 320 512\"><path d=\"M177 159.7l136 136c9.4 9.4 9.4 24.6 0 33.9l-22.6 22.6c-9.4 9.4-24.6 9.4-33.9 0L160 255.9l-96.4 96.4c-9.4 9.4-24.6 9.4-33.9 0L7 329.7c-9.4-9.4-9.4-24.6 0-33.9l136-136c9.4-9.5 24.6-9.5 34-.1z\"><\/path><\/svg><\/span><h4 class=\"uagb-question\">2021<\/h4><\/div><div class=\"uagb-faq-content\"><span><p><strong>Molecular evolution of antigen processing genes in salamanders: do they coevolve with\u00a0<em>MHC<\/em>\u00a0class I genes?<\/strong><br><em>Authors:\u00a0<\/em>Gemma Palomar, Katarzyna Dudek, Ben Wielstra, Elizabeth L Jockusch, Michal Vinkler, Jan W Arntzen, Gentile F Ficetola, Masatoshi Matsunami, Bruce Waldman, Martin T\u011b\u0161ick\u00fd, Piotr Zieli\u0144ski, Wies\u0142aw Babik<br><em>Published:\u00a0<\/em>2021<em>\u00a0in\u00a0<\/em>Genome Biology and Evolution<br><em>DOI:\u00a0<\/em><a rel=\"noreferrer noopener\" href=\"https:\/\/academic.oup.com\/gbe\/article\/13\/2\/evaa259\/6121093\" target=\"_blank\">10.1093\/gbe\/evaa259<\/a><br><br><strong>Molecular evolution of antigen processing genes in salamanders: do they coevolve with\u00a0<em>MHC<\/em>\u00a0class I genes?<\/strong><br><em>Authors:\u00a0<\/em>Gemma Palomar, Katarzyna Dudek, Ben Wielstra, Elizabeth L Jockusch, Michal Vinkler, Jan W Arntzen, Gentile F Ficetola, Masatoshi Matsunami, Bruce Waldman, Martin T\u011b\u0161ick\u00fd, Piotr Zieli\u0144ski, Wies\u0142aw Babik<br><em>Published:\u00a0<\/em>2021<em>\u00a0in\u00a0<\/em>Genome Biology and Evolution<br><em>DOI:\u00a0<\/em><a rel=\"noreferrer noopener\" href=\"https:\/\/academic.oup.com\/gbe\/article\/13\/2\/evaa259\/6121093\" target=\"_blank\">10.1093\/gbe\/evaa259<\/a><\/p><\/span><\/div><\/div><\/div><\/div>\n\n\n\n<div class=\"wp-block-uagb-faq-child uagb-faq-child__outer-wrap uagb-block-8a13d943\"><div class=\"uagb-faq-child__wrapper\"><div class=\"uagb-faq-item\" role=\"tab\" tabindex=\"0\"><div class=\"uagb-faq-questions-button uagb-faq-questions\"><span class=\"uagb-icon uagb-faq-icon-wrap\"><svg xmlns=\"http:\/\/www.w3.org\/2000\/svg\" viewbox=\"0 0 320 512\"><path d=\"M143 352.3L7 216.3c-9.4-9.4-9.4-24.6 0-33.9l22.6-22.6c9.4-9.4 24.6-9.4 33.9 0l96.4 96.4 96.4-96.4c9.4-9.4 24.6-9.4 33.9 0l22.6 22.6c9.4 9.4 9.4 24.6 0 33.9l-136 136c-9.2 9.4-24.4 9.4-33.8 0z\"><\/path><\/svg><\/span><span class=\"uagb-icon-active uagb-faq-icon-wrap\"><svg xmlns=\"http:\/\/www.w3.org\/2000\/svg\" viewbox=\"0 0 320 512\"><path d=\"M177 159.7l136 136c9.4 9.4 9.4 24.6 0 33.9l-22.6 22.6c-9.4 9.4-24.6 9.4-33.9 0L160 255.9l-96.4 96.4c-9.4 9.4-24.6 9.4-33.9 0L7 329.7c-9.4-9.4-9.4-24.6 0-33.9l136-136c9.4-9.5 24.6-9.5 34-.1z\"><\/path><\/svg><\/span><h4 class=\"uagb-question\">2020<\/h4><\/div><div class=\"uagb-faq-content\"><span><p><strong>Longitudinally monitored lifetime changes in blood heavy metal concentrations and their health effects in urban birds<\/strong><br><em>Authors:\u00a0<\/em>Petra Bauerov\u00e1, Tereza Krajzingrov\u00e1, Martin T\u011b\u0161ick\u00fd, Hana Velov\u00e1, Jakub Hran\u00ed\u010dek, Stanislav Musil, Jana Svobodov\u00e1, Tom\u00e1\u0161 Albrecht, Michal Vinkler<br><em>Published:\u00a0<\/em>2020<em>\u00a0in\u00a0<\/em>Science of the Total Environment<br><em>DOI:\u00a0<\/em><a rel=\"noreferrer noopener\" href=\"https:\/\/www.sciencedirect.com\/science\/article\/abs\/pii\/S0048969720315151?via%3Dihub\" target=\"_blank\">10.1016\/J.SCITOTENV.2020.138002<\/a><br><br><strong>Positive selection and convergent evolution shape molecular phenotypic traits of innate immunity receptors in tits (Paridae)<\/strong><br><em>Authors:\u00a0<\/em>Martin T\u011b\u0161ick\u00fd, Hana Velov\u00e1, Marian Novotn\u00fd, Jakub Kreisinger, Vladim\u00edr Bene\u0161, Michal Vinkler<br><em>Published:\u00a0<\/em>2020<em>\u00a0in\u00a0<\/em>Molecular Ecology<br><em>DOI:\u00a0<\/em><a rel=\"noreferrer noopener\" href=\"https:\/\/onlinelibrary.wiley.com\/doi\/10.1111\/mec.15547\" target=\"_blank\">10.1111\/mec.15547<\/a><\/p><\/span><\/div><\/div><\/div><\/div>\n\n\n\n<div class=\"wp-block-uagb-faq-child uagb-faq-child__outer-wrap uagb-block-5837dfe1\"><div class=\"uagb-faq-child__wrapper\"><div class=\"uagb-faq-item\" role=\"tab\" tabindex=\"0\"><div class=\"uagb-faq-questions-button uagb-faq-questions\"><span class=\"uagb-icon uagb-faq-icon-wrap\"><svg xmlns=\"http:\/\/www.w3.org\/2000\/svg\" viewbox=\"0 0 320 512\"><path d=\"M143 352.3L7 216.3c-9.4-9.4-9.4-24.6 0-33.9l22.6-22.6c9.4-9.4 24.6-9.4 33.9 0l96.4 96.4 96.4-96.4c9.4-9.4 24.6-9.4 33.9 0l22.6 22.6c9.4 9.4 9.4 24.6 0 33.9l-136 136c-9.2 9.4-24.4 9.4-33.8 0z\"><\/path><\/svg><\/span><span class=\"uagb-icon-active uagb-faq-icon-wrap\"><svg xmlns=\"http:\/\/www.w3.org\/2000\/svg\" viewbox=\"0 0 320 512\"><path d=\"M177 159.7l136 136c9.4 9.4 9.4 24.6 0 33.9l-22.6 22.6c-9.4 9.4-24.6 9.4-33.9 0L160 255.9l-96.4 96.4c-9.4 9.4-24.6 9.4-33.9 0L7 329.7c-9.4-9.4-9.4-24.6 0-33.9l136-136c9.4-9.5 24.6-9.5 34-.1z\"><\/path><\/svg><\/span><h4 class=\"uagb-question\">2019<\/h4><\/div><div class=\"uagb-faq-content\"><span><p>Austen, Jane.\u00a0<em>Pride and Prejudice<\/em>. New York: Penguin Classics, 2007. Kindle.<br>Borel, Brooke.\u00a0<em>The Chicago Guide to Fact-Checking<\/em>. Chicago: University of Chicago Press, 2016. ProQuest Ebrary.<br>Kurland, Philip B., and Ralph Lerner, eds.\u00a0<em>The Founders\u2019 Constitution<\/em>. Chicago: University of Chicago Press, 1987. http:\/\/press-pubs.uchicago.edu\/founders\/.<br>Melville, Herman.\u00a0<em>Moby-Dick; or, The Whale<\/em>. New York: Harper &amp; Brothers, 1851. http:\/\/mel.hofstra.edu\/moby-dick-the-whale-proofs.html.<\/p><\/span><\/div><\/div><\/div><\/div>\n\n\n\n<div class=\"wp-block-uagb-faq-child uagb-faq-child__outer-wrap uagb-block-8a0571f4\"><div class=\"uagb-faq-child__wrapper\"><div class=\"uagb-faq-item\" role=\"tab\" tabindex=\"0\"><div class=\"uagb-faq-questions-button uagb-faq-questions\"><span class=\"uagb-icon uagb-faq-icon-wrap\"><svg xmlns=\"http:\/\/www.w3.org\/2000\/svg\" viewbox=\"0 0 320 512\"><path d=\"M143 352.3L7 216.3c-9.4-9.4-9.4-24.6 0-33.9l22.6-22.6c9.4-9.4 24.6-9.4 33.9 0l96.4 96.4 96.4-96.4c9.4-9.4 24.6-9.4 33.9 0l22.6 22.6c9.4 9.4 9.4 24.6 0 33.9l-136 136c-9.2 9.4-24.4 9.4-33.8 0z\"><\/path><\/svg><\/span><span class=\"uagb-icon-active uagb-faq-icon-wrap\"><svg xmlns=\"http:\/\/www.w3.org\/2000\/svg\" viewbox=\"0 0 320 512\"><path d=\"M177 159.7l136 136c9.4 9.4 9.4 24.6 0 33.9l-22.6 22.6c-9.4 9.4-24.6 9.4-33.9 0L160 255.9l-96.4 96.4c-9.4 9.4-24.6 9.4-33.9 0L7 329.7c-9.4-9.4-9.4-24.6 0-33.9l136-136c9.4-9.5 24.6-9.5 34-.1z\"><\/path><\/svg><\/span><h4 class=\"uagb-question\">2017-2010<\/h4><\/div><div class=\"uagb-faq-content\"><span><p>Austen, Jane.\u00a0<em>Pride and Prejudice<\/em>. New York: Penguin Classics, 2007. Kindle.<br>Borel, Brooke.\u00a0<em>The Chicago Guide to Fact-Checking<\/em>. Chicago: University of Chicago Press, 2016. ProQuest Ebrary.<br>Kurland, Philip B., and Ralph Lerner, eds.\u00a0<em>The Founders\u2019 Constitution<\/em>. Chicago: University of Chicago Press, 1987. http:\/\/press-pubs.uchicago.edu\/founders\/.<br>Melville, Herman.\u00a0<em>Moby-Dick; or, The Whale<\/em>. New York: Harper &amp; Brothers, 1851. http:\/\/mel.hofstra.edu\/moby-dick-the-whale-proofs.html.<\/p><\/span><\/div><\/div><\/div><\/div>\n<\/div><\/div>\n","protected":false},"excerpt":{"rendered":"","protected":false},"author":1,"featured_media":0,"parent":0,"menu_order":0,"comment_status":"closed","ping_status":"closed","template":"","meta":{"_uag_custom_page_level_css":"","footnotes":""},"uagb_featured_image_src":{"full":false,"thumbnail":false,"medium":false,"medium_large":false,"large":false,"1536x1536":false,"2048x2048":false},"uagb_author_info":{"display_name":"administrator","author_link":"https:\/\/web.natur.cuni.cz\/testwp\/author\/administrator\/"},"uagb_comment_info":0,"uagb_excerpt":null,"_links":{"self":[{"href":"https:\/\/web.natur.cuni.cz\/testwp\/wp-json\/wp\/v2\/pages\/4983"}],"collection":[{"href":"https:\/\/web.natur.cuni.cz\/testwp\/wp-json\/wp\/v2\/pages"}],"about":[{"href":"https:\/\/web.natur.cuni.cz\/testwp\/wp-json\/wp\/v2\/types\/page"}],"author":[{"embeddable":true,"href":"https:\/\/web.natur.cuni.cz\/testwp\/wp-json\/wp\/v2\/users\/1"}],"replies":[{"embeddable":true,"href":"https:\/\/web.natur.cuni.cz\/testwp\/wp-json\/wp\/v2\/comments?post=4983"}],"version-history":[{"count":0,"href":"https:\/\/web.natur.cuni.cz\/testwp\/wp-json\/wp\/v2\/pages\/4983\/revisions"}],"wp:attachment":[{"href":"https:\/\/web.natur.cuni.cz\/testwp\/wp-json\/wp\/v2\/media?parent=4983"}],"curies":[{"name":"wp","href":"https:\/\/api.w.org\/{rel}","templated":true}]}}