{"id":5752,"date":"2023-01-31T13:51:25","date_gmt":"2023-01-31T13:51:25","guid":{"rendered":"https:\/\/web.natur.cuni.cz\/ugp\/mpg\/?page_id=5752"},"modified":"2025-01-16T10:23:25","modified_gmt":"2025-01-16T10:23:25","slug":"projects","status":"publish","type":"page","link":"https:\/\/web.natur.cuni.cz\/ugp\/mpg\/projects\/","title":{"rendered":"Grant projects"},"content":{"rendered":"\n<div class=\"wp-block-group is-vertical is-layout-flex wp-container-core-group-is-layout-8cf370e7 wp-block-group-is-layout-flex\"><\/div>\n\n\n\n<div class=\"wp-block-uagb-container uagb-block-dd20182d alignfull uagb-is-root-container\"><div class=\"uagb-container-inner-blocks-wrap\">\n<div class=\"wp-block-uagb-container uagb-block-b851590f alignfull uagb-is-root-container\"><div class=\"uagb-container-inner-blocks-wrap\">\n<h4 class=\"wp-block-heading\"><strong>Estudo de caso sobre produtividade, ventila\u00e7\u00e3o oce\u00e2nica e dissolu\u00e7\u00e3o de carbonato na margem continental sul e sudeste brasileira &#8211; insights para o armazenamento de carbono marinho.<\/strong><\/h4>\n\n\n\n<p><strong>A case study on productivity, ocean ventilation and carbonate dissolution from the S-SE Brazilian Margin &#8211; insights for marine carbon storage.<\/strong><\/p>\n\n\n\n<h5 class=\"wp-block-heading\"><strong>Funded by: FAPESP 2022\/03830-3<\/strong><\/h5>\n\n\n\n<p><strong>Collaboration with Prof. Karen B. Costa, University of S\u00e3o Paulo<\/strong><\/p>\n\n\n\n<p><strong>Filip Scheiner as a partner investigator<\/strong><\/p>\n\n\n\n<p class=\"has-text-align-center has-medium-font-size\">The aim of the project is to carry out an in-depth study of selected palaeoceanographic sites in the South Atlantic Ocean along the south-eastern Brazilian continental margin. The aim is to gain insight into the processes that influence carbon storage in the oceans. The selected sites provide a unique natural laboratory with specific parameters to test the main hypothesis that the geometry of the bottom water masses, together with enhanced productivity and organic matter flux, can act synergistically and have a significant impact on carbon storage in the oceans. Advanced geochemical techniques such as <sup>143<\/sup>Nd\/<sup>144<\/sup>Nd, Cd\/Ca, Zn\/Ca and \u03b4<sup>11<\/sup>B will be combined with statistically based micropaleontological indices to provide robust datasets for palaeoceanographic interpretation. The project aims to confirm or reject the hypothesis of synergistic effects and to explain the role of the individual processes studied in this phenomenon.<\/p>\n\n\n\n<p class=\"has-medium-font-size\"><\/p>\n<\/div><\/div>\n\n\n\n<div class=\"wp-block-uagb-container uagb-block-2d9248af alignfull uagb-is-root-container\"><div class=\"uagb-container-inner-blocks-wrap\">\n<figure class=\"wp-block-image size-large is-style-rounded\"><img loading=\"lazy\" decoding=\"async\" width=\"1024\" height=\"934\" src=\"https:\/\/web.natur.cuni.cz\/ugp\/mpg\/wp-content\/uploads\/2025\/01\/Core-location-relative-to-SST-SSS-water-masses-1024x934.png\" alt=\"\" class=\"wp-image-5923\" srcset=\"https:\/\/web.natur.cuni.cz\/ugp\/mpg\/wp-content\/uploads\/2025\/01\/Core-location-relative-to-SST-SSS-water-masses-1024x934.png 1024w, https:\/\/web.natur.cuni.cz\/ugp\/mpg\/wp-content\/uploads\/2025\/01\/Core-location-relative-to-SST-SSS-water-masses-300x274.png 300w, https:\/\/web.natur.cuni.cz\/ugp\/mpg\/wp-content\/uploads\/2025\/01\/Core-location-relative-to-SST-SSS-water-masses-768x700.png 768w, https:\/\/web.natur.cuni.cz\/ugp\/mpg\/wp-content\/uploads\/2025\/01\/Core-location-relative-to-SST-SSS-water-masses.png 1270w\" sizes=\"auto, (max-width: 1024px) 100vw, 1024px\" \/><\/figure>\n<\/div><\/div>\n<\/div><\/div>\n\n\n\n<div class=\"wp-block-uagb-container uagb-block-8dadf53d alignfull uagb-is-root-container\"><div class=\"uagb-container-inner-blocks-wrap\">\n<div class=\"wp-block-uagb-container uagb-block-3fad8bce alignfull uagb-is-root-container\"><div class=\"uagb-container-inner-blocks-wrap\">\n<h4 class=\"wp-block-heading\"><strong>Seagrass\/seaweed meadows \u2013 overlooked Phanerozoic ecosystems: their contribution to shelf biodiversity and identification in the fossil record<\/strong><\/h4>\n\n\n\n<h5 class=\"wp-block-heading\"><strong>Funded by: Czech Science Foundation                                      23-05217S<\/strong><\/h5>\n\n\n\n<p><strong>Collaboration with Dr. Martina Havelcov\u00e1, Institute of Rock Structure and Mechanics, CAS<\/strong><\/p>\n\n\n\n<p><strong>Principal investigator: Katar\u00edna Hocov\u00e1<\/strong><\/p>\n\n\n\n<p class=\"has-text-align-center has-medium-font-size\">Seagrass\/seaweed meadows represent over-looked diversity hotspots. They are key contributors to the production and accumulation of organic matter, and thus a significant factor controlling biodiversity and sedimentation in the shelf areas. In the fossil record their role and significance has not yet been fully understood. Since seagrasses\/seaweeds are not well predisposed for fossilization, the primary aim of this project is to use a set of indirect markers\/proxies (combination of paleontology and organic geochemistry) to be able to identify them in the fossil record. Further, this project will analyse fossil seagrass\/seaweed ecosystems from several case studies from the Phanerozoic to evaluate the contribution to the overall shelf biodiversity, and to summarize pilot data regarding the biodiversity increase since the early Phanerozoic. The expected biodiversity increase is based on the assumption that the seaweed \/seagrass meadows represented ecosystems characterized by unique gradual coevolution of autotrophic seagrasses\/seaweeds with specific groups of heterotrophic organisms.<\/p>\n\n\n\n<p class=\"has-medium-font-size\"><\/p>\n<\/div><\/div>\n\n\n\n<div class=\"wp-block-uagb-container uagb-block-01fef31c alignfull uagb-is-root-container\"><div class=\"uagb-container-inner-blocks-wrap\"><div class=\"wp-block-image is-style-rounded\">\n<figure class=\"aligncenter size-medium\"><img loading=\"lazy\" decoding=\"async\" width=\"300\" height=\"201\" src=\"https:\/\/web.natur.cuni.cz\/ugp\/mpg\/wp-content\/uploads\/2023\/01\/Seagrass-2-300x201.png\" alt=\"\" class=\"wp-image-5770\" srcset=\"https:\/\/web.natur.cuni.cz\/ugp\/mpg\/wp-content\/uploads\/2023\/01\/Seagrass-2-300x201.png 300w, https:\/\/web.natur.cuni.cz\/ugp\/mpg\/wp-content\/uploads\/2023\/01\/Seagrass-2-1024x685.png 1024w, https:\/\/web.natur.cuni.cz\/ugp\/mpg\/wp-content\/uploads\/2023\/01\/Seagrass-2-768x514.png 768w, https:\/\/web.natur.cuni.cz\/ugp\/mpg\/wp-content\/uploads\/2023\/01\/Seagrass-2-1536x1028.png 1536w, https:\/\/web.natur.cuni.cz\/ugp\/mpg\/wp-content\/uploads\/2023\/01\/Seagrass-2.png 1746w\" sizes=\"auto, (max-width: 300px) 100vw, 300px\" \/><\/figure>\n<\/div><\/div><\/div>\n<\/div><\/div>\n\n\n\n<div class=\"wp-block-uagb-container uagb-block-b424b9a9 alignfull uagb-is-root-container\"><div class=\"uagb-container-inner-blocks-wrap\">\n<div class=\"wp-block-uagb-container uagb-block-0826cce7 alignfull uagb-is-root-container\"><div class=\"uagb-container-inner-blocks-wrap\">\n<h4 class=\"wp-block-heading\"><strong>The Langhian Mediterranean-Paratethys enigma: hydrography based on Nd isotopes proxy on foraminifera revealing changes in paleoceanography <\/strong><\/h4>\n\n\n\n<h5 class=\"wp-block-heading\"><strong>Funded by: Czech Science Foundation                                      20-05872S<\/strong><\/h5>\n\n\n\n<p><strong>Collaboration with Dr Luk\u00e1\u0161 Ackerman, Institute of Geology, CAS<\/strong><\/p>\n\n\n\n<p><strong>Principal investigator: Katar\u00edna Hocov\u00e1<\/strong><\/p>\n\n\n\n<p class=\"has-text-align-center has-medium-font-size\">The main goal of the proposed project is to provide a global model of oceanographic interactions within the Mediterranean-Paratethys marine system during the interval characterized by the closure of the Indic-Mediterranean gateway that is related with crucial Neogene climatic changes \u2013 the Monterey event. The proposed synthesis of multiproxy data should bring new insights into the evolution of one of the key areas representing a junction between two oceans. We are planning to use an innovative combination of progressive geochemical methods on foraminifera (high-precision, single-test <sup>143<\/sup>Nd\/<sup>144<\/sup>Nd analyses), together with the established ones (Mg\/Ca; \u03b418O; \u03b413C). These geochemical methods will be used jointly with classical paleoecological and sedimentological approaches to obtain robust datasets for paleoceanographic interpretations. The project should elucidate the origin and evolution of the Mediterranean-Paratethys hydrography in relation to adjacent oceans (Atlantic, Indic) as well as assess the influences of the global climatic changes and the role of local source variations.<\/p>\n\n\n\n<p class=\"has-medium-font-size\"><\/p>\n<\/div><\/div>\n\n\n\n<div class=\"wp-block-uagb-container uagb-block-917dc514 alignfull uagb-is-root-container\"><div class=\"uagb-container-inner-blocks-wrap\"><div class=\"wp-block-image is-style-rounded\">\n<figure class=\"aligncenter size-medium\"><img loading=\"lazy\" decoding=\"async\" width=\"300\" height=\"169\" src=\"https:\/\/web.natur.cuni.cz\/ugp\/mpg\/wp-content\/uploads\/2023\/01\/Heating-filament-300x169.jpg\" alt=\"\" class=\"wp-image-5773\" style=\"aspect-ratio:4\/3;object-fit:contain\" srcset=\"https:\/\/web.natur.cuni.cz\/ugp\/mpg\/wp-content\/uploads\/2023\/01\/Heating-filament-300x169.jpg 300w, https:\/\/web.natur.cuni.cz\/ugp\/mpg\/wp-content\/uploads\/2023\/01\/Heating-filament-1024x576.jpg 1024w, https:\/\/web.natur.cuni.cz\/ugp\/mpg\/wp-content\/uploads\/2023\/01\/Heating-filament-768x432.jpg 768w, https:\/\/web.natur.cuni.cz\/ugp\/mpg\/wp-content\/uploads\/2023\/01\/Heating-filament-1536x864.jpg 1536w, https:\/\/web.natur.cuni.cz\/ugp\/mpg\/wp-content\/uploads\/2023\/01\/Heating-filament-2048x1152.jpg 2048w\" sizes=\"auto, (max-width: 300px) 100vw, 300px\" \/><\/figure>\n<\/div><\/div><\/div>\n<\/div><\/div>\n","protected":false},"excerpt":{"rendered":"<p>Estudo de caso sobre produtividade, ventila\u00e7\u00e3o oce\u00e2nica e dissolu\u00e7\u00e3o de carbonato na margem continental sul e sudeste brasileira &#8211; insights para o armazenamento de carbono marinho. A case study on productivity, ocean ventilation and carbonate dissolution from the S-SE Brazilian Margin &#8211; insights for marine carbon storage. Funded by: FAPESP 2022\/03830-3 Collaboration with Prof. Karen [&hellip;]<\/p>\n","protected":false},"author":1,"featured_media":0,"parent":0,"menu_order":0,"comment_status":"closed","ping_status":"closed","template":"","meta":{"_uag_custom_page_level_css":"","footnotes":""},"class_list":["post-5752","page","type-page","status-publish","hentry"],"uagb_featured_image_src":{"full":false,"thumbnail":false,"medium":false,"medium_large":false,"large":false,"1536x1536":false,"2048x2048":false},"uagb_author_info":{"display_name":"scheinef","author_link":"https:\/\/web.natur.cuni.cz\/ugp\/mpg\/author\/scheinef\/"},"uagb_comment_info":0,"uagb_excerpt":"Estudo de caso sobre produtividade, ventila\u00e7\u00e3o oce\u00e2nica e dissolu\u00e7\u00e3o de carbonato na margem continental sul e sudeste brasileira &#8211; insights para o armazenamento de carbono marinho. A case study on productivity, ocean ventilation and carbonate dissolution from the S-SE Brazilian Margin &#8211; insights for marine carbon storage. Funded by: FAPESP 2022\/03830-3 Collaboration with Prof. Karen&hellip;","_links":{"self":[{"href":"https:\/\/web.natur.cuni.cz\/ugp\/mpg\/wp-json\/wp\/v2\/pages\/5752","targetHints":{"allow":["GET"]}}],"collection":[{"href":"https:\/\/web.natur.cuni.cz\/ugp\/mpg\/wp-json\/wp\/v2\/pages"}],"about":[{"href":"https:\/\/web.natur.cuni.cz\/ugp\/mpg\/wp-json\/wp\/v2\/types\/page"}],"author":[{"embeddable":true,"href":"https:\/\/web.natur.cuni.cz\/ugp\/mpg\/wp-json\/wp\/v2\/users\/1"}],"replies":[{"embeddable":true,"href":"https:\/\/web.natur.cuni.cz\/ugp\/mpg\/wp-json\/wp\/v2\/comments?post=5752"}],"version-history":[{"count":23,"href":"https:\/\/web.natur.cuni.cz\/ugp\/mpg\/wp-json\/wp\/v2\/pages\/5752\/revisions"}],"predecessor-version":[{"id":5984,"href":"https:\/\/web.natur.cuni.cz\/ugp\/mpg\/wp-json\/wp\/v2\/pages\/5752\/revisions\/5984"}],"wp:attachment":[{"href":"https:\/\/web.natur.cuni.cz\/ugp\/mpg\/wp-json\/wp\/v2\/media?parent=5752"}],"curies":[{"name":"wp","href":"https:\/\/api.w.org\/{rel}","templated":true}]}}