{"id":24,"date":"2018-09-01T21:10:52","date_gmt":"2018-09-01T20:10:52","guid":{"rendered":"http:\/\/web.natur.cuni.cz\/molbio\/zdenap\/?page_id=24"},"modified":"2018-09-17T22:36:08","modified_gmt":"2018-09-17T21:36:08","slug":"lab-members","status":"publish","type":"page","link":"https:\/\/web.natur.cuni.cz\/~zdenap\/index.php\/lab-members\/","title":{"rendered":"Lab Members"},"content":{"rendered":"[vc_row][vc_column][vc_column_text css=&#8221;.vc_custom_1477989657243{margin-bottom: 20px !important;}&#8221;]\n<h3>Team<\/h3>\n[\/vc_column_text][vc_separator color=&#8221;custom&#8221; align=&#8221;align_left&#8221; border_width=&#8221;3&#8243; el_width=&#8221;10&#8243; accent_color=&#8221;#1e73be&#8221; css=&#8221;.vc_custom_1477989753906{margin-bottom: 60px !important;}&#8221;]<div class=\"at-person list\"><div class=\"at-person-image\"><img width=\"100\" height=\"100\" src=\"https:\/\/web.natur.cuni.cz\/~zdenap\/wp-content\/uploads\/2016\/12\/palkova_zdena-square100.jpg\" class=\"attachment-350x250 size-350x250 wp-post-image\" alt=\"\" loading=\"lazy\" srcset=\"https:\/\/web.natur.cuni.cz\/~zdenap\/wp-content\/uploads\/2016\/12\/palkova_zdena-square100.jpg 100w, https:\/\/web.natur.cuni.cz\/~zdenap\/wp-content\/uploads\/2016\/12\/palkova_zdena-square100-50x50.jpg 50w\" sizes=\"(max-width: 100px) 100vw, 100px\" \/><\/div><div class=\"at-person-content\"><h4>Zdena Palkov\u00e1<\/h4><h6>Professor, Group leader<\/h6><div class=\"at-staff-wapper col_2\"><div class=\"at-staff-info\"><div class=\"info\"><div class=\"phone\"><i class=\"fa fa-phone\"><\/i><span> +420325873933, +420325873929<\/span><\/div><div class=\"email\"><i class=\"fa fa-envelope\"><\/i><span><a href=\"mailto:zdenap@natur.cuni.cz\">zdenap@natur.cuni.cz<\/a><\/span><\/div><\/div><\/div><\/div><p>[vc_row][vc_column][vc_row_inner css=&#8221;.vc_custom_1476862185021{padding-bottom: 30px !important;}&#8221;][vc_column_inner width=&#8221;1\/3&#8243;][vc_single_image image=&#8221;130&#8243; img_size=&#8221;full&#8221;][\/vc_column_inner][vc_column_inner width=&#8221;2\/3&#8243;][vc_column_text css=&#8221;.vc_custom_1477985450741{margin-bottom: 20px !important;}&#8221;] Zdena Palkov\u00e1 Professor, Group leader [\/vc_column_text][\/vc_column_inner][\/vc_row_inner][vc_column_text css=&#8221;.vc_custom_1477984617830{padding-bottom: 30px !important;}&#8221;]Sed eget mollis leo. Lorem ipsum dolor sit amet, consectetur adipiscing elit. Suspendisse vitae nisi nunc. Quisque ultricies tristique mi nec porta. Nam nec imperdiet augue. Fusce est leo, dapibus non pellentesque sed, scelerisque nec sapien. [&hellip;]<\/p><\/div><\/div><div class=\"at-person list\"><div class=\"at-person-image\"><img width=\"100\" height=\"100\" src=\"https:\/\/web.natur.cuni.cz\/~zdenap\/wp-content\/uploads\/2020\/06\/vachova_l.-square100-1.jpg\" class=\"attachment-350x250 size-350x250 wp-post-image\" alt=\"\" loading=\"lazy\" srcset=\"https:\/\/web.natur.cuni.cz\/~zdenap\/wp-content\/uploads\/2020\/06\/vachova_l.-square100-1.jpg 100w, https:\/\/web.natur.cuni.cz\/~zdenap\/wp-content\/uploads\/2020\/06\/vachova_l.-square100-1-50x50.jpg 50w\" sizes=\"(max-width: 100px) 100vw, 100px\" \/><\/div><div class=\"at-person-content\"><h4>Libu\u0161e V\u00e1chov\u00e1<\/h4><h6>Senior researcher<\/h6><div class=\"at-staff-wapper col_2\"><div class=\"at-staff-info\"><div class=\"info\"><div class=\"phone\"><i class=\"fa fa-phone\"><\/i><span>+420325873926, +420325873933<\/span><\/div><div class=\"email\"><i class=\"fa fa-envelope\"><\/i><span><a href=\"mailto:vachova6@natur.cuni.cz\">vachova6@natur.cuni.cz<\/a><\/span><\/div><\/div><\/div><\/div><p><\/p><\/div><\/div><div class=\"at-person list\"><div class=\"at-person-image\"><img width=\"100\" height=\"100\" src=\"https:\/\/web.natur.cuni.cz\/~zdenap\/wp-content\/uploads\/2018\/09\/kuthanmartin-square100.jpg\" class=\"attachment-350x250 size-350x250 wp-post-image\" alt=\"\" loading=\"lazy\" srcset=\"https:\/\/web.natur.cuni.cz\/~zdenap\/wp-content\/uploads\/2018\/09\/kuthanmartin-square100.jpg 100w, https:\/\/web.natur.cuni.cz\/~zdenap\/wp-content\/uploads\/2018\/09\/kuthanmartin-square100-50x50.jpg 50w\" sizes=\"(max-width: 100px) 100vw, 100px\" \/><\/div><div class=\"at-person-content\"><h4>Martin Kuthan<\/h4><h6>Assistant professor<\/h6><div class=\"at-staff-wapper col_2\"><div class=\"at-staff-info\"><div class=\"info\"><div class=\"phone\"><i class=\"fa fa-phone\"><\/i><span>+420325873928, +420325873926<\/span><\/div><div class=\"email\"><i class=\"fa fa-envelope\"><\/i><span><a href=\"mailto:kuty@natur.cuni.cz\">kuty@natur.cuni.cz<\/a><\/span><\/div><\/div><\/div><\/div><p><\/p><\/div><\/div><div class=\"at-person list\"><div class=\"at-person-image\"><img width=\"100\" height=\"100\" src=\"https:\/\/web.natur.cuni.cz\/~zdenap\/wp-content\/uploads\/2018\/09\/person-e1535879566917.png\" class=\"attachment-350x250 size-350x250 wp-post-image\" alt=\"\" loading=\"lazy\" \/><\/div><div class=\"at-person-content\"><h4>Michaela Schierov\u00e1<\/h4><h6>Assistant professor<\/h6><div class=\"at-staff-wapper col_2\"><div class=\"at-staff-info\"><div class=\"info\"><div class=\"email\"><i class=\"fa fa-envelope\"><\/i><span><a href=\"mailto:misnovak@natur.cuni.cz\">misnovak@natur.cuni.cz<\/a><\/span><\/div><\/div><\/div><\/div><p><\/p><\/div><\/div><div class=\"at-person list\"><div class=\"at-person-image\"><img width=\"100\" height=\"100\" src=\"https:\/\/web.natur.cuni.cz\/~zdenap\/wp-content\/uploads\/2018\/09\/capmichal-square100.jpg\" class=\"attachment-350x250 size-350x250 wp-post-image\" alt=\"\" loading=\"lazy\" srcset=\"https:\/\/web.natur.cuni.cz\/~zdenap\/wp-content\/uploads\/2018\/09\/capmichal-square100.jpg 100w, https:\/\/web.natur.cuni.cz\/~zdenap\/wp-content\/uploads\/2018\/09\/capmichal-square100-50x50.jpg 50w\" sizes=\"(max-width: 100px) 100vw, 100px\" \/><\/div><div class=\"at-person-content\"><h4>Michal \u010c\u00e1p<\/h4><h6>Postdoctoral Researcher<\/h6><div class=\"at-staff-wapper col_2\"><div class=\"at-staff-info\"><div class=\"info\"><div class=\"phone\"><i class=\"fa fa-phone\"><\/i><span>+420325873928, +420325873930<\/span><\/div><div class=\"email\"><i class=\"fa fa-envelope\"><\/i><span><a href=\"mailto:michal_cap@volny.cz\">michal_cap@volny.cz<\/a><\/span><\/div><\/div><\/div><\/div><p><\/p><\/div><\/div><div class=\"at-person list\"><div class=\"at-person-image\"><img width=\"100\" height=\"100\" src=\"https:\/\/web.natur.cuni.cz\/~zdenap\/wp-content\/uploads\/2018\/11\/hendrychtomas_1-square100.jpg\" class=\"attachment-350x250 size-350x250 wp-post-image\" alt=\"\" loading=\"lazy\" srcset=\"https:\/\/web.natur.cuni.cz\/~zdenap\/wp-content\/uploads\/2018\/11\/hendrychtomas_1-square100.jpg 100w, https:\/\/web.natur.cuni.cz\/~zdenap\/wp-content\/uploads\/2018\/11\/hendrychtomas_1-square100-50x50.jpg 50w\" sizes=\"(max-width: 100px) 100vw, 100px\" \/><\/div><div class=\"at-person-content\"><h4>Tom\u00e1\u0161 Hendrych<\/h4><h6>Postdoctoral Researcher<\/h6><div class=\"at-staff-wapper col_2\"><div class=\"at-staff-info\"><div class=\"info\"><div class=\"phone\"><i class=\"fa fa-phone\"><\/i><span>+420325873934, +420325873929<\/span><\/div><div class=\"email\"><i class=\"fa fa-envelope\"><\/i><span><a href=\"mailto:hendt7am@natur.cuni.cz\">hendt7am@natur.cuni.cz<\/a><\/span><\/div><\/div><\/div><\/div><p><\/p><\/div><\/div><div class=\"at-person list\"><div class=\"at-person-image\"><img width=\"100\" height=\"100\" src=\"https:\/\/web.natur.cuni.cz\/~zdenap\/wp-content\/uploads\/2018\/11\/wilkinsonderek-square100.jpg\" class=\"attachment-350x250 size-350x250 wp-post-image\" alt=\"\" loading=\"lazy\" srcset=\"https:\/\/web.natur.cuni.cz\/~zdenap\/wp-content\/uploads\/2018\/11\/wilkinsonderek-square100.jpg 100w, https:\/\/web.natur.cuni.cz\/~zdenap\/wp-content\/uploads\/2018\/11\/wilkinsonderek-square100-50x50.jpg 50w\" sizes=\"(max-width: 100px) 100vw, 100px\" \/><\/div><div class=\"at-person-content\"><h4>Derek Wilkinson<\/h4><h6>Postdoctoral Researcher<\/h6><div class=\"at-staff-wapper col_2\"><div class=\"at-staff-info\"><div class=\"info\"><div class=\"phone\"><i class=\"fa fa-phone\"><\/i><span>+420325873934, +420325873929<\/span><\/div><div class=\"email\"><i class=\"fa fa-envelope\"><\/i><span><a href=\"mailto:wilkinsd@natur.cuni.cz\">wilkinsd@natur.cuni.cz<\/a><\/span><\/div><\/div><\/div><\/div><p><\/p><\/div><\/div><div class=\"at-person list\"><div class=\"at-person-image\"><img width=\"100\" height=\"100\" src=\"https:\/\/web.natur.cuni.cz\/~zdenap\/wp-content\/uploads\/2018\/11\/marsikovajana-square100.jpg\" class=\"attachment-350x250 size-350x250 wp-post-image\" alt=\"\" loading=\"lazy\" srcset=\"https:\/\/web.natur.cuni.cz\/~zdenap\/wp-content\/uploads\/2018\/11\/marsikovajana-square100.jpg 100w, https:\/\/web.natur.cuni.cz\/~zdenap\/wp-content\/uploads\/2018\/11\/marsikovajana-square100-50x50.jpg 50w\" sizes=\"(max-width: 100px) 100vw, 100px\" \/><\/div><div class=\"at-person-content\"><h4>Jana Mar\u0161\u00edkov\u00e1<\/h4><h6>Postdoctoral Researcher<\/h6><div class=\"at-staff-wapper col_2\"><div class=\"at-staff-info\"><div class=\"info\"><div class=\"phone\"><i class=\"fa fa-phone\"><\/i><span> +420325873932, +420325873926<\/span><\/div><div class=\"email\"><i class=\"fa fa-envelope\"><\/i><span><a href=\"mailto:rusinovj@natur.cuni.cz\">rusinovj@natur.cuni.cz<\/a><\/span><\/div><\/div><\/div><\/div><p><\/p><\/div><\/div><div class=\"at-person list\"><div class=\"at-person-image\"><img width=\"100\" height=\"100\" src=\"https:\/\/web.natur.cuni.cz\/~zdenap\/wp-content\/uploads\/2018\/09\/person-e1535879566917.png\" class=\"attachment-350x250 size-350x250 wp-post-image\" alt=\"\" loading=\"lazy\" \/><\/div><div class=\"at-person-content\"><h4>Iva Jan\u010d\u00edkov\u00e1<\/h4><h6>Postdoctoral Researcher<\/h6><div class=\"at-staff-wapper col_2\"><div class=\"at-staff-info\"><div class=\"info\"><div class=\"phone\"><i class=\"fa fa-phone\"><\/i><span>+420325873931, +420325873929<\/span><\/div><div class=\"email\"><i class=\"fa fa-envelope\"><\/i><span><a href=\"mailto:iva.jancikova@natur.cuni.cz\">iva.jancikova@natur.cuni.cz<\/a><\/span><\/div><\/div><\/div><\/div><p><\/p><\/div><\/div><div class=\"at-person list\"><div class=\"at-person-image\"><img width=\"100\" height=\"100\" src=\"https:\/\/web.natur.cuni.cz\/~zdenap\/wp-content\/uploads\/2018\/09\/person-e1535879566917.png\" class=\"attachment-350x250 size-350x250 wp-post-image\" alt=\"\" loading=\"lazy\" \/><\/div><div class=\"at-person-content\"><h4>V\u00edt\u011bzslav Plocek<\/h4><h6>Postdoctoral Researcher<\/h6><div class=\"at-staff-wapper col_2\"><div class=\"at-staff-info\"><div class=\"info\"><div class=\"phone\"><i class=\"fa fa-phone\"><\/i><span>+420325873932, +420325873929<\/span><\/div><div class=\"email\"><i class=\"fa fa-envelope\"><\/i><span><a href=\"mailto:v.plocek@email.cz\">v.plocek@email.cz<\/a><\/span><\/div><\/div><\/div><\/div><p><\/p><\/div><\/div><div class=\"at-person list\"><div class=\"at-person-image\"><img width=\"100\" height=\"100\" src=\"https:\/\/web.natur.cuni.cz\/~zdenap\/wp-content\/uploads\/2018\/11\/ulehlovamiroslava-square100.jpg\" class=\"attachment-350x250 size-350x250 wp-post-image\" alt=\"\" loading=\"lazy\" srcset=\"https:\/\/web.natur.cuni.cz\/~zdenap\/wp-content\/uploads\/2018\/11\/ulehlovamiroslava-square100.jpg 100w, https:\/\/web.natur.cuni.cz\/~zdenap\/wp-content\/uploads\/2018\/11\/ulehlovamiroslava-square100-50x50.jpg 50w\" sizes=\"(max-width: 100px) 100vw, 100px\" \/><\/div><div class=\"at-person-content\"><h4>Miroslava \u00dalehlov\u00e1<\/h4><h6>Scientist, administrator<\/h6><div class=\"at-staff-wapper col_2\"><div class=\"at-staff-info\"><div class=\"info\"><div class=\"phone\"><i class=\"fa fa-phone\"><\/i><span>+420325873927<\/span><\/div><div class=\"email\"><i class=\"fa fa-envelope\"><\/i><span><a href=\"mailto:mirule@natur.cuni.cz\">mirule@natur.cuni.cz<\/a><\/span><\/div><\/div><\/div><\/div><p><\/p><\/div><\/div><div class=\"at-person list\"><div class=\"at-person-image\"><img width=\"100\" height=\"100\" src=\"https:\/\/web.natur.cuni.cz\/~zdenap\/wp-content\/uploads\/2019\/09\/Krejcikova-2.jpg\" class=\"attachment-350x250 size-350x250 wp-post-image\" alt=\"\" loading=\"lazy\" srcset=\"https:\/\/web.natur.cuni.cz\/~zdenap\/wp-content\/uploads\/2019\/09\/Krejcikova-2.jpg 100w, https:\/\/web.natur.cuni.cz\/~zdenap\/wp-content\/uploads\/2019\/09\/Krejcikova-2-50x50.jpg 50w\" sizes=\"(max-width: 100px) 100vw, 100px\" \/><\/div><div class=\"at-person-content\"><h4>Jana Krej\u010d\u00edkov\u00e1<\/h4><h6>Technician<\/h6><div class=\"at-staff-wapper col_2\"><div class=\"at-staff-info\"><div class=\"info\"><div class=\"phone\"><i class=\"fa fa-phone\"><\/i><span>+420325873929<\/span><\/div><div class=\"email\"><i class=\"fa fa-envelope\"><\/i><span><a href=\"mailto:jana.krejcikova@natur.cuni.cz\">jana.krejcikova@natur.cuni.cz<\/a><\/span><\/div><\/div><\/div><\/div><p><\/p><\/div><\/div><div class=\"at-person list\"><div class=\"at-person-image\"><img width=\"100\" height=\"100\" src=\"https:\/\/web.natur.cuni.cz\/~zdenap\/wp-content\/uploads\/2019\/10\/bharti-square100.jpg\" class=\"attachment-350x250 size-350x250 wp-post-image\" alt=\"\" loading=\"lazy\" srcset=\"https:\/\/web.natur.cuni.cz\/~zdenap\/wp-content\/uploads\/2019\/10\/bharti-square100.jpg 100w, https:\/\/web.natur.cuni.cz\/~zdenap\/wp-content\/uploads\/2019\/10\/bharti-square100-50x50.jpg 50w\" sizes=\"(max-width: 100px) 100vw, 100px\" \/><\/div><div class=\"at-person-content\"><h4>Rashim Bharti<\/h4><h6>PhD student<\/h6><div class=\"at-staff-wapper col_2\"><div class=\"at-staff-info\"><div class=\"info\"><div class=\"phone\"><i class=\"fa fa-phone\"><\/i><span>+420325873932, +420325873929<\/span><\/div><div class=\"email\"><i class=\"fa fa-envelope\"><\/i><span><a href=\"mailto:bhartir@natur.cuni.cz\">bhartir@natur.cuni.cz<\/a><\/span><\/div><\/div><\/div><\/div><p><\/p><\/div><\/div><div class=\"at-person list\"><div class=\"at-person-image\"><img width=\"100\" height=\"100\" src=\"https:\/\/web.natur.cuni.cz\/~zdenap\/wp-content\/uploads\/2019\/10\/mishra-square100.jpg\" class=\"attachment-350x250 size-350x250 wp-post-image\" alt=\"\" loading=\"lazy\" srcset=\"https:\/\/web.natur.cuni.cz\/~zdenap\/wp-content\/uploads\/2019\/10\/mishra-square100.jpg 100w, https:\/\/web.natur.cuni.cz\/~zdenap\/wp-content\/uploads\/2019\/10\/mishra-square100-50x50.jpg 50w\" sizes=\"(max-width: 100px) 100vw, 100px\" \/><\/div><div class=\"at-person-content\"><h4>Mradul Mishra<\/h4><h6>PhD student<\/h6><div class=\"at-staff-wapper col_2\"><div class=\"at-staff-info\"><div class=\"info\"><div class=\"phone\"><i class=\"fa fa-phone\"><\/i><span>+420325873934, +420325873929<\/span><\/div><div class=\"email\"><i class=\"fa fa-envelope\"><\/i><span><a href=\"mailto:mishramr@natur.cuni.cz\">mishramr@natur.cuni.cz<\/a><\/span><\/div><\/div><\/div><\/div><p><\/p><\/div><\/div><div class=\"at-person list\"><div class=\"at-person-image\"><img width=\"100\" height=\"100\" src=\"https:\/\/web.natur.cuni.cz\/~zdenap\/wp-content\/uploads\/2021\/11\/vichisichairianto-square100.jpg\" class=\"attachment-350x250 size-350x250 wp-post-image\" alt=\"\" loading=\"lazy\" srcset=\"https:\/\/web.natur.cuni.cz\/~zdenap\/wp-content\/uploads\/2021\/11\/vichisichairianto-square100.jpg 100w, https:\/\/web.natur.cuni.cz\/~zdenap\/wp-content\/uploads\/2021\/11\/vichisichairianto-square100-50x50.jpg 50w\" sizes=\"(max-width: 100px) 100vw, 100px\" \/><\/div><div class=\"at-person-content\"><h4>Vichi Sicha Irianto<\/h4><h6>PhD student<\/h6><div class=\"at-staff-wapper col_2\"><div class=\"at-staff-info\"><div class=\"info\"><div class=\"phone\"><i class=\"fa fa-phone\"><\/i><span>+420325873934, +420325873929<\/span><\/div><div class=\"email\"><i class=\"fa fa-envelope\"><\/i><span><a href=\"mailto:iriantov@natur.cuni.cz\">iriantov@natur.cuni.cz<\/a><\/span><\/div><\/div><\/div><\/div><p><\/p><\/div><\/div><div class=\"at-person list\"><div class=\"at-person-image\"><img width=\"100\" height=\"100\" src=\"https:\/\/web.natur.cuni.cz\/~zdenap\/wp-content\/uploads\/2023\/10\/pitonakfoto-square100.jpg\" class=\"attachment-350x250 size-350x250 wp-post-image\" alt=\"\" loading=\"lazy\" srcset=\"https:\/\/web.natur.cuni.cz\/~zdenap\/wp-content\/uploads\/2023\/10\/pitonakfoto-square100.jpg 100w, https:\/\/web.natur.cuni.cz\/~zdenap\/wp-content\/uploads\/2023\/10\/pitonakfoto-square100-50x50.jpg 50w\" sizes=\"(max-width: 100px) 100vw, 100px\" \/><\/div><div class=\"at-person-content\"><h4>Oliver Pito\u0148ak<\/h4><h6>PhD student<\/h6><div class=\"at-staff-wapper col_2\"><div class=\"at-staff-info\"><div class=\"info\"><div class=\"phone\"><i class=\"fa fa-phone\"><\/i><span>+420325873929<\/span><\/div><div class=\"email\"><i class=\"fa fa-envelope\"><\/i><span><a href=\"mailto:oliver.pitonak@natur.cuni.cz\">oliver.pitonak@natur.cuni.cz<\/a><\/span><\/div><\/div><\/div><\/div><p><\/p><\/div><\/div><div class=\"at-person list\"><div class=\"at-person-image\"><img width=\"100\" height=\"100\" src=\"https:\/\/web.natur.cuni.cz\/~zdenap\/wp-content\/uploads\/2018\/11\/novotnapavla-square100.jpg\" class=\"attachment-350x250 size-350x250 wp-post-image\" alt=\"\" loading=\"lazy\" srcset=\"https:\/\/web.natur.cuni.cz\/~zdenap\/wp-content\/uploads\/2018\/11\/novotnapavla-square100.jpg 100w, https:\/\/web.natur.cuni.cz\/~zdenap\/wp-content\/uploads\/2018\/11\/novotnapavla-square100-50x50.jpg 50w\" sizes=\"(max-width: 100px) 100vw, 100px\" \/><\/div><div class=\"at-person-content\"><h4>Pavla Novotn\u00e1<\/h4><h6>PhD student<\/h6><div class=\"at-staff-wapper col_2\"><div class=\"at-staff-info\"><div class=\"info\"><div class=\"phone\"><i class=\"fa fa-phone\"><\/i><span>+420325873926<\/span><\/div><div class=\"email\"><i class=\"fa fa-envelope\"><\/i><span><a href=\"mailto:pavla.novotna@natur.cuni.cz\">pavla.novotna@natur.cuni.cz<\/a><\/span><\/div><\/div><\/div><\/div><p><\/p><\/div><\/div><div class=\"at-person list\"><div class=\"at-person-image\"><img width=\"100\" height=\"100\" src=\"https:\/\/web.natur.cuni.cz\/~zdenap\/wp-content\/uploads\/2025\/01\/Dhali.jpg\" class=\"attachment-350x250 size-350x250 wp-post-image\" alt=\"\" loading=\"lazy\" srcset=\"https:\/\/web.natur.cuni.cz\/~zdenap\/wp-content\/uploads\/2025\/01\/Dhali.jpg 100w, https:\/\/web.natur.cuni.cz\/~zdenap\/wp-content\/uploads\/2025\/01\/Dhali-50x50.jpg 50w\" sizes=\"(max-width: 100px) 100vw, 100px\" \/><\/div><div class=\"at-person-content\"><h4>Swagatalakshmi Dhali<\/h4><h6>PhD student<\/h6><div class=\"at-staff-wapper col_2\"><div class=\"at-staff-info\"><div class=\"info\"><div class=\"phone\"><i class=\"fa fa-phone\"><\/i><span>+420325873931, +420325873929<\/span><\/div><div class=\"email\"><i class=\"fa fa-envelope\"><\/i><span><a href=\"mailto:dhalis@natur.cuni.cz\">dhalis@natur.cuni.cz<\/a><\/span><\/div><\/div><\/div><\/div><p><\/p><\/div><\/div><div class=\"at-person list\"><div class=\"at-person-image\"><img width=\"100\" height=\"100\" src=\"https:\/\/web.natur.cuni.cz\/~zdenap\/wp-content\/uploads\/2018\/09\/person-e1535879566917.png\" class=\"attachment-350x250 size-350x250 wp-post-image\" alt=\"\" loading=\"lazy\" \/><\/div><div class=\"at-person-content\"><h4>Alina Basyrova<\/h4><h6>student, technician<\/h6><div class=\"at-staff-wapper col_2\"><div class=\"at-staff-info\"><div class=\"info\"><div class=\"phone\"><i class=\"fa fa-phone\"><\/i><span>+420325873929<\/span><\/div><div class=\"email\"><i class=\"fa fa-envelope\"><\/i><span><a href=\"mailto:basyrova@natur.cuni.cz\">basyrova@natur.cuni.cz<\/a><\/span><\/div><\/div><\/div><\/div><p><\/p><\/div><\/div><div class=\"at-person list\"><div class=\"at-person-image\"><img width=\"100\" height=\"100\" src=\"https:\/\/web.natur.cuni.cz\/~zdenap\/wp-content\/uploads\/2026\/03\/samuelvyrostek-square100.jpg\" class=\"attachment-350x250 size-350x250 wp-post-image\" alt=\"\" loading=\"lazy\" srcset=\"https:\/\/web.natur.cuni.cz\/~zdenap\/wp-content\/uploads\/2026\/03\/samuelvyrostek-square100.jpg 100w, https:\/\/web.natur.cuni.cz\/~zdenap\/wp-content\/uploads\/2026\/03\/samuelvyrostek-square100-50x50.jpg 50w\" sizes=\"(max-width: 100px) 100vw, 100px\" \/><\/div><div class=\"at-person-content\"><h4>Samuel V\u00fdrostek<\/h4><h6>student, technician<\/h6><div class=\"at-staff-wapper col_2\"><div class=\"at-staff-info\"><div class=\"info\"><div class=\"phone\"><i class=\"fa fa-phone\"><\/i><span>+420325873929<\/span><\/div><div class=\"email\"><i class=\"fa fa-envelope\"><\/i><span><a href=\"mailto: samuel.vyrostek@natur.cuni.cz\"> samuel.vyrostek@natur.cuni.cz<\/a><\/span><\/div><\/div><\/div><\/div><p><\/p><\/div><\/div><div class=\"at-person list\"><div class=\"at-person-image\"><img width=\"100\" height=\"100\" src=\"https:\/\/web.natur.cuni.cz\/~zdenap\/wp-content\/uploads\/2018\/11\/podholovakrutovakristyna-square100.jpg\" class=\"attachment-350x250 size-350x250 wp-post-image\" alt=\"\" loading=\"lazy\" srcset=\"https:\/\/web.natur.cuni.cz\/~zdenap\/wp-content\/uploads\/2018\/11\/podholovakrutovakristyna-square100.jpg 100w, https:\/\/web.natur.cuni.cz\/~zdenap\/wp-content\/uploads\/2018\/11\/podholovakrutovakristyna-square100-50x50.jpg 50w\" sizes=\"(max-width: 100px) 100vw, 100px\" \/><\/div><div class=\"at-person-content\"><h4>Krist\u00fdna Podholov\u00e1<\/h4><h6>PhD student<\/h6><div class=\"at-staff-wapper col_2\"><div class=\"at-staff-info\"><div class=\"info\"><div class=\"phone\"><i class=\"fa fa-phone\"><\/i><span>+420325873931, +420325873929<\/span><\/div><div class=\"email\"><i class=\"fa fa-envelope\"><\/i><span><a href=\"mailto:krispodholova@gmail.com\">krispodholova@gmail.com<\/a><\/span><\/div><\/div><\/div><\/div><p><\/p><\/div><\/div><div class=\"at-person list\"><div class=\"at-person-image\"><img width=\"100\" height=\"100\" src=\"https:\/\/web.natur.cuni.cz\/~zdenap\/wp-content\/uploads\/2018\/09\/person-e1535879566917.png\" class=\"attachment-350x250 size-350x250 wp-post-image\" alt=\"\" loading=\"lazy\" \/><\/div><div class=\"at-person-content\"><h4>Kate\u0159ina Vitnerov\u00e1<\/h4><h6>student<\/h6><div class=\"at-staff-wapper col_2\"><div class=\"at-staff-info\"><div class=\"info\"><div class=\"email\"><i class=\"fa fa-envelope\"><\/i><span><a href=\"mailto:vitnerok@natur.cuni.cz\">vitnerok@natur.cuni.cz<\/a><\/span><\/div><\/div><\/div><\/div><p><\/p><\/div><\/div><div class=\"at-person list\"><div class=\"at-person-image\"><img width=\"100\" height=\"100\" src=\"https:\/\/web.natur.cuni.cz\/~zdenap\/wp-content\/uploads\/2020\/11\/eliskakocirova-square100.jpg\" class=\"attachment-350x250 size-350x250 wp-post-image\" alt=\"\" loading=\"lazy\" srcset=\"https:\/\/web.natur.cuni.cz\/~zdenap\/wp-content\/uploads\/2020\/11\/eliskakocirova-square100.jpg 100w, https:\/\/web.natur.cuni.cz\/~zdenap\/wp-content\/uploads\/2020\/11\/eliskakocirova-square100-50x50.jpg 50w\" sizes=\"(max-width: 100px) 100vw, 100px\" \/><\/div><div class=\"at-person-content\"><h4>Eli\u0161ka Ko\u010d\u00ed\u0159ov\u00e1<\/h4><h6>PhD student<\/h6><div class=\"at-staff-wapper col_2\"><div class=\"at-staff-info\"><div class=\"info\"><div class=\"phone\"><i class=\"fa fa-phone\"><\/i><span>+420325873929, +420325873931<\/span><\/div><div class=\"email\"><i class=\"fa fa-envelope\"><\/i><span><a href=\"mailto:eliska.kocirova@natur.cuni.cz\">eliska.kocirova@natur.cuni.cz<\/a><\/span><\/div><\/div><\/div><\/div><p><\/p><\/div><\/div>[\/vc_column][\/vc_row]\n","protected":false},"excerpt":{"rendered":"<p>[vc_row][vc_column][vc_column_text css=&#8221;.vc_custom_1477989657243{margin-bottom: 20px !important;}&#8221;] Team [\/vc_column_text][vc_separator color=&#8221;custom&#8221; align=&#8221;align_left&#8221; border_width=&#8221;3&#8243; el_width=&#8221;10&#8243; accent_color=&#8221;#1e73be&#8221; css=&#8221;.vc_custom_1477989753906{margin-bottom: 60px !important;}&#8221;][\/vc_column][\/vc_row]<\/p>\n","protected":false},"author":1,"featured_media":0,"parent":0,"menu_order":0,"comment_status":"closed","ping_status":"closed","template":"","meta":[],"_links":{"self":[{"href":"https:\/\/web.natur.cuni.cz\/~zdenap\/index.php\/wp-json\/wp\/v2\/pages\/24"}],"collection":[{"href":"https:\/\/web.natur.cuni.cz\/~zdenap\/index.php\/wp-json\/wp\/v2\/pages"}],"about":[{"href":"https:\/\/web.natur.cuni.cz\/~zdenap\/index.php\/wp-json\/wp\/v2\/types\/page"}],"author":[{"embeddable":true,"href":"https:\/\/web.natur.cuni.cz\/~zdenap\/index.php\/wp-json\/wp\/v2\/users\/1"}],"replies":[{"embeddable":true,"href":"https:\/\/web.natur.cuni.cz\/~zdenap\/index.php\/wp-json\/wp\/v2\/comments?post=24"}],"version-history":[{"count":8,"href":"https:\/\/web.natur.cuni.cz\/~zdenap\/index.php\/wp-json\/wp\/v2\/pages\/24\/revisions"}],"predecessor-version":[{"id":319,"href":"https:\/\/web.natur.cuni.cz\/~zdenap\/index.php\/wp-json\/wp\/v2\/pages\/24\/revisions\/319"}],"wp:attachment":[{"href":"https:\/\/web.natur.cuni.cz\/~zdenap\/index.php\/wp-json\/wp\/v2\/media?parent=24"}],"curies":[{"name":"wp","href":"https:\/\/api.w.org\/{rel}","templated":true}]}}